{"id":8664,"date":"2026-04-30T17:48:27","date_gmt":"2026-04-30T15:48:27","guid":{"rendered":"https:\/\/markoweokulary.pl\/produkt\/jacques-marie-mage-comanche-corbeau\/"},"modified":"2026-04-30T17:48:29","modified_gmt":"2026-04-30T15:48:29","slug":"jacques-marie-mage-comanche-corbeau","status":"publish","type":"product","link":"https:\/\/markoweokulary.pl\/pl\/produkt\/jacques-marie-mage-comanche-corbeau\/","title":{"rendered":"Jacques Marie Mage COMANCHE | CORBEAU"},"content":{"rendered":"<h2 data-start=\"2151\" data-end=\"2195\"><strong data-start=\"2154\" data-end=\"2195\">Dla kogo jest model Comanche Corbeau?<\/strong><\/h2>\n<ul data-start=\"2197\" data-end=\"2593\">\n<li data-start=\"2197\" data-end=\"2280\">\n<p data-start=\"2199\" data-end=\"2280\">dla os\u00f3b poszukuj\u0105cych <strong data-start=\"2222\" data-end=\"2277\">luksusowych, tytanowych okular\u00f3w przeciws\u0142onecznych<\/strong>,<\/p>\n<\/li>\n<li data-start=\"2281\" data-end=\"2361\">\n<p data-start=\"2283\" data-end=\"2361\">dla klient\u00f3w ceni\u0105cych <strong data-start=\"2306\" data-end=\"2358\">po\u0142\u0105czenie metalu i acetatu w jednej konstrukcji<\/strong>,<\/p>\n<\/li>\n<li data-start=\"2362\" data-end=\"2438\">\n<p data-start=\"2364\" data-end=\"2438\">dla mi\u0142o\u015bnik\u00f3w limitowanych, kolekcjonerskich modeli Jacques Marie Mage,<\/p>\n<\/li>\n<li data-start=\"2439\" data-end=\"2514\">\n<p data-start=\"2441\" data-end=\"2514\">dla os\u00f3b, kt\u00f3re wybieraj\u0105 <strong data-start=\"2467\" data-end=\"2511\">techniczny minimalizm z wyra\u017anym detalem<\/strong>,<\/p>\n<\/li>\n<li data-start=\"2515\" data-end=\"2593\">\n<p data-start=\"2517\" data-end=\"2593\">dla klient\u00f3w Diuka, kt\u00f3rzy traktuj\u0105 okulary jako inwestycj\u0119 w jako\u015b\u0107 i styl.<\/p>\n<\/li>\n<\/ul>\n","protected":false},"excerpt":{"rendered":"<h2 data-start=\"205\" data-end=\"303\"><strong data-start=\"208\" data-end=\"303\">Jacques Marie Mage Comanche Corbeau \u2013 luksusowe okulary przeciws\u0142oneczne, edycja limitowana<\/strong><\/h2>\n<p data-start=\"305\" data-end=\"571\"><strong data-start=\"305\" data-end=\"344\">Jacques Marie Mage Comanche Corbeau<\/strong> to limitowana edycja okular\u00f3w przeciws\u0142onecznych, kt\u00f3ra \u0142\u0105czy techniczn\u0105 precyzj\u0119 beta tytanu z g\u0142\u0119bi\u0105 i struktur\u0105 masywnego acetatu. To model zaprojektowany dla os\u00f3b, kt\u00f3re nie pod\u0105\u017caj\u0105 za utart\u0105 \u015bcie\u017ck\u0105 \u2014 lecz tworz\u0105 w\u0142asn\u0105.<\/p>\n<p data-start=\"573\" data-end=\"907\">Oprawa zosta\u0142a wykonana z po\u0142\u0105czenia <strong data-start=\"610\" data-end=\"647\">10-milimetrowego czarnego acetatu<\/strong> oraz <strong data-start=\"653\" data-end=\"677\">czarnego beta tytanu<\/strong>, co tworzy wyra\u017any kontrast tekstur i obj\u0119to\u015bci. Konstrukcja jest zdecydowana, architektoniczna, a jednocze\u015bnie perfekcyjnie wywa\u017cona. To okulary przeciws\u0142oneczne premium, w kt\u00f3rych minimalizm spotyka si\u0119 z wyrafinowanym detalem.<\/p>\n<p data-start=\"909\" data-end=\"1258\">Zastosowano <strong data-start=\"921\" data-end=\"966\">monoblokow\u0105 konstrukcj\u0119 zawias\u00f3w z tytanu<\/strong>, zapewniaj\u0105c\u0105 trwa\u0142o\u015b\u0107 i stabilno\u015b\u0107 u\u017cytkowania. Autorski <strong data-start=\"1025\" data-end=\"1066\">4-milimetrowy drut obr\u0119czy (rim wire)<\/strong> z subtelnym grawerem typu hairline nadaje oprawie technicznej elegancji. Tytanowe zauszniki zako\u0144czono <strong data-start=\"1170\" data-end=\"1208\">customowymi ko\u0144c\u00f3wkami z epoksydem<\/strong>, podkre\u015blaj\u0105cymi kolekcjonerski charakter modelu.<\/p>\n<p data-start=\"1260\" data-end=\"1411\">Detale dopracowano z najwy\u017csz\u0105 precyzj\u0105 \u2014 <strong data-start=\"1302\" data-end=\"1342\">nose pady z logo i grawerem hairline<\/strong> stanowi\u0105 subtelny, ale jednoznaczny znak jako\u015bci Jacques Marie Mage.<\/p>\n<p data-start=\"1413\" data-end=\"1625\">Model wyposa\u017cono w <strong data-start=\"1432\" data-end=\"1476\">soczewki CR39 o bazie 4 w kolorze Nimbus<\/strong>, z pow\u0142ok\u0105 antyrefleksyjn\u0105 od strony wewn\u0119trznej oraz <strong data-start=\"1531\" data-end=\"1550\">100% ochron\u0105 UV<\/strong>, co zapewnia wysoki komfort widzenia i ochron\u0119 oczu w intensywnym \u015bwietle.<\/p>\n<p data-start=\"1627\" data-end=\"1857\"><strong data-start=\"1627\" data-end=\"1647\">Comanche Corbeau<\/strong> powsta\u0142 w <strong data-start=\"1658\" data-end=\"1696\">limitowanej edycji 500 egzemplarzy<\/strong>, r\u0119cznie wykonanych z dba\u0142o\u015bci\u0105 o ka\u017cdy detal. To model dla klient\u00f3w Diuka, kt\u00f3rzy oczekuj\u0105 rzemios\u0142a najwy\u017cszej klasy i designu o silnej, \u015bwiadomej to\u017csamo\u015bci.<\/p>\n<hr data-start=\"1859\" data-end=\"1862\" \/>\n<h2 data-start=\"1864\" data-end=\"1894\"><strong data-start=\"1867\" data-end=\"1894\">Specyfikacja techniczna<\/strong><\/h2>\n<ul data-start=\"1896\" data-end=\"2144\">\n<li data-start=\"1896\" data-end=\"1935\">\n<p data-start=\"1898\" data-end=\"1935\">Szeroko\u015b\u0107 soczewki (Eye): <strong data-start=\"1924\" data-end=\"1933\">50 mm<\/strong><\/p>\n<\/li>\n<li data-start=\"1936\" data-end=\"1968\">\n<p data-start=\"1938\" data-end=\"1968\">Mostek (Bridge): <strong data-start=\"1955\" data-end=\"1966\">20,5 mm<\/strong><\/p>\n<\/li>\n<li data-start=\"1969\" data-end=\"2011\">\n<p data-start=\"1971\" data-end=\"2011\">D\u0142ugo\u015b\u0107 zausznika (Temple): <strong data-start=\"1999\" data-end=\"2009\">151 mm<\/strong><\/p>\n<\/li>\n<li data-start=\"2012\" data-end=\"2058\">\n<p data-start=\"2014\" data-end=\"2058\">Materia\u0142: <strong data-start=\"2024\" data-end=\"2056\">beta tytan + acetat ro\u015blinny<\/strong><\/p>\n<\/li>\n<li data-start=\"2059\" data-end=\"2121\">\n<p data-start=\"2061\" data-end=\"2121\">Soczewki: <strong data-start=\"2071\" data-end=\"2119\">CR39 4 base, Nimbus, pow\u0142oka antyrefleksyjna<\/strong><\/p>\n<\/li>\n<li data-start=\"2122\" data-end=\"2144\">\n<p data-start=\"2124\" data-end=\"2144\">Ochrona: <strong data-start=\"2133\" data-end=\"2144\">100% UV<\/strong><\/p>\n<\/li>\n<\/ul>\n","protected":false},"featured_media":8665,"template":"","meta":{"_acf_changed":false},"product_brand":[82],"product_cat":[848,850,30,851],"product_tag":[],"model":[881],"class_list":{"0":"post-8664","1":"product","2":"type-product","3":"status-publish","4":"has-post-thumbnail","6":"product_brand-jacques-marie-mage","7":"product_cat-damskie","8":"product_cat-meskie","9":"product_cat-okulary-przeciwsloneczne","10":"product_cat-unisex","11":"model-comanche","13":"first","14":"instock","15":"taxable","16":"shipping-taxable","17":"purchasable","18":"product-type-simple"},"acf":[],"aioseo_notices":[],"_links":{"self":[{"href":"https:\/\/markoweokulary.pl\/pl\/wp-json\/wp\/v2\/product\/8664","targetHints":{"allow":["GET"]}}],"collection":[{"href":"https:\/\/markoweokulary.pl\/pl\/wp-json\/wp\/v2\/product"}],"about":[{"href":"https:\/\/markoweokulary.pl\/pl\/wp-json\/wp\/v2\/types\/product"}],"version-history":[{"count":0,"href":"https:\/\/markoweokulary.pl\/pl\/wp-json\/wp\/v2\/product\/8664\/revisions"}],"wp:featuredmedia":[{"embeddable":true,"href":"https:\/\/markoweokulary.pl\/pl\/wp-json\/wp\/v2\/media\/8665"}],"wp:attachment":[{"href":"https:\/\/markoweokulary.pl\/pl\/wp-json\/wp\/v2\/media?parent=8664"}],"wp:term":[{"taxonomy":"product_brand","embeddable":true,"href":"https:\/\/markoweokulary.pl\/pl\/wp-json\/wp\/v2\/product_brand?post=8664"},{"taxonomy":"product_cat","embeddable":true,"href":"https:\/\/markoweokulary.pl\/pl\/wp-json\/wp\/v2\/product_cat?post=8664"},{"taxonomy":"product_tag","embeddable":true,"href":"https:\/\/markoweokulary.pl\/pl\/wp-json\/wp\/v2\/product_tag?post=8664"},{"taxonomy":"model","embeddable":true,"href":"https:\/\/markoweokulary.pl\/pl\/wp-json\/wp\/v2\/model?post=8664"}],"curies":[{"name":"wp","href":"https:\/\/api.w.org\/{rel}","templated":true}]}}