{"id":8656,"date":"2026-04-30T17:45:38","date_gmt":"2026-04-30T15:45:38","guid":{"rendered":"https:\/\/markoweokulary.pl\/produkt\/jacques-marie-mage-atkins-antique-silver\/"},"modified":"2026-04-30T17:45:45","modified_gmt":"2026-04-30T15:45:45","slug":"jacques-marie-mage-atkins-antique-silver","status":"publish","type":"product","link":"https:\/\/markoweokulary.pl\/pl\/produkt\/jacques-marie-mage-atkins-antique-silver\/","title":{"rendered":"Jacques Marie Mage ATKINS | ANTIQUE SILVER"},"content":{"rendered":"<p data-start=\"994\" data-end=\"1245\"><strong data-start=\"994\" data-end=\"1007\">Dla kogo?<\/strong><br data-start=\"1007\" data-end=\"1010\" \/><strong data-start=\"1010\" data-end=\"1048\">Jacques Marie Mage Atkins in Antique Silver<\/strong> to oprawa dla os\u00f3b, kt\u00f3re ceni\u0105 techniczn\u0105 perfekcj\u0119, ponadczasow\u0105 elegancj\u0119 i nut\u0119 indywidualizmu.<\/p>\n<p data-start=\"994\" data-end=\"1245\">Wyrafinowana, zmys\u0142owa i pe\u0142na osobowo\u015bci \u2013 stanowi wsp\u00f3\u0142czesny manifest luksusu i charakteru.<\/p>\n","protected":false},"excerpt":{"rendered":"<h3 data-start=\"153\" data-end=\"199\">Jacques Marie Mage \u2013 <strong data-start=\"178\" data-end=\"197\">Atkins in Antique Silver<\/strong><\/h3>\n<p data-start=\"201\" data-end=\"513\"><strong data-start=\"201\" data-end=\"224\">Subtelna si\u0142a formy<\/strong><br data-start=\"224\" data-end=\"227\" \/>Model <strong data-start=\"233\" data-end=\"252\">Atkins in Antique Silver<\/strong> to oprawa o delikatnie kanciastym kszta\u0142cie soczewek, wykonana w limitowanej serii <strong data-start=\"336\" data-end=\"355\">500 egzemplarzy<\/strong>. Zosta\u0142a zaprojektowana z my\u015bl\u0105 o tych, kt\u00f3rzy rozumiej\u0105, \u017ce prawdziwa legenda wymaga odpowiedniej oprawy \u2013 zar\u00f3wno w sensie dos\u0142ownym, jak i symbolicznym.<\/p>\n<p data-start=\"515\" data-end=\"536\"><strong data-start=\"515\" data-end=\"534\">Detale i design<\/strong><\/p>\n<ul data-start=\"537\" data-end=\"992\">\n<li data-start=\"537\" data-end=\"593\">\n<p data-start=\"539\" data-end=\"593\">Kszta\u0142t: subtelnie kanciasty, elegancki i nowoczesny<\/p>\n<\/li>\n<li data-start=\"707\" data-end=\"823\">\n<p data-start=\"709\" data-end=\"823\">Zauszniki: \u017c\u0142obione profile z charakterystycznymi zako\u0144czeniami typu <em data-start=\"778\" data-end=\"787\">tailfin<\/em> \u2013 dodaj\u0105ce obj\u0119to\u015bci i charakteru<\/p>\n<\/li>\n<li data-start=\"824\" data-end=\"896\">\n<p data-start=\"826\" data-end=\"896\">Konstrukcja: po\u0142\u0105czenie technicznej precyzji i klasycznego rzemios\u0142a<\/p>\n<\/li>\n<li data-start=\"897\" data-end=\"992\">\n<p data-start=\"899\" data-end=\"992\">Limitowana edycja: <strong data-start=\"918\" data-end=\"931\">500 sztuk<\/strong> \u2013 ka\u017cdy egzemplarz to unikatowe po\u0142\u0105czenie stylu i kunsztu<\/p>\n<\/li>\n<\/ul>\n","protected":false},"featured_media":8657,"template":"","meta":{"_acf_changed":false},"product_brand":[82],"product_cat":[848,850,30,851],"product_tag":[181],"model":[365],"class_list":{"0":"post-8656","1":"product","2":"type-product","3":"status-publish","4":"has-post-thumbnail","6":"product_brand-jacques-marie-mage","7":"product_cat-damskie","8":"product_cat-meskie","9":"product_cat-okulary-przeciwsloneczne","10":"product_cat-unisex","11":"product_tag-jmmtk13u","12":"model-atkins","14":"first","15":"instock","16":"taxable","17":"shipping-taxable","18":"purchasable","19":"product-type-simple"},"acf":[],"aioseo_notices":[],"_links":{"self":[{"href":"https:\/\/markoweokulary.pl\/pl\/wp-json\/wp\/v2\/product\/8656","targetHints":{"allow":["GET"]}}],"collection":[{"href":"https:\/\/markoweokulary.pl\/pl\/wp-json\/wp\/v2\/product"}],"about":[{"href":"https:\/\/markoweokulary.pl\/pl\/wp-json\/wp\/v2\/types\/product"}],"version-history":[{"count":0,"href":"https:\/\/markoweokulary.pl\/pl\/wp-json\/wp\/v2\/product\/8656\/revisions"}],"wp:featuredmedia":[{"embeddable":true,"href":"https:\/\/markoweokulary.pl\/pl\/wp-json\/wp\/v2\/media\/8657"}],"wp:attachment":[{"href":"https:\/\/markoweokulary.pl\/pl\/wp-json\/wp\/v2\/media?parent=8656"}],"wp:term":[{"taxonomy":"product_brand","embeddable":true,"href":"https:\/\/markoweokulary.pl\/pl\/wp-json\/wp\/v2\/product_brand?post=8656"},{"taxonomy":"product_cat","embeddable":true,"href":"https:\/\/markoweokulary.pl\/pl\/wp-json\/wp\/v2\/product_cat?post=8656"},{"taxonomy":"product_tag","embeddable":true,"href":"https:\/\/markoweokulary.pl\/pl\/wp-json\/wp\/v2\/product_tag?post=8656"},{"taxonomy":"model","embeddable":true,"href":"https:\/\/markoweokulary.pl\/pl\/wp-json\/wp\/v2\/model?post=8656"}],"curies":[{"name":"wp","href":"https:\/\/api.w.org\/{rel}","templated":true}]}}