{"id":8648,"date":"2026-04-30T17:42:14","date_gmt":"2026-04-30T15:42:14","guid":{"rendered":"https:\/\/markoweokulary.pl\/produkt\/jacques-marie-mage-commodore-silver\/"},"modified":"2026-04-30T17:42:21","modified_gmt":"2026-04-30T15:42:21","slug":"jacques-marie-mage-commodore-silver","status":"publish","type":"product","link":"https:\/\/markoweokulary.pl\/pl\/produkt\/jacques-marie-mage-commodore-silver\/","title":{"rendered":"Jacques Marie Mage COMMODORE | SILVER"},"content":{"rendered":"<p><strong data-start=\"541\" data-end=\"554\"><span class=\"BZ_Pyq_fadeIn\">Dla <\/span><span class=\"BZ_Pyq_fadeIn\">kogo?<\/span><\/strong><br data-start=\"554\" data-end=\"557\" \/><span class=\"BZ_Pyq_fadeIn\">Dla <\/span><span class=\"BZ_Pyq_fadeIn\">os\u00f3b, <\/span><span class=\"BZ_Pyq_fadeIn\">kt\u00f3re <\/span><span class=\"BZ_Pyq_fadeIn\">szukaj\u0105 <\/span><span class=\"BZ_Pyq_fadeIn\">wyrazistych, <\/span><span class=\"BZ_Pyq_fadeIn\">luksusowych <\/span><span class=\"BZ_Pyq_fadeIn\">opraw <\/span><span class=\"BZ_Pyq_fadeIn\">o <\/span><span class=\"BZ_Pyq_fadeIn\">retro <\/span><span class=\"BZ_Pyq_fadeIn\">charakterze. <\/span><span class=\"BZ_Pyq_fadeIn\">Model <\/span><span class=\"BZ_Pyq_fadeIn\">COMMODORE <\/span><span class=\"BZ_Pyq_fadeIn\">Silver <\/span><span class=\"BZ_Pyq_fadeIn\">sprawdzi <\/span><span class=\"BZ_Pyq_fadeIn\">si\u0119 <\/span><span class=\"BZ_Pyq_fadeIn\">u <\/span><span class=\"BZ_Pyq_fadeIn\">klient\u00f3w <\/span><span class=\"BZ_Pyq_fadeIn\">ceni\u0105cych <\/span><span class=\"BZ_Pyq_fadeIn\">geometryczne <\/span><span class=\"BZ_Pyq_fadeIn\">formy, <\/span><span class=\"BZ_Pyq_fadeIn\">precyzyjne <\/span><span class=\"BZ_Pyq_fadeIn\">wykonanie <\/span><span class=\"BZ_Pyq_fadeIn\">i <\/span><span class=\"BZ_Pyq_fadeIn\">unikalny, <\/span><span class=\"BZ_Pyq_fadeIn\">kolekcjonerski <\/span><span class=\"BZ_Pyq_fadeIn\">design.<\/span><\/p>\n","protected":false},"excerpt":{"rendered":"<p data-start=\"69\" data-end=\"417\"><strong data-start=\"69\" data-end=\"108\"><span class=\"BZ_Pyq_fadeIn\">Jacques <\/span><span class=\"BZ_Pyq_fadeIn\">Marie <\/span><span class=\"BZ_Pyq_fadeIn\">Mage <\/span><span class=\"BZ_Pyq_fadeIn\">COMMODORE <\/span><span class=\"BZ_Pyq_fadeIn\">Silver<\/span><\/strong> <span class=\"BZ_Pyq_fadeIn\">to <\/span><span class=\"BZ_Pyq_fadeIn\">limitowany <\/span><span class=\"BZ_Pyq_fadeIn\">model <\/span><span class=\"BZ_Pyq_fadeIn\">inspirowany <\/span><span class=\"BZ_Pyq_fadeIn\">estetyk\u0105 <\/span><span class=\"BZ_Pyq_fadeIn\">lat <\/span><span class=\"BZ_Pyq_fadeIn\">70., <\/span><span class=\"BZ_Pyq_fadeIn\">\u0142\u0105cz\u0105cy <\/span><span class=\"BZ_Pyq_fadeIn\">prostok\u0105tn\u0105 <\/span><span class=\"BZ_Pyq_fadeIn\">form\u0119 <\/span><span class=\"BZ_Pyq_fadeIn\">z <\/span><span class=\"BZ_Pyq_fadeIn\">techniczn\u0105 <\/span><span class=\"BZ_Pyq_fadeIn\">precyzj\u0105 <\/span><span class=\"BZ_Pyq_fadeIn\">i <\/span><span class=\"BZ_Pyq_fadeIn\">luksusowym <\/span><span class=\"BZ_Pyq_fadeIn\">wyko\u0144czeniem. <\/span><span class=\"BZ_Pyq_fadeIn\">Oprawa <\/span><span class=\"BZ_Pyq_fadeIn\">zosta\u0142a <\/span><span class=\"BZ_Pyq_fadeIn\">r\u0119cznie <\/span><span class=\"BZ_Pyq_fadeIn\">wykonana <\/span><span class=\"BZ_Pyq_fadeIn\">w <\/span><span class=\"BZ_Pyq_fadeIn\">Japonii <\/span><span class=\"BZ_Pyq_fadeIn\">z <\/span><strong data-start=\"278\" data-end=\"298\"><span class=\"BZ_Pyq_fadeIn\">100% <\/span><span class=\"BZ_Pyq_fadeIn\">beta <\/span><span class=\"BZ_Pyq_fadeIn\">tytanu<\/span><\/strong> <span class=\"BZ_Pyq_fadeIn\">i <\/span><span class=\"BZ_Pyq_fadeIn\">wyr\u00f3\u017cnia <\/span><span class=\"BZ_Pyq_fadeIn\">si\u0119 <\/span><strong data-start=\"314\" data-end=\"336\"><span class=\"BZ_Pyq_fadeIn\">podw\u00f3jnym <\/span><span class=\"BZ_Pyq_fadeIn\">mostkiem<\/span><\/strong><span class=\"BZ_Pyq_fadeIn\">, <\/span><span class=\"BZ_Pyq_fadeIn\">dekoracyjnym <\/span><span class=\"BZ_Pyq_fadeIn\">profilem <\/span><span class=\"BZ_Pyq_fadeIn\">oraz <\/span><span class=\"BZ_Pyq_fadeIn\">efektownymi, <\/span><span class=\"BZ_Pyq_fadeIn\">ciemnoz\u0142otymi <\/span><span class=\"BZ_Pyq_fadeIn\">insertami <\/span><span class=\"BZ_Pyq_fadeIn\">wok\u00f3\u0142 <\/span><span class=\"BZ_Pyq_fadeIn\">soczewek.<\/span><\/p>\n<p data-start=\"419\" data-end=\"602\"><span class=\"BZ_Pyq_fadeIn\">Model <\/span><span class=\"BZ_Pyq_fadeIn\">wyposa\u017cono <\/span><span class=\"BZ_Pyq_fadeIn\">w <\/span><strong data-start=\"438\" data-end=\"470\"><span class=\"BZ_Pyq_fadeIn\">zielone <\/span><span class=\"BZ_Pyq_fadeIn\">soczewki <\/span><span class=\"BZ_Pyq_fadeIn\">gradientowe<\/span><\/strong> <span class=\"BZ_Pyq_fadeIn\">z <\/span><span class=\"BZ_Pyq_fadeIn\">tyln\u0105 <\/span><span class=\"BZ_Pyq_fadeIn\">pow\u0142ok\u0105 <\/span><span class=\"BZ_Pyq_fadeIn\">antyrefleksyjn\u0105. <\/span><span class=\"BZ_Pyq_fadeIn\">To <\/span><span class=\"BZ_Pyq_fadeIn\">wyrazista <\/span><span class=\"BZ_Pyq_fadeIn\">propozycja <\/span><span class=\"BZ_Pyq_fadeIn\">dla <\/span><span class=\"BZ_Pyq_fadeIn\">os\u00f3b, <\/span><span class=\"BZ_Pyq_fadeIn\">kt\u00f3re <\/span><span class=\"BZ_Pyq_fadeIn\">szukaj\u0105 <\/span><span class=\"BZ_Pyq_fadeIn\">unikalnych <\/span><span class=\"BZ_Pyq_fadeIn\">okular\u00f3w <\/span><span class=\"BZ_Pyq_fadeIn\">o <\/span><span class=\"BZ_Pyq_fadeIn\">kolekcjonerskim <\/span><span class=\"BZ_Pyq_fadeIn\">charakterze.<\/span><\/p>\n<p data-start=\"604\" data-end=\"625\"><strong data-start=\"604\" data-end=\"625\"><span class=\"BZ_Pyq_fadeIn\">Szczeg\u00f3\u0142y <\/span><span class=\"BZ_Pyq_fadeIn\">modelu:<\/span><\/strong><\/p>\n<ul data-start=\"626\" data-end=\"885\">\n<li data-section-id=\"1il8ro7\" data-start=\"626\" data-end=\"660\">\n<p data-start=\"628\" data-end=\"660\"><span class=\"BZ_Pyq_fadeIn\">limitowana <\/span><span class=\"BZ_Pyq_fadeIn\">edycja: <\/span><strong data-start=\"647\" data-end=\"660\"><span class=\"BZ_Pyq_fadeIn\">500 <\/span><span class=\"BZ_Pyq_fadeIn\">sztuk<\/span><\/strong><\/p>\n<\/li>\n<li data-section-id=\"1sa7wl7\" data-start=\"661\" data-end=\"689\">\n<p data-start=\"663\" data-end=\"689\"><span class=\"BZ_Pyq_fadeIn\">r\u0119czne <\/span><span class=\"BZ_Pyq_fadeIn\">wykonanie <\/span><span class=\"BZ_Pyq_fadeIn\">w <\/span><span class=\"BZ_Pyq_fadeIn\">Japonii<\/span><\/p>\n<\/li>\n<li data-section-id=\"ul6h2l\" data-start=\"690\" data-end=\"721\">\n<p data-start=\"692\" data-end=\"721\"><span class=\"BZ_Pyq_fadeIn\">oprawa <\/span><span class=\"BZ_Pyq_fadeIn\">z <\/span><strong data-start=\"701\" data-end=\"721\"><span class=\"BZ_Pyq_fadeIn\">100% <\/span><span class=\"BZ_Pyq_fadeIn\">beta <\/span><span class=\"BZ_Pyq_fadeIn\">tytanu<\/span><\/strong><\/p>\n<\/li>\n<li data-section-id=\"1ehj6h2\" data-start=\"722\" data-end=\"745\">\n<p data-start=\"724\" data-end=\"745\"><span class=\"BZ_Pyq_fadeIn\">kolor <\/span><span class=\"BZ_Pyq_fadeIn\">oprawy: <\/span><span class=\"BZ_Pyq_fadeIn\">srebrny<\/span><\/p>\n<\/li>\n<li data-section-id=\"1d1xpoz\" data-start=\"746\" data-end=\"791\">\n<p data-start=\"748\" data-end=\"791\"><span class=\"BZ_Pyq_fadeIn\">ciemnoz\u0142ote <\/span><span class=\"BZ_Pyq_fadeIn\">inserty <\/span><span class=\"BZ_Pyq_fadeIn\">tytanowe <\/span><span class=\"BZ_Pyq_fadeIn\">wok\u00f3\u0142 <\/span><span class=\"BZ_Pyq_fadeIn\">soczewek<\/span><\/p>\n<\/li>\n<li data-section-id=\"1wwks37\" data-start=\"792\" data-end=\"848\">\n<p data-start=\"794\" data-end=\"848\"><span class=\"BZ_Pyq_fadeIn\">zielone <\/span><span class=\"BZ_Pyq_fadeIn\">soczewki <\/span><span class=\"BZ_Pyq_fadeIn\">gradientowe <\/span><span class=\"BZ_Pyq_fadeIn\">z <\/span><span class=\"BZ_Pyq_fadeIn\">pow\u0142ok\u0105 <\/span><span class=\"BZ_Pyq_fadeIn\">antyrefleksyjn\u0105<\/span><\/p>\n<\/li>\n<li data-section-id=\"1wb191j\" data-start=\"849\" data-end=\"885\">\n<p data-start=\"851\" data-end=\"885\"><span class=\"BZ_Pyq_fadeIn\">regulowane <\/span><span class=\"BZ_Pyq_fadeIn\">noski <\/span><span class=\"BZ_Pyq_fadeIn\">z <\/span><span class=\"BZ_Pyq_fadeIn\">logo <\/span><span class=\"BZ_Pyq_fadeIn\">i <\/span><span class=\"BZ_Pyq_fadeIn\">grawerem<\/span><\/p>\n<\/li>\n<\/ul>\n","protected":false},"featured_media":8649,"template":"","meta":{"_acf_changed":false},"product_brand":[82],"product_cat":[850,30,851],"product_tag":[],"model":[372],"class_list":{"0":"post-8648","1":"product","2":"type-product","3":"status-publish","4":"has-post-thumbnail","6":"product_brand-jacques-marie-mage","7":"product_cat-meskie","8":"product_cat-okulary-przeciwsloneczne","9":"product_cat-unisex","10":"model-commodore","12":"first","13":"instock","14":"taxable","15":"shipping-taxable","16":"purchasable","17":"product-type-simple"},"acf":[],"aioseo_notices":[],"_links":{"self":[{"href":"https:\/\/markoweokulary.pl\/pl\/wp-json\/wp\/v2\/product\/8648","targetHints":{"allow":["GET"]}}],"collection":[{"href":"https:\/\/markoweokulary.pl\/pl\/wp-json\/wp\/v2\/product"}],"about":[{"href":"https:\/\/markoweokulary.pl\/pl\/wp-json\/wp\/v2\/types\/product"}],"version-history":[{"count":0,"href":"https:\/\/markoweokulary.pl\/pl\/wp-json\/wp\/v2\/product\/8648\/revisions"}],"wp:featuredmedia":[{"embeddable":true,"href":"https:\/\/markoweokulary.pl\/pl\/wp-json\/wp\/v2\/media\/8649"}],"wp:attachment":[{"href":"https:\/\/markoweokulary.pl\/pl\/wp-json\/wp\/v2\/media?parent=8648"}],"wp:term":[{"taxonomy":"product_brand","embeddable":true,"href":"https:\/\/markoweokulary.pl\/pl\/wp-json\/wp\/v2\/product_brand?post=8648"},{"taxonomy":"product_cat","embeddable":true,"href":"https:\/\/markoweokulary.pl\/pl\/wp-json\/wp\/v2\/product_cat?post=8648"},{"taxonomy":"product_tag","embeddable":true,"href":"https:\/\/markoweokulary.pl\/pl\/wp-json\/wp\/v2\/product_tag?post=8648"},{"taxonomy":"model","embeddable":true,"href":"https:\/\/markoweokulary.pl\/pl\/wp-json\/wp\/v2\/model?post=8648"}],"curies":[{"name":"wp","href":"https:\/\/api.w.org\/{rel}","templated":true}]}}