{"id":8642,"date":"2026-04-30T17:37:57","date_gmt":"2026-04-30T15:37:57","guid":{"rendered":"https:\/\/markoweokulary.pl\/produkt\/jacques-marie-mage-beckett-antique-silver\/"},"modified":"2026-04-30T17:38:01","modified_gmt":"2026-04-30T15:38:01","slug":"jacques-marie-mage-beckett-antique-silver","status":"publish","type":"product","link":"https:\/\/markoweokulary.pl\/pl\/produkt\/jacques-marie-mage-beckett-antique-silver\/","title":{"rendered":"Jacques Marie Mage BECKETT | ANTIQUE SILVER"},"content":{"rendered":"<p><span class=\"BZ_Pyq_fadeIn\">Model <\/span><strong data-start=\"1428\" data-end=\"1473\"><span class=\"BZ_Pyq_fadeIn\">Jacques <\/span><span class=\"BZ_Pyq_fadeIn\">Marie <\/span><span class=\"BZ_Pyq_fadeIn\">Mage <\/span><span class=\"BZ_Pyq_fadeIn\">BECKETT <\/span><span class=\"BZ_Pyq_fadeIn\">Antique <\/span><span class=\"BZ_Pyq_fadeIn\">Silver<\/span><\/strong> <span class=\"BZ_Pyq_fadeIn\">b\u0119dzie <\/span><span class=\"BZ_Pyq_fadeIn\">idealny <\/span><span class=\"BZ_Pyq_fadeIn\">dla <\/span><span class=\"BZ_Pyq_fadeIn\">os\u00f3b, <\/span><span class=\"BZ_Pyq_fadeIn\">kt\u00f3re <\/span><span class=\"BZ_Pyq_fadeIn\">ceni\u0105 <\/span><strong data-start=\"1511\" data-end=\"1576\" data-is-only-node=\"\"><span class=\"BZ_Pyq_fadeIn\">subtelny <\/span><span class=\"BZ_Pyq_fadeIn\">luksus, <\/span><span class=\"BZ_Pyq_fadeIn\">architektoniczn\u0105 <\/span><span class=\"BZ_Pyq_fadeIn\">form\u0119 <\/span><span class=\"BZ_Pyq_fadeIn\">i <\/span><span class=\"BZ_Pyq_fadeIn\">perfekcj\u0119 <\/span><span class=\"BZ_Pyq_fadeIn\">wykonania<\/span><\/strong><span class=\"BZ_Pyq_fadeIn\">. <\/span><span class=\"BZ_Pyq_fadeIn\">To <\/span><span class=\"BZ_Pyq_fadeIn\">propozycja <\/span><span class=\"BZ_Pyq_fadeIn\">dla <\/span><span class=\"BZ_Pyq_fadeIn\">klient\u00f3w <\/span><span class=\"BZ_Pyq_fadeIn\">o <\/span><span class=\"BZ_Pyq_fadeIn\">wyrobionym <\/span><span class=\"BZ_Pyq_fadeIn\">stylu, <\/span><span class=\"BZ_Pyq_fadeIn\">kt\u00f3rzy <\/span><span class=\"BZ_Pyq_fadeIn\">szukaj\u0105 <\/span><span class=\"BZ_Pyq_fadeIn\">opraw <\/span><span class=\"BZ_Pyq_fadeIn\">eleganckich, <\/span><span class=\"BZ_Pyq_fadeIn\">nowoczesnych <\/span><span class=\"BZ_Pyq_fadeIn\">i <\/span><span class=\"BZ_Pyq_fadeIn\">nieoczywistych \u2014 <\/span><span class=\"BZ_Pyq_fadeIn\">takich, <\/span><span class=\"BZ_Pyq_fadeIn\">kt\u00f3re <\/span><span class=\"BZ_Pyq_fadeIn\">buduj\u0105 <\/span><span class=\"BZ_Pyq_fadeIn\">wizerunek <\/span><span class=\"BZ_Pyq_fadeIn\">spokojnie, <\/span><span class=\"BZ_Pyq_fadeIn\">ale <\/span><span class=\"BZ_Pyq_fadeIn\">bardzo <\/span><span class=\"BZ_Pyq_fadeIn\">\u015bwiadomie. <\/span><span class=\"BZ_Pyq_fadeIn\">\u015awietnie <\/span><span class=\"BZ_Pyq_fadeIn\">sprawdzi <\/span><span class=\"BZ_Pyq_fadeIn\">si\u0119 <\/span><span class=\"BZ_Pyq_fadeIn\">u <\/span><span class=\"BZ_Pyq_fadeIn\">os\u00f3b <\/span><span class=\"BZ_Pyq_fadeIn\">preferuj\u0105cych <\/span><span class=\"BZ_Pyq_fadeIn\">wyrafinowane <\/span><span class=\"BZ_Pyq_fadeIn\">detale, <\/span><span class=\"BZ_Pyq_fadeIn\">ch\u0142odniejsz\u0105 <\/span><span class=\"BZ_Pyq_fadeIn\">palet\u0119 <\/span><span class=\"BZ_Pyq_fadeIn\">kolorystyczn\u0105 <\/span><span class=\"BZ_Pyq_fadeIn\">i <\/span><span class=\"BZ_Pyq_fadeIn\">kolekcjonerski <\/span><span class=\"BZ_Pyq_fadeIn\">charakter <\/span><span class=\"BZ_Pyq_fadeIn\">okular\u00f3w.<\/span><\/p>\n","protected":false},"excerpt":{"rendered":"<p data-start=\"30\" data-end=\"459\"><strong data-start=\"30\" data-end=\"75\"><span class=\"BZ_Pyq_fadeIn\">Jacques <\/span><span class=\"BZ_Pyq_fadeIn\">Marie <\/span><span class=\"BZ_Pyq_fadeIn\">Mage <\/span><span class=\"BZ_Pyq_fadeIn\">BECKETT <\/span><span class=\"BZ_Pyq_fadeIn\">Antique <\/span><span class=\"BZ_Pyq_fadeIn\">Silver<\/span><\/strong> <span class=\"BZ_Pyq_fadeIn\">to <\/span><span class=\"BZ_Pyq_fadeIn\">limitowany <\/span><span class=\"BZ_Pyq_fadeIn\">model <\/span><span class=\"BZ_Pyq_fadeIn\">o <\/span><span class=\"BZ_Pyq_fadeIn\">wyrafinowanej, <\/span><span class=\"BZ_Pyq_fadeIn\">intelektualnej <\/span><span class=\"BZ_Pyq_fadeIn\">estetyce, <\/span><span class=\"BZ_Pyq_fadeIn\">w <\/span><span class=\"BZ_Pyq_fadeIn\">kt\u00f3rym <\/span><span class=\"BZ_Pyq_fadeIn\">precyzja <\/span><span class=\"BZ_Pyq_fadeIn\">tytanowej <\/span><span class=\"BZ_Pyq_fadeIn\">konstrukcji <\/span><span class=\"BZ_Pyq_fadeIn\">spotyka <\/span><span class=\"BZ_Pyq_fadeIn\">si\u0119 <\/span><span class=\"BZ_Pyq_fadeIn\">z <\/span><span class=\"BZ_Pyq_fadeIn\">subteln\u0105 <\/span><span class=\"BZ_Pyq_fadeIn\">gr\u0105 <\/span><span class=\"BZ_Pyq_fadeIn\">kontrast\u00f3w. <\/span><span class=\"BZ_Pyq_fadeIn\">Oprawa <\/span><span class=\"BZ_Pyq_fadeIn\">zosta\u0142a <\/span><span class=\"BZ_Pyq_fadeIn\">wykonana <\/span><span class=\"BZ_Pyq_fadeIn\">w <\/span><span class=\"BZ_Pyq_fadeIn\">Japonii <\/span><span class=\"BZ_Pyq_fadeIn\">z <\/span><strong data-start=\"253\" data-end=\"273\"><span class=\"BZ_Pyq_fadeIn\">100% <\/span><span class=\"BZ_Pyq_fadeIn\">beta <\/span><span class=\"BZ_Pyq_fadeIn\">tytanu<\/span><\/strong> <span class=\"BZ_Pyq_fadeIn\">i <\/span><span class=\"BZ_Pyq_fadeIn\">wyr\u00f3\u017cnia <\/span><span class=\"BZ_Pyq_fadeIn\">si\u0119 <\/span><span class=\"BZ_Pyq_fadeIn\">eleganckim <\/span><span class=\"BZ_Pyq_fadeIn\">zestawieniem <\/span><span class=\"BZ_Pyq_fadeIn\">odcieni <\/span><strong data-start=\"321\" data-end=\"333\"><span class=\"BZ_Pyq_fadeIn\">gunmetal<\/span><\/strong> <span class=\"BZ_Pyq_fadeIn\">oraz <\/span><strong data-start=\"339\" data-end=\"359\"><span class=\"BZ_Pyq_fadeIn\">silver <\/span><span class=\"BZ_Pyq_fadeIn\">palladium<\/span><\/strong><span class=\"BZ_Pyq_fadeIn\">, <\/span><span class=\"BZ_Pyq_fadeIn\">uzupe\u0142nionych <\/span><span class=\"BZ_Pyq_fadeIn\">acetatowymi <\/span><span class=\"BZ_Pyq_fadeIn\">insertami <\/span><span class=\"BZ_Pyq_fadeIn\">wok\u00f3\u0142 <\/span><span class=\"BZ_Pyq_fadeIn\">soczewek <\/span><span class=\"BZ_Pyq_fadeIn\">w <\/span><span class=\"BZ_Pyq_fadeIn\">tonacji <\/span><strong data-start=\"422\" data-end=\"458\"><span class=\"BZ_Pyq_fadeIn\">sulfur \/ <\/span><span class=\"BZ_Pyq_fadeIn\">transparentnej <\/span><span class=\"BZ_Pyq_fadeIn\">szaro\u015bci<\/span><\/strong><span class=\"BZ_Pyq_fadeIn\">.<\/span><\/p>\n<p data-start=\"461\" data-end=\"935\"><span class=\"BZ_Pyq_fadeIn\">Model <\/span><span class=\"BZ_Pyq_fadeIn\">przyci\u0105ga <\/span><span class=\"BZ_Pyq_fadeIn\">uwag\u0119 <\/span><span class=\"BZ_Pyq_fadeIn\">dekoracyjnymi <\/span><span class=\"BZ_Pyq_fadeIn\">kraw\u0119dziami <\/span><span class=\"BZ_Pyq_fadeIn\">typu <\/span><em data-start=\"514\" data-end=\"522\"><span class=\"BZ_Pyq_fadeIn\">coined<\/span><\/em><span class=\"BZ_Pyq_fadeIn\">, <\/span><span class=\"BZ_Pyq_fadeIn\">dopracowanym <\/span><span class=\"BZ_Pyq_fadeIn\">mostkiem <\/span><span class=\"BZ_Pyq_fadeIn\">nosowym <\/span><span class=\"BZ_Pyq_fadeIn\">wyko\u0144czonym <\/span><span class=\"BZ_Pyq_fadeIn\">w <\/span><span class=\"BZ_Pyq_fadeIn\">srebrnym <\/span><span class=\"BZ_Pyq_fadeIn\">palladzie <\/span><span class=\"BZ_Pyq_fadeIn\">oraz <\/span><span class=\"BZ_Pyq_fadeIn\">monoblokowymi <\/span><span class=\"BZ_Pyq_fadeIn\">zawiasami <\/span><span class=\"BZ_Pyq_fadeIn\">z <\/span><span class=\"BZ_Pyq_fadeIn\">charakterystycznym <\/span><span class=\"BZ_Pyq_fadeIn\">detalem <\/span><span class=\"BZ_Pyq_fadeIn\">hairline. <\/span><span class=\"BZ_Pyq_fadeIn\">Ca\u0142o\u015b\u0107 <\/span><span class=\"BZ_Pyq_fadeIn\">dope\u0142niaj\u0105 <\/span><span class=\"BZ_Pyq_fadeIn\">spokojne, <\/span><strong data-start=\"683\" data-end=\"723\"><span class=\"BZ_Pyq_fadeIn\">niebieskie <\/span><span class=\"BZ_Pyq_fadeIn\">soczewki <\/span><span class=\"BZ_Pyq_fadeIn\">Armorlite <\/span><span class=\"BZ_Pyq_fadeIn\">4-<\/span><span class=\"BZ_Pyq_fadeIn\">base<\/span><\/strong> <span class=\"BZ_Pyq_fadeIn\">z <\/span><span class=\"BZ_Pyq_fadeIn\">tyln\u0105 <\/span><span class=\"BZ_Pyq_fadeIn\">pow\u0142ok\u0105 <\/span><span class=\"BZ_Pyq_fadeIn\">antyrefleksyjn\u0105, <\/span><span class=\"BZ_Pyq_fadeIn\">kt\u00f3re <\/span><span class=\"BZ_Pyq_fadeIn\">nadaj\u0105 <\/span><span class=\"BZ_Pyq_fadeIn\">oprawie <\/span><span class=\"BZ_Pyq_fadeIn\">jeszcze <\/span><span class=\"BZ_Pyq_fadeIn\">bardziej <\/span><span class=\"BZ_Pyq_fadeIn\">szlachetny <\/span><span class=\"BZ_Pyq_fadeIn\">i <\/span><span class=\"BZ_Pyq_fadeIn\">nowoczesny <\/span><span class=\"BZ_Pyq_fadeIn\">charakter. <\/span><span class=\"BZ_Pyq_fadeIn\">To <\/span><span class=\"BZ_Pyq_fadeIn\">model <\/span><span class=\"BZ_Pyq_fadeIn\">oszcz\u0119dny <\/span><span class=\"BZ_Pyq_fadeIn\">w <\/span><span class=\"BZ_Pyq_fadeIn\">formie, <\/span><span class=\"BZ_Pyq_fadeIn\">ale <\/span><span class=\"BZ_Pyq_fadeIn\">bardzo <\/span><span class=\"BZ_Pyq_fadeIn\">\u015bwiadomy <\/span><span class=\"BZ_Pyq_fadeIn\">stylistycznie \u2014 <\/span><span class=\"BZ_Pyq_fadeIn\">luksusowy, <\/span><span class=\"BZ_Pyq_fadeIn\">dopracowany <\/span><span class=\"BZ_Pyq_fadeIn\">i <\/span><span class=\"BZ_Pyq_fadeIn\">kolekcjonerski.<\/span><\/p>\n<p data-start=\"937\" data-end=\"958\"><strong data-start=\"937\" data-end=\"958\"><span class=\"BZ_Pyq_fadeIn\">Szczeg\u00f3\u0142y <\/span><span class=\"BZ_Pyq_fadeIn\">modelu:<\/span><\/strong><\/p>\n<ul data-start=\"959\" data-end=\"1404\">\n<li data-section-id=\"1ah71dg\" data-start=\"959\" data-end=\"993\">\n<p data-start=\"961\" data-end=\"993\"><span class=\"BZ_Pyq_fadeIn\">limitowana <\/span><span class=\"BZ_Pyq_fadeIn\">edycja: <\/span><strong data-start=\"980\" data-end=\"993\"><span class=\"BZ_Pyq_fadeIn\">350 <\/span><span class=\"BZ_Pyq_fadeIn\">sztuk<\/span><\/strong><\/p>\n<\/li>\n<li data-section-id=\"1sa7wl7\" data-start=\"994\" data-end=\"1022\">\n<p data-start=\"996\" data-end=\"1022\"><span class=\"BZ_Pyq_fadeIn\">r\u0119czne <\/span><span class=\"BZ_Pyq_fadeIn\">wykonanie <\/span><span class=\"BZ_Pyq_fadeIn\">w <\/span><span class=\"BZ_Pyq_fadeIn\">Japonii<\/span><\/p>\n<\/li>\n<li data-section-id=\"ul6h2l\" data-start=\"1023\" data-end=\"1054\">\n<p data-start=\"1025\" data-end=\"1054\"><span class=\"BZ_Pyq_fadeIn\">oprawa <\/span><span class=\"BZ_Pyq_fadeIn\">z <\/span><strong data-start=\"1034\" data-end=\"1054\"><span class=\"BZ_Pyq_fadeIn\">100% <\/span><span class=\"BZ_Pyq_fadeIn\">beta <\/span><span class=\"BZ_Pyq_fadeIn\">tytanu<\/span><\/strong><\/p>\n<\/li>\n<li data-section-id=\"tx1zv4\" data-start=\"1055\" data-end=\"1117\">\n<p data-start=\"1057\" data-end=\"1117\"><span class=\"BZ_Pyq_fadeIn\">kolor <\/span><span class=\"BZ_Pyq_fadeIn\">konstrukcji: <\/span><strong data-start=\"1076\" data-end=\"1117\"><span class=\"BZ_Pyq_fadeIn\">gunmetal <\/span><span class=\"BZ_Pyq_fadeIn\">z <\/span><span class=\"BZ_Pyq_fadeIn\">akcentami <\/span><span class=\"BZ_Pyq_fadeIn\">silver <\/span><span class=\"BZ_Pyq_fadeIn\">palladium<\/span><\/strong><\/p>\n<\/li>\n<li data-section-id=\"mr9ev8\" data-start=\"1118\" data-end=\"1165\">\n<p data-start=\"1120\" data-end=\"1165\"><span class=\"BZ_Pyq_fadeIn\">mostek <\/span><span class=\"BZ_Pyq_fadeIn\">nosowy <\/span><span class=\"BZ_Pyq_fadeIn\">wyko\u0144czony <\/span><span class=\"BZ_Pyq_fadeIn\">w <\/span><span class=\"BZ_Pyq_fadeIn\">srebrnym <\/span><span class=\"BZ_Pyq_fadeIn\">palladzie<\/span><\/p>\n<\/li>\n<li data-section-id=\"2i5di2\" data-start=\"1166\" data-end=\"1212\">\n<p data-start=\"1168\" data-end=\"1212\"><span class=\"BZ_Pyq_fadeIn\">dekoracyjne <\/span><span class=\"BZ_Pyq_fadeIn\">kraw\u0119dzie <\/span><span class=\"BZ_Pyq_fadeIn\">soczewek <\/span><span class=\"BZ_Pyq_fadeIn\">typu <\/span><em data-start=\"1204\" data-end=\"1212\"><span class=\"BZ_Pyq_fadeIn\">coined<\/span><\/em><\/p>\n<\/li>\n<li data-section-id=\"15b3f4u\" data-start=\"1213\" data-end=\"1256\">\n<p data-start=\"1215\" data-end=\"1256\"><strong data-start=\"1215\" data-end=\"1241\"><span class=\"BZ_Pyq_fadeIn\">8 <\/span><span class=\"BZ_Pyq_fadeIn\">mm <\/span><span class=\"BZ_Pyq_fadeIn\">acetatowe <\/span><span class=\"BZ_Pyq_fadeIn\">inserty<\/span><\/strong> <span class=\"BZ_Pyq_fadeIn\">wok\u00f3\u0142 <\/span><span class=\"BZ_Pyq_fadeIn\">soczewek<\/span><\/p>\n<\/li>\n<li data-section-id=\"xk80p\" data-start=\"1257\" data-end=\"1288\">\n<p data-start=\"1259\" data-end=\"1288\"><span class=\"BZ_Pyq_fadeIn\">acetatowe <\/span><span class=\"BZ_Pyq_fadeIn\">ko\u0144c\u00f3wki <\/span><span class=\"BZ_Pyq_fadeIn\">zausznik\u00f3w<\/span><\/p>\n<\/li>\n<li data-section-id=\"1m905c4\" data-start=\"1289\" data-end=\"1329\">\n<p data-start=\"1291\" data-end=\"1329\"><span class=\"BZ_Pyq_fadeIn\">monoblokowe <\/span><span class=\"BZ_Pyq_fadeIn\">zawiasy <\/span><span class=\"BZ_Pyq_fadeIn\">z <\/span><span class=\"BZ_Pyq_fadeIn\">detalem <\/span><span class=\"BZ_Pyq_fadeIn\">hairline<\/span><\/p>\n<\/li>\n<li data-section-id=\"1dngva6\" data-start=\"1330\" data-end=\"1372\">\n<p data-start=\"1332\" data-end=\"1372\"><strong data-start=\"1332\" data-end=\"1372\"><span class=\"BZ_Pyq_fadeIn\">niebieskie <\/span><span class=\"BZ_Pyq_fadeIn\">soczewki <\/span><span class=\"BZ_Pyq_fadeIn\">Armorlite <\/span><span class=\"BZ_Pyq_fadeIn\">4-<\/span><span class=\"BZ_Pyq_fadeIn\">base<\/span><\/strong><\/p>\n<\/li>\n<li data-section-id=\"nuqfvb\" data-start=\"1373\" data-end=\"1404\">\n<p data-start=\"1375\" data-end=\"1404\"><span class=\"BZ_Pyq_fadeIn\">tylna <\/span><span class=\"BZ_Pyq_fadeIn\">pow\u0142oka <\/span><span class=\"BZ_Pyq_fadeIn\">antyrefleksyjna<\/span><\/p>\n<\/li>\n<\/ul>\n","protected":false},"featured_media":8643,"template":"","meta":{"_acf_changed":false},"product_brand":[82],"product_cat":[848,850,30,851],"product_tag":[],"model":[879],"class_list":{"0":"post-8642","1":"product","2":"type-product","3":"status-publish","4":"has-post-thumbnail","6":"product_brand-jacques-marie-mage","7":"product_cat-damskie","8":"product_cat-meskie","9":"product_cat-okulary-przeciwsloneczne","10":"product_cat-unisex","11":"model-beckett","13":"first","14":"instock","15":"taxable","16":"shipping-taxable","17":"purchasable","18":"product-type-simple"},"acf":[],"aioseo_notices":[],"_links":{"self":[{"href":"https:\/\/markoweokulary.pl\/pl\/wp-json\/wp\/v2\/product\/8642","targetHints":{"allow":["GET"]}}],"collection":[{"href":"https:\/\/markoweokulary.pl\/pl\/wp-json\/wp\/v2\/product"}],"about":[{"href":"https:\/\/markoweokulary.pl\/pl\/wp-json\/wp\/v2\/types\/product"}],"version-history":[{"count":0,"href":"https:\/\/markoweokulary.pl\/pl\/wp-json\/wp\/v2\/product\/8642\/revisions"}],"wp:featuredmedia":[{"embeddable":true,"href":"https:\/\/markoweokulary.pl\/pl\/wp-json\/wp\/v2\/media\/8643"}],"wp:attachment":[{"href":"https:\/\/markoweokulary.pl\/pl\/wp-json\/wp\/v2\/media?parent=8642"}],"wp:term":[{"taxonomy":"product_brand","embeddable":true,"href":"https:\/\/markoweokulary.pl\/pl\/wp-json\/wp\/v2\/product_brand?post=8642"},{"taxonomy":"product_cat","embeddable":true,"href":"https:\/\/markoweokulary.pl\/pl\/wp-json\/wp\/v2\/product_cat?post=8642"},{"taxonomy":"product_tag","embeddable":true,"href":"https:\/\/markoweokulary.pl\/pl\/wp-json\/wp\/v2\/product_tag?post=8642"},{"taxonomy":"model","embeddable":true,"href":"https:\/\/markoweokulary.pl\/pl\/wp-json\/wp\/v2\/model?post=8642"}],"curies":[{"name":"wp","href":"https:\/\/api.w.org\/{rel}","templated":true}]}}