{"id":8636,"date":"2026-04-30T17:37:37","date_gmt":"2026-04-30T15:37:37","guid":{"rendered":"https:\/\/markoweokulary.pl\/produkt\/jacques-marie-mage-beckett-verona\/"},"modified":"2026-04-30T17:37:41","modified_gmt":"2026-04-30T15:37:41","slug":"jacques-marie-mage-beckett-verona","status":"publish","type":"product","link":"https:\/\/markoweokulary.pl\/pl\/produkt\/jacques-marie-mage-beckett-verona\/","title":{"rendered":"Jacques Marie Mage BECKETT | VERONA"},"content":{"rendered":"<p><span class=\"BZ_Pyq_fadeIn\">Model <\/span><strong data-start=\"1106\" data-end=\"1143\"><span class=\"BZ_Pyq_fadeIn\">Jacques <\/span><span class=\"BZ_Pyq_fadeIn\">Marie <\/span><span class=\"BZ_Pyq_fadeIn\">Mage <\/span><span class=\"BZ_Pyq_fadeIn\">BECKETT <\/span><span class=\"BZ_Pyq_fadeIn\">Verona<\/span><\/strong> <span class=\"BZ_Pyq_fadeIn\">b\u0119dzie <\/span><span class=\"BZ_Pyq_fadeIn\">idealny <\/span><span class=\"BZ_Pyq_fadeIn\">dla <\/span><span class=\"BZ_Pyq_fadeIn\">os\u00f3b, <\/span><span class=\"BZ_Pyq_fadeIn\">kt\u00f3re <\/span><span class=\"BZ_Pyq_fadeIn\">ceni\u0105 <\/span><strong data-start=\"1181\" data-end=\"1240\" data-is-only-node=\"\"><span class=\"BZ_Pyq_fadeIn\">minimalizm, <\/span><span class=\"BZ_Pyq_fadeIn\">intelektualny <\/span><span class=\"BZ_Pyq_fadeIn\">styl <\/span><span class=\"BZ_Pyq_fadeIn\">i <\/span><span class=\"BZ_Pyq_fadeIn\">luksus <\/span><span class=\"BZ_Pyq_fadeIn\">ukryty <\/span><span class=\"BZ_Pyq_fadeIn\">w <\/span><span class=\"BZ_Pyq_fadeIn\">detalu<\/span><\/strong><span class=\"BZ_Pyq_fadeIn\">. <\/span><span class=\"BZ_Pyq_fadeIn\">To <\/span><span class=\"BZ_Pyq_fadeIn\">propozycja <\/span><span class=\"BZ_Pyq_fadeIn\">dla <\/span><span class=\"BZ_Pyq_fadeIn\">klient\u00f3w <\/span><span class=\"BZ_Pyq_fadeIn\">szukaj\u0105cych <\/span><span class=\"BZ_Pyq_fadeIn\">opraw <\/span><span class=\"BZ_Pyq_fadeIn\">subtelnych, <\/span><span class=\"BZ_Pyq_fadeIn\">ale <\/span><span class=\"BZ_Pyq_fadeIn\">charakterystycznych \u2014 <\/span><span class=\"BZ_Pyq_fadeIn\">eleganckich, <\/span><span class=\"BZ_Pyq_fadeIn\">nowoczesnych <\/span><span class=\"BZ_Pyq_fadeIn\">i <\/span><span class=\"BZ_Pyq_fadeIn\">nieoczywistych. <\/span><span class=\"BZ_Pyq_fadeIn\">\u015awietnie <\/span><span class=\"BZ_Pyq_fadeIn\">sprawdzi <\/span><span class=\"BZ_Pyq_fadeIn\">si\u0119 <\/span><span class=\"BZ_Pyq_fadeIn\">u <\/span><span class=\"BZ_Pyq_fadeIn\">os\u00f3b, <\/span><span class=\"BZ_Pyq_fadeIn\">kt\u00f3re <\/span><span class=\"BZ_Pyq_fadeIn\">wol\u0105 <\/span><span class=\"BZ_Pyq_fadeIn\">wyra\u017ca\u0107 <\/span><span class=\"BZ_Pyq_fadeIn\">styl <\/span><span class=\"BZ_Pyq_fadeIn\">przez <\/span><span class=\"BZ_Pyq_fadeIn\">form\u0119, <\/span><span class=\"BZ_Pyq_fadeIn\">proporcje <\/span><span class=\"BZ_Pyq_fadeIn\">i <\/span><span class=\"BZ_Pyq_fadeIn\">jako\u015b\u0107 <\/span><span class=\"BZ_Pyq_fadeIn\">materia\u0142\u00f3w, <\/span><span class=\"BZ_Pyq_fadeIn\">a <\/span><span class=\"BZ_Pyq_fadeIn\">nie <\/span><span class=\"BZ_Pyq_fadeIn\">przez <\/span><span class=\"BZ_Pyq_fadeIn\">przesad\u0119.<\/span><\/p>\n","protected":false},"excerpt":{"rendered":"<p data-start=\"55\" data-end=\"563\"><strong data-start=\"55\" data-end=\"92\"><span class=\"BZ_Pyq_fadeIn\">Jacques <\/span><span class=\"BZ_Pyq_fadeIn\">Marie <\/span><span class=\"BZ_Pyq_fadeIn\">Mage <\/span><span class=\"BZ_Pyq_fadeIn\">BECKETT <\/span><span class=\"BZ_Pyq_fadeIn\">Verona<\/span><\/strong> <span class=\"BZ_Pyq_fadeIn\">to <\/span><span class=\"BZ_Pyq_fadeIn\">limitowany <\/span><span class=\"BZ_Pyq_fadeIn\">model <\/span><span class=\"BZ_Pyq_fadeIn\">o <\/span><span class=\"BZ_Pyq_fadeIn\">smuk\u0142ej, <\/span><span class=\"BZ_Pyq_fadeIn\">prostok\u0105tnej <\/span><span class=\"BZ_Pyq_fadeIn\">sylwetce <\/span><span class=\"BZ_Pyq_fadeIn\">i <\/span><span class=\"BZ_Pyq_fadeIn\">\u015brednim <\/span><span class=\"BZ_Pyq_fadeIn\">dopasowaniu, <\/span><span class=\"BZ_Pyq_fadeIn\">inspirowany <\/span><span class=\"BZ_Pyq_fadeIn\">intelektualn\u0105 <\/span><span class=\"BZ_Pyq_fadeIn\">estetyk\u0105 <\/span><span class=\"BZ_Pyq_fadeIn\">lat <\/span><span class=\"BZ_Pyq_fadeIn\">70. <\/span><span class=\"BZ_Pyq_fadeIn\">Oprawa <\/span><span class=\"BZ_Pyq_fadeIn\">zosta\u0142a <\/span><span class=\"BZ_Pyq_fadeIn\">wykonana <\/span><span class=\"BZ_Pyq_fadeIn\">z <\/span><span class=\"BZ_Pyq_fadeIn\">tytanu <\/span><span class=\"BZ_Pyq_fadeIn\">i <\/span><span class=\"BZ_Pyq_fadeIn\">wyr\u00f3\u017cnia <\/span><span class=\"BZ_Pyq_fadeIn\">si\u0119 <\/span><span class=\"BZ_Pyq_fadeIn\">subteln\u0105, <\/span><span class=\"BZ_Pyq_fadeIn\">architektoniczn\u0105 <\/span><span class=\"BZ_Pyq_fadeIn\">form\u0105, <\/span><span class=\"BZ_Pyq_fadeIn\">dekoracyjnymi <\/span><span class=\"BZ_Pyq_fadeIn\">kraw\u0119dziami <\/span><span class=\"BZ_Pyq_fadeIn\">typu <\/span><em data-start=\"325\" data-end=\"333\"><span class=\"BZ_Pyq_fadeIn\">coined<\/span><\/em><span class=\"BZ_Pyq_fadeIn\">, <\/span><span class=\"BZ_Pyq_fadeIn\">acetatowymi <\/span><span class=\"BZ_Pyq_fadeIn\">insertami <\/span><span class=\"BZ_Pyq_fadeIn\">wok\u00f3\u0142 <\/span><span class=\"BZ_Pyq_fadeIn\">soczewek <\/span><span class=\"BZ_Pyq_fadeIn\">oraz <\/span><span class=\"BZ_Pyq_fadeIn\">eleganckimi <\/span><span class=\"BZ_Pyq_fadeIn\">zausznikami <\/span><span class=\"BZ_Pyq_fadeIn\">z <\/span><span class=\"BZ_Pyq_fadeIn\">charakterystycznym <\/span><span class=\"BZ_Pyq_fadeIn\">grawerunkiem <\/span><span class=\"BZ_Pyq_fadeIn\">hairline. <\/span><span class=\"BZ_Pyq_fadeIn\">Rze\u017abiarskie <\/span><span class=\"BZ_Pyq_fadeIn\">ko\u0144c\u00f3wki <\/span><span class=\"BZ_Pyq_fadeIn\">zausznik\u00f3w <\/span><span class=\"BZ_Pyq_fadeIn\">z <\/span><span class=\"BZ_Pyq_fadeIn\">acetatu <\/span><span class=\"BZ_Pyq_fadeIn\">dope\u0142niaj\u0105 <\/span><span class=\"BZ_Pyq_fadeIn\">ca\u0142o\u015b\u0107, <\/span><span class=\"BZ_Pyq_fadeIn\">nadaj\u0105c <\/span><span class=\"BZ_Pyq_fadeIn\">modelowi <\/span><span class=\"BZ_Pyq_fadeIn\">wyrafinowany, <\/span><span class=\"BZ_Pyq_fadeIn\">kolekcjonerski <\/span><span class=\"BZ_Pyq_fadeIn\">charakter.<\/span><\/p>\n<p data-start=\"565\" data-end=\"774\"><span class=\"BZ_Pyq_fadeIn\">BECKETT <\/span><span class=\"BZ_Pyq_fadeIn\">to <\/span><span class=\"BZ_Pyq_fadeIn\">oprawa <\/span><span class=\"BZ_Pyq_fadeIn\">inspirowana <\/span><span class=\"BZ_Pyq_fadeIn\">stylem <\/span><span class=\"BZ_Pyq_fadeIn\">Samuela <\/span><span class=\"BZ_Pyq_fadeIn\">Becketta \u2014 <\/span><span class=\"BZ_Pyq_fadeIn\">oszcz\u0119dna <\/span><span class=\"BZ_Pyq_fadeIn\">w <\/span><span class=\"BZ_Pyq_fadeIn\">formie, <\/span><span class=\"BZ_Pyq_fadeIn\">precyzyjna, <\/span><span class=\"BZ_Pyq_fadeIn\">spokojna, <\/span><span class=\"BZ_Pyq_fadeIn\">ale <\/span><span class=\"BZ_Pyq_fadeIn\">jednocze\u015bnie <\/span><span class=\"BZ_Pyq_fadeIn\">wyrazista. <\/span><span class=\"BZ_Pyq_fadeIn\">To <\/span><span class=\"BZ_Pyq_fadeIn\">model, <\/span><span class=\"BZ_Pyq_fadeIn\">kt\u00f3ry <\/span><span class=\"BZ_Pyq_fadeIn\">pokazuje <\/span><span class=\"BZ_Pyq_fadeIn\">si\u0142\u0119 <\/span><span class=\"BZ_Pyq_fadeIn\">detalu <\/span><span class=\"BZ_Pyq_fadeIn\">i <\/span><span class=\"BZ_Pyq_fadeIn\">udowadnia, <\/span><span class=\"BZ_Pyq_fadeIn\">\u017ce <\/span><span class=\"BZ_Pyq_fadeIn\">luksus <\/span><span class=\"BZ_Pyq_fadeIn\">nie <\/span><span class=\"BZ_Pyq_fadeIn\">musi <\/span><span class=\"BZ_Pyq_fadeIn\">by\u0107 <\/span><span class=\"BZ_Pyq_fadeIn\">krzykliwy.<\/span><\/p>\n<p data-start=\"776\" data-end=\"797\"><strong data-start=\"776\" data-end=\"797\"><span class=\"BZ_Pyq_fadeIn\">Szczeg\u00f3\u0142y <\/span><span class=\"BZ_Pyq_fadeIn\">modelu:<\/span><\/strong><\/p>\n<ul data-start=\"798\" data-end=\"1082\">\n<li data-section-id=\"olr9w6\" data-start=\"798\" data-end=\"832\">\n<p data-start=\"800\" data-end=\"832\"><span class=\"BZ_Pyq_fadeIn\">limitowana <\/span><span class=\"BZ_Pyq_fadeIn\">edycja: <\/span><strong data-start=\"819\" data-end=\"832\"><span class=\"BZ_Pyq_fadeIn\">400 <\/span><span class=\"BZ_Pyq_fadeIn\">sztuk<\/span><\/strong><\/p>\n<\/li>\n<li data-section-id=\"13cs5x9\" data-start=\"833\" data-end=\"850\">\n<p data-start=\"835\" data-end=\"850\"><span class=\"BZ_Pyq_fadeIn\">oprawa <\/span><span class=\"BZ_Pyq_fadeIn\">tytanowa<\/span><\/p>\n<\/li>\n<li data-section-id=\"h3q55i\" data-start=\"851\" data-end=\"880\">\n<p data-start=\"853\" data-end=\"880\"><span class=\"BZ_Pyq_fadeIn\">smuk\u0142y, <\/span><span class=\"BZ_Pyq_fadeIn\">prostok\u0105tny <\/span><span class=\"BZ_Pyq_fadeIn\">kszta\u0142t<\/span><\/p>\n<\/li>\n<li data-section-id=\"1f1dw8n\" data-start=\"881\" data-end=\"897\">\n<p data-start=\"883\" data-end=\"897\"><span class=\"BZ_Pyq_fadeIn\">\u015bredni <\/span><span class=\"BZ_Pyq_fadeIn\">rozmiar<\/span><\/p>\n<\/li>\n<li data-section-id=\"2i5di2\" data-start=\"898\" data-end=\"944\">\n<p data-start=\"900\" data-end=\"944\"><span class=\"BZ_Pyq_fadeIn\">dekoracyjne <\/span><span class=\"BZ_Pyq_fadeIn\">kraw\u0119dzie <\/span><span class=\"BZ_Pyq_fadeIn\">soczewek <\/span><span class=\"BZ_Pyq_fadeIn\">typu <\/span><em data-start=\"936\" data-end=\"944\"><span class=\"BZ_Pyq_fadeIn\">coined<\/span><\/em><\/p>\n<\/li>\n<li data-section-id=\"786g92\" data-start=\"945\" data-end=\"979\">\n<p data-start=\"947\" data-end=\"979\"><span class=\"BZ_Pyq_fadeIn\">acetatowe <\/span><span class=\"BZ_Pyq_fadeIn\">inserty <\/span><span class=\"BZ_Pyq_fadeIn\">wok\u00f3\u0142 <\/span><span class=\"BZ_Pyq_fadeIn\">soczewek<\/span><\/p>\n<\/li>\n<li data-section-id=\"qvtnp7\" data-start=\"980\" data-end=\"1017\">\n<p data-start=\"982\" data-end=\"1017\"><span class=\"BZ_Pyq_fadeIn\">smuk\u0142e <\/span><span class=\"BZ_Pyq_fadeIn\">zauszniki <\/span><span class=\"BZ_Pyq_fadeIn\">z <\/span><span class=\"BZ_Pyq_fadeIn\">detalem <\/span><span class=\"BZ_Pyq_fadeIn\">hairline<\/span><\/p>\n<\/li>\n<li data-section-id=\"6qtzdc\" data-start=\"1018\" data-end=\"1062\">\n<p data-start=\"1020\" data-end=\"1062\"><span class=\"BZ_Pyq_fadeIn\">rze\u017abiarskie <\/span><span class=\"BZ_Pyq_fadeIn\">ko\u0144c\u00f3wki <\/span><span class=\"BZ_Pyq_fadeIn\">zausznik\u00f3w <\/span><span class=\"BZ_Pyq_fadeIn\">z <\/span><span class=\"BZ_Pyq_fadeIn\">acetatu<\/span><\/p>\n<\/li>\n<li data-section-id=\"1kypxra\" data-start=\"1063\" data-end=\"1082\">\n<p data-start=\"1065\" data-end=\"1082\"><span class=\"BZ_Pyq_fadeIn\">kolor: <\/span><strong data-start=\"1072\" data-end=\"1082\"><span class=\"BZ_Pyq_fadeIn\">Verona<\/span><\/strong><\/p>\n<\/li>\n<\/ul>\n","protected":false},"featured_media":8637,"template":"","meta":{"_acf_changed":false},"product_brand":[82],"product_cat":[848,850,30,851],"product_tag":[],"model":[879],"class_list":{"0":"post-8636","1":"product","2":"type-product","3":"status-publish","4":"has-post-thumbnail","6":"product_brand-jacques-marie-mage","7":"product_cat-damskie","8":"product_cat-meskie","9":"product_cat-okulary-przeciwsloneczne","10":"product_cat-unisex","11":"model-beckett","13":"first","14":"instock","15":"taxable","16":"shipping-taxable","17":"purchasable","18":"product-type-simple"},"acf":[],"aioseo_notices":[],"_links":{"self":[{"href":"https:\/\/markoweokulary.pl\/pl\/wp-json\/wp\/v2\/product\/8636","targetHints":{"allow":["GET"]}}],"collection":[{"href":"https:\/\/markoweokulary.pl\/pl\/wp-json\/wp\/v2\/product"}],"about":[{"href":"https:\/\/markoweokulary.pl\/pl\/wp-json\/wp\/v2\/types\/product"}],"version-history":[{"count":0,"href":"https:\/\/markoweokulary.pl\/pl\/wp-json\/wp\/v2\/product\/8636\/revisions"}],"wp:featuredmedia":[{"embeddable":true,"href":"https:\/\/markoweokulary.pl\/pl\/wp-json\/wp\/v2\/media\/8637"}],"wp:attachment":[{"href":"https:\/\/markoweokulary.pl\/pl\/wp-json\/wp\/v2\/media?parent=8636"}],"wp:term":[{"taxonomy":"product_brand","embeddable":true,"href":"https:\/\/markoweokulary.pl\/pl\/wp-json\/wp\/v2\/product_brand?post=8636"},{"taxonomy":"product_cat","embeddable":true,"href":"https:\/\/markoweokulary.pl\/pl\/wp-json\/wp\/v2\/product_cat?post=8636"},{"taxonomy":"product_tag","embeddable":true,"href":"https:\/\/markoweokulary.pl\/pl\/wp-json\/wp\/v2\/product_tag?post=8636"},{"taxonomy":"model","embeddable":true,"href":"https:\/\/markoweokulary.pl\/pl\/wp-json\/wp\/v2\/model?post=8636"}],"curies":[{"name":"wp","href":"https:\/\/api.w.org\/{rel}","templated":true}]}}