{"id":8622,"date":"2026-04-30T16:40:36","date_gmt":"2026-04-30T14:40:36","guid":{"rendered":"https:\/\/markoweokulary.pl\/produkt\/jacques-marie-mage-hemmings-obscure\/"},"modified":"2026-04-30T16:40:39","modified_gmt":"2026-04-30T14:40:39","slug":"jacques-marie-mage-hemmings-obscure","status":"publish","type":"product","link":"https:\/\/markoweokulary.pl\/pl\/produkt\/jacques-marie-mage-hemmings-obscure\/","title":{"rendered":"Jacques Marie Mage HEMMINGS | OBSCURE"},"content":{"rendered":"<p><strong data-start=\"1503\" data-end=\"1516\">Dla kogo:<\/strong><br data-start=\"1516\" data-end=\"1519\" \/>Dla mi\u0142o\u015bnik\u00f3w klasyki z charakterem \u2013 <strong data-start=\"1558\" data-end=\"1643\">dla tych, kt\u00f3rzy potrafi\u0105 po\u0142\u0105czy\u0107 intelekt, styl i odrobin\u0119 artystycznego buntu.<\/strong><\/p>\n","protected":false},"excerpt":{"rendered":"<p data-start=\"58\" data-end=\"348\"><strong data-start=\"58\" data-end=\"97\"><span class=\"BZ_Pyq_fadeIn\">Jacques <\/span><span class=\"BZ_Pyq_fadeIn\">Marie <\/span><span class=\"BZ_Pyq_fadeIn\">Mage <\/span><span class=\"BZ_Pyq_fadeIn\">HEMMINGS <\/span><span class=\"BZ_Pyq_fadeIn\">Obscure<\/span><\/strong> <span class=\"BZ_Pyq_fadeIn\">to <\/span><span class=\"BZ_Pyq_fadeIn\">limitowany <\/span><span class=\"BZ_Pyq_fadeIn\">model <\/span><span class=\"BZ_Pyq_fadeIn\">inspirowany <\/span><span class=\"BZ_Pyq_fadeIn\">estetyk\u0105 <\/span><span class=\"BZ_Pyq_fadeIn\">lat <\/span><span class=\"BZ_Pyq_fadeIn\">60., <\/span><span class=\"BZ_Pyq_fadeIn\">kt\u00f3ry <\/span><span class=\"BZ_Pyq_fadeIn\">\u0142\u0105czy <\/span><span class=\"BZ_Pyq_fadeIn\">mocn\u0105, <\/span><span class=\"BZ_Pyq_fadeIn\">pude\u0142kow\u0105 <\/span><span class=\"BZ_Pyq_fadeIn\">form\u0119 <\/span><span class=\"BZ_Pyq_fadeIn\">z <\/span><span class=\"BZ_Pyq_fadeIn\">wyra\u017anie <\/span><span class=\"BZ_Pyq_fadeIn\">zaznaczonym <\/span><span class=\"BZ_Pyq_fadeIn\">charakterem. <\/span><span class=\"BZ_Pyq_fadeIn\">To <\/span><span class=\"BZ_Pyq_fadeIn\">oprawa <\/span><span class=\"BZ_Pyq_fadeIn\">o <\/span><span class=\"BZ_Pyq_fadeIn\">odwa\u017cnej <\/span><span class=\"BZ_Pyq_fadeIn\">sylwetce, <\/span><span class=\"BZ_Pyq_fadeIn\">stworzona <\/span><span class=\"BZ_Pyq_fadeIn\">dla <\/span><span class=\"BZ_Pyq_fadeIn\">os\u00f3b, <\/span><span class=\"BZ_Pyq_fadeIn\">kt\u00f3re <\/span><span class=\"BZ_Pyq_fadeIn\">lubi\u0105 <\/span><span class=\"BZ_Pyq_fadeIn\">wyrazisty <\/span><span class=\"BZ_Pyq_fadeIn\">styl, <\/span><span class=\"BZ_Pyq_fadeIn\">pewno\u015b\u0107 <\/span><span class=\"BZ_Pyq_fadeIn\">siebie <\/span><span class=\"BZ_Pyq_fadeIn\">i <\/span><span class=\"BZ_Pyq_fadeIn\">ponadczasowy <\/span><span class=\"BZ_Pyq_fadeIn\">design <\/span><span class=\"BZ_Pyq_fadeIn\">z <\/span><span class=\"BZ_Pyq_fadeIn\">nut\u0105 <\/span><span class=\"BZ_Pyq_fadeIn\">retro.<\/span><\/p>\n<p data-start=\"350\" data-end=\"863\"><span class=\"BZ_Pyq_fadeIn\">Model <\/span><span class=\"BZ_Pyq_fadeIn\">zosta\u0142 <\/span><span class=\"BZ_Pyq_fadeIn\">wykonany <\/span><span class=\"BZ_Pyq_fadeIn\">z <\/span><strong data-start=\"374\" data-end=\"417\"><span class=\"BZ_Pyq_fadeIn\">10 <\/span><span class=\"BZ_Pyq_fadeIn\">mm <\/span><span class=\"BZ_Pyq_fadeIn\">utwardzanego <\/span><span class=\"BZ_Pyq_fadeIn\">acetatu <\/span><span class=\"BZ_Pyq_fadeIn\">celulozowego<\/span><\/strong> <span class=\"BZ_Pyq_fadeIn\">w <\/span><span class=\"BZ_Pyq_fadeIn\">kolorze <\/span><span class=\"BZ_Pyq_fadeIn\">czarnym <\/span><span class=\"BZ_Pyq_fadeIn\">i <\/span><span class=\"BZ_Pyq_fadeIn\">wyr\u00f3\u017cnia <\/span><span class=\"BZ_Pyq_fadeIn\">si\u0119 <\/span><span class=\"BZ_Pyq_fadeIn\">solidn\u0105 <\/span><span class=\"BZ_Pyq_fadeIn\">konstrukcj\u0105 <\/span><span class=\"BZ_Pyq_fadeIn\">oraz <\/span><span class=\"BZ_Pyq_fadeIn\">dopracowanymi <\/span><span class=\"BZ_Pyq_fadeIn\">detalami. <\/span><span class=\"BZ_Pyq_fadeIn\">Zauszniki <\/span><span class=\"BZ_Pyq_fadeIn\">z <\/span><span class=\"BZ_Pyq_fadeIn\">podw\u00f3jnie <\/span><span class=\"BZ_Pyq_fadeIn\">laminowanego <\/span><span class=\"BZ_Pyq_fadeIn\">acetatu <\/span><span class=\"BZ_Pyq_fadeIn\">skrywaj\u0105 <\/span><strong data-start=\"552\" data-end=\"603\"><span class=\"BZ_Pyq_fadeIn\">ods\u0142oni\u0119ty <\/span><span class=\"BZ_Pyq_fadeIn\">srebrny <\/span><span class=\"BZ_Pyq_fadeIn\">wirecore <\/span><span class=\"BZ_Pyq_fadeIn\">z <\/span><span class=\"BZ_Pyq_fadeIn\">grawerem <\/span><span class=\"BZ_Pyq_fadeIn\">hairline<\/span><\/strong><span class=\"BZ_Pyq_fadeIn\">, <\/span><span class=\"BZ_Pyq_fadeIn\">a <\/span><span class=\"BZ_Pyq_fadeIn\">ca\u0142o\u015b\u0107 <\/span><span class=\"BZ_Pyq_fadeIn\">dope\u0142niaj\u0105 <\/span><span class=\"BZ_Pyq_fadeIn\">autorskie, <\/span><span class=\"BZ_Pyq_fadeIn\">srebrne <\/span><span class=\"BZ_Pyq_fadeIn\">zawiasy <\/span><strong data-start=\"652\" data-end=\"670\"><span class=\"BZ_Pyq_fadeIn\">9-<\/span><span class=\"BZ_Pyq_fadeIn\">barrel <\/span><span class=\"BZ_Pyq_fadeIn\">hinge<\/span><\/strong> <span class=\"BZ_Pyq_fadeIn\">mocowane <\/span><span class=\"BZ_Pyq_fadeIn\">napr\u0119\u017ceniowo. <\/span><span class=\"BZ_Pyq_fadeIn\">Charakter <\/span><span class=\"BZ_Pyq_fadeIn\">oprawy <\/span><span class=\"BZ_Pyq_fadeIn\">podkre\u015blaj\u0105 <\/span><strong data-start=\"723\" data-end=\"763\"><span class=\"BZ_Pyq_fadeIn\">niebieskie <\/span><span class=\"BZ_Pyq_fadeIn\">soczewki <\/span><span class=\"BZ_Pyq_fadeIn\">gradientowe <\/span><span class=\"BZ_Pyq_fadeIn\">CR39<\/span><\/strong> <span class=\"BZ_Pyq_fadeIn\">o <\/span><span class=\"BZ_Pyq_fadeIn\">bazie <\/span><span class=\"BZ_Pyq_fadeIn\">6 <\/span><span class=\"BZ_Pyq_fadeIn\">z <\/span><span class=\"BZ_Pyq_fadeIn\">tyln\u0105 <\/span><span class=\"BZ_Pyq_fadeIn\">pow\u0142ok\u0105 <\/span><span class=\"BZ_Pyq_fadeIn\">antyrefleksyjn\u0105, <\/span><span class=\"BZ_Pyq_fadeIn\">kt\u00f3re <\/span><span class=\"BZ_Pyq_fadeIn\">nadaj\u0105 <\/span><span class=\"BZ_Pyq_fadeIn\">modelowi <\/span><span class=\"BZ_Pyq_fadeIn\">elegancki, <\/span><span class=\"BZ_Pyq_fadeIn\">nieco <\/span><span class=\"BZ_Pyq_fadeIn\">tajemniczy <\/span><span class=\"BZ_Pyq_fadeIn\">wyraz.<\/span><\/p>\n<p data-start=\"865\" data-end=\"886\"><strong data-start=\"865\" data-end=\"886\"><span class=\"BZ_Pyq_fadeIn\">Szczeg\u00f3\u0142y <\/span><span class=\"BZ_Pyq_fadeIn\">modelu:<\/span><\/strong><\/p>\n<ul data-start=\"887\" data-end=\"1319\">\n<li data-section-id=\"1il8ro7\" data-start=\"887\" data-end=\"921\">\n<p data-start=\"889\" data-end=\"921\"><span class=\"BZ_Pyq_fadeIn\">limitowana <\/span><span class=\"BZ_Pyq_fadeIn\">edycja: <\/span><strong data-start=\"908\" data-end=\"921\"><span class=\"BZ_Pyq_fadeIn\">500 <\/span><span class=\"BZ_Pyq_fadeIn\">sztuk<\/span><\/strong><\/p>\n<\/li>\n<li data-section-id=\"df7j8y\" data-start=\"922\" data-end=\"950\">\n<p data-start=\"924\" data-end=\"950\"><span class=\"BZ_Pyq_fadeIn\">inspirowany <\/span><span class=\"BZ_Pyq_fadeIn\">stylem <\/span><span class=\"BZ_Pyq_fadeIn\">lat <\/span><span class=\"BZ_Pyq_fadeIn\">60.<\/span><\/p>\n<\/li>\n<li data-section-id=\"qqdo6f\" data-start=\"951\" data-end=\"991\">\n<p data-start=\"953\" data-end=\"991\"><span class=\"BZ_Pyq_fadeIn\">mocny, <\/span><span class=\"BZ_Pyq_fadeIn\">geometryczny, <\/span><span class=\"BZ_Pyq_fadeIn\">pude\u0142kowy <\/span><span class=\"BZ_Pyq_fadeIn\">kszta\u0142t<\/span><\/p>\n<\/li>\n<li data-section-id=\"1x1vrlc\" data-start=\"992\" data-end=\"1046\">\n<p data-start=\"994\" data-end=\"1046\"><span class=\"BZ_Pyq_fadeIn\">oprawa <\/span><span class=\"BZ_Pyq_fadeIn\">z <\/span><strong data-start=\"1003\" data-end=\"1046\"><span class=\"BZ_Pyq_fadeIn\">10 <\/span><span class=\"BZ_Pyq_fadeIn\">mm <\/span><span class=\"BZ_Pyq_fadeIn\">utwardzanego <\/span><span class=\"BZ_Pyq_fadeIn\">acetatu <\/span><span class=\"BZ_Pyq_fadeIn\">celulozowego<\/span><\/strong><\/p>\n<\/li>\n<li data-section-id=\"1vgurbc\" data-start=\"1047\" data-end=\"1083\">\n<p data-start=\"1049\" data-end=\"1083\"><span class=\"BZ_Pyq_fadeIn\">kolor <\/span><span class=\"BZ_Pyq_fadeIn\">oprawy: <\/span><strong data-start=\"1063\" data-end=\"1083\"><span class=\"BZ_Pyq_fadeIn\">czarny \/ <\/span><span class=\"BZ_Pyq_fadeIn\">Obscure<\/span><\/strong><\/p>\n<\/li>\n<li data-section-id=\"16e9bk9\" data-start=\"1084\" data-end=\"1128\">\n<p data-start=\"1086\" data-end=\"1128\"><span class=\"BZ_Pyq_fadeIn\">zauszniki <\/span><span class=\"BZ_Pyq_fadeIn\">z <\/span><span class=\"BZ_Pyq_fadeIn\">podw\u00f3jnie <\/span><span class=\"BZ_Pyq_fadeIn\">laminowanego <\/span><span class=\"BZ_Pyq_fadeIn\">acetatu<\/span><\/p>\n<\/li>\n<li data-section-id=\"1scwmmd\" data-start=\"1129\" data-end=\"1178\">\n<p data-start=\"1131\" data-end=\"1178\"><span class=\"BZ_Pyq_fadeIn\">ods\u0142oni\u0119ty <\/span><span class=\"BZ_Pyq_fadeIn\">srebrny <\/span><span class=\"BZ_Pyq_fadeIn\">wirecore <\/span><span class=\"BZ_Pyq_fadeIn\">z <\/span><span class=\"BZ_Pyq_fadeIn\">grawerem <\/span><span class=\"BZ_Pyq_fadeIn\">hairline<\/span><\/p>\n<\/li>\n<li data-section-id=\"ska3pr\" data-start=\"1179\" data-end=\"1226\">\n<p data-start=\"1181\" data-end=\"1226\"><span class=\"BZ_Pyq_fadeIn\">srebrne, <\/span><span class=\"BZ_Pyq_fadeIn\">autorskie <\/span><span class=\"BZ_Pyq_fadeIn\">zawiasy <\/span><strong data-start=\"1208\" data-end=\"1226\"><span class=\"BZ_Pyq_fadeIn\">9-<\/span><span class=\"BZ_Pyq_fadeIn\">barrel <\/span><span class=\"BZ_Pyq_fadeIn\">hinge<\/span><\/strong><\/p>\n<\/li>\n<li data-section-id=\"drxk85\" data-start=\"1227\" data-end=\"1269\">\n<p data-start=\"1229\" data-end=\"1269\"><strong data-start=\"1229\" data-end=\"1269\"><span class=\"BZ_Pyq_fadeIn\">niebieskie <\/span><span class=\"BZ_Pyq_fadeIn\">soczewki <\/span><span class=\"BZ_Pyq_fadeIn\">gradientowe <\/span><span class=\"BZ_Pyq_fadeIn\">CR39<\/span><\/strong><\/p>\n<\/li>\n<\/ul>\n","protected":false},"featured_media":8623,"template":"","meta":{"_acf_changed":false},"product_brand":[82],"product_cat":[850,30],"product_tag":[],"model":[422],"class_list":{"0":"post-8622","1":"product","2":"type-product","3":"status-publish","4":"has-post-thumbnail","6":"product_brand-jacques-marie-mage","7":"product_cat-meskie","8":"product_cat-okulary-przeciwsloneczne","9":"model-hemmings","11":"first","12":"instock","13":"taxable","14":"shipping-taxable","15":"purchasable","16":"product-type-simple"},"acf":[],"aioseo_notices":[],"_links":{"self":[{"href":"https:\/\/markoweokulary.pl\/pl\/wp-json\/wp\/v2\/product\/8622","targetHints":{"allow":["GET"]}}],"collection":[{"href":"https:\/\/markoweokulary.pl\/pl\/wp-json\/wp\/v2\/product"}],"about":[{"href":"https:\/\/markoweokulary.pl\/pl\/wp-json\/wp\/v2\/types\/product"}],"version-history":[{"count":0,"href":"https:\/\/markoweokulary.pl\/pl\/wp-json\/wp\/v2\/product\/8622\/revisions"}],"wp:featuredmedia":[{"embeddable":true,"href":"https:\/\/markoweokulary.pl\/pl\/wp-json\/wp\/v2\/media\/8623"}],"wp:attachment":[{"href":"https:\/\/markoweokulary.pl\/pl\/wp-json\/wp\/v2\/media?parent=8622"}],"wp:term":[{"taxonomy":"product_brand","embeddable":true,"href":"https:\/\/markoweokulary.pl\/pl\/wp-json\/wp\/v2\/product_brand?post=8622"},{"taxonomy":"product_cat","embeddable":true,"href":"https:\/\/markoweokulary.pl\/pl\/wp-json\/wp\/v2\/product_cat?post=8622"},{"taxonomy":"product_tag","embeddable":true,"href":"https:\/\/markoweokulary.pl\/pl\/wp-json\/wp\/v2\/product_tag?post=8622"},{"taxonomy":"model","embeddable":true,"href":"https:\/\/markoweokulary.pl\/pl\/wp-json\/wp\/v2\/model?post=8622"}],"curies":[{"name":"wp","href":"https:\/\/api.w.org\/{rel}","templated":true}]}}