{"id":8614,"date":"2026-04-30T16:24:36","date_gmt":"2026-04-30T14:24:36","guid":{"rendered":"https:\/\/markoweokulary.pl\/produkt\/jacques-marie-mage-pausa-raven\/"},"modified":"2026-04-30T16:24:40","modified_gmt":"2026-04-30T14:24:40","slug":"jacques-marie-mage-pausa-raven","status":"publish","type":"product","link":"https:\/\/markoweokulary.pl\/pl\/produkt\/jacques-marie-mage-pausa-raven\/","title":{"rendered":"Jacques Marie Mage PAUSA | RAVEN"},"content":{"rendered":"<p><span class=\"BZ_Pyq_fadeIn\">Model <\/span><strong data-start=\"1725\" data-end=\"1759\"><span class=\"BZ_Pyq_fadeIn\">Jacques <\/span><span class=\"BZ_Pyq_fadeIn\">Marie <\/span><span class=\"BZ_Pyq_fadeIn\">Mage <\/span><span class=\"BZ_Pyq_fadeIn\">PAUSA <\/span><span class=\"BZ_Pyq_fadeIn\">Raven<\/span><\/strong> <span class=\"BZ_Pyq_fadeIn\">b\u0119dzie <\/span><span class=\"BZ_Pyq_fadeIn\">idealny <\/span><span class=\"BZ_Pyq_fadeIn\">dla <\/span><span class=\"BZ_Pyq_fadeIn\">os\u00f3b, <\/span><span class=\"BZ_Pyq_fadeIn\">kt\u00f3re <\/span><span class=\"BZ_Pyq_fadeIn\">szukaj\u0105 <\/span><strong data-start=\"1799\" data-end=\"1878\" data-is-only-node=\"\"><span class=\"BZ_Pyq_fadeIn\">wyrazistych, <\/span><span class=\"BZ_Pyq_fadeIn\">luksusowych <\/span><span class=\"BZ_Pyq_fadeIn\">okular\u00f3w <\/span><span class=\"BZ_Pyq_fadeIn\">o <\/span><span class=\"BZ_Pyq_fadeIn\">modowym <\/span><span class=\"BZ_Pyq_fadeIn\">i <\/span><span class=\"BZ_Pyq_fadeIn\">architektonicznym <\/span><span class=\"BZ_Pyq_fadeIn\">charakterze<\/span><\/strong><span class=\"BZ_Pyq_fadeIn\">. <\/span><span class=\"BZ_Pyq_fadeIn\">To <\/span><span class=\"BZ_Pyq_fadeIn\">propozycja <\/span><span class=\"BZ_Pyq_fadeIn\">dla <\/span><span class=\"BZ_Pyq_fadeIn\">klient\u00f3w <\/span><span class=\"BZ_Pyq_fadeIn\">ceni\u0105cych <\/span><span class=\"BZ_Pyq_fadeIn\">mocn\u0105 <\/span><span class=\"BZ_Pyq_fadeIn\">form\u0119, <\/span><span class=\"BZ_Pyq_fadeIn\">szerokie <\/span><span class=\"BZ_Pyq_fadeIn\">oprawy <\/span><span class=\"BZ_Pyq_fadeIn\">i <\/span><span class=\"BZ_Pyq_fadeIn\">dopracowane <\/span><span class=\"BZ_Pyq_fadeIn\">detale, <\/span><span class=\"BZ_Pyq_fadeIn\">kt\u00f3re <\/span><span class=\"BZ_Pyq_fadeIn\">buduj\u0105 <\/span><span class=\"BZ_Pyq_fadeIn\">wizerunek <\/span><span class=\"BZ_Pyq_fadeIn\">bez <\/span><span class=\"BZ_Pyq_fadeIn\">kompromis\u00f3w. <\/span><span class=\"BZ_Pyq_fadeIn\">\u015awietnie <\/span><span class=\"BZ_Pyq_fadeIn\">sprawdzi <\/span><span class=\"BZ_Pyq_fadeIn\">si\u0119 <\/span><span class=\"BZ_Pyq_fadeIn\">u <\/span><span class=\"BZ_Pyq_fadeIn\">os\u00f3b, <\/span><span class=\"BZ_Pyq_fadeIn\">kt\u00f3re <\/span><span class=\"BZ_Pyq_fadeIn\">lubi\u0105 <\/span><span class=\"BZ_Pyq_fadeIn\">odwa\u017cne <\/span><span class=\"BZ_Pyq_fadeIn\">sylwetki, <\/span><span class=\"BZ_Pyq_fadeIn\">nowoczesny <\/span><span class=\"BZ_Pyq_fadeIn\">glamour <\/span><span class=\"BZ_Pyq_fadeIn\">i <\/span><span class=\"BZ_Pyq_fadeIn\">okulary <\/span><span class=\"BZ_Pyq_fadeIn\">b\u0119d\u0105ce <\/span><span class=\"BZ_Pyq_fadeIn\">centralnym <\/span><span class=\"BZ_Pyq_fadeIn\">elementem <\/span><span class=\"BZ_Pyq_fadeIn\">stylizacji.<\/span><\/p>\n","protected":false},"excerpt":{"rendered":"<p data-start=\"53\" data-end=\"404\"><strong data-start=\"53\" data-end=\"87\"><span class=\"BZ_Pyq_fadeIn\">Jacques <\/span><span class=\"BZ_Pyq_fadeIn\">Marie <\/span><span class=\"BZ_Pyq_fadeIn\">Mage <\/span><span class=\"BZ_Pyq_fadeIn\">PAUSA <\/span><span class=\"BZ_Pyq_fadeIn\">Raven<\/span><\/strong> <span class=\"BZ_Pyq_fadeIn\">to <\/span><span class=\"BZ_Pyq_fadeIn\">limitowany <\/span><span class=\"BZ_Pyq_fadeIn\">model <\/span><span class=\"BZ_Pyq_fadeIn\">typu <\/span><span class=\"BZ_Pyq_fadeIn\">wraparound <\/span><span class=\"BZ_Pyq_fadeIn\">o <\/span><span class=\"BZ_Pyq_fadeIn\">wyrafinowanej, <\/span><span class=\"BZ_Pyq_fadeIn\">prostok\u0105tnej <\/span><span class=\"BZ_Pyq_fadeIn\">formie <\/span><span class=\"BZ_Pyq_fadeIn\">i <\/span><span class=\"BZ_Pyq_fadeIn\">szerokim <\/span><span class=\"BZ_Pyq_fadeIn\">dopasowaniu, <\/span><span class=\"BZ_Pyq_fadeIn\">stworzony <\/span><span class=\"BZ_Pyq_fadeIn\">dla <\/span><span class=\"BZ_Pyq_fadeIn\">os\u00f3b, <\/span><span class=\"BZ_Pyq_fadeIn\">kt\u00f3re <\/span><span class=\"BZ_Pyq_fadeIn\">ceni\u0105 <\/span><span class=\"BZ_Pyq_fadeIn\">odwa\u017cny <\/span><span class=\"BZ_Pyq_fadeIn\">design <\/span><span class=\"BZ_Pyq_fadeIn\">w <\/span><span class=\"BZ_Pyq_fadeIn\">luksusowym <\/span><span class=\"BZ_Pyq_fadeIn\">wydaniu. <\/span><span class=\"BZ_Pyq_fadeIn\">Model <\/span><span class=\"BZ_Pyq_fadeIn\">zosta\u0142 <\/span><strong data-start=\"267\" data-end=\"299\"><span class=\"BZ_Pyq_fadeIn\">r\u0119cznie <\/span><span class=\"BZ_Pyq_fadeIn\">wykonany <\/span><span class=\"BZ_Pyq_fadeIn\">we <\/span><span class=\"BZ_Pyq_fadeIn\">W\u0142oszech<\/span><\/strong> <span class=\"BZ_Pyq_fadeIn\">i <\/span><span class=\"BZ_Pyq_fadeIn\">wyr\u00f3\u017cnia <\/span><span class=\"BZ_Pyq_fadeIn\">si\u0119 <\/span><span class=\"BZ_Pyq_fadeIn\">du\u017c\u0105 <\/span><span class=\"BZ_Pyq_fadeIn\">soczewk\u0105 <\/span><span class=\"BZ_Pyq_fadeIn\">typu <\/span><span class=\"BZ_Pyq_fadeIn\">shield, <\/span><span class=\"BZ_Pyq_fadeIn\">mocn\u0105 <\/span><span class=\"BZ_Pyq_fadeIn\">bry\u0142\u0105 <\/span><span class=\"BZ_Pyq_fadeIn\">oraz <\/span><span class=\"BZ_Pyq_fadeIn\">dopracowanymi <\/span><span class=\"BZ_Pyq_fadeIn\">detalami <\/span><span class=\"BZ_Pyq_fadeIn\">z <\/span><span class=\"BZ_Pyq_fadeIn\">metali <\/span><span class=\"BZ_Pyq_fadeIn\">szlachetnych.<\/span><\/p>\n<p data-start=\"406\" data-end=\"997\"><span class=\"BZ_Pyq_fadeIn\">Oprawa <\/span><span class=\"BZ_Pyq_fadeIn\">powsta\u0142a <\/span><span class=\"BZ_Pyq_fadeIn\">z <\/span><strong data-start=\"424\" data-end=\"467\"><span class=\"BZ_Pyq_fadeIn\">10 <\/span><span class=\"BZ_Pyq_fadeIn\">mm <\/span><span class=\"BZ_Pyq_fadeIn\">utwardzanego <\/span><span class=\"BZ_Pyq_fadeIn\">acetatu <\/span><span class=\"BZ_Pyq_fadeIn\">celulozowego<\/span><\/strong> <span class=\"BZ_Pyq_fadeIn\">w <\/span><span class=\"BZ_Pyq_fadeIn\">kolorze <\/span><span class=\"BZ_Pyq_fadeIn\">czarnym, <\/span><span class=\"BZ_Pyq_fadeIn\">a <\/span><span class=\"BZ_Pyq_fadeIn\">zauszniki <\/span><span class=\"BZ_Pyq_fadeIn\">\u0142\u0105cz\u0105 <\/span><span class=\"BZ_Pyq_fadeIn\">transparentnoszare <\/span><span class=\"BZ_Pyq_fadeIn\">zewn\u0119trzne <\/span><span class=\"BZ_Pyq_fadeIn\">wyko\u0144czenie <\/span><span class=\"BZ_Pyq_fadeIn\">z <\/span><span class=\"BZ_Pyq_fadeIn\">czarnym <\/span><span class=\"BZ_Pyq_fadeIn\">wn\u0119trzem, <\/span><span class=\"BZ_Pyq_fadeIn\">tworz\u0105c <\/span><span class=\"BZ_Pyq_fadeIn\">elegancki, <\/span><span class=\"BZ_Pyq_fadeIn\">nowoczesny <\/span><span class=\"BZ_Pyq_fadeIn\">kontrast. <\/span><span class=\"BZ_Pyq_fadeIn\">Charakter <\/span><span class=\"BZ_Pyq_fadeIn\">modelu <\/span><span class=\"BZ_Pyq_fadeIn\">podkre\u015blaj\u0105 <\/span><span class=\"BZ_Pyq_fadeIn\">sygnaturowe <\/span><span class=\"BZ_Pyq_fadeIn\">nity <\/span><span class=\"BZ_Pyq_fadeIn\">frontowe <\/span><span class=\"BZ_Pyq_fadeIn\">w <\/span><span class=\"BZ_Pyq_fadeIn\">kszta\u0142cie <\/span><span class=\"BZ_Pyq_fadeIn\">grotu <\/span><span class=\"BZ_Pyq_fadeIn\">wykonane <\/span><span class=\"BZ_Pyq_fadeIn\">ze <\/span><strong data-start=\"692\" data-end=\"716\"><span class=\"BZ_Pyq_fadeIn\">srebra <\/span><span class=\"BZ_Pyq_fadeIn\">sterlingowego<\/span><\/strong><span class=\"BZ_Pyq_fadeIn\">, <\/span><span class=\"BZ_Pyq_fadeIn\">ods\u0142oni\u0119te <\/span><span class=\"BZ_Pyq_fadeIn\">rdzenie <\/span><em data-start=\"737\" data-end=\"749\"><span class=\"BZ_Pyq_fadeIn\">Whitewater<\/span><\/em> <span class=\"BZ_Pyq_fadeIn\">pokryte <\/span><strong data-start=\"758\" data-end=\"778\"><span class=\"BZ_Pyq_fadeIn\">silver <\/span><span class=\"BZ_Pyq_fadeIn\">palladium<\/span><\/strong> <span class=\"BZ_Pyq_fadeIn\">oraz <\/span><span class=\"BZ_Pyq_fadeIn\">autorskie <\/span><span class=\"BZ_Pyq_fadeIn\">zawiasy <\/span><span class=\"BZ_Pyq_fadeIn\">7-<\/span><span class=\"BZ_Pyq_fadeIn\">barrel <\/span><span class=\"BZ_Pyq_fadeIn\">z <\/span><span class=\"BZ_Pyq_fadeIn\">subtelnym <\/span><span class=\"BZ_Pyq_fadeIn\">detalem <\/span><span class=\"BZ_Pyq_fadeIn\">hairline. <\/span><span class=\"BZ_Pyq_fadeIn\">Ca\u0142o\u015b\u0107 <\/span><span class=\"BZ_Pyq_fadeIn\">dope\u0142niaj\u0105 <\/span><strong data-start=\"859\" data-end=\"906\"><span class=\"BZ_Pyq_fadeIn\">gradientowe <\/span><span class=\"BZ_Pyq_fadeIn\">soczewki <\/span><span class=\"BZ_Pyq_fadeIn\">nylonowe <\/span><span class=\"BZ_Pyq_fadeIn\">w <\/span><span class=\"BZ_Pyq_fadeIn\">kolorze <\/span><span class=\"BZ_Pyq_fadeIn\">jet<\/span><\/strong><span class=\"BZ_Pyq_fadeIn\">, <\/span><span class=\"BZ_Pyq_fadeIn\">z <\/span><span class=\"BZ_Pyq_fadeIn\">tyln\u0105 <\/span><span class=\"BZ_Pyq_fadeIn\">pow\u0142ok\u0105 <\/span><span class=\"BZ_Pyq_fadeIn\">antyrefleksyjn\u0105, <\/span><span class=\"BZ_Pyq_fadeIn\">kt\u00f3re <\/span><span class=\"BZ_Pyq_fadeIn\">nadaj\u0105 <\/span><span class=\"BZ_Pyq_fadeIn\">oprawie <\/span><span class=\"BZ_Pyq_fadeIn\">dynamiczny <\/span><span class=\"BZ_Pyq_fadeIn\">i <\/span><span class=\"BZ_Pyq_fadeIn\">ekskluzywny <\/span><span class=\"BZ_Pyq_fadeIn\">charakter.<\/span><\/p>\n<p data-start=\"999\" data-end=\"1020\"><strong data-start=\"999\" data-end=\"1020\"><span class=\"BZ_Pyq_fadeIn\">Szczeg\u00f3\u0142y <\/span><span class=\"BZ_Pyq_fadeIn\">modelu:<\/span><\/strong><\/p>\n<ul data-start=\"1021\" data-end=\"1701\">\n<li data-section-id=\"1vh7b5h\" data-start=\"1021\" data-end=\"1055\">\n<p data-start=\"1023\" data-end=\"1055\"><span class=\"BZ_Pyq_fadeIn\">limitowana <\/span><span class=\"BZ_Pyq_fadeIn\">edycja: <\/span><strong data-start=\"1042\" data-end=\"1055\"><span class=\"BZ_Pyq_fadeIn\">250 <\/span><span class=\"BZ_Pyq_fadeIn\">sztuk<\/span><\/strong><\/p>\n<\/li>\n<li data-section-id=\"u8slrt\" data-start=\"1056\" data-end=\"1086\">\n<p data-start=\"1058\" data-end=\"1086\"><span class=\"BZ_Pyq_fadeIn\">r\u0119czne <\/span><span class=\"BZ_Pyq_fadeIn\">wykonanie <\/span><span class=\"BZ_Pyq_fadeIn\">we <\/span><span class=\"BZ_Pyq_fadeIn\">W\u0142oszech<\/span><\/p>\n<\/li>\n<li data-section-id=\"100vuj4\" data-start=\"1087\" data-end=\"1122\">\n<p data-start=\"1089\" data-end=\"1122\"><span class=\"BZ_Pyq_fadeIn\">prostok\u0105tna <\/span><span class=\"BZ_Pyq_fadeIn\">forma <\/span><span class=\"BZ_Pyq_fadeIn\">typu <\/span><span class=\"BZ_Pyq_fadeIn\">wraparound<\/span><\/p>\n<\/li>\n<li data-section-id=\"7xnmto\" data-start=\"1123\" data-end=\"1145\">\n<p data-start=\"1125\" data-end=\"1145\"><span class=\"BZ_Pyq_fadeIn\">szerokie <\/span><span class=\"BZ_Pyq_fadeIn\">dopasowanie<\/span><\/p>\n<\/li>\n<li data-section-id=\"tr0utq\" data-start=\"1146\" data-end=\"1173\">\n<p data-start=\"1148\" data-end=\"1173\"><span class=\"BZ_Pyq_fadeIn\">du\u017ca <\/span><span class=\"BZ_Pyq_fadeIn\">soczewka <\/span><span class=\"BZ_Pyq_fadeIn\">typu <\/span><span class=\"BZ_Pyq_fadeIn\">shield<\/span><\/p>\n<\/li>\n<li data-section-id=\"1x1vrlc\" data-start=\"1174\" data-end=\"1228\">\n<p data-start=\"1176\" data-end=\"1228\"><span class=\"BZ_Pyq_fadeIn\">oprawa <\/span><span class=\"BZ_Pyq_fadeIn\">z <\/span><strong data-start=\"1185\" data-end=\"1228\"><span class=\"BZ_Pyq_fadeIn\">10 <\/span><span class=\"BZ_Pyq_fadeIn\">mm <\/span><span class=\"BZ_Pyq_fadeIn\">utwardzanego <\/span><span class=\"BZ_Pyq_fadeIn\">acetatu <\/span><span class=\"BZ_Pyq_fadeIn\">celulozowego<\/span><\/strong><\/p>\n<\/li>\n<li data-section-id=\"1ogjftl\" data-start=\"1229\" data-end=\"1263\">\n<p data-start=\"1231\" data-end=\"1263\"><span class=\"BZ_Pyq_fadeIn\">kolor <\/span><span class=\"BZ_Pyq_fadeIn\">oprawy: <\/span><strong data-start=\"1245\" data-end=\"1263\"><span class=\"BZ_Pyq_fadeIn\">Raven \/ <\/span><span class=\"BZ_Pyq_fadeIn\">czarny<\/span><\/strong><\/p>\n<\/li>\n<li data-section-id=\"1sbgguk\" data-start=\"1264\" data-end=\"1327\">\n<p data-start=\"1266\" data-end=\"1327\"><span class=\"BZ_Pyq_fadeIn\">zauszniki: <\/span><span class=\"BZ_Pyq_fadeIn\">transparentnoszare <\/span><span class=\"BZ_Pyq_fadeIn\">na <\/span><span class=\"BZ_Pyq_fadeIn\">zewn\u0105trz, <\/span><span class=\"BZ_Pyq_fadeIn\">czarne <\/span><span class=\"BZ_Pyq_fadeIn\">od <\/span><span class=\"BZ_Pyq_fadeIn\">wewn\u0105trz<\/span><\/p>\n<\/li>\n<li data-section-id=\"1es0mbn\" data-start=\"1328\" data-end=\"1401\">\n<p data-start=\"1330\" data-end=\"1401\"><span class=\"BZ_Pyq_fadeIn\">sygnaturowe <\/span><span class=\"BZ_Pyq_fadeIn\">frontowe <\/span><span class=\"BZ_Pyq_fadeIn\">piny <\/span><span class=\"BZ_Pyq_fadeIn\">w <\/span><span class=\"BZ_Pyq_fadeIn\">kszta\u0142cie <\/span><span class=\"BZ_Pyq_fadeIn\">grotu <\/span><span class=\"BZ_Pyq_fadeIn\">ze <\/span><strong data-start=\"1377\" data-end=\"1401\"><span class=\"BZ_Pyq_fadeIn\">srebra <\/span><span class=\"BZ_Pyq_fadeIn\">sterlingowego<\/span><\/strong><\/p>\n<\/li>\n<li data-section-id=\"12fbeqf\" data-start=\"1402\" data-end=\"1464\">\n<p data-start=\"1404\" data-end=\"1464\"><span class=\"BZ_Pyq_fadeIn\">ods\u0142oni\u0119te <\/span><span class=\"BZ_Pyq_fadeIn\">rdzenie <\/span><em data-start=\"1423\" data-end=\"1435\"><span class=\"BZ_Pyq_fadeIn\">Whitewater<\/span><\/em> <span class=\"BZ_Pyq_fadeIn\">pokryte <\/span><strong data-start=\"1444\" data-end=\"1464\"><span class=\"BZ_Pyq_fadeIn\">silver <\/span><span class=\"BZ_Pyq_fadeIn\">palladium<\/span><\/strong><\/p>\n<\/li>\n<li data-section-id=\"1p6u0a1\" data-start=\"1465\" data-end=\"1516\">\n<p data-start=\"1467\" data-end=\"1516\"><span class=\"BZ_Pyq_fadeIn\">autorskie <\/span><span class=\"BZ_Pyq_fadeIn\">zawiasy <\/span><strong data-start=\"1485\" data-end=\"1497\"><span class=\"BZ_Pyq_fadeIn\">7-<\/span><span class=\"BZ_Pyq_fadeIn\">barrel<\/span><\/strong> <span class=\"BZ_Pyq_fadeIn\">z <\/span><span class=\"BZ_Pyq_fadeIn\">detalem <\/span><span class=\"BZ_Pyq_fadeIn\">hairline<\/span><\/p>\n<\/li>\n<li data-section-id=\"c24af1\" data-start=\"1517\" data-end=\"1571\">\n<p data-start=\"1519\" data-end=\"1571\"><span class=\"BZ_Pyq_fadeIn\">nity <\/span><span class=\"BZ_Pyq_fadeIn\">w <\/span><span class=\"BZ_Pyq_fadeIn\">kszta\u0142cie <\/span><span class=\"BZ_Pyq_fadeIn\">ostr\u00f3g <\/span><span class=\"BZ_Pyq_fadeIn\">pokryte <\/span><strong data-start=\"1551\" data-end=\"1571\"><span class=\"BZ_Pyq_fadeIn\">silver <\/span><span class=\"BZ_Pyq_fadeIn\">palladium<\/span><\/strong><\/p>\n<\/li>\n<li data-section-id=\"ilhupc\" data-start=\"1572\" data-end=\"1629\">\n<p data-start=\"1574\" data-end=\"1629\"><span class=\"BZ_Pyq_fadeIn\">wewn\u0119trzne <\/span><span class=\"BZ_Pyq_fadeIn\">oznaczenia <\/span><span class=\"BZ_Pyq_fadeIn\">zausznik\u00f3w <\/span><span class=\"BZ_Pyq_fadeIn\">t\u0142oczone <\/span><span class=\"BZ_Pyq_fadeIn\">srebrn\u0105 <\/span><span class=\"BZ_Pyq_fadeIn\">foli\u0105<\/span><\/p>\n<\/li>\n<li data-section-id=\"1q7kibe\" data-start=\"1630\" data-end=\"1669\">\n<p data-start=\"1632\" data-end=\"1669\"><strong data-start=\"1632\" data-end=\"1669\"><span class=\"BZ_Pyq_fadeIn\">gradientowe <\/span><span class=\"BZ_Pyq_fadeIn\">soczewki <\/span><span class=\"BZ_Pyq_fadeIn\">nylonowe <\/span><span class=\"BZ_Pyq_fadeIn\">jet<\/span><\/strong><\/p>\n<\/li>\n<li data-section-id=\"nuqfvb\" data-start=\"1670\" data-end=\"1701\">\n<p data-start=\"1672\" data-end=\"1701\"><span class=\"BZ_Pyq_fadeIn\">tylna <\/span><span class=\"BZ_Pyq_fadeIn\">pow\u0142oka <\/span><span class=\"BZ_Pyq_fadeIn\">antyrefleksyjna<\/span><\/p>\n<\/li>\n<\/ul>\n","protected":false},"featured_media":8615,"template":"","meta":{"_acf_changed":false},"product_brand":[82],"product_cat":[848,850,30],"product_tag":[],"model":[878],"class_list":{"0":"post-8614","1":"product","2":"type-product","3":"status-publish","4":"has-post-thumbnail","6":"product_brand-jacques-marie-mage","7":"product_cat-damskie","8":"product_cat-meskie","9":"product_cat-okulary-przeciwsloneczne","10":"model-pausa","12":"first","13":"instock","14":"taxable","15":"shipping-taxable","16":"purchasable","17":"product-type-simple"},"acf":[],"aioseo_notices":[],"_links":{"self":[{"href":"https:\/\/markoweokulary.pl\/pl\/wp-json\/wp\/v2\/product\/8614","targetHints":{"allow":["GET"]}}],"collection":[{"href":"https:\/\/markoweokulary.pl\/pl\/wp-json\/wp\/v2\/product"}],"about":[{"href":"https:\/\/markoweokulary.pl\/pl\/wp-json\/wp\/v2\/types\/product"}],"version-history":[{"count":0,"href":"https:\/\/markoweokulary.pl\/pl\/wp-json\/wp\/v2\/product\/8614\/revisions"}],"wp:featuredmedia":[{"embeddable":true,"href":"https:\/\/markoweokulary.pl\/pl\/wp-json\/wp\/v2\/media\/8615"}],"wp:attachment":[{"href":"https:\/\/markoweokulary.pl\/pl\/wp-json\/wp\/v2\/media?parent=8614"}],"wp:term":[{"taxonomy":"product_brand","embeddable":true,"href":"https:\/\/markoweokulary.pl\/pl\/wp-json\/wp\/v2\/product_brand?post=8614"},{"taxonomy":"product_cat","embeddable":true,"href":"https:\/\/markoweokulary.pl\/pl\/wp-json\/wp\/v2\/product_cat?post=8614"},{"taxonomy":"product_tag","embeddable":true,"href":"https:\/\/markoweokulary.pl\/pl\/wp-json\/wp\/v2\/product_tag?post=8614"},{"taxonomy":"model","embeddable":true,"href":"https:\/\/markoweokulary.pl\/pl\/wp-json\/wp\/v2\/model?post=8614"}],"curies":[{"name":"wp","href":"https:\/\/api.w.org\/{rel}","templated":true}]}}