{"id":8200,"date":"2026-03-18T16:55:57","date_gmt":"2026-03-18T15:55:57","guid":{"rendered":"https:\/\/markoweokulary.pl\/?post_type=product&#038;p=8200"},"modified":"2026-03-18T17:01:15","modified_gmt":"2026-03-18T16:01:15","slug":"chanel-2186-53-c395","status":"publish","type":"product","link":"https:\/\/markoweokulary.pl\/pl\/produkt\/chanel-2186-53-c395\/","title":{"rendered":"Chanel 2186 &#8211; 53 | C395"},"content":{"rendered":"<p><span class=\"BZ_Pyq_fadeIn\">Model <\/span><strong data-start=\"1064\" data-end=\"1084\"><span class=\"BZ_Pyq_fadeIn\">Chanel <\/span><span class=\"BZ_Pyq_fadeIn\">2186 <\/span><span class=\"BZ_Pyq_fadeIn\">C395<\/span><\/strong> <span class=\"BZ_Pyq_fadeIn\">b\u0119dzie <\/span><span class=\"BZ_Pyq_fadeIn\">idealny <\/span><span class=\"BZ_Pyq_fadeIn\">dla <\/span><span class=\"BZ_Pyq_fadeIn\">os\u00f3b, <\/span><span class=\"BZ_Pyq_fadeIn\">kt\u00f3re <\/span><span class=\"BZ_Pyq_fadeIn\">lubi\u0105 <\/span><span class=\"BZ_Pyq_fadeIn\">oprawy <\/span><strong data-start=\"1129\" data-end=\"1195\"><span class=\"BZ_Pyq_fadeIn\">lekkie, <\/span><span class=\"BZ_Pyq_fadeIn\">eleganckie <\/span><span class=\"BZ_Pyq_fadeIn\">i <\/span><span class=\"BZ_Pyq_fadeIn\">bardziej <\/span><span class=\"BZ_Pyq_fadeIn\">bi\u017cuteryjne <\/span><span class=\"BZ_Pyq_fadeIn\">ni\u017c <\/span><span class=\"BZ_Pyq_fadeIn\">klasyczny <\/span><span class=\"BZ_Pyq_fadeIn\">acetat<\/span><\/strong><span class=\"BZ_Pyq_fadeIn\">. <\/span><span class=\"BZ_Pyq_fadeIn\">Okr\u0105g\u0142y <\/span><span class=\"BZ_Pyq_fadeIn\">kszta\u0142t <\/span><span class=\"BZ_Pyq_fadeIn\">\u015bwietnie <\/span><span class=\"BZ_Pyq_fadeIn\">sprawdzi <\/span><span class=\"BZ_Pyq_fadeIn\">si\u0119 <\/span><span class=\"BZ_Pyq_fadeIn\">u <\/span><span class=\"BZ_Pyq_fadeIn\">os\u00f3b <\/span><span class=\"BZ_Pyq_fadeIn\">o <\/span><span class=\"BZ_Pyq_fadeIn\">twarzach <\/span><strong data-start=\"1253\" data-end=\"1295\"><span class=\"BZ_Pyq_fadeIn\">owalnych, <\/span><span class=\"BZ_Pyq_fadeIn\">kwadratowych <\/span><span class=\"BZ_Pyq_fadeIn\">i <\/span><span class=\"BZ_Pyq_fadeIn\">prostok\u0105tnych<\/span><\/strong><span class=\"BZ_Pyq_fadeIn\">, <\/span><span class=\"BZ_Pyq_fadeIn\">\u0142agodz\u0105c <\/span><span class=\"BZ_Pyq_fadeIn\">rysy <\/span><span class=\"BZ_Pyq_fadeIn\">i <\/span><span class=\"BZ_Pyq_fadeIn\">dodaj\u0105c <\/span><span class=\"BZ_Pyq_fadeIn\">im <\/span><span class=\"BZ_Pyq_fadeIn\">mi\u0119kko\u015bci. <\/span><span class=\"BZ_Pyq_fadeIn\">To <\/span><span class=\"BZ_Pyq_fadeIn\">bardzo <\/span><span class=\"BZ_Pyq_fadeIn\">dobry <\/span><span class=\"BZ_Pyq_fadeIn\">wyb\u00f3r <\/span><span class=\"BZ_Pyq_fadeIn\">dla <\/span><span class=\"BZ_Pyq_fadeIn\">klientek, <\/span><span class=\"BZ_Pyq_fadeIn\">kt\u00f3re <\/span><span class=\"BZ_Pyq_fadeIn\">szukaj\u0105 <\/span><span class=\"BZ_Pyq_fadeIn\">luksusowej <\/span><span class=\"BZ_Pyq_fadeIn\">oprawy <\/span><span class=\"BZ_Pyq_fadeIn\">o <\/span><span class=\"BZ_Pyq_fadeIn\">delikatnym, <\/span><span class=\"BZ_Pyq_fadeIn\">artystycznym <\/span><span class=\"BZ_Pyq_fadeIn\">charakterze.<\/span><\/p>\n","protected":false},"excerpt":{"rendered":"<p data-start=\"67\" data-end=\"427\"><strong data-start=\"67\" data-end=\"87\"><span class=\"BZ_Pyq_fadeIn\">Chanel <\/span><span class=\"BZ_Pyq_fadeIn\">2186 <\/span><span class=\"BZ_Pyq_fadeIn\">C395<\/span><\/strong> <span class=\"BZ_Pyq_fadeIn\">to <\/span><span class=\"BZ_Pyq_fadeIn\">wyj\u0105tkowe <\/span><span class=\"BZ_Pyq_fadeIn\">okulary <\/span><span class=\"BZ_Pyq_fadeIn\">korekcyjne <\/span><span class=\"BZ_Pyq_fadeIn\">o <\/span><strong data-start=\"122\" data-end=\"144\"><span class=\"BZ_Pyq_fadeIn\">okr\u0105g\u0142ym <\/span><span class=\"BZ_Pyq_fadeIn\">kszta\u0142cie<\/span><\/strong><span class=\"BZ_Pyq_fadeIn\">, <\/span><span class=\"BZ_Pyq_fadeIn\">wykonane <\/span><span class=\"BZ_Pyq_fadeIn\">z <\/span><span class=\"BZ_Pyq_fadeIn\">metalu <\/span><span class=\"BZ_Pyq_fadeIn\">w <\/span><span class=\"BZ_Pyq_fadeIn\">eleganckim, <\/span><strong data-start=\"178\" data-end=\"188\"><span class=\"BZ_Pyq_fadeIn\">z\u0142otym<\/span><\/strong> <span class=\"BZ_Pyq_fadeIn\">wyko\u0144czeniu. <\/span><span class=\"BZ_Pyq_fadeIn\">Model <\/span><span class=\"BZ_Pyq_fadeIn\">przyci\u0105ga <\/span><span class=\"BZ_Pyq_fadeIn\">uwag\u0119 <\/span><span class=\"BZ_Pyq_fadeIn\">lekk\u0105, <\/span><span class=\"BZ_Pyq_fadeIn\">jubilersk\u0105 <\/span><span class=\"BZ_Pyq_fadeIn\">form\u0105 <\/span><span class=\"BZ_Pyq_fadeIn\">i <\/span><span class=\"BZ_Pyq_fadeIn\">subtelnym, <\/span><span class=\"BZ_Pyq_fadeIn\">wyrafinowanym <\/span><span class=\"BZ_Pyq_fadeIn\">charakterem, <\/span><span class=\"BZ_Pyq_fadeIn\">kt\u00f3ry <\/span><span class=\"BZ_Pyq_fadeIn\">bardzo <\/span><span class=\"BZ_Pyq_fadeIn\">dobrze <\/span><span class=\"BZ_Pyq_fadeIn\">wpisuje <\/span><span class=\"BZ_Pyq_fadeIn\">si\u0119 <\/span><span class=\"BZ_Pyq_fadeIn\">w <\/span><span class=\"BZ_Pyq_fadeIn\">estetyk\u0119 <\/span><span class=\"BZ_Pyq_fadeIn\">Chanel. <\/span><span class=\"BZ_Pyq_fadeIn\">To <\/span><span class=\"BZ_Pyq_fadeIn\">oprawa <\/span><span class=\"BZ_Pyq_fadeIn\">delikatna <\/span><span class=\"BZ_Pyq_fadeIn\">wizualnie, <\/span><span class=\"BZ_Pyq_fadeIn\">ale <\/span><span class=\"BZ_Pyq_fadeIn\">jednocze\u015bnie <\/span><span class=\"BZ_Pyq_fadeIn\">bardzo <\/span><span class=\"BZ_Pyq_fadeIn\">stylowa \u2014 <\/span><span class=\"BZ_Pyq_fadeIn\">z <\/span><span class=\"BZ_Pyq_fadeIn\">nut\u0105 <\/span><span class=\"BZ_Pyq_fadeIn\">retro <\/span><span class=\"BZ_Pyq_fadeIn\">i <\/span><span class=\"BZ_Pyq_fadeIn\">luksusu.<\/span><\/p>\n<p data-start=\"429\" data-end=\"749\"><span class=\"BZ_Pyq_fadeIn\">Cienka <\/span><span class=\"BZ_Pyq_fadeIn\">metalowa <\/span><span class=\"BZ_Pyq_fadeIn\">konstrukcja <\/span><span class=\"BZ_Pyq_fadeIn\">nadaje <\/span><span class=\"BZ_Pyq_fadeIn\">modelowi <\/span><span class=\"BZ_Pyq_fadeIn\">lekko\u015bci, <\/span><span class=\"BZ_Pyq_fadeIn\">a <\/span><span class=\"BZ_Pyq_fadeIn\">okr\u0105g\u0142e <\/span><span class=\"BZ_Pyq_fadeIn\">soczewki <\/span><span class=\"BZ_Pyq_fadeIn\">buduj\u0105 <\/span><span class=\"BZ_Pyq_fadeIn\">bardziej <\/span><span class=\"BZ_Pyq_fadeIn\">artystyczny, <\/span><span class=\"BZ_Pyq_fadeIn\">intelektualny <\/span><span class=\"BZ_Pyq_fadeIn\">charakter. <\/span><span class=\"BZ_Pyq_fadeIn\">Na <\/span><span class=\"BZ_Pyq_fadeIn\">zdj\u0119ciach <\/span><span class=\"BZ_Pyq_fadeIn\">wida\u0107 <\/span><span class=\"BZ_Pyq_fadeIn\">tak\u017ce <\/span><span class=\"BZ_Pyq_fadeIn\">ozdobne <\/span><span class=\"BZ_Pyq_fadeIn\">detale <\/span><span class=\"BZ_Pyq_fadeIn\">przy <\/span><span class=\"BZ_Pyq_fadeIn\">zausznikach, <\/span><span class=\"BZ_Pyq_fadeIn\">kt\u00f3re <\/span><span class=\"BZ_Pyq_fadeIn\">dodaj\u0105 <\/span><span class=\"BZ_Pyq_fadeIn\">ca\u0142o\u015bci <\/span><span class=\"BZ_Pyq_fadeIn\">bardziej <\/span><span class=\"BZ_Pyq_fadeIn\">bi\u017cuteryjnego <\/span><span class=\"BZ_Pyq_fadeIn\">wyrazu. <\/span><span class=\"BZ_Pyq_fadeIn\">To <\/span><span class=\"BZ_Pyq_fadeIn\">model <\/span><span class=\"BZ_Pyq_fadeIn\">dla <\/span><span class=\"BZ_Pyq_fadeIn\">os\u00f3b, <\/span><span class=\"BZ_Pyq_fadeIn\">kt\u00f3re <\/span><span class=\"BZ_Pyq_fadeIn\">szukaj\u0105 <\/span><span class=\"BZ_Pyq_fadeIn\">czego\u015b <\/span><span class=\"BZ_Pyq_fadeIn\">subtelnego, <\/span><span class=\"BZ_Pyq_fadeIn\">ale <\/span><span class=\"BZ_Pyq_fadeIn\">zdecydowanie <\/span><span class=\"BZ_Pyq_fadeIn\">nie <\/span><span class=\"BZ_Pyq_fadeIn\">banalnego.<\/span><\/p>\n<p data-start=\"751\" data-end=\"772\"><strong data-start=\"751\" data-end=\"772\"><span class=\"BZ_Pyq_fadeIn\">Szczeg\u00f3\u0142y <\/span><span class=\"BZ_Pyq_fadeIn\">modelu:<\/span><\/strong><\/p>\n<ul data-start=\"773\" data-end=\"1040\">\n<li data-section-id=\"nl6r9n\" data-start=\"773\" data-end=\"792\">\n<p data-start=\"775\" data-end=\"792\"><span class=\"BZ_Pyq_fadeIn\">marka: <\/span><strong data-start=\"782\" data-end=\"792\"><span class=\"BZ_Pyq_fadeIn\">Chanel<\/span><\/strong><\/p>\n<\/li>\n<li data-section-id=\"3wqp00\" data-start=\"793\" data-end=\"810\">\n<p data-start=\"795\" data-end=\"810\"><span class=\"BZ_Pyq_fadeIn\">model: <\/span><strong data-start=\"802\" data-end=\"810\"><span class=\"BZ_Pyq_fadeIn\">2186<\/span><\/strong><\/p>\n<\/li>\n<li data-section-id=\"1lz8c6s\" data-start=\"811\" data-end=\"835\">\n<p data-start=\"813\" data-end=\"835\"><span class=\"BZ_Pyq_fadeIn\">kolor: <\/span><strong data-start=\"820\" data-end=\"835\"><span class=\"BZ_Pyq_fadeIn\">C395 \/ <\/span><span class=\"BZ_Pyq_fadeIn\">gold<\/span><\/strong><\/p>\n<\/li>\n<li data-section-id=\"8kobes\" data-start=\"836\" data-end=\"853\">\n<p data-start=\"838\" data-end=\"853\"><span class=\"BZ_Pyq_fadeIn\">rozmiar: <\/span><strong data-start=\"847\" data-end=\"853\"><span class=\"BZ_Pyq_fadeIn\">53<\/span><\/strong><\/p>\n<\/li>\n<li data-section-id=\"dbb8zk\" data-start=\"854\" data-end=\"876\">\n<p data-start=\"856\" data-end=\"876\"><span class=\"BZ_Pyq_fadeIn\">kszta\u0142t: <\/span><strong data-start=\"865\" data-end=\"876\"><span class=\"BZ_Pyq_fadeIn\">okr\u0105g\u0142e<\/span><\/strong><\/p>\n<\/li>\n<li data-section-id=\"4fao6\" data-start=\"877\" data-end=\"898\">\n<p data-start=\"879\" data-end=\"898\"><span class=\"BZ_Pyq_fadeIn\">materia\u0142: <\/span><strong data-start=\"889\" data-end=\"898\"><span class=\"BZ_Pyq_fadeIn\">metal<\/span><\/strong><\/p>\n<\/li>\n<li data-section-id=\"19hdf8o\" data-start=\"899\" data-end=\"930\">\n<p data-start=\"901\" data-end=\"930\"><span class=\"BZ_Pyq_fadeIn\">szeroko\u015b\u0107 <\/span><span class=\"BZ_Pyq_fadeIn\">soczewki: <\/span><strong data-start=\"921\" data-end=\"930\"><span class=\"BZ_Pyq_fadeIn\">53 <\/span><span class=\"BZ_Pyq_fadeIn\">mm<\/span><\/strong><\/p>\n<\/li>\n<li data-section-id=\"1amotcb\" data-start=\"931\" data-end=\"961\">\n<p data-start=\"933\" data-end=\"961\"><span class=\"BZ_Pyq_fadeIn\">wysoko\u015b\u0107 <\/span><span class=\"BZ_Pyq_fadeIn\">soczewki: <\/span><strong data-start=\"952\" data-end=\"961\"><span class=\"BZ_Pyq_fadeIn\">53 <\/span><span class=\"BZ_Pyq_fadeIn\">mm<\/span><\/strong><\/p>\n<\/li>\n<li data-section-id=\"1sosdcq\" data-start=\"962\" data-end=\"981\">\n<p data-start=\"964\" data-end=\"981\"><span class=\"BZ_Pyq_fadeIn\">mostek: <\/span><strong data-start=\"972\" data-end=\"981\"><span class=\"BZ_Pyq_fadeIn\">21 <\/span><span class=\"BZ_Pyq_fadeIn\">mm<\/span><\/strong><\/p>\n<\/li>\n<li data-section-id=\"1ba79bc\" data-start=\"982\" data-end=\"1013\">\n<p data-start=\"984\" data-end=\"1013\"><span class=\"BZ_Pyq_fadeIn\">d\u0142ugo\u015b\u0107 <\/span><span class=\"BZ_Pyq_fadeIn\">zausznika: <\/span><strong data-start=\"1003\" data-end=\"1013\"><span class=\"BZ_Pyq_fadeIn\">135 <\/span><span class=\"BZ_Pyq_fadeIn\">mm<\/span><\/strong><\/p>\n<\/li>\n<li data-section-id=\"47fcf7\" data-start=\"1014\" data-end=\"1040\">\n<p data-start=\"1016\" data-end=\"1040\"><span class=\"BZ_Pyq_fadeIn\">wykonano <\/span><span class=\"BZ_Pyq_fadeIn\">we <\/span><strong data-start=\"1028\" data-end=\"1040\"><span class=\"BZ_Pyq_fadeIn\">W\u0142oszech<\/span><\/strong><\/p>\n<\/li>\n<\/ul>\n","protected":false},"featured_media":8203,"template":"","meta":{"_acf_changed":false},"product_brand":[793],"product_cat":[51],"product_tag":[],"model":[813],"class_list":{"0":"post-8200","1":"product","2":"type-product","3":"status-publish","4":"has-post-thumbnail","6":"product_brand-chanel","7":"product_cat-okulary-korekcyjne","8":"model-813","10":"first","11":"instock","12":"taxable","13":"shipping-taxable","14":"purchasable","15":"product-type-simple"},"acf":[],"aioseo_notices":[],"_links":{"self":[{"href":"https:\/\/markoweokulary.pl\/pl\/wp-json\/wp\/v2\/product\/8200","targetHints":{"allow":["GET"]}}],"collection":[{"href":"https:\/\/markoweokulary.pl\/pl\/wp-json\/wp\/v2\/product"}],"about":[{"href":"https:\/\/markoweokulary.pl\/pl\/wp-json\/wp\/v2\/types\/product"}],"version-history":[{"count":0,"href":"https:\/\/markoweokulary.pl\/pl\/wp-json\/wp\/v2\/product\/8200\/revisions"}],"wp:featuredmedia":[{"embeddable":true,"href":"https:\/\/markoweokulary.pl\/pl\/wp-json\/wp\/v2\/media\/8203"}],"wp:attachment":[{"href":"https:\/\/markoweokulary.pl\/pl\/wp-json\/wp\/v2\/media?parent=8200"}],"wp:term":[{"taxonomy":"product_brand","embeddable":true,"href":"https:\/\/markoweokulary.pl\/pl\/wp-json\/wp\/v2\/product_brand?post=8200"},{"taxonomy":"product_cat","embeddable":true,"href":"https:\/\/markoweokulary.pl\/pl\/wp-json\/wp\/v2\/product_cat?post=8200"},{"taxonomy":"product_tag","embeddable":true,"href":"https:\/\/markoweokulary.pl\/pl\/wp-json\/wp\/v2\/product_tag?post=8200"},{"taxonomy":"model","embeddable":true,"href":"https:\/\/markoweokulary.pl\/pl\/wp-json\/wp\/v2\/model?post=8200"}],"curies":[{"name":"wp","href":"https:\/\/api.w.org\/{rel}","templated":true}]}}