{"id":8193,"date":"2026-03-18T16:47:28","date_gmt":"2026-03-18T15:47:28","guid":{"rendered":"https:\/\/markoweokulary.pl\/?post_type=product&#038;p=8193"},"modified":"2026-03-18T17:01:15","modified_gmt":"2026-03-18T16:01:15","slug":"chanel-3432-53-c1723","status":"publish","type":"product","link":"https:\/\/markoweokulary.pl\/pl\/produkt\/chanel-3432-53-c1723\/","title":{"rendered":"Chanel 3432 &#8211; 53 | C1723"},"content":{"rendered":"<p><span class=\"BZ_Pyq_fadeIn\">Model <\/span><strong data-start=\"1335\" data-end=\"1356\"><span class=\"BZ_Pyq_fadeIn\">Chanel <\/span><span class=\"BZ_Pyq_fadeIn\">3432 <\/span><span class=\"BZ_Pyq_fadeIn\">C1723<\/span><\/strong> <span class=\"BZ_Pyq_fadeIn\">b\u0119dzie <\/span><span class=\"BZ_Pyq_fadeIn\">idealny <\/span><span class=\"BZ_Pyq_fadeIn\">dla <\/span><span class=\"BZ_Pyq_fadeIn\">kobiet, <\/span><span class=\"BZ_Pyq_fadeIn\">kt\u00f3re <\/span><span class=\"BZ_Pyq_fadeIn\">szukaj\u0105 <\/span><span class=\"BZ_Pyq_fadeIn\">opraw <\/span><strong data-start=\"1404\" data-end=\"1455\"><span class=\"BZ_Pyq_fadeIn\">eleganckich, <\/span><span class=\"BZ_Pyq_fadeIn\">lekkich <\/span><span class=\"BZ_Pyq_fadeIn\">wizualnie <\/span><span class=\"BZ_Pyq_fadeIn\">i <\/span><span class=\"BZ_Pyq_fadeIn\">ponadczasowych<\/span><\/strong><span class=\"BZ_Pyq_fadeIn\">, <\/span><span class=\"BZ_Pyq_fadeIn\">ale <\/span><span class=\"BZ_Pyq_fadeIn\">z <\/span><span class=\"BZ_Pyq_fadeIn\">delikatnie <\/span><span class=\"BZ_Pyq_fadeIn\">nowoczesnym <\/span><span class=\"BZ_Pyq_fadeIn\">charakterem. <\/span><span class=\"BZ_Pyq_fadeIn\">Kszta\u0142t <\/span><span class=\"BZ_Pyq_fadeIn\">pantos <\/span><span class=\"BZ_Pyq_fadeIn\">bardzo <\/span><span class=\"BZ_Pyq_fadeIn\">dobrze <\/span><span class=\"BZ_Pyq_fadeIn\">wsp\u00f3\u0142gra <\/span><span class=\"BZ_Pyq_fadeIn\">z <\/span><span class=\"BZ_Pyq_fadeIn\">twarzami <\/span><strong data-start=\"1548\" data-end=\"1588\"><span class=\"BZ_Pyq_fadeIn\">owalnymi, <\/span><span class=\"BZ_Pyq_fadeIn\">sercowatymi <\/span><span class=\"BZ_Pyq_fadeIn\">i <\/span><span class=\"BZ_Pyq_fadeIn\">kwadratowymi<\/span><\/strong><span class=\"BZ_Pyq_fadeIn\">, <\/span><span class=\"BZ_Pyq_fadeIn\">dodaj\u0105c <\/span><span class=\"BZ_Pyq_fadeIn\">rysom <\/span><span class=\"BZ_Pyq_fadeIn\">mi\u0119kko\u015bci <\/span><span class=\"BZ_Pyq_fadeIn\">i <\/span><span class=\"BZ_Pyq_fadeIn\">naturalnej <\/span><span class=\"BZ_Pyq_fadeIn\">r\u00f3wnowagi. <\/span><span class=\"BZ_Pyq_fadeIn\">To <\/span><span class=\"BZ_Pyq_fadeIn\">\u015bwietna <\/span><span class=\"BZ_Pyq_fadeIn\">propozycja <\/span><span class=\"BZ_Pyq_fadeIn\">dla <\/span><span class=\"BZ_Pyq_fadeIn\">os\u00f3b, <\/span><span class=\"BZ_Pyq_fadeIn\">kt\u00f3re <\/span><span class=\"BZ_Pyq_fadeIn\">chc\u0105 <\/span><span class=\"BZ_Pyq_fadeIn\">odej\u015b\u0107 <\/span><span class=\"BZ_Pyq_fadeIn\">od <\/span><span class=\"BZ_Pyq_fadeIn\">klasycznej <\/span><span class=\"BZ_Pyq_fadeIn\">czerni <\/span><span class=\"BZ_Pyq_fadeIn\">na <\/span><span class=\"BZ_Pyq_fadeIn\">rzecz <\/span><span class=\"BZ_Pyq_fadeIn\">bardziej <\/span><span class=\"BZ_Pyq_fadeIn\">subtelnego, <\/span><span class=\"BZ_Pyq_fadeIn\">wyrafinowanego <\/span><span class=\"BZ_Pyq_fadeIn\">koloru.<\/span><\/p>\n","protected":false},"excerpt":{"rendered":"<p data-start=\"68\" data-end=\"366\"><strong data-start=\"68\" data-end=\"89\"><span class=\"BZ_Pyq_fadeIn\">Chanel <\/span><span class=\"BZ_Pyq_fadeIn\">3432 <\/span><span class=\"BZ_Pyq_fadeIn\">C1723<\/span><\/strong> <span class=\"BZ_Pyq_fadeIn\">to <\/span><span class=\"BZ_Pyq_fadeIn\">eleganckie, <\/span><span class=\"BZ_Pyq_fadeIn\">damskie <\/span><span class=\"BZ_Pyq_fadeIn\">oprawy <\/span><span class=\"BZ_Pyq_fadeIn\">korekcyjne <\/span><span class=\"BZ_Pyq_fadeIn\">o <\/span><span class=\"BZ_Pyq_fadeIn\">klasycznym <\/span><span class=\"BZ_Pyq_fadeIn\">kszta\u0142cie <\/span><strong data-start=\"154\" data-end=\"164\"><span class=\"BZ_Pyq_fadeIn\">pantos<\/span><\/strong><span class=\"BZ_Pyq_fadeIn\">, <\/span><span class=\"BZ_Pyq_fadeIn\">kt\u00f3re <\/span><span class=\"BZ_Pyq_fadeIn\">\u0142\u0105cz\u0105 <\/span><span class=\"BZ_Pyq_fadeIn\">subtelno\u015b\u0107 <\/span><span class=\"BZ_Pyq_fadeIn\">z <\/span><span class=\"BZ_Pyq_fadeIn\">ponadczasowym <\/span><span class=\"BZ_Pyq_fadeIn\">stylem <\/span><span class=\"BZ_Pyq_fadeIn\">marki <\/span><span class=\"BZ_Pyq_fadeIn\">Chanel. <\/span><span class=\"BZ_Pyq_fadeIn\">Szary <\/span><span class=\"BZ_Pyq_fadeIn\">kolor <\/span><span class=\"BZ_Pyq_fadeIn\">nadaje <\/span><span class=\"BZ_Pyq_fadeIn\">modelowi <\/span><span class=\"BZ_Pyq_fadeIn\">nowoczesnego, <\/span><span class=\"BZ_Pyq_fadeIn\">spokojnego <\/span><span class=\"BZ_Pyq_fadeIn\">charakteru, <\/span><span class=\"BZ_Pyq_fadeIn\">dzi\u0119ki <\/span><span class=\"BZ_Pyq_fadeIn\">czemu <\/span><span class=\"BZ_Pyq_fadeIn\">okulary <\/span><span class=\"BZ_Pyq_fadeIn\">prezentuj\u0105 <\/span><span class=\"BZ_Pyq_fadeIn\">si\u0119 <\/span><span class=\"BZ_Pyq_fadeIn\">lekko, <\/span><span class=\"BZ_Pyq_fadeIn\">szykownie <\/span><span class=\"BZ_Pyq_fadeIn\">i <\/span><span class=\"BZ_Pyq_fadeIn\">bardzo <\/span><span class=\"BZ_Pyq_fadeIn\">uniwersalnie.<\/span><\/p>\n<p data-start=\"368\" data-end=\"705\"><span class=\"BZ_Pyq_fadeIn\">Model <\/span><span class=\"BZ_Pyq_fadeIn\">zosta\u0142 <\/span><span class=\"BZ_Pyq_fadeIn\">wykonany <\/span><span class=\"BZ_Pyq_fadeIn\">z <\/span><strong data-start=\"392\" data-end=\"403\"><span class=\"BZ_Pyq_fadeIn\">acetatu<\/span><\/strong> <span class=\"BZ_Pyq_fadeIn\">i <\/span><span class=\"BZ_Pyq_fadeIn\">ma <\/span><strong data-start=\"409\" data-end=\"425\"><span class=\"BZ_Pyq_fadeIn\">pe\u0142n\u0105 <\/span><span class=\"BZ_Pyq_fadeIn\">opraw\u0119<\/span><\/strong><span class=\"BZ_Pyq_fadeIn\">, <\/span><span class=\"BZ_Pyq_fadeIn\">co <\/span><span class=\"BZ_Pyq_fadeIn\">zapewnia <\/span><span class=\"BZ_Pyq_fadeIn\">estetyczny <\/span><span class=\"BZ_Pyq_fadeIn\">wygl\u0105d <\/span><span class=\"BZ_Pyq_fadeIn\">oraz <\/span><span class=\"BZ_Pyq_fadeIn\">dobre <\/span><span class=\"BZ_Pyq_fadeIn\">warunki <\/span><span class=\"BZ_Pyq_fadeIn\">do <\/span><span class=\"BZ_Pyq_fadeIn\">monta\u017cu <\/span><span class=\"BZ_Pyq_fadeIn\">soczewek <\/span><span class=\"BZ_Pyq_fadeIn\">korekcyjnych. <\/span><span class=\"BZ_Pyq_fadeIn\">Polerowane <\/span><span class=\"BZ_Pyq_fadeIn\">wyko\u0144czenie <\/span><span class=\"BZ_Pyq_fadeIn\">podkre\u015bla <\/span><span class=\"BZ_Pyq_fadeIn\">elegancki <\/span><span class=\"BZ_Pyq_fadeIn\">charakter <\/span><span class=\"BZ_Pyq_fadeIn\">modelu, <\/span><span class=\"BZ_Pyq_fadeIn\">a <\/span><span class=\"BZ_Pyq_fadeIn\">rozmiar <\/span><strong data-start=\"581\" data-end=\"587\"><span class=\"BZ_Pyq_fadeIn\">53<\/span><\/strong> <span class=\"BZ_Pyq_fadeIn\">sprawia, <\/span><span class=\"BZ_Pyq_fadeIn\">\u017ce <\/span><span class=\"BZ_Pyq_fadeIn\">oprawa <\/span><span class=\"BZ_Pyq_fadeIn\">b\u0119dzie <\/span><span class=\"BZ_Pyq_fadeIn\">dobrym <\/span><span class=\"BZ_Pyq_fadeIn\">wyborem <\/span><span class=\"BZ_Pyq_fadeIn\">dla <\/span><span class=\"BZ_Pyq_fadeIn\">os\u00f3b <\/span><span class=\"BZ_Pyq_fadeIn\">preferuj\u0105cych <\/span><span class=\"BZ_Pyq_fadeIn\">bardziej <\/span><span class=\"BZ_Pyq_fadeIn\">wyraziste, <\/span><span class=\"BZ_Pyq_fadeIn\">ale <\/span><span class=\"BZ_Pyq_fadeIn\">nadal <\/span><span class=\"BZ_Pyq_fadeIn\">harmonijne <\/span><span class=\"BZ_Pyq_fadeIn\">dopasowanie.<\/span><\/p>\n<p data-start=\"707\" data-end=\"728\"><strong data-start=\"707\" data-end=\"728\"><span class=\"BZ_Pyq_fadeIn\">Szczeg\u00f3\u0142y <\/span><span class=\"BZ_Pyq_fadeIn\">modelu:<\/span><\/strong><\/p>\n<ul data-start=\"729\" data-end=\"1311\">\n<li data-section-id=\"nl6r9n\" data-start=\"729\" data-end=\"748\">\n<p data-start=\"731\" data-end=\"748\"><span class=\"BZ_Pyq_fadeIn\">marka: <\/span><strong data-start=\"738\" data-end=\"748\"><span class=\"BZ_Pyq_fadeIn\">Chanel<\/span><\/strong><\/p>\n<\/li>\n<li data-section-id=\"4famsb\" data-start=\"749\" data-end=\"766\">\n<p data-start=\"751\" data-end=\"766\"><span class=\"BZ_Pyq_fadeIn\">model: <\/span><strong data-start=\"758\" data-end=\"766\"><span class=\"BZ_Pyq_fadeIn\">3432<\/span><\/strong><\/p>\n<\/li>\n<li data-section-id=\"nxr05r\" data-start=\"767\" data-end=\"793\">\n<p data-start=\"769\" data-end=\"793\"><span class=\"BZ_Pyq_fadeIn\">kolor: <\/span><strong data-start=\"776\" data-end=\"793\"><span class=\"BZ_Pyq_fadeIn\">C1723 \/ <\/span><span class=\"BZ_Pyq_fadeIn\">szary<\/span><\/strong><\/p>\n<\/li>\n<li data-section-id=\"8kobes\" data-start=\"794\" data-end=\"811\">\n<p data-start=\"796\" data-end=\"811\"><span class=\"BZ_Pyq_fadeIn\">rozmiar: <\/span><strong data-start=\"805\" data-end=\"811\"><span class=\"BZ_Pyq_fadeIn\">53<\/span><\/strong><\/p>\n<\/li>\n<li data-section-id=\"phfb8k\" data-start=\"812\" data-end=\"833\">\n<p data-start=\"814\" data-end=\"833\"><span class=\"BZ_Pyq_fadeIn\">kszta\u0142t: <\/span><strong data-start=\"823\" data-end=\"833\"><span class=\"BZ_Pyq_fadeIn\">pantos<\/span><\/strong><\/p>\n<\/li>\n<li data-section-id=\"1t6gogh\" data-start=\"834\" data-end=\"873\">\n<p data-start=\"836\" data-end=\"873\"><span class=\"BZ_Pyq_fadeIn\">materia\u0142 <\/span><span class=\"BZ_Pyq_fadeIn\">cz\u0119\u015bci <\/span><span class=\"BZ_Pyq_fadeIn\">przedniej: <\/span><strong data-start=\"863\" data-end=\"873\"><span class=\"BZ_Pyq_fadeIn\">acetat<\/span><\/strong><\/p>\n<\/li>\n<li data-section-id=\"1ftcqxh\" data-start=\"874\" data-end=\"914\">\n<p data-start=\"876\" data-end=\"914\"><span class=\"BZ_Pyq_fadeIn\">materia\u0142 <\/span><span class=\"BZ_Pyq_fadeIn\">cz\u0119\u015bci <\/span><span class=\"BZ_Pyq_fadeIn\">skroniowej: <\/span><strong data-start=\"904\" data-end=\"914\"><span class=\"BZ_Pyq_fadeIn\">acetat<\/span><\/strong><\/p>\n<\/li>\n<li data-section-id=\"kmdl7k\" data-start=\"915\" data-end=\"951\">\n<p data-start=\"917\" data-end=\"951\"><span class=\"BZ_Pyq_fadeIn\">kolor <\/span><span class=\"BZ_Pyq_fadeIn\">cz\u0119\u015bci <\/span><span class=\"BZ_Pyq_fadeIn\">skroniowej: <\/span><strong data-start=\"942\" data-end=\"951\"><span class=\"BZ_Pyq_fadeIn\">szary<\/span><\/strong><\/p>\n<\/li>\n<li data-section-id=\"188cdt0\" data-start=\"952\" data-end=\"983\">\n<p data-start=\"954\" data-end=\"983\"><span class=\"BZ_Pyq_fadeIn\">typ <\/span><span class=\"BZ_Pyq_fadeIn\">oprawy: <\/span><strong data-start=\"966\" data-end=\"983\"><span class=\"BZ_Pyq_fadeIn\">pe\u0142na <\/span><span class=\"BZ_Pyq_fadeIn\">oprawka<\/span><\/strong><\/p>\n<\/li>\n<li data-section-id=\"sxu6gk\" data-start=\"984\" data-end=\"1013\">\n<p data-start=\"986\" data-end=\"1013\"><span class=\"BZ_Pyq_fadeIn\">wyko\u0144czenie: <\/span><strong data-start=\"999\" data-end=\"1013\"><span class=\"BZ_Pyq_fadeIn\">polerowane<\/span><\/strong><\/p>\n<\/li>\n<\/ul>\n","protected":false},"featured_media":8198,"template":"","meta":{"_acf_changed":false},"product_brand":[793],"product_cat":[51],"product_tag":[],"model":[811],"class_list":{"0":"post-8193","1":"product","2":"type-product","3":"status-publish","4":"has-post-thumbnail","6":"product_brand-chanel","7":"product_cat-okulary-korekcyjne","8":"model-811","10":"first","11":"instock","12":"taxable","13":"shipping-taxable","14":"purchasable","15":"product-type-simple"},"acf":[],"aioseo_notices":[],"_links":{"self":[{"href":"https:\/\/markoweokulary.pl\/pl\/wp-json\/wp\/v2\/product\/8193","targetHints":{"allow":["GET"]}}],"collection":[{"href":"https:\/\/markoweokulary.pl\/pl\/wp-json\/wp\/v2\/product"}],"about":[{"href":"https:\/\/markoweokulary.pl\/pl\/wp-json\/wp\/v2\/types\/product"}],"version-history":[{"count":0,"href":"https:\/\/markoweokulary.pl\/pl\/wp-json\/wp\/v2\/product\/8193\/revisions"}],"wp:featuredmedia":[{"embeddable":true,"href":"https:\/\/markoweokulary.pl\/pl\/wp-json\/wp\/v2\/media\/8198"}],"wp:attachment":[{"href":"https:\/\/markoweokulary.pl\/pl\/wp-json\/wp\/v2\/media?parent=8193"}],"wp:term":[{"taxonomy":"product_brand","embeddable":true,"href":"https:\/\/markoweokulary.pl\/pl\/wp-json\/wp\/v2\/product_brand?post=8193"},{"taxonomy":"product_cat","embeddable":true,"href":"https:\/\/markoweokulary.pl\/pl\/wp-json\/wp\/v2\/product_cat?post=8193"},{"taxonomy":"product_tag","embeddable":true,"href":"https:\/\/markoweokulary.pl\/pl\/wp-json\/wp\/v2\/product_tag?post=8193"},{"taxonomy":"model","embeddable":true,"href":"https:\/\/markoweokulary.pl\/pl\/wp-json\/wp\/v2\/model?post=8193"}],"curies":[{"name":"wp","href":"https:\/\/api.w.org\/{rel}","templated":true}]}}