{"id":8186,"date":"2026-03-18T16:39:22","date_gmt":"2026-03-18T15:39:22","guid":{"rendered":"https:\/\/markoweokulary.pl\/?post_type=product&#038;p=8186"},"modified":"2026-03-18T17:01:15","modified_gmt":"2026-03-18T16:01:15","slug":"chanel-3498-52-c1827","status":"publish","type":"product","link":"https:\/\/markoweokulary.pl\/pl\/produkt\/chanel-3498-52-c1827\/","title":{"rendered":"Chanel 3498 &#8211; 52 | C1827"},"content":{"rendered":"<p><span class=\"BZ_Pyq_fadeIn\">Model <\/span><strong data-start=\"1373\" data-end=\"1394\"><span class=\"BZ_Pyq_fadeIn\">Chanel <\/span><span class=\"BZ_Pyq_fadeIn\">3498 <\/span><span class=\"BZ_Pyq_fadeIn\">C1827<\/span><\/strong> <span class=\"BZ_Pyq_fadeIn\">b\u0119dzie <\/span><span class=\"BZ_Pyq_fadeIn\">idealny <\/span><span class=\"BZ_Pyq_fadeIn\">dla <\/span><span class=\"BZ_Pyq_fadeIn\">kobiet, <\/span><span class=\"BZ_Pyq_fadeIn\">kt\u00f3re <\/span><span class=\"BZ_Pyq_fadeIn\">szukaj\u0105 <\/span><span class=\"BZ_Pyq_fadeIn\">opraw <\/span><strong data-start=\"1442\" data-end=\"1485\"><span class=\"BZ_Pyq_fadeIn\">eleganckich, <\/span><span class=\"BZ_Pyq_fadeIn\">kobiecych <\/span><span class=\"BZ_Pyq_fadeIn\">i <\/span><span class=\"BZ_Pyq_fadeIn\">lekko <\/span><span class=\"BZ_Pyq_fadeIn\">modowych<\/span><\/strong><span class=\"BZ_Pyq_fadeIn\">, <\/span><span class=\"BZ_Pyq_fadeIn\">ale <\/span><span class=\"BZ_Pyq_fadeIn\">bez <\/span><span class=\"BZ_Pyq_fadeIn\">przesadnie <\/span><span class=\"BZ_Pyq_fadeIn\">ostrego <\/span><span class=\"BZ_Pyq_fadeIn\">charakteru. <\/span><span class=\"BZ_Pyq_fadeIn\">Kszta\u0142t <\/span><span class=\"BZ_Pyq_fadeIn\">butterfly <\/span><span class=\"BZ_Pyq_fadeIn\">bardzo <\/span><span class=\"BZ_Pyq_fadeIn\">dobrze <\/span><span class=\"BZ_Pyq_fadeIn\">wsp\u00f3\u0142gra <\/span><span class=\"BZ_Pyq_fadeIn\">z <\/span><span class=\"BZ_Pyq_fadeIn\">twarzami <\/span><strong data-start=\"1578\" data-end=\"1618\"><span class=\"BZ_Pyq_fadeIn\">owalnymi, <\/span><span class=\"BZ_Pyq_fadeIn\">sercowatymi <\/span><span class=\"BZ_Pyq_fadeIn\">i <\/span><span class=\"BZ_Pyq_fadeIn\">kwadratowymi<\/span><\/strong><span class=\"BZ_Pyq_fadeIn\">, <\/span><span class=\"BZ_Pyq_fadeIn\">dodaj\u0105c <\/span><span class=\"BZ_Pyq_fadeIn\">rysom <\/span><span class=\"BZ_Pyq_fadeIn\">lekko\u015bci <\/span><span class=\"BZ_Pyq_fadeIn\">oraz <\/span><span class=\"BZ_Pyq_fadeIn\">subtelnie <\/span><span class=\"BZ_Pyq_fadeIn\">podkre\u015blaj\u0105c <\/span><span class=\"BZ_Pyq_fadeIn\">lini\u0119 <\/span><span class=\"BZ_Pyq_fadeIn\">oka. <\/span><span class=\"BZ_Pyq_fadeIn\">To <\/span><span class=\"BZ_Pyq_fadeIn\">\u015bwietny <\/span><span class=\"BZ_Pyq_fadeIn\">wyb\u00f3r <\/span><span class=\"BZ_Pyq_fadeIn\">dla <\/span><span class=\"BZ_Pyq_fadeIn\">os\u00f3b, <\/span><span class=\"BZ_Pyq_fadeIn\">kt\u00f3re <\/span><span class=\"BZ_Pyq_fadeIn\">wol\u0105 <\/span><span class=\"BZ_Pyq_fadeIn\">cieplejsz\u0105 <\/span><span class=\"BZ_Pyq_fadeIn\">kolorystyk\u0119 <\/span><span class=\"BZ_Pyq_fadeIn\">ni\u017c <\/span><span class=\"BZ_Pyq_fadeIn\">klasyczna <\/span><span class=\"BZ_Pyq_fadeIn\">czer\u0144 <\/span><span class=\"BZ_Pyq_fadeIn\">i <\/span><span class=\"BZ_Pyq_fadeIn\">chc\u0105 <\/span><span class=\"BZ_Pyq_fadeIn\">postawi\u0107 <\/span><span class=\"BZ_Pyq_fadeIn\">na <\/span><span class=\"BZ_Pyq_fadeIn\">ponadczasow\u0105 <\/span><span class=\"BZ_Pyq_fadeIn\">havan\u0119 <\/span><span class=\"BZ_Pyq_fadeIn\">w <\/span><span class=\"BZ_Pyq_fadeIn\">luksusowym <\/span><span class=\"BZ_Pyq_fadeIn\">wydaniu.<\/span><\/p>\n","protected":false},"excerpt":{"rendered":"<p data-start=\"68\" data-end=\"404\"><strong data-start=\"68\" data-end=\"89\"><span class=\"BZ_Pyq_fadeIn\">Chanel <\/span><span class=\"BZ_Pyq_fadeIn\">3498 <\/span><span class=\"BZ_Pyq_fadeIn\">C1827<\/span><\/strong> <span class=\"BZ_Pyq_fadeIn\">to <\/span><span class=\"BZ_Pyq_fadeIn\">eleganckie, <\/span><span class=\"BZ_Pyq_fadeIn\">damskie <\/span><span class=\"BZ_Pyq_fadeIn\">oprawy <\/span><span class=\"BZ_Pyq_fadeIn\">korekcyjne <\/span><span class=\"BZ_Pyq_fadeIn\">o <\/span><span class=\"BZ_Pyq_fadeIn\">kobiecym <\/span><span class=\"BZ_Pyq_fadeIn\">kszta\u0142cie <\/span><strong data-start=\"152\" data-end=\"165\"><span class=\"BZ_Pyq_fadeIn\">butterfly<\/span><\/strong><span class=\"BZ_Pyq_fadeIn\">, <\/span><span class=\"BZ_Pyq_fadeIn\">kt\u00f3re <\/span><span class=\"BZ_Pyq_fadeIn\">\u0142\u0105cz\u0105 <\/span><span class=\"BZ_Pyq_fadeIn\">wyrazist\u0105 <\/span><span class=\"BZ_Pyq_fadeIn\">form\u0119 <\/span><span class=\"BZ_Pyq_fadeIn\">z <\/span><span class=\"BZ_Pyq_fadeIn\">ponadczasow\u0105 <\/span><span class=\"BZ_Pyq_fadeIn\">kolorystyk\u0105 <\/span><strong data-start=\"222\" data-end=\"241\"><span class=\"BZ_Pyq_fadeIn\">br\u0105zowej <\/span><span class=\"BZ_Pyq_fadeIn\">havany<\/span><\/strong><span class=\"BZ_Pyq_fadeIn\">. <\/span><span class=\"BZ_Pyq_fadeIn\">To <\/span><span class=\"BZ_Pyq_fadeIn\">model <\/span><span class=\"BZ_Pyq_fadeIn\">o <\/span><span class=\"BZ_Pyq_fadeIn\">nieco <\/span><span class=\"BZ_Pyq_fadeIn\">mocniejszym, <\/span><span class=\"BZ_Pyq_fadeIn\">modowym <\/span><span class=\"BZ_Pyq_fadeIn\">charakterze, <\/span><span class=\"BZ_Pyq_fadeIn\">ale <\/span><span class=\"BZ_Pyq_fadeIn\">nadal <\/span><span class=\"BZ_Pyq_fadeIn\">bardzo <\/span><span class=\"BZ_Pyq_fadeIn\">uniwersalny \u2014 <\/span><span class=\"BZ_Pyq_fadeIn\">idealny <\/span><span class=\"BZ_Pyq_fadeIn\">dla <\/span><span class=\"BZ_Pyq_fadeIn\">kobiet, <\/span><span class=\"BZ_Pyq_fadeIn\">kt\u00f3re <\/span><span class=\"BZ_Pyq_fadeIn\">chc\u0105 <\/span><span class=\"BZ_Pyq_fadeIn\">doda\u0107 <\/span><span class=\"BZ_Pyq_fadeIn\">stylizacji <\/span><span class=\"BZ_Pyq_fadeIn\">klasy <\/span><span class=\"BZ_Pyq_fadeIn\">i <\/span><span class=\"BZ_Pyq_fadeIn\">subtelnej <\/span><span class=\"BZ_Pyq_fadeIn\">wyrazisto\u015bci.<\/span><\/p>\n<p data-start=\"406\" data-end=\"723\"><span class=\"BZ_Pyq_fadeIn\">Oprawa <\/span><span class=\"BZ_Pyq_fadeIn\">zosta\u0142a <\/span><span class=\"BZ_Pyq_fadeIn\">wykonana <\/span><span class=\"BZ_Pyq_fadeIn\">z <\/span><strong data-start=\"432\" data-end=\"443\"><span class=\"BZ_Pyq_fadeIn\">acetatu<\/span><\/strong> <span class=\"BZ_Pyq_fadeIn\">i <\/span><span class=\"BZ_Pyq_fadeIn\">ma <\/span><strong data-start=\"449\" data-end=\"465\"><span class=\"BZ_Pyq_fadeIn\">pe\u0142n\u0105 <\/span><span class=\"BZ_Pyq_fadeIn\">opraw\u0119<\/span><\/strong><span class=\"BZ_Pyq_fadeIn\">, <\/span><span class=\"BZ_Pyq_fadeIn\">dzi\u0119ki <\/span><span class=\"BZ_Pyq_fadeIn\">czemu <\/span><span class=\"BZ_Pyq_fadeIn\">dobrze <\/span><span class=\"BZ_Pyq_fadeIn\">trzyma <\/span><span class=\"BZ_Pyq_fadeIn\">form\u0119 <\/span><span class=\"BZ_Pyq_fadeIn\">i <\/span><span class=\"BZ_Pyq_fadeIn\">prezentuje <\/span><span class=\"BZ_Pyq_fadeIn\">si\u0119 <\/span><span class=\"BZ_Pyq_fadeIn\">estetycznie <\/span><span class=\"BZ_Pyq_fadeIn\">tak\u017ce <\/span><span class=\"BZ_Pyq_fadeIn\">przy <\/span><span class=\"BZ_Pyq_fadeIn\">soczewkach <\/span><span class=\"BZ_Pyq_fadeIn\">korekcyjnych. <\/span><span class=\"BZ_Pyq_fadeIn\">Polerowane <\/span><span class=\"BZ_Pyq_fadeIn\">wyko\u0144czenie <\/span><span class=\"BZ_Pyq_fadeIn\">podkre\u015bla <\/span><span class=\"BZ_Pyq_fadeIn\">luksusowy <\/span><span class=\"BZ_Pyq_fadeIn\">charakter <\/span><span class=\"BZ_Pyq_fadeIn\">modelu, <\/span><span class=\"BZ_Pyq_fadeIn\">a <\/span><span class=\"BZ_Pyq_fadeIn\">ciep\u0142y <\/span><span class=\"BZ_Pyq_fadeIn\">odcie\u0144 <\/span><span class=\"BZ_Pyq_fadeIn\">havany <\/span><span class=\"BZ_Pyq_fadeIn\">pi\u0119knie <\/span><span class=\"BZ_Pyq_fadeIn\">wsp\u00f3\u0142gra <\/span><span class=\"BZ_Pyq_fadeIn\">z <\/span><span class=\"BZ_Pyq_fadeIn\">wieloma <\/span><span class=\"BZ_Pyq_fadeIn\">typami <\/span><span class=\"BZ_Pyq_fadeIn\">urody, <\/span><span class=\"BZ_Pyq_fadeIn\">dodaj\u0105c <\/span><span class=\"BZ_Pyq_fadeIn\">twarzy <\/span><span class=\"BZ_Pyq_fadeIn\">mi\u0119kko\u015bci <\/span><span class=\"BZ_Pyq_fadeIn\">i <\/span><span class=\"BZ_Pyq_fadeIn\">g\u0142\u0119bi.<\/span><\/p>\n<p data-start=\"725\" data-end=\"746\"><strong data-start=\"725\" data-end=\"746\"><span class=\"BZ_Pyq_fadeIn\">Szczeg\u00f3\u0142y <\/span><span class=\"BZ_Pyq_fadeIn\">modelu:<\/span><\/strong><\/p>\n<ul data-start=\"747\" data-end=\"1349\">\n<li data-section-id=\"nl6r9n\" data-start=\"747\" data-end=\"766\">\n<p data-start=\"749\" data-end=\"766\"><span class=\"BZ_Pyq_fadeIn\">marka: <\/span><strong data-start=\"756\" data-end=\"766\"><span class=\"BZ_Pyq_fadeIn\">Chanel<\/span><\/strong><\/p>\n<\/li>\n<li data-section-id=\"4f65gb\" data-start=\"767\" data-end=\"784\">\n<p data-start=\"769\" data-end=\"784\"><span class=\"BZ_Pyq_fadeIn\">model: <\/span><strong data-start=\"776\" data-end=\"784\"><span class=\"BZ_Pyq_fadeIn\">3498<\/span><\/strong><\/p>\n<\/li>\n<li data-section-id=\"kfh788\" data-start=\"785\" data-end=\"820\">\n<p data-start=\"787\" data-end=\"820\"><span class=\"BZ_Pyq_fadeIn\">kolor: <\/span><strong data-start=\"794\" data-end=\"820\"><span class=\"BZ_Pyq_fadeIn\">C1827 \/ <\/span><span class=\"BZ_Pyq_fadeIn\">br\u0105zowy <\/span><span class=\"BZ_Pyq_fadeIn\">havana<\/span><\/strong><\/p>\n<\/li>\n<li data-section-id=\"8koamd\" data-start=\"821\" data-end=\"838\">\n<p data-start=\"823\" data-end=\"838\"><span class=\"BZ_Pyq_fadeIn\">rozmiar: <\/span><strong data-start=\"832\" data-end=\"838\"><span class=\"BZ_Pyq_fadeIn\">52<\/span><\/strong><\/p>\n<\/li>\n<li data-section-id=\"1h2lusg\" data-start=\"839\" data-end=\"863\">\n<p data-start=\"841\" data-end=\"863\"><span class=\"BZ_Pyq_fadeIn\">kszta\u0142t: <\/span><strong data-start=\"850\" data-end=\"863\"><span class=\"BZ_Pyq_fadeIn\">butterfly<\/span><\/strong><\/p>\n<\/li>\n<li data-section-id=\"1t6gogh\" data-start=\"864\" data-end=\"903\">\n<p data-start=\"866\" data-end=\"903\"><span class=\"BZ_Pyq_fadeIn\">materia\u0142 <\/span><span class=\"BZ_Pyq_fadeIn\">cz\u0119\u015bci <\/span><span class=\"BZ_Pyq_fadeIn\">przedniej: <\/span><strong data-start=\"893\" data-end=\"903\"><span class=\"BZ_Pyq_fadeIn\">acetat<\/span><\/strong><\/p>\n<\/li>\n<li data-section-id=\"1ftcqxh\" data-start=\"904\" data-end=\"944\">\n<p data-start=\"906\" data-end=\"944\"><span class=\"BZ_Pyq_fadeIn\">materia\u0142 <\/span><span class=\"BZ_Pyq_fadeIn\">cz\u0119\u015bci <\/span><span class=\"BZ_Pyq_fadeIn\">skroniowej: <\/span><strong data-start=\"934\" data-end=\"944\"><span class=\"BZ_Pyq_fadeIn\">acetat<\/span><\/strong><\/p>\n<\/li>\n<li data-section-id=\"12qcbjw\" data-start=\"945\" data-end=\"990\">\n<p data-start=\"947\" data-end=\"990\"><span class=\"BZ_Pyq_fadeIn\">kolor <\/span><span class=\"BZ_Pyq_fadeIn\">cz\u0119\u015bci <\/span><span class=\"BZ_Pyq_fadeIn\">skroniowej: <\/span><strong data-start=\"972\" data-end=\"990\"><span class=\"BZ_Pyq_fadeIn\">br\u0105zowy <\/span><span class=\"BZ_Pyq_fadeIn\">havana<\/span><\/strong><\/p>\n<\/li>\n<li data-section-id=\"188cdt0\" data-start=\"991\" data-end=\"1022\">\n<p data-start=\"993\" data-end=\"1022\"><span class=\"BZ_Pyq_fadeIn\">typ <\/span><span class=\"BZ_Pyq_fadeIn\">oprawy: <\/span><strong data-start=\"1005\" data-end=\"1022\"><span class=\"BZ_Pyq_fadeIn\">pe\u0142na <\/span><span class=\"BZ_Pyq_fadeIn\">oprawka<\/span><\/strong><\/p>\n<\/li>\n<li data-section-id=\"sxu6gk\" data-start=\"1023\" data-end=\"1052\">\n<p data-start=\"1025\" data-end=\"1052\"><span class=\"BZ_Pyq_fadeIn\">wyko\u0144czenie: <\/span><strong data-start=\"1038\" data-end=\"1052\"><span class=\"BZ_Pyq_fadeIn\">polerowane<\/span><\/strong><\/p>\n<\/li>\n<\/ul>\n","protected":false},"featured_media":8191,"template":"","meta":{"_acf_changed":false},"product_brand":[793],"product_cat":[51],"product_tag":[],"model":[809],"class_list":{"0":"post-8186","1":"product","2":"type-product","3":"status-publish","4":"has-post-thumbnail","6":"product_brand-chanel","7":"product_cat-okulary-korekcyjne","8":"model-809","10":"first","11":"instock","12":"taxable","13":"shipping-taxable","14":"purchasable","15":"product-type-simple"},"acf":[],"aioseo_notices":[],"_links":{"self":[{"href":"https:\/\/markoweokulary.pl\/pl\/wp-json\/wp\/v2\/product\/8186","targetHints":{"allow":["GET"]}}],"collection":[{"href":"https:\/\/markoweokulary.pl\/pl\/wp-json\/wp\/v2\/product"}],"about":[{"href":"https:\/\/markoweokulary.pl\/pl\/wp-json\/wp\/v2\/types\/product"}],"version-history":[{"count":0,"href":"https:\/\/markoweokulary.pl\/pl\/wp-json\/wp\/v2\/product\/8186\/revisions"}],"wp:featuredmedia":[{"embeddable":true,"href":"https:\/\/markoweokulary.pl\/pl\/wp-json\/wp\/v2\/media\/8191"}],"wp:attachment":[{"href":"https:\/\/markoweokulary.pl\/pl\/wp-json\/wp\/v2\/media?parent=8186"}],"wp:term":[{"taxonomy":"product_brand","embeddable":true,"href":"https:\/\/markoweokulary.pl\/pl\/wp-json\/wp\/v2\/product_brand?post=8186"},{"taxonomy":"product_cat","embeddable":true,"href":"https:\/\/markoweokulary.pl\/pl\/wp-json\/wp\/v2\/product_cat?post=8186"},{"taxonomy":"product_tag","embeddable":true,"href":"https:\/\/markoweokulary.pl\/pl\/wp-json\/wp\/v2\/product_tag?post=8186"},{"taxonomy":"model","embeddable":true,"href":"https:\/\/markoweokulary.pl\/pl\/wp-json\/wp\/v2\/model?post=8186"}],"curies":[{"name":"wp","href":"https:\/\/api.w.org\/{rel}","templated":true}]}}