{"id":8179,"date":"2026-03-18T16:19:33","date_gmt":"2026-03-18T15:19:33","guid":{"rendered":"https:\/\/markoweokulary.pl\/?post_type=product&#038;p=8179"},"modified":"2026-03-18T17:01:15","modified_gmt":"2026-03-18T16:01:15","slug":"chanel-3483-54-c622","status":"publish","type":"product","link":"https:\/\/markoweokulary.pl\/pl\/produkt\/chanel-3483-54-c622\/","title":{"rendered":"Chanel 3483 &#8211; 54 | C622"},"content":{"rendered":"<p><span class=\"BZ_Pyq_fadeIn\">Model <\/span><strong data-start=\"1425\" data-end=\"1445\"><span class=\"BZ_Pyq_fadeIn\">Chanel <\/span><span class=\"BZ_Pyq_fadeIn\">3483 <\/span><span class=\"BZ_Pyq_fadeIn\">C622<\/span><\/strong> <span class=\"BZ_Pyq_fadeIn\">b\u0119dzie <\/span><span class=\"BZ_Pyq_fadeIn\">idealny <\/span><span class=\"BZ_Pyq_fadeIn\">dla <\/span><span class=\"BZ_Pyq_fadeIn\">kobiet, <\/span><span class=\"BZ_Pyq_fadeIn\">kt\u00f3re <\/span><span class=\"BZ_Pyq_fadeIn\">szukaj\u0105 <\/span><span class=\"BZ_Pyq_fadeIn\">opraw <\/span><strong data-start=\"1493\" data-end=\"1554\"><span class=\"BZ_Pyq_fadeIn\">eleganckich, <\/span><span class=\"BZ_Pyq_fadeIn\">nowoczesnych <\/span><span class=\"BZ_Pyq_fadeIn\">i <\/span><span class=\"BZ_Pyq_fadeIn\">bardziej <\/span><span class=\"BZ_Pyq_fadeIn\">wyrazistych <\/span><span class=\"BZ_Pyq_fadeIn\">w <\/span><span class=\"BZ_Pyq_fadeIn\">formie<\/span><\/strong><span class=\"BZ_Pyq_fadeIn\">. <\/span><span class=\"BZ_Pyq_fadeIn\">Kwadratowy <\/span><span class=\"BZ_Pyq_fadeIn\">front <\/span><span class=\"BZ_Pyq_fadeIn\">dobrze <\/span><span class=\"BZ_Pyq_fadeIn\">prezentuje <\/span><span class=\"BZ_Pyq_fadeIn\">si\u0119 <\/span><span class=\"BZ_Pyq_fadeIn\">szczeg\u00f3lnie <\/span><span class=\"BZ_Pyq_fadeIn\">przy <\/span><span class=\"BZ_Pyq_fadeIn\">twarzach <\/span><strong data-start=\"1621\" data-end=\"1672\"><span class=\"BZ_Pyq_fadeIn\">owalnych, <\/span><span class=\"BZ_Pyq_fadeIn\">sercowatych, <\/span><span class=\"BZ_Pyq_fadeIn\">kwadratowych <\/span><span class=\"BZ_Pyq_fadeIn\">i <\/span><span class=\"BZ_Pyq_fadeIn\">okr\u0105g\u0142ych<\/span><\/strong><span class=\"BZ_Pyq_fadeIn\">, <\/span><span class=\"BZ_Pyq_fadeIn\">dodaj\u0105c <\/span><span class=\"BZ_Pyq_fadeIn\">im <\/span><span class=\"BZ_Pyq_fadeIn\">struktury <\/span><span class=\"BZ_Pyq_fadeIn\">i <\/span><span class=\"BZ_Pyq_fadeIn\">charakteru. <\/span><span class=\"BZ_Pyq_fadeIn\">To <\/span><span class=\"BZ_Pyq_fadeIn\">bardzo <\/span><span class=\"BZ_Pyq_fadeIn\">dobra <\/span><span class=\"BZ_Pyq_fadeIn\">propozycja <\/span><span class=\"BZ_Pyq_fadeIn\">dla <\/span><span class=\"BZ_Pyq_fadeIn\">os\u00f3b, <\/span><span class=\"BZ_Pyq_fadeIn\">kt\u00f3re <\/span><span class=\"BZ_Pyq_fadeIn\">lubi\u0105 <\/span><span class=\"BZ_Pyq_fadeIn\">wi\u0119ksze, <\/span><span class=\"BZ_Pyq_fadeIn\">bardziej <\/span><span class=\"BZ_Pyq_fadeIn\">zdecydowane <\/span><span class=\"BZ_Pyq_fadeIn\">okulary, <\/span><span class=\"BZ_Pyq_fadeIn\">ale <\/span><span class=\"BZ_Pyq_fadeIn\">nadal <\/span><span class=\"BZ_Pyq_fadeIn\">w <\/span><span class=\"BZ_Pyq_fadeIn\">luksusowym, <\/span><span class=\"BZ_Pyq_fadeIn\">uporz\u0105dkowanym <\/span><span class=\"BZ_Pyq_fadeIn\">wydaniu.<\/span><\/p>\n","protected":false},"excerpt":{"rendered":"<p data-start=\"67\" data-end=\"426\"><strong data-start=\"67\" data-end=\"87\"><span class=\"BZ_Pyq_fadeIn\">Chanel <\/span><span class=\"BZ_Pyq_fadeIn\">3483 <\/span><span class=\"BZ_Pyq_fadeIn\">C622<\/span><\/strong> <span class=\"BZ_Pyq_fadeIn\">to <\/span><span class=\"BZ_Pyq_fadeIn\">eleganckie, <\/span><span class=\"BZ_Pyq_fadeIn\">damskie <\/span><span class=\"BZ_Pyq_fadeIn\">oprawy <\/span><span class=\"BZ_Pyq_fadeIn\">korekcyjne <\/span><span class=\"BZ_Pyq_fadeIn\">o <\/span><strong data-start=\"131\" data-end=\"156\"><span class=\"BZ_Pyq_fadeIn\">kwadratowym <\/span><span class=\"BZ_Pyq_fadeIn\">kszta\u0142cie<\/span><\/strong><span class=\"BZ_Pyq_fadeIn\">, <\/span><span class=\"BZ_Pyq_fadeIn\">kt\u00f3re <\/span><span class=\"BZ_Pyq_fadeIn\">\u0142\u0105cz\u0105 <\/span><span class=\"BZ_Pyq_fadeIn\">nowoczesn\u0105, <\/span><span class=\"BZ_Pyq_fadeIn\">wyrazist\u0105 <\/span><span class=\"BZ_Pyq_fadeIn\">form\u0119 <\/span><span class=\"BZ_Pyq_fadeIn\">z <\/span><span class=\"BZ_Pyq_fadeIn\">ponadczasow\u0105 <\/span><span class=\"BZ_Pyq_fadeIn\">estetyk\u0105 <\/span><span class=\"BZ_Pyq_fadeIn\">marki <\/span><span class=\"BZ_Pyq_fadeIn\">Chanel. <\/span><span class=\"BZ_Pyq_fadeIn\">Model <\/span><span class=\"BZ_Pyq_fadeIn\">w <\/span><span class=\"BZ_Pyq_fadeIn\">rozmiarze <\/span><strong data-start=\"254\" data-end=\"260\"><span class=\"BZ_Pyq_fadeIn\">54<\/span><\/strong> <span class=\"BZ_Pyq_fadeIn\">ma <\/span><span class=\"BZ_Pyq_fadeIn\">bardziej <\/span><span class=\"BZ_Pyq_fadeIn\">zdecydowany <\/span><span class=\"BZ_Pyq_fadeIn\">front <\/span><span class=\"BZ_Pyq_fadeIn\">i <\/span><span class=\"BZ_Pyq_fadeIn\">szerokie <\/span><span class=\"BZ_Pyq_fadeIn\">dopasowanie, <\/span><span class=\"BZ_Pyq_fadeIn\">dzi\u0119ki <\/span><span class=\"BZ_Pyq_fadeIn\">czemu <\/span><span class=\"BZ_Pyq_fadeIn\">\u015bwietnie <\/span><span class=\"BZ_Pyq_fadeIn\">sprawdzi <\/span><span class=\"BZ_Pyq_fadeIn\">si\u0119 <\/span><span class=\"BZ_Pyq_fadeIn\">u <\/span><span class=\"BZ_Pyq_fadeIn\">os\u00f3b, <\/span><span class=\"BZ_Pyq_fadeIn\">kt\u00f3re <\/span><span class=\"BZ_Pyq_fadeIn\">lubi\u0105 <\/span><span class=\"BZ_Pyq_fadeIn\">okulary <\/span><span class=\"BZ_Pyq_fadeIn\">buduj\u0105ce <\/span><span class=\"BZ_Pyq_fadeIn\">stylizacj\u0119 <\/span><span class=\"BZ_Pyq_fadeIn\">i <\/span><span class=\"BZ_Pyq_fadeIn\">podkre\u015blaj\u0105ce <\/span><span class=\"BZ_Pyq_fadeIn\">rysy <\/span><span class=\"BZ_Pyq_fadeIn\">twarzy.<\/span><\/p>\n<p data-start=\"428\" data-end=\"756\"><span class=\"BZ_Pyq_fadeIn\">Model <\/span><span class=\"BZ_Pyq_fadeIn\">zosta\u0142 <\/span><span class=\"BZ_Pyq_fadeIn\">wykonany <\/span><span class=\"BZ_Pyq_fadeIn\">z <\/span><strong data-start=\"454\" data-end=\"465\"><span class=\"BZ_Pyq_fadeIn\">acetatu<\/span><\/strong> <span class=\"BZ_Pyq_fadeIn\">i <\/span><span class=\"BZ_Pyq_fadeIn\">ma <\/span><strong data-start=\"471\" data-end=\"487\"><span class=\"BZ_Pyq_fadeIn\">pe\u0142n\u0105 <\/span><span class=\"BZ_Pyq_fadeIn\">opraw\u0119<\/span><\/strong><span class=\"BZ_Pyq_fadeIn\">, <\/span><span class=\"BZ_Pyq_fadeIn\">co <\/span><span class=\"BZ_Pyq_fadeIn\">zapewnia <\/span><span class=\"BZ_Pyq_fadeIn\">stabilno\u015b\u0107, <\/span><span class=\"BZ_Pyq_fadeIn\">estetyczny <\/span><span class=\"BZ_Pyq_fadeIn\">wygl\u0105d <\/span><span class=\"BZ_Pyq_fadeIn\">oraz <\/span><span class=\"BZ_Pyq_fadeIn\">dobre <\/span><span class=\"BZ_Pyq_fadeIn\">warunki <\/span><span class=\"BZ_Pyq_fadeIn\">do <\/span><span class=\"BZ_Pyq_fadeIn\">monta\u017cu <\/span><span class=\"BZ_Pyq_fadeIn\">soczewek <\/span><span class=\"BZ_Pyq_fadeIn\">korekcyjnych. <\/span><span class=\"BZ_Pyq_fadeIn\">Polerowane <\/span><span class=\"BZ_Pyq_fadeIn\">wyko\u0144czenie <\/span><span class=\"BZ_Pyq_fadeIn\">dodaje <\/span><span class=\"BZ_Pyq_fadeIn\">ca\u0142o\u015bci <\/span><span class=\"BZ_Pyq_fadeIn\">elegancji, <\/span><span class=\"BZ_Pyq_fadeIn\">a <\/span><strong data-start=\"635\" data-end=\"655\"><span class=\"BZ_Pyq_fadeIn\">regulowane <\/span><span class=\"BZ_Pyq_fadeIn\">noski<\/span><\/strong> <span class=\"BZ_Pyq_fadeIn\">zwi\u0119kszaj\u0105 <\/span><span class=\"BZ_Pyq_fadeIn\">komfort <\/span><span class=\"BZ_Pyq_fadeIn\">dopasowania. <\/span><span class=\"BZ_Pyq_fadeIn\">To <\/span><span class=\"BZ_Pyq_fadeIn\">model, <\/span><span class=\"BZ_Pyq_fadeIn\">kt\u00f3ry <\/span><span class=\"BZ_Pyq_fadeIn\">\u0142\u0105czy <\/span><span class=\"BZ_Pyq_fadeIn\">modowy <\/span><span class=\"BZ_Pyq_fadeIn\">charakter <\/span><span class=\"BZ_Pyq_fadeIn\">z <\/span><span class=\"BZ_Pyq_fadeIn\">codzienn\u0105 <\/span><span class=\"BZ_Pyq_fadeIn\">funkcjonalno\u015bci\u0105.<\/span><\/p>\n<p data-start=\"758\" data-end=\"779\"><strong data-start=\"758\" data-end=\"779\"><span class=\"BZ_Pyq_fadeIn\">Szczeg\u00f3\u0142y <\/span><span class=\"BZ_Pyq_fadeIn\">modelu:<\/span><\/strong><\/p>\n<ul data-start=\"780\" data-end=\"1401\">\n<li data-section-id=\"nl6r9n\" data-start=\"780\" data-end=\"799\">\n<p data-start=\"782\" data-end=\"799\"><span class=\"BZ_Pyq_fadeIn\">marka: <\/span><strong data-start=\"789\" data-end=\"799\"><span class=\"BZ_Pyq_fadeIn\">Chanel<\/span><\/strong><\/p>\n<\/li>\n<li data-section-id=\"4f6q41\" data-start=\"800\" data-end=\"817\">\n<p data-start=\"802\" data-end=\"817\"><span class=\"BZ_Pyq_fadeIn\">model: <\/span><strong data-start=\"809\" data-end=\"817\"><span class=\"BZ_Pyq_fadeIn\">3483<\/span><\/strong><\/p>\n<\/li>\n<li data-section-id=\"6i8t3m\" data-start=\"818\" data-end=\"835\">\n<p data-start=\"820\" data-end=\"835\"><span class=\"BZ_Pyq_fadeIn\">kolor: <\/span><strong data-start=\"827\" data-end=\"835\"><span class=\"BZ_Pyq_fadeIn\">C622<\/span><\/strong><\/p>\n<\/li>\n<li data-section-id=\"8ko8ub\" data-start=\"836\" data-end=\"853\">\n<p data-start=\"838\" data-end=\"853\"><span class=\"BZ_Pyq_fadeIn\">rozmiar: <\/span><strong data-start=\"847\" data-end=\"853\"><span class=\"BZ_Pyq_fadeIn\">54<\/span><\/strong><\/p>\n<\/li>\n<li data-section-id=\"11yuhf4\" data-start=\"854\" data-end=\"879\">\n<p data-start=\"856\" data-end=\"879\"><span class=\"BZ_Pyq_fadeIn\">kszta\u0142t: <\/span><strong data-start=\"865\" data-end=\"879\"><span class=\"BZ_Pyq_fadeIn\">kwadratowe<\/span><\/strong><\/p>\n<\/li>\n<li data-section-id=\"1t6gogh\" data-start=\"880\" data-end=\"919\">\n<p data-start=\"882\" data-end=\"919\"><span class=\"BZ_Pyq_fadeIn\">materia\u0142 <\/span><span class=\"BZ_Pyq_fadeIn\">cz\u0119\u015bci <\/span><span class=\"BZ_Pyq_fadeIn\">przedniej: <\/span><strong data-start=\"909\" data-end=\"919\"><span class=\"BZ_Pyq_fadeIn\">acetat<\/span><\/strong><\/p>\n<\/li>\n<li data-section-id=\"1ftcqxh\" data-start=\"920\" data-end=\"960\">\n<p data-start=\"922\" data-end=\"960\"><span class=\"BZ_Pyq_fadeIn\">materia\u0142 <\/span><span class=\"BZ_Pyq_fadeIn\">cz\u0119\u015bci <\/span><span class=\"BZ_Pyq_fadeIn\">skroniowej: <\/span><strong data-start=\"950\" data-end=\"960\"><span class=\"BZ_Pyq_fadeIn\">acetat<\/span><\/strong><\/p>\n<\/li>\n<li data-section-id=\"ueeyke\" data-start=\"961\" data-end=\"998\">\n<p data-start=\"963\" data-end=\"998\"><span class=\"BZ_Pyq_fadeIn\">kolor <\/span><span class=\"BZ_Pyq_fadeIn\">cz\u0119\u015bci <\/span><span class=\"BZ_Pyq_fadeIn\">skroniowej: <\/span><strong data-start=\"988\" data-end=\"998\"><span class=\"BZ_Pyq_fadeIn\">czarny<\/span><\/strong><\/p>\n<\/li>\n<li data-section-id=\"188cdt0\" data-start=\"999\" data-end=\"1030\">\n<p data-start=\"1001\" data-end=\"1030\"><span class=\"BZ_Pyq_fadeIn\">typ <\/span><span class=\"BZ_Pyq_fadeIn\">oprawy: <\/span><strong data-start=\"1013\" data-end=\"1030\"><span class=\"BZ_Pyq_fadeIn\">pe\u0142na <\/span><span class=\"BZ_Pyq_fadeIn\">oprawka<\/span><\/strong><\/p>\n<\/li>\n<li data-section-id=\"sxu6gk\" data-start=\"1031\" data-end=\"1060\">\n<p data-start=\"1033\" data-end=\"1060\"><span class=\"BZ_Pyq_fadeIn\">wyko\u0144czenie: <\/span><strong data-start=\"1046\" data-end=\"1060\"><span class=\"BZ_Pyq_fadeIn\">polerowane<\/span><\/strong><\/p>\n<\/li>\n<\/ul>\n","protected":false},"featured_media":8184,"template":"","meta":{"_acf_changed":false},"product_brand":[793],"product_cat":[51],"product_tag":[],"model":[807],"class_list":{"0":"post-8179","1":"product","2":"type-product","3":"status-publish","4":"has-post-thumbnail","6":"product_brand-chanel","7":"product_cat-okulary-korekcyjne","8":"model-807","10":"first","11":"instock","12":"taxable","13":"shipping-taxable","14":"purchasable","15":"product-type-simple"},"acf":[],"aioseo_notices":[],"_links":{"self":[{"href":"https:\/\/markoweokulary.pl\/pl\/wp-json\/wp\/v2\/product\/8179","targetHints":{"allow":["GET"]}}],"collection":[{"href":"https:\/\/markoweokulary.pl\/pl\/wp-json\/wp\/v2\/product"}],"about":[{"href":"https:\/\/markoweokulary.pl\/pl\/wp-json\/wp\/v2\/types\/product"}],"version-history":[{"count":0,"href":"https:\/\/markoweokulary.pl\/pl\/wp-json\/wp\/v2\/product\/8179\/revisions"}],"wp:featuredmedia":[{"embeddable":true,"href":"https:\/\/markoweokulary.pl\/pl\/wp-json\/wp\/v2\/media\/8184"}],"wp:attachment":[{"href":"https:\/\/markoweokulary.pl\/pl\/wp-json\/wp\/v2\/media?parent=8179"}],"wp:term":[{"taxonomy":"product_brand","embeddable":true,"href":"https:\/\/markoweokulary.pl\/pl\/wp-json\/wp\/v2\/product_brand?post=8179"},{"taxonomy":"product_cat","embeddable":true,"href":"https:\/\/markoweokulary.pl\/pl\/wp-json\/wp\/v2\/product_cat?post=8179"},{"taxonomy":"product_tag","embeddable":true,"href":"https:\/\/markoweokulary.pl\/pl\/wp-json\/wp\/v2\/product_tag?post=8179"},{"taxonomy":"model","embeddable":true,"href":"https:\/\/markoweokulary.pl\/pl\/wp-json\/wp\/v2\/model?post=8179"}],"curies":[{"name":"wp","href":"https:\/\/api.w.org\/{rel}","templated":true}]}}