{"id":8172,"date":"2026-03-18T16:09:37","date_gmt":"2026-03-18T15:09:37","guid":{"rendered":"https:\/\/markoweokulary.pl\/?post_type=product&#038;p=8172"},"modified":"2026-03-18T17:01:15","modified_gmt":"2026-03-18T16:01:15","slug":"chanel-3472-54-c534","status":"publish","type":"product","link":"https:\/\/markoweokulary.pl\/pl\/produkt\/chanel-3472-54-c534\/","title":{"rendered":"Chanel 3472 &#8211; 54 | C534"},"content":{"rendered":"<p><span class=\"BZ_Pyq_fadeIn\">Model <\/span><strong data-start=\"1497\" data-end=\"1517\"><span class=\"BZ_Pyq_fadeIn\">Chanel <\/span><span class=\"BZ_Pyq_fadeIn\">3472 <\/span><span class=\"BZ_Pyq_fadeIn\">C534<\/span><\/strong> <span class=\"BZ_Pyq_fadeIn\">b\u0119dzie <\/span><span class=\"BZ_Pyq_fadeIn\">idealny <\/span><span class=\"BZ_Pyq_fadeIn\">dla <\/span><span class=\"BZ_Pyq_fadeIn\">kobiet, <\/span><span class=\"BZ_Pyq_fadeIn\">kt\u00f3re <\/span><span class=\"BZ_Pyq_fadeIn\">szukaj\u0105 <\/span><span class=\"BZ_Pyq_fadeIn\">opraw <\/span><strong data-start=\"1565\" data-end=\"1628\"><span class=\"BZ_Pyq_fadeIn\">eleganckich, <\/span><span class=\"BZ_Pyq_fadeIn\">nowoczesnych <\/span><span class=\"BZ_Pyq_fadeIn\">i <\/span><span class=\"BZ_Pyq_fadeIn\">bardziej <\/span><span class=\"BZ_Pyq_fadeIn\">zdecydowanych <\/span><span class=\"BZ_Pyq_fadeIn\">w <\/span><span class=\"BZ_Pyq_fadeIn\">formie<\/span><\/strong><span class=\"BZ_Pyq_fadeIn\">, <\/span><span class=\"BZ_Pyq_fadeIn\">ale <\/span><span class=\"BZ_Pyq_fadeIn\">nadal <\/span><span class=\"BZ_Pyq_fadeIn\">bardzo <\/span><span class=\"BZ_Pyq_fadeIn\">uniwersalnych. <\/span><span class=\"BZ_Pyq_fadeIn\">Kwadratowy <\/span><span class=\"BZ_Pyq_fadeIn\">kszta\u0142t <\/span><span class=\"BZ_Pyq_fadeIn\">dobrze <\/span><span class=\"BZ_Pyq_fadeIn\">prezentuje <\/span><span class=\"BZ_Pyq_fadeIn\">si\u0119 <\/span><span class=\"BZ_Pyq_fadeIn\">szczeg\u00f3lnie <\/span><span class=\"BZ_Pyq_fadeIn\">przy <\/span><span class=\"BZ_Pyq_fadeIn\">twarzach <\/span><strong data-start=\"1729\" data-end=\"1753\"><span class=\"BZ_Pyq_fadeIn\">owalnych <\/span><span class=\"BZ_Pyq_fadeIn\">i <\/span><span class=\"BZ_Pyq_fadeIn\">okr\u0105g\u0142ych<\/span><\/strong><span class=\"BZ_Pyq_fadeIn\">, <\/span><span class=\"BZ_Pyq_fadeIn\">dodaj\u0105c <\/span><span class=\"BZ_Pyq_fadeIn\">im <\/span><span class=\"BZ_Pyq_fadeIn\">struktury <\/span><span class=\"BZ_Pyq_fadeIn\">i <\/span><span class=\"BZ_Pyq_fadeIn\">wyrazisto\u015bci. <\/span><span class=\"BZ_Pyq_fadeIn\">To <\/span><span class=\"BZ_Pyq_fadeIn\">\u015bwietna <\/span><span class=\"BZ_Pyq_fadeIn\">propozycja <\/span><span class=\"BZ_Pyq_fadeIn\">dla <\/span><span class=\"BZ_Pyq_fadeIn\">os\u00f3b, <\/span><span class=\"BZ_Pyq_fadeIn\">kt\u00f3re <\/span><span class=\"BZ_Pyq_fadeIn\">chc\u0105 <\/span><span class=\"BZ_Pyq_fadeIn\">klasycznej <\/span><span class=\"BZ_Pyq_fadeIn\">czerni, <\/span><span class=\"BZ_Pyq_fadeIn\">ale <\/span><span class=\"BZ_Pyq_fadeIn\">w <\/span><span class=\"BZ_Pyq_fadeIn\">bardziej <\/span><span class=\"BZ_Pyq_fadeIn\">dopracowanej, <\/span><span class=\"BZ_Pyq_fadeIn\">modowej <\/span><span class=\"BZ_Pyq_fadeIn\">ods\u0142onie.<\/span><\/p>\n","protected":false},"excerpt":{"rendered":"<p data-start=\"67\" data-end=\"477\"><strong data-start=\"67\" data-end=\"87\"><span class=\"BZ_Pyq_fadeIn\">Chanel <\/span><span class=\"BZ_Pyq_fadeIn\">3472 <\/span><span class=\"BZ_Pyq_fadeIn\">C534<\/span><\/strong> <span class=\"BZ_Pyq_fadeIn\">to <\/span><span class=\"BZ_Pyq_fadeIn\">eleganckie, <\/span><span class=\"BZ_Pyq_fadeIn\">damskie <\/span><span class=\"BZ_Pyq_fadeIn\">oprawy <\/span><span class=\"BZ_Pyq_fadeIn\">korekcyjne <\/span><span class=\"BZ_Pyq_fadeIn\">o <\/span><strong data-start=\"131\" data-end=\"156\"><span class=\"BZ_Pyq_fadeIn\">kwadratowym <\/span><span class=\"BZ_Pyq_fadeIn\">kszta\u0142cie<\/span><\/strong><span class=\"BZ_Pyq_fadeIn\">, <\/span><span class=\"BZ_Pyq_fadeIn\">kt\u00f3re <\/span><span class=\"BZ_Pyq_fadeIn\">\u0142\u0105cz\u0105 <\/span><span class=\"BZ_Pyq_fadeIn\">wyrazist\u0105 <\/span><span class=\"BZ_Pyq_fadeIn\">form\u0119 <\/span><span class=\"BZ_Pyq_fadeIn\">z <\/span><span class=\"BZ_Pyq_fadeIn\">subtelnym, <\/span><span class=\"BZ_Pyq_fadeIn\">luksusowym <\/span><span class=\"BZ_Pyq_fadeIn\">wyko\u0144czeniem. <\/span><span class=\"BZ_Pyq_fadeIn\">Klasyczna <\/span><strong data-start=\"234\" data-end=\"243\"><span class=\"BZ_Pyq_fadeIn\">czer\u0144<\/span><\/strong> <span class=\"BZ_Pyq_fadeIn\">na <\/span><span class=\"BZ_Pyq_fadeIn\">froncie <\/span><span class=\"BZ_Pyq_fadeIn\">zosta\u0142a <\/span><span class=\"BZ_Pyq_fadeIn\">zestawiona <\/span><span class=\"BZ_Pyq_fadeIn\">z <\/span><strong data-start=\"276\" data-end=\"307\"><span class=\"BZ_Pyq_fadeIn\">czarno-<\/span><span class=\"BZ_Pyq_fadeIn\">be\u017cowymi <\/span><span class=\"BZ_Pyq_fadeIn\">zausznikami<\/span><\/strong><span class=\"BZ_Pyq_fadeIn\">, <\/span><span class=\"BZ_Pyq_fadeIn\">dzi\u0119ki <\/span><span class=\"BZ_Pyq_fadeIn\">czemu <\/span><span class=\"BZ_Pyq_fadeIn\">model <\/span><span class=\"BZ_Pyq_fadeIn\">zyskuje <\/span><span class=\"BZ_Pyq_fadeIn\">bardziej <\/span><span class=\"BZ_Pyq_fadeIn\">mi\u0119kki <\/span><span class=\"BZ_Pyq_fadeIn\">i <\/span><span class=\"BZ_Pyq_fadeIn\">wyrafinowany <\/span><span class=\"BZ_Pyq_fadeIn\">charakter. <\/span><span class=\"BZ_Pyq_fadeIn\">To <\/span><span class=\"BZ_Pyq_fadeIn\">oprawa, <\/span><span class=\"BZ_Pyq_fadeIn\">kt\u00f3ra <\/span><span class=\"BZ_Pyq_fadeIn\">\u015bwietnie <\/span><span class=\"BZ_Pyq_fadeIn\">wpisuje <\/span><span class=\"BZ_Pyq_fadeIn\">si\u0119 <\/span><span class=\"BZ_Pyq_fadeIn\">w <\/span><span class=\"BZ_Pyq_fadeIn\">estetyk\u0119 <\/span><span class=\"BZ_Pyq_fadeIn\">Chanel \u2014 <\/span><span class=\"BZ_Pyq_fadeIn\">ponadczasow\u0105, <\/span><span class=\"BZ_Pyq_fadeIn\">eleganck\u0105 <\/span><span class=\"BZ_Pyq_fadeIn\">i <\/span><span class=\"BZ_Pyq_fadeIn\">bardzo <\/span><span class=\"BZ_Pyq_fadeIn\">kobiec\u0105.<\/span><\/p>\n<p data-start=\"479\" data-end=\"837\"><span class=\"BZ_Pyq_fadeIn\">Model <\/span><span class=\"BZ_Pyq_fadeIn\">zosta\u0142 <\/span><span class=\"BZ_Pyq_fadeIn\">wykonany <\/span><span class=\"BZ_Pyq_fadeIn\">z <\/span><strong data-start=\"503\" data-end=\"514\"><span class=\"BZ_Pyq_fadeIn\">acetatu<\/span><\/strong> <span class=\"BZ_Pyq_fadeIn\">i <\/span><span class=\"BZ_Pyq_fadeIn\">ma <\/span><strong data-start=\"520\" data-end=\"536\"><span class=\"BZ_Pyq_fadeIn\">pe\u0142n\u0105 <\/span><span class=\"BZ_Pyq_fadeIn\">opraw\u0119<\/span><\/strong><span class=\"BZ_Pyq_fadeIn\">, <\/span><span class=\"BZ_Pyq_fadeIn\">co <\/span><span class=\"BZ_Pyq_fadeIn\">zapewnia <\/span><span class=\"BZ_Pyq_fadeIn\">dobr\u0105 <\/span><span class=\"BZ_Pyq_fadeIn\">stabilno\u015b\u0107, <\/span><span class=\"BZ_Pyq_fadeIn\">wyrazisty <\/span><span class=\"BZ_Pyq_fadeIn\">front <\/span><span class=\"BZ_Pyq_fadeIn\">i <\/span><span class=\"BZ_Pyq_fadeIn\">estetyczny <\/span><span class=\"BZ_Pyq_fadeIn\">wygl\u0105d <\/span><span class=\"BZ_Pyq_fadeIn\">r\u00f3wnie\u017c <\/span><span class=\"BZ_Pyq_fadeIn\">przy <\/span><span class=\"BZ_Pyq_fadeIn\">soczewkach <\/span><span class=\"BZ_Pyq_fadeIn\">korekcyjnych. <\/span><span class=\"BZ_Pyq_fadeIn\">Polerowane <\/span><span class=\"BZ_Pyq_fadeIn\">wyko\u0144czenie <\/span><span class=\"BZ_Pyq_fadeIn\">podkre\u015bla <\/span><span class=\"BZ_Pyq_fadeIn\">szlachetny <\/span><span class=\"BZ_Pyq_fadeIn\">charakter <\/span><span class=\"BZ_Pyq_fadeIn\">okular\u00f3w, <\/span><span class=\"BZ_Pyq_fadeIn\">a <\/span><span class=\"BZ_Pyq_fadeIn\">rozmiar <\/span><strong data-start=\"716\" data-end=\"722\"><span class=\"BZ_Pyq_fadeIn\">54<\/span><\/strong> <span class=\"BZ_Pyq_fadeIn\">sprawia, <\/span><span class=\"BZ_Pyq_fadeIn\">\u017ce <\/span><span class=\"BZ_Pyq_fadeIn\">model <\/span><span class=\"BZ_Pyq_fadeIn\">dobrze <\/span><span class=\"BZ_Pyq_fadeIn\">odnajdzie <\/span><span class=\"BZ_Pyq_fadeIn\">si\u0119 <\/span><span class=\"BZ_Pyq_fadeIn\">u <\/span><span class=\"BZ_Pyq_fadeIn\">os\u00f3b <\/span><span class=\"BZ_Pyq_fadeIn\">szukaj\u0105cych <\/span><span class=\"BZ_Pyq_fadeIn\">nieco <\/span><span class=\"BZ_Pyq_fadeIn\">bardziej <\/span><span class=\"BZ_Pyq_fadeIn\">wyrazistej, <\/span><span class=\"BZ_Pyq_fadeIn\">ale <\/span><span class=\"BZ_Pyq_fadeIn\">nadal <\/span><span class=\"BZ_Pyq_fadeIn\">eleganckiej <\/span><span class=\"BZ_Pyq_fadeIn\">oprawy.<\/span><\/p>\n<p data-start=\"839\" data-end=\"860\"><strong data-start=\"839\" data-end=\"860\"><span class=\"BZ_Pyq_fadeIn\">Szczeg\u00f3\u0142y <\/span><span class=\"BZ_Pyq_fadeIn\">modelu:<\/span><\/strong><\/p>\n<ul data-start=\"861\" data-end=\"1473\">\n<li data-section-id=\"nl6r9n\" data-start=\"861\" data-end=\"880\">\n<p data-start=\"863\" data-end=\"880\"><span class=\"BZ_Pyq_fadeIn\">marka: <\/span><strong data-start=\"870\" data-end=\"880\"><span class=\"BZ_Pyq_fadeIn\">Chanel<\/span><\/strong><\/p>\n<\/li>\n<li data-section-id=\"4fdppb\" data-start=\"881\" data-end=\"898\">\n<p data-start=\"883\" data-end=\"898\"><span class=\"BZ_Pyq_fadeIn\">model: <\/span><strong data-start=\"890\" data-end=\"898\"><span class=\"BZ_Pyq_fadeIn\">3472<\/span><\/strong><\/p>\n<\/li>\n<li data-section-id=\"6g9wfq\" data-start=\"899\" data-end=\"916\">\n<p data-start=\"901\" data-end=\"916\"><span class=\"BZ_Pyq_fadeIn\">kolor: <\/span><strong data-start=\"908\" data-end=\"916\"><span class=\"BZ_Pyq_fadeIn\">C534<\/span><\/strong><\/p>\n<\/li>\n<li data-section-id=\"k4pei6\" data-start=\"917\" data-end=\"943\">\n<p data-start=\"919\" data-end=\"943\"><span class=\"BZ_Pyq_fadeIn\">kolor <\/span><span class=\"BZ_Pyq_fadeIn\">frontu: <\/span><strong data-start=\"933\" data-end=\"943\"><span class=\"BZ_Pyq_fadeIn\">czarny<\/span><\/strong><\/p>\n<\/li>\n<li data-section-id=\"uszxq7\" data-start=\"944\" data-end=\"988\">\n<p data-start=\"946\" data-end=\"988\"><span class=\"BZ_Pyq_fadeIn\">kolor <\/span><span class=\"BZ_Pyq_fadeIn\">cz\u0119\u015bci <\/span><span class=\"BZ_Pyq_fadeIn\">skroniowej: <\/span><strong data-start=\"971\" data-end=\"988\"><span class=\"BZ_Pyq_fadeIn\">czarno-<\/span><span class=\"BZ_Pyq_fadeIn\">be\u017cowy<\/span><\/strong><\/p>\n<\/li>\n<li data-section-id=\"8ko8ub\" data-start=\"989\" data-end=\"1006\">\n<p data-start=\"991\" data-end=\"1006\"><span class=\"BZ_Pyq_fadeIn\">rozmiar: <\/span><strong data-start=\"1000\" data-end=\"1006\"><span class=\"BZ_Pyq_fadeIn\">54<\/span><\/strong><\/p>\n<\/li>\n<li data-section-id=\"11yuhf4\" data-start=\"1007\" data-end=\"1032\">\n<p data-start=\"1009\" data-end=\"1032\"><span class=\"BZ_Pyq_fadeIn\">kszta\u0142t: <\/span><strong data-start=\"1018\" data-end=\"1032\"><span class=\"BZ_Pyq_fadeIn\">kwadratowe<\/span><\/strong><\/p>\n<\/li>\n<li data-section-id=\"1t6gogh\" data-start=\"1033\" data-end=\"1072\">\n<p data-start=\"1035\" data-end=\"1072\"><span class=\"BZ_Pyq_fadeIn\">materia\u0142 <\/span><span class=\"BZ_Pyq_fadeIn\">cz\u0119\u015bci <\/span><span class=\"BZ_Pyq_fadeIn\">przedniej: <\/span><strong data-start=\"1062\" data-end=\"1072\"><span class=\"BZ_Pyq_fadeIn\">acetat<\/span><\/strong><\/p>\n<\/li>\n<li data-section-id=\"1ftcqxh\" data-start=\"1073\" data-end=\"1113\">\n<p data-start=\"1075\" data-end=\"1113\"><span class=\"BZ_Pyq_fadeIn\">materia\u0142 <\/span><span class=\"BZ_Pyq_fadeIn\">cz\u0119\u015bci <\/span><span class=\"BZ_Pyq_fadeIn\">skroniowej: <\/span><strong data-start=\"1103\" data-end=\"1113\"><span class=\"BZ_Pyq_fadeIn\">acetat<\/span><\/strong><\/p>\n<\/li>\n<li data-section-id=\"188cdt0\" data-start=\"1114\" data-end=\"1145\">\n<p data-start=\"1116\" data-end=\"1145\"><span class=\"BZ_Pyq_fadeIn\">typ <\/span><span class=\"BZ_Pyq_fadeIn\">oprawy: <\/span><strong data-start=\"1128\" data-end=\"1145\"><span class=\"BZ_Pyq_fadeIn\">pe\u0142na <\/span><span class=\"BZ_Pyq_fadeIn\">oprawka<\/span><\/strong><\/p>\n<\/li>\n<li data-section-id=\"sxu6gk\" data-start=\"1146\" data-end=\"1175\">\n<p data-start=\"1148\" data-end=\"1175\"><span class=\"BZ_Pyq_fadeIn\">wyko\u0144czenie: <\/span><strong data-start=\"1161\" data-end=\"1175\"><span class=\"BZ_Pyq_fadeIn\">polerowane<\/span><\/strong><\/p>\n<\/li>\n<\/ul>\n","protected":false},"featured_media":8177,"template":"","meta":{"_acf_changed":false},"product_brand":[793],"product_cat":[51],"product_tag":[],"model":[805],"class_list":{"0":"post-8172","1":"product","2":"type-product","3":"status-publish","4":"has-post-thumbnail","6":"product_brand-chanel","7":"product_cat-okulary-korekcyjne","8":"model-805","10":"first","11":"instock","12":"taxable","13":"shipping-taxable","14":"purchasable","15":"product-type-simple"},"acf":[],"aioseo_notices":[],"_links":{"self":[{"href":"https:\/\/markoweokulary.pl\/pl\/wp-json\/wp\/v2\/product\/8172","targetHints":{"allow":["GET"]}}],"collection":[{"href":"https:\/\/markoweokulary.pl\/pl\/wp-json\/wp\/v2\/product"}],"about":[{"href":"https:\/\/markoweokulary.pl\/pl\/wp-json\/wp\/v2\/types\/product"}],"version-history":[{"count":0,"href":"https:\/\/markoweokulary.pl\/pl\/wp-json\/wp\/v2\/product\/8172\/revisions"}],"wp:featuredmedia":[{"embeddable":true,"href":"https:\/\/markoweokulary.pl\/pl\/wp-json\/wp\/v2\/media\/8177"}],"wp:attachment":[{"href":"https:\/\/markoweokulary.pl\/pl\/wp-json\/wp\/v2\/media?parent=8172"}],"wp:term":[{"taxonomy":"product_brand","embeddable":true,"href":"https:\/\/markoweokulary.pl\/pl\/wp-json\/wp\/v2\/product_brand?post=8172"},{"taxonomy":"product_cat","embeddable":true,"href":"https:\/\/markoweokulary.pl\/pl\/wp-json\/wp\/v2\/product_cat?post=8172"},{"taxonomy":"product_tag","embeddable":true,"href":"https:\/\/markoweokulary.pl\/pl\/wp-json\/wp\/v2\/product_tag?post=8172"},{"taxonomy":"model","embeddable":true,"href":"https:\/\/markoweokulary.pl\/pl\/wp-json\/wp\/v2\/model?post=8172"}],"curies":[{"name":"wp","href":"https:\/\/api.w.org\/{rel}","templated":true}]}}