{"id":8165,"date":"2026-03-18T15:59:35","date_gmt":"2026-03-18T14:59:35","guid":{"rendered":"https:\/\/markoweokulary.pl\/?post_type=product&#038;p=8165"},"modified":"2026-03-18T17:01:15","modified_gmt":"2026-03-18T16:01:15","slug":"chanel-3464-55-c1459","status":"publish","type":"product","link":"https:\/\/markoweokulary.pl\/pl\/produkt\/chanel-3464-55-c1459\/","title":{"rendered":"Chanel 3464 &#8211; 55 | C1459"},"content":{"rendered":"<p><span class=\"BZ_Pyq_fadeIn\">Model <\/span><strong data-start=\"1140\" data-end=\"1161\"><span class=\"BZ_Pyq_fadeIn\">Chanel <\/span><span class=\"BZ_Pyq_fadeIn\">3464 <\/span><span class=\"BZ_Pyq_fadeIn\">C1459<\/span><\/strong> <span class=\"BZ_Pyq_fadeIn\">b\u0119dzie <\/span><span class=\"BZ_Pyq_fadeIn\">idealny <\/span><span class=\"BZ_Pyq_fadeIn\">dla <\/span><span class=\"BZ_Pyq_fadeIn\">kobiet, <\/span><span class=\"BZ_Pyq_fadeIn\">kt\u00f3re <\/span><span class=\"BZ_Pyq_fadeIn\">szukaj\u0105 <\/span><span class=\"BZ_Pyq_fadeIn\">opraw <\/span><strong data-start=\"1209\" data-end=\"1311\"><span class=\"BZ_Pyq_fadeIn\">kobiecych, <\/span><span class=\"BZ_Pyq_fadeIn\">eleganckich <\/span><span class=\"BZ_Pyq_fadeIn\">i <\/span><span class=\"BZ_Pyq_fadeIn\">troch\u0119 <\/span><span class=\"BZ_Pyq_fadeIn\">bardziej <\/span><span class=\"BZ_Pyq_fadeIn\">wyrazistych <\/span><span class=\"BZ_Pyq_fadeIn\">kolorystycznie <\/span><span class=\"BZ_Pyq_fadeIn\">ni\u017c <\/span><span class=\"BZ_Pyq_fadeIn\">klasyczna <\/span><span class=\"BZ_Pyq_fadeIn\">czer\u0144 <\/span><span class=\"BZ_Pyq_fadeIn\">lub <\/span><span class=\"BZ_Pyq_fadeIn\">havana<\/span><\/strong><span class=\"BZ_Pyq_fadeIn\">. <\/span><span class=\"BZ_Pyq_fadeIn\">Kszta\u0142t <\/span><span class=\"BZ_Pyq_fadeIn\">cat <\/span><span class=\"BZ_Pyq_fadeIn\">eye <\/span><span class=\"BZ_Pyq_fadeIn\">pi\u0119knie <\/span><span class=\"BZ_Pyq_fadeIn\">wsp\u00f3\u0142gra <\/span><span class=\"BZ_Pyq_fadeIn\">szczeg\u00f3lnie <\/span><span class=\"BZ_Pyq_fadeIn\">z <\/span><span class=\"BZ_Pyq_fadeIn\">twarzami <\/span><strong data-start=\"1369\" data-end=\"1409\"><span class=\"BZ_Pyq_fadeIn\">owalnymi, <\/span><span class=\"BZ_Pyq_fadeIn\">sercowatymi <\/span><span class=\"BZ_Pyq_fadeIn\">i <\/span><span class=\"BZ_Pyq_fadeIn\">kwadratowymi<\/span><\/strong><span class=\"BZ_Pyq_fadeIn\">, <\/span><span class=\"BZ_Pyq_fadeIn\">dodaj\u0105c <\/span><span class=\"BZ_Pyq_fadeIn\">rysom <\/span><span class=\"BZ_Pyq_fadeIn\">lekko\u015bci <\/span><span class=\"BZ_Pyq_fadeIn\">i <\/span><span class=\"BZ_Pyq_fadeIn\">subtelnie <\/span><span class=\"BZ_Pyq_fadeIn\">unosz\u0105c <\/span><span class=\"BZ_Pyq_fadeIn\">optycznie <\/span><span class=\"BZ_Pyq_fadeIn\">lini\u0119 <\/span><span class=\"BZ_Pyq_fadeIn\">oka. <\/span><span class=\"BZ_Pyq_fadeIn\">To <\/span><span class=\"BZ_Pyq_fadeIn\">\u015bwietna <\/span><span class=\"BZ_Pyq_fadeIn\">propozycja <\/span><span class=\"BZ_Pyq_fadeIn\">dla <\/span><span class=\"BZ_Pyq_fadeIn\">os\u00f3b, <\/span><span class=\"BZ_Pyq_fadeIn\">kt\u00f3re <\/span><span class=\"BZ_Pyq_fadeIn\">chc\u0105 <\/span><span class=\"BZ_Pyq_fadeIn\">po\u0142\u0105czy\u0107 <\/span><span class=\"BZ_Pyq_fadeIn\">luksusowy <\/span><span class=\"BZ_Pyq_fadeIn\">styl <\/span><span class=\"BZ_Pyq_fadeIn\">z <\/span><span class=\"BZ_Pyq_fadeIn\">kolorem, <\/span><span class=\"BZ_Pyq_fadeIn\">kt\u00f3ry <\/span><span class=\"BZ_Pyq_fadeIn\">nadal <\/span><span class=\"BZ_Pyq_fadeIn\">pozostaje <\/span><span class=\"BZ_Pyq_fadeIn\">bardzo <\/span><span class=\"BZ_Pyq_fadeIn\">szykowny.<\/span><\/p>\n","protected":false},"excerpt":{"rendered":"<p><span class=\"BZ_Pyq_fadeIn\">Model <\/span><strong data-start=\"1140\" data-end=\"1161\"><span class=\"BZ_Pyq_fadeIn\">Chanel <\/span><span class=\"BZ_Pyq_fadeIn\">3464 <\/span><span class=\"BZ_Pyq_fadeIn\">C1459<\/span><\/strong> <span class=\"BZ_Pyq_fadeIn\">b\u0119dzie <\/span><span class=\"BZ_Pyq_fadeIn\">idealny <\/span><span class=\"BZ_Pyq_fadeIn\">dla <\/span><span class=\"BZ_Pyq_fadeIn\">kobiet, <\/span><span class=\"BZ_Pyq_fadeIn\">kt\u00f3re <\/span><span class=\"BZ_Pyq_fadeIn\">szukaj\u0105 <\/span><span class=\"BZ_Pyq_fadeIn\">opraw <\/span><strong data-start=\"1209\" data-end=\"1311\"><span class=\"BZ_Pyq_fadeIn\">kobiecych, <\/span><span class=\"BZ_Pyq_fadeIn\">eleganckich <\/span><span class=\"BZ_Pyq_fadeIn\">i <\/span><span class=\"BZ_Pyq_fadeIn\">troch\u0119 <\/span><span class=\"BZ_Pyq_fadeIn\">bardziej <\/span><span class=\"BZ_Pyq_fadeIn\">wyrazistych <\/span><span class=\"BZ_Pyq_fadeIn\">kolorystycznie <\/span><span class=\"BZ_Pyq_fadeIn\">ni\u017c <\/span><span class=\"BZ_Pyq_fadeIn\">klasyczna <\/span><span class=\"BZ_Pyq_fadeIn\">czer\u0144 <\/span><span class=\"BZ_Pyq_fadeIn\">lub <\/span><span class=\"BZ_Pyq_fadeIn\">havana<\/span><\/strong><span class=\"BZ_Pyq_fadeIn\">. <\/span><span class=\"BZ_Pyq_fadeIn\">Kszta\u0142t <\/span><span class=\"BZ_Pyq_fadeIn\">cat <\/span><span class=\"BZ_Pyq_fadeIn\">eye <\/span><span class=\"BZ_Pyq_fadeIn\">pi\u0119knie <\/span><span class=\"BZ_Pyq_fadeIn\">wsp\u00f3\u0142gra <\/span><span class=\"BZ_Pyq_fadeIn\">szczeg\u00f3lnie <\/span><span class=\"BZ_Pyq_fadeIn\">z <\/span><span class=\"BZ_Pyq_fadeIn\">twarzami <\/span><strong data-start=\"1369\" data-end=\"1409\"><span class=\"BZ_Pyq_fadeIn\">owalnymi, <\/span><span class=\"BZ_Pyq_fadeIn\">sercowatymi <\/span><span class=\"BZ_Pyq_fadeIn\">i <\/span><span class=\"BZ_Pyq_fadeIn\">kwadratowymi<\/span><\/strong><span class=\"BZ_Pyq_fadeIn\">, <\/span><span class=\"BZ_Pyq_fadeIn\">dodaj\u0105c <\/span><span class=\"BZ_Pyq_fadeIn\">rysom <\/span><span class=\"BZ_Pyq_fadeIn\">lekko\u015bci <\/span><span class=\"BZ_Pyq_fadeIn\">i <\/span><span class=\"BZ_Pyq_fadeIn\">subtelnie <\/span><span class=\"BZ_Pyq_fadeIn\">unosz\u0105c <\/span><span class=\"BZ_Pyq_fadeIn\">optycznie <\/span><span class=\"BZ_Pyq_fadeIn\">lini\u0119 <\/span><span class=\"BZ_Pyq_fadeIn\">oka. <\/span><span class=\"BZ_Pyq_fadeIn\">To <\/span><span class=\"BZ_Pyq_fadeIn\">\u015bwietna <\/span><span class=\"BZ_Pyq_fadeIn\">propozycja <\/span><span class=\"BZ_Pyq_fadeIn\">dla <\/span><span class=\"BZ_Pyq_fadeIn\">os\u00f3b, <\/span><span class=\"BZ_Pyq_fadeIn\">kt\u00f3re <\/span><span class=\"BZ_Pyq_fadeIn\">chc\u0105 <\/span><span class=\"BZ_Pyq_fadeIn\">po\u0142\u0105czy\u0107 <\/span><span class=\"BZ_Pyq_fadeIn\">luksusowy <\/span><span class=\"BZ_Pyq_fadeIn\">styl <\/span><span class=\"BZ_Pyq_fadeIn\">z <\/span><span class=\"BZ_Pyq_fadeIn\">kolorem, <\/span><span class=\"BZ_Pyq_fadeIn\">kt\u00f3ry <\/span><span class=\"BZ_Pyq_fadeIn\">nadal <\/span><span class=\"BZ_Pyq_fadeIn\">pozostaje <\/span><span class=\"BZ_Pyq_fadeIn\">bardzo <\/span><span class=\"BZ_Pyq_fadeIn\">szykowny.<\/span><\/p>\n<p data-start=\"84\" data-end=\"432\"><strong data-start=\"84\" data-end=\"105\"><span class=\"BZ_Pyq_fadeIn\">Chanel <\/span><span class=\"BZ_Pyq_fadeIn\">3464 <\/span><span class=\"BZ_Pyq_fadeIn\">C1459<\/span><\/strong> <span class=\"BZ_Pyq_fadeIn\">to <\/span><span class=\"BZ_Pyq_fadeIn\">wyraziste, <\/span><span class=\"BZ_Pyq_fadeIn\">kobiece <\/span><span class=\"BZ_Pyq_fadeIn\">oprawy <\/span><span class=\"BZ_Pyq_fadeIn\">korekcyjne <\/span><span class=\"BZ_Pyq_fadeIn\">o <\/span><span class=\"BZ_Pyq_fadeIn\">eleganckim <\/span><span class=\"BZ_Pyq_fadeIn\">kszta\u0142cie <\/span><strong data-start=\"169\" data-end=\"180\"><span class=\"BZ_Pyq_fadeIn\">cat <\/span><span class=\"BZ_Pyq_fadeIn\">eye<\/span><\/strong><span class=\"BZ_Pyq_fadeIn\">, <\/span><span class=\"BZ_Pyq_fadeIn\">kt\u00f3re <\/span><span class=\"BZ_Pyq_fadeIn\">\u0142\u0105cz\u0105 <\/span><span class=\"BZ_Pyq_fadeIn\">klasyczn\u0105 <\/span><span class=\"BZ_Pyq_fadeIn\">lini\u0119 <\/span><span class=\"BZ_Pyq_fadeIn\">z <\/span><span class=\"BZ_Pyq_fadeIn\">nowoczesnym, <\/span><span class=\"BZ_Pyq_fadeIn\">modowym <\/span><span class=\"BZ_Pyq_fadeIn\">kolorem. <\/span><span class=\"BZ_Pyq_fadeIn\">G\u0142\u0119boki <\/span><span class=\"BZ_Pyq_fadeIn\">odcie\u0144 <\/span><strong data-start=\"257\" data-end=\"299\"><span class=\"BZ_Pyq_fadeIn\">zieleni <\/span><span class=\"BZ_Pyq_fadeIn\">wpadaj\u0105cej <\/span><span class=\"BZ_Pyq_fadeIn\">w <\/span><span class=\"BZ_Pyq_fadeIn\">petrol \/ <\/span><span class=\"BZ_Pyq_fadeIn\">szmaragd<\/span><\/strong> <span class=\"BZ_Pyq_fadeIn\">nadaje <\/span><span class=\"BZ_Pyq_fadeIn\">modelowi <\/span><span class=\"BZ_Pyq_fadeIn\">szlachetno\u015bci <\/span><span class=\"BZ_Pyq_fadeIn\">i <\/span><span class=\"BZ_Pyq_fadeIn\">\u015bwie\u017co\u015bci, <\/span><span class=\"BZ_Pyq_fadeIn\">a <\/span><span class=\"BZ_Pyq_fadeIn\">subtelne <\/span><strong data-start=\"354\" data-end=\"384\"><span class=\"BZ_Pyq_fadeIn\">z\u0142ote <\/span><span class=\"BZ_Pyq_fadeIn\">detale <\/span><span class=\"BZ_Pyq_fadeIn\">z <\/span><span class=\"BZ_Pyq_fadeIn\">logo <\/span><span class=\"BZ_Pyq_fadeIn\">Chanel<\/span><\/strong> <span class=\"BZ_Pyq_fadeIn\">pi\u0119knie <\/span><span class=\"BZ_Pyq_fadeIn\">podkre\u015blaj\u0105 <\/span><span class=\"BZ_Pyq_fadeIn\">luksusowy <\/span><span class=\"BZ_Pyq_fadeIn\">charakter <\/span><span class=\"BZ_Pyq_fadeIn\">oprawy.<\/span><\/p>\n<p data-start=\"434\" data-end=\"732\"><span class=\"BZ_Pyq_fadeIn\">Model <\/span><span class=\"BZ_Pyq_fadeIn\">ma <\/span><span class=\"BZ_Pyq_fadeIn\">lekk\u0105, <\/span><span class=\"BZ_Pyq_fadeIn\">wysmuklaj\u0105c\u0105 <\/span><span class=\"BZ_Pyq_fadeIn\">lini\u0119 <\/span><span class=\"BZ_Pyq_fadeIn\">frontu, <\/span><span class=\"BZ_Pyq_fadeIn\">kt\u00f3ra <\/span><span class=\"BZ_Pyq_fadeIn\">podkre\u015bla <\/span><span class=\"BZ_Pyq_fadeIn\">spojrzenie <\/span><span class=\"BZ_Pyq_fadeIn\">i <\/span><span class=\"BZ_Pyq_fadeIn\">dodaje <\/span><span class=\"BZ_Pyq_fadeIn\">twarzy <\/span><span class=\"BZ_Pyq_fadeIn\">kobiecej <\/span><span class=\"BZ_Pyq_fadeIn\">wyrazisto\u015bci. <\/span><span class=\"BZ_Pyq_fadeIn\">G\u0142adkie, <\/span><span class=\"BZ_Pyq_fadeIn\">polerowane <\/span><span class=\"BZ_Pyq_fadeIn\">wyko\u0144czenie <\/span><span class=\"BZ_Pyq_fadeIn\">oraz <\/span><span class=\"BZ_Pyq_fadeIn\">smuk\u0142e <\/span><span class=\"BZ_Pyq_fadeIn\">zauszniki <\/span><span class=\"BZ_Pyq_fadeIn\">sprawiaj\u0105, <\/span><span class=\"BZ_Pyq_fadeIn\">\u017ce <\/span><span class=\"BZ_Pyq_fadeIn\">okulary <\/span><span class=\"BZ_Pyq_fadeIn\">prezentuj\u0105 <\/span><span class=\"BZ_Pyq_fadeIn\">si\u0119 <\/span><span class=\"BZ_Pyq_fadeIn\">elegancko, <\/span><span class=\"BZ_Pyq_fadeIn\">ale <\/span><span class=\"BZ_Pyq_fadeIn\">bez <\/span><span class=\"BZ_Pyq_fadeIn\">przesadnej <\/span><span class=\"BZ_Pyq_fadeIn\">ci\u0119\u017cko\u015bci. <\/span><span class=\"BZ_Pyq_fadeIn\">To <\/span><span class=\"BZ_Pyq_fadeIn\">oprawa, <\/span><span class=\"BZ_Pyq_fadeIn\">kt\u00f3ra <\/span><span class=\"BZ_Pyq_fadeIn\">\u0142\u0105czy <\/span><span class=\"BZ_Pyq_fadeIn\">modowy <\/span><span class=\"BZ_Pyq_fadeIn\">efekt <\/span><span class=\"BZ_Pyq_fadeIn\">z <\/span><span class=\"BZ_Pyq_fadeIn\">ponadczasow\u0105 <\/span><span class=\"BZ_Pyq_fadeIn\">klas\u0105.<\/span><\/p>\n<p data-start=\"734\" data-end=\"755\"><strong data-start=\"734\" data-end=\"755\"><span class=\"BZ_Pyq_fadeIn\">Szczeg\u00f3\u0142y <\/span><span class=\"BZ_Pyq_fadeIn\">modelu:<\/span><\/strong><\/p>\n<ul data-start=\"756\" data-end=\"1116\">\n<li data-section-id=\"nl6r9n\" data-start=\"756\" data-end=\"775\">\n<p data-start=\"758\" data-end=\"775\"><span class=\"BZ_Pyq_fadeIn\">marka: <\/span><strong data-start=\"765\" data-end=\"775\"><span class=\"BZ_Pyq_fadeIn\">Chanel<\/span><\/strong><\/p>\n<\/li>\n<li data-section-id=\"4feauw\" data-start=\"776\" data-end=\"793\">\n<p data-start=\"778\" data-end=\"793\"><span class=\"BZ_Pyq_fadeIn\">model: <\/span><strong data-start=\"785\" data-end=\"793\"><span class=\"BZ_Pyq_fadeIn\">3464<\/span><\/strong><\/p>\n<\/li>\n<li data-section-id=\"2a1twt\" data-start=\"794\" data-end=\"812\">\n<p data-start=\"796\" data-end=\"812\"><span class=\"BZ_Pyq_fadeIn\">kolor: <\/span><strong data-start=\"803\" data-end=\"812\"><span class=\"BZ_Pyq_fadeIn\">C1459<\/span><\/strong><\/p>\n<\/li>\n<li data-section-id=\"15tlmdx\" data-start=\"813\" data-end=\"871\">\n<p data-start=\"815\" data-end=\"871\"><span class=\"BZ_Pyq_fadeIn\">odcie\u0144: <\/span><strong data-start=\"823\" data-end=\"871\"><span class=\"BZ_Pyq_fadeIn\">g\u0142\u0119boka <\/span><span class=\"BZ_Pyq_fadeIn\">ziele\u0144 \/ <\/span><span class=\"BZ_Pyq_fadeIn\">petrol \/ <\/span><span class=\"BZ_Pyq_fadeIn\">szmaragdowa <\/span><span class=\"BZ_Pyq_fadeIn\">ziele\u0144<\/span><\/strong><\/p>\n<\/li>\n<li data-section-id=\"13ilty4\" data-start=\"872\" data-end=\"894\">\n<p data-start=\"874\" data-end=\"894\"><span class=\"BZ_Pyq_fadeIn\">kszta\u0142t: <\/span><strong data-start=\"883\" data-end=\"894\"><span class=\"BZ_Pyq_fadeIn\">cat <\/span><span class=\"BZ_Pyq_fadeIn\">eye<\/span><\/strong><\/p>\n<\/li>\n<li data-section-id=\"188cdt0\" data-start=\"895\" data-end=\"926\">\n<p data-start=\"897\" data-end=\"926\"><span class=\"BZ_Pyq_fadeIn\">typ <\/span><span class=\"BZ_Pyq_fadeIn\">oprawy: <\/span><strong data-start=\"909\" data-end=\"926\"><span class=\"BZ_Pyq_fadeIn\">pe\u0142na <\/span><span class=\"BZ_Pyq_fadeIn\">oprawka<\/span><\/strong><\/p>\n<\/li>\n<li data-section-id=\"12uojch\" data-start=\"927\" data-end=\"949\">\n<p data-start=\"929\" data-end=\"949\"><span class=\"BZ_Pyq_fadeIn\">materia\u0142: <\/span><strong data-start=\"939\" data-end=\"949\"><span class=\"BZ_Pyq_fadeIn\">acetat<\/span><\/strong><\/p>\n<\/li>\n<li data-section-id=\"sxu6gk\" data-start=\"950\" data-end=\"979\">\n<p data-start=\"952\" data-end=\"979\"><span class=\"BZ_Pyq_fadeIn\">wyko\u0144czenie: <\/span><strong data-start=\"965\" data-end=\"979\"><span class=\"BZ_Pyq_fadeIn\">polerowane<\/span><\/strong><\/p>\n<\/li>\n<li data-section-id=\"5lliwt\" data-start=\"980\" data-end=\"1034\">\n<p data-start=\"982\" data-end=\"1034\"><span class=\"BZ_Pyq_fadeIn\">subtelne <\/span><span class=\"BZ_Pyq_fadeIn\">z\u0142ote <\/span><span class=\"BZ_Pyq_fadeIn\">detale <\/span><span class=\"BZ_Pyq_fadeIn\">z <\/span><span class=\"BZ_Pyq_fadeIn\">logo <\/span><span class=\"BZ_Pyq_fadeIn\">Chanel <\/span><span class=\"BZ_Pyq_fadeIn\">przy <\/span><span class=\"BZ_Pyq_fadeIn\">zausznikach<\/span><\/p>\n<\/li>\n<li data-section-id=\"1rydigm\" data-start=\"1035\" data-end=\"1068\">\n<p data-start=\"1037\" data-end=\"1068\"><span class=\"BZ_Pyq_fadeIn\">elegancka, <\/span><span class=\"BZ_Pyq_fadeIn\">kobieca <\/span><span class=\"BZ_Pyq_fadeIn\">linia <\/span><span class=\"BZ_Pyq_fadeIn\">frontu<\/span><\/p>\n<\/li>\n<li data-section-id=\"1y3feji\" data-start=\"1069\" data-end=\"1116\">\n<p data-start=\"1071\" data-end=\"1116\"><span class=\"BZ_Pyq_fadeIn\">model <\/span><span class=\"BZ_Pyq_fadeIn\">o <\/span><span class=\"BZ_Pyq_fadeIn\">wyrafinowanym, <\/span><span class=\"BZ_Pyq_fadeIn\">luksusowym <\/span><span class=\"BZ_Pyq_fadeIn\">charakterze<\/span><\/p>\n<\/li>\n<\/ul>\n","protected":false},"featured_media":8170,"template":"","meta":{"_acf_changed":false},"product_brand":[793],"product_cat":[51],"product_tag":[],"model":[803],"class_list":{"0":"post-8165","1":"product","2":"type-product","3":"status-publish","4":"has-post-thumbnail","6":"product_brand-chanel","7":"product_cat-okulary-korekcyjne","8":"model-803","10":"first","11":"instock","12":"taxable","13":"shipping-taxable","14":"purchasable","15":"product-type-simple"},"acf":[],"aioseo_notices":[],"_links":{"self":[{"href":"https:\/\/markoweokulary.pl\/pl\/wp-json\/wp\/v2\/product\/8165","targetHints":{"allow":["GET"]}}],"collection":[{"href":"https:\/\/markoweokulary.pl\/pl\/wp-json\/wp\/v2\/product"}],"about":[{"href":"https:\/\/markoweokulary.pl\/pl\/wp-json\/wp\/v2\/types\/product"}],"version-history":[{"count":0,"href":"https:\/\/markoweokulary.pl\/pl\/wp-json\/wp\/v2\/product\/8165\/revisions"}],"wp:featuredmedia":[{"embeddable":true,"href":"https:\/\/markoweokulary.pl\/pl\/wp-json\/wp\/v2\/media\/8170"}],"wp:attachment":[{"href":"https:\/\/markoweokulary.pl\/pl\/wp-json\/wp\/v2\/media?parent=8165"}],"wp:term":[{"taxonomy":"product_brand","embeddable":true,"href":"https:\/\/markoweokulary.pl\/pl\/wp-json\/wp\/v2\/product_brand?post=8165"},{"taxonomy":"product_cat","embeddable":true,"href":"https:\/\/markoweokulary.pl\/pl\/wp-json\/wp\/v2\/product_cat?post=8165"},{"taxonomy":"product_tag","embeddable":true,"href":"https:\/\/markoweokulary.pl\/pl\/wp-json\/wp\/v2\/product_tag?post=8165"},{"taxonomy":"model","embeddable":true,"href":"https:\/\/markoweokulary.pl\/pl\/wp-json\/wp\/v2\/model?post=8165"}],"curies":[{"name":"wp","href":"https:\/\/api.w.org\/{rel}","templated":true}]}}