{"id":8161,"date":"2026-03-18T15:48:35","date_gmt":"2026-03-18T14:48:35","guid":{"rendered":"https:\/\/markoweokulary.pl\/?post_type=product&#038;p=8161"},"modified":"2026-03-18T17:01:15","modified_gmt":"2026-03-18T16:01:15","slug":"chanel-3448-53-c1727","status":"publish","type":"product","link":"https:\/\/markoweokulary.pl\/pl\/produkt\/chanel-3448-53-c1727\/","title":{"rendered":"Chanel 3448 &#8211; 53 | C1727"},"content":{"rendered":"<p><span class=\"BZ_Pyq_fadeIn\">Model <\/span><strong data-start=\"1465\" data-end=\"1485\"><span class=\"BZ_Pyq_fadeIn\">Chanel <\/span><span class=\"BZ_Pyq_fadeIn\">3448 <\/span><span class=\"BZ_Pyq_fadeIn\">1727<\/span><\/strong> <span class=\"BZ_Pyq_fadeIn\">b\u0119dzie <\/span><span class=\"BZ_Pyq_fadeIn\">idealny <\/span><span class=\"BZ_Pyq_fadeIn\">dla <\/span><span class=\"BZ_Pyq_fadeIn\">kobiet, <\/span><span class=\"BZ_Pyq_fadeIn\">kt\u00f3re <\/span><span class=\"BZ_Pyq_fadeIn\">lubi\u0105 <\/span><strong data-start=\"1525\" data-end=\"1551\"><span class=\"BZ_Pyq_fadeIn\">wi\u0119ksze, <\/span><span class=\"BZ_Pyq_fadeIn\">modowe <\/span><span class=\"BZ_Pyq_fadeIn\">oprawy<\/span><\/strong> <span class=\"BZ_Pyq_fadeIn\">i <\/span><span class=\"BZ_Pyq_fadeIn\">chc\u0105, <\/span><span class=\"BZ_Pyq_fadeIn\">aby <\/span><span class=\"BZ_Pyq_fadeIn\">okulary <\/span><span class=\"BZ_Pyq_fadeIn\">by\u0142y <\/span><span class=\"BZ_Pyq_fadeIn\">wa\u017cnym <\/span><span class=\"BZ_Pyq_fadeIn\">elementem <\/span><span class=\"BZ_Pyq_fadeIn\">wizerunku. <\/span><span class=\"BZ_Pyq_fadeIn\">Kwadratowy <\/span><span class=\"BZ_Pyq_fadeIn\">front <\/span><span class=\"BZ_Pyq_fadeIn\">\u015bwietnie <\/span><span class=\"BZ_Pyq_fadeIn\">prezentuje <\/span><span class=\"BZ_Pyq_fadeIn\">si\u0119 <\/span><span class=\"BZ_Pyq_fadeIn\">szczeg\u00f3lnie <\/span><span class=\"BZ_Pyq_fadeIn\">przy <\/span><span class=\"BZ_Pyq_fadeIn\">twarzach <\/span><strong data-start=\"1672\" data-end=\"1696\"><span class=\"BZ_Pyq_fadeIn\">owalnych <\/span><span class=\"BZ_Pyq_fadeIn\">i <\/span><span class=\"BZ_Pyq_fadeIn\">okr\u0105g\u0142ych<\/span><\/strong><span class=\"BZ_Pyq_fadeIn\">, <\/span><span class=\"BZ_Pyq_fadeIn\">dodaj\u0105c <\/span><span class=\"BZ_Pyq_fadeIn\">im <\/span><span class=\"BZ_Pyq_fadeIn\">struktury <\/span><span class=\"BZ_Pyq_fadeIn\">i <\/span><span class=\"BZ_Pyq_fadeIn\">wyrazisto\u015bci. <\/span><span class=\"BZ_Pyq_fadeIn\">Ta <\/span><span class=\"BZ_Pyq_fadeIn\">kolorystyka <\/span><span class=\"BZ_Pyq_fadeIn\">b\u0119dzie <\/span><span class=\"BZ_Pyq_fadeIn\">dobrym <\/span><span class=\"BZ_Pyq_fadeIn\">wyborem <\/span><span class=\"BZ_Pyq_fadeIn\">dla <\/span><span class=\"BZ_Pyq_fadeIn\">os\u00f3b, <\/span><span class=\"BZ_Pyq_fadeIn\">kt\u00f3re <\/span><span class=\"BZ_Pyq_fadeIn\">szukaj\u0105 <\/span><span class=\"BZ_Pyq_fadeIn\">czego\u015b <\/span><span class=\"BZ_Pyq_fadeIn\">bardziej <\/span><span class=\"BZ_Pyq_fadeIn\">mi\u0119kkiego <\/span><span class=\"BZ_Pyq_fadeIn\">i <\/span><span class=\"BZ_Pyq_fadeIn\">subtelnego <\/span><span class=\"BZ_Pyq_fadeIn\">ni\u017c <\/span><span class=\"BZ_Pyq_fadeIn\">klasyczna <\/span><span class=\"BZ_Pyq_fadeIn\">czer\u0144, <\/span><span class=\"BZ_Pyq_fadeIn\">ale <\/span><span class=\"BZ_Pyq_fadeIn\">nadal <\/span><span class=\"BZ_Pyq_fadeIn\">eleganckiego <\/span><span class=\"BZ_Pyq_fadeIn\">i <\/span><span class=\"BZ_Pyq_fadeIn\">luksusowego.<\/span><\/p>\n","protected":false},"excerpt":{"rendered":"<p data-start=\"97\" data-end=\"515\"><strong data-start=\"97\" data-end=\"117\"><span class=\"BZ_Pyq_fadeIn\">Chanel <\/span><span class=\"BZ_Pyq_fadeIn\">3448 <\/span><span class=\"BZ_Pyq_fadeIn\">1727<\/span><\/strong> <span class=\"BZ_Pyq_fadeIn\">to <\/span><span class=\"BZ_Pyq_fadeIn\">wyraziste, <\/span><span class=\"BZ_Pyq_fadeIn\">damskie <\/span><span class=\"BZ_Pyq_fadeIn\">oprawy <\/span><span class=\"BZ_Pyq_fadeIn\">korekcyjne <\/span><span class=\"BZ_Pyq_fadeIn\">o <\/span><span class=\"BZ_Pyq_fadeIn\">du\u017cym, <\/span><strong data-start=\"167\" data-end=\"182\"><span class=\"BZ_Pyq_fadeIn\">kwadratowym<\/span><\/strong> <span class=\"BZ_Pyq_fadeIn\">kszta\u0142cie, <\/span><span class=\"BZ_Pyq_fadeIn\">kt\u00f3re <\/span><span class=\"BZ_Pyq_fadeIn\">\u0142\u0105cz\u0105 <\/span><span class=\"BZ_Pyq_fadeIn\">modowy <\/span><span class=\"BZ_Pyq_fadeIn\">charakter <\/span><span class=\"BZ_Pyq_fadeIn\">z <\/span><span class=\"BZ_Pyq_fadeIn\">elegancj\u0105 <\/span><span class=\"BZ_Pyq_fadeIn\">typow\u0105 <\/span><span class=\"BZ_Pyq_fadeIn\">dla <\/span><span class=\"BZ_Pyq_fadeIn\">domu <\/span><span class=\"BZ_Pyq_fadeIn\">mody <\/span><span class=\"BZ_Pyq_fadeIn\">Chanel. <\/span><span class=\"BZ_Pyq_fadeIn\">Ten <\/span><span class=\"BZ_Pyq_fadeIn\">wariant <\/span><span class=\"BZ_Pyq_fadeIn\">kolorystyczny <\/span><span class=\"BZ_Pyq_fadeIn\">wyr\u00f3\u017cnia <\/span><span class=\"BZ_Pyq_fadeIn\">si\u0119 <\/span><span class=\"BZ_Pyq_fadeIn\">subteln\u0105, <\/span><span class=\"BZ_Pyq_fadeIn\">transparentn\u0105 <\/span><span class=\"BZ_Pyq_fadeIn\">mieszank\u0105 <\/span><strong data-start=\"337\" data-end=\"375\"><span class=\"BZ_Pyq_fadeIn\">dymionych <\/span><span class=\"BZ_Pyq_fadeIn\">szaro\u015bci, <\/span><span class=\"BZ_Pyq_fadeIn\">br\u0105zu <\/span><span class=\"BZ_Pyq_fadeIn\">i <\/span><span class=\"BZ_Pyq_fadeIn\">havany<\/span><\/strong><span class=\"BZ_Pyq_fadeIn\">, <\/span><span class=\"BZ_Pyq_fadeIn\">dzi\u0119ki <\/span><span class=\"BZ_Pyq_fadeIn\">czemu <\/span><span class=\"BZ_Pyq_fadeIn\">model <\/span><span class=\"BZ_Pyq_fadeIn\">wygl\u0105da <\/span><span class=\"BZ_Pyq_fadeIn\">lekko, <\/span><span class=\"BZ_Pyq_fadeIn\">szlachetnie <\/span><span class=\"BZ_Pyq_fadeIn\">i <\/span><span class=\"BZ_Pyq_fadeIn\">bardzo <\/span><span class=\"BZ_Pyq_fadeIn\">nowocze\u015bnie. <\/span><span class=\"BZ_Pyq_fadeIn\">To <\/span><span class=\"BZ_Pyq_fadeIn\">oprawa, <\/span><span class=\"BZ_Pyq_fadeIn\">kt\u00f3ra <\/span><span class=\"BZ_Pyq_fadeIn\">przyci\u0105ga <\/span><span class=\"BZ_Pyq_fadeIn\">uwag\u0119 <\/span><span class=\"BZ_Pyq_fadeIn\">form\u0105, <\/span><span class=\"BZ_Pyq_fadeIn\">ale <\/span><span class=\"BZ_Pyq_fadeIn\">nie <\/span><span class=\"BZ_Pyq_fadeIn\">jest <\/span><span class=\"BZ_Pyq_fadeIn\">ci\u0119\u017cka <\/span><span class=\"BZ_Pyq_fadeIn\">wizualnie.<\/span><\/p>\n<p data-start=\"517\" data-end=\"818\"><span class=\"BZ_Pyq_fadeIn\">Model <\/span><span class=\"BZ_Pyq_fadeIn\">zosta\u0142 <\/span><span class=\"BZ_Pyq_fadeIn\">wykonany <\/span><span class=\"BZ_Pyq_fadeIn\">z <\/span><strong data-start=\"541\" data-end=\"552\"><span class=\"BZ_Pyq_fadeIn\">acetatu<\/span><\/strong> <span class=\"BZ_Pyq_fadeIn\">i <\/span><span class=\"BZ_Pyq_fadeIn\">ma <\/span><strong data-start=\"558\" data-end=\"574\"><span class=\"BZ_Pyq_fadeIn\">pe\u0142n\u0105 <\/span><span class=\"BZ_Pyq_fadeIn\">opraw\u0119<\/span><\/strong><span class=\"BZ_Pyq_fadeIn\">, <\/span><span class=\"BZ_Pyq_fadeIn\">co <\/span><span class=\"BZ_Pyq_fadeIn\">zapewnia <\/span><span class=\"BZ_Pyq_fadeIn\">wyra\u017an\u0105 <\/span><span class=\"BZ_Pyq_fadeIn\">lini\u0119 <\/span><span class=\"BZ_Pyq_fadeIn\">frontu <\/span><span class=\"BZ_Pyq_fadeIn\">oraz <\/span><span class=\"BZ_Pyq_fadeIn\">bardzo <\/span><span class=\"BZ_Pyq_fadeIn\">dobr\u0105 <\/span><span class=\"BZ_Pyq_fadeIn\">estetyk\u0119 <\/span><span class=\"BZ_Pyq_fadeIn\">tak\u017ce <\/span><span class=\"BZ_Pyq_fadeIn\">przy <\/span><span class=\"BZ_Pyq_fadeIn\">soczewkach <\/span><span class=\"BZ_Pyq_fadeIn\">korekcyjnych. <\/span><span class=\"BZ_Pyq_fadeIn\">Polerowane <\/span><span class=\"BZ_Pyq_fadeIn\">wyko\u0144czenie <\/span><span class=\"BZ_Pyq_fadeIn\">podkre\u015bla <\/span><span class=\"BZ_Pyq_fadeIn\">luksusowy <\/span><span class=\"BZ_Pyq_fadeIn\">charakter <\/span><span class=\"BZ_Pyq_fadeIn\">modelu, <\/span><span class=\"BZ_Pyq_fadeIn\">a <\/span><span class=\"BZ_Pyq_fadeIn\">wi\u0119kszy, <\/span><span class=\"BZ_Pyq_fadeIn\">geometryczny <\/span><span class=\"BZ_Pyq_fadeIn\">front <\/span><span class=\"BZ_Pyq_fadeIn\">pi\u0119knie <\/span><span class=\"BZ_Pyq_fadeIn\">buduje <\/span><span class=\"BZ_Pyq_fadeIn\">stylizacj\u0119 <\/span><span class=\"BZ_Pyq_fadeIn\">i <\/span><span class=\"BZ_Pyq_fadeIn\">dodaje <\/span><span class=\"BZ_Pyq_fadeIn\">twarzy <\/span><span class=\"BZ_Pyq_fadeIn\">wyrazisto\u015bci.<\/span><\/p>\n<p data-start=\"820\" data-end=\"841\"><strong data-start=\"820\" data-end=\"841\"><span class=\"BZ_Pyq_fadeIn\">Szczeg\u00f3\u0142y <\/span><span class=\"BZ_Pyq_fadeIn\">modelu:<\/span><\/strong><\/p>\n<ul data-start=\"842\" data-end=\"1441\">\n<li data-section-id=\"nl6r9n\" data-start=\"842\" data-end=\"861\">\n<p data-start=\"844\" data-end=\"861\"><span class=\"BZ_Pyq_fadeIn\">marka: <\/span><strong data-start=\"851\" data-end=\"861\"><span class=\"BZ_Pyq_fadeIn\">Chanel<\/span><\/strong><\/p>\n<\/li>\n<li data-section-id=\"4ffr92\" data-start=\"862\" data-end=\"879\">\n<p data-start=\"864\" data-end=\"879\"><span class=\"BZ_Pyq_fadeIn\">model: <\/span><strong data-start=\"871\" data-end=\"879\"><span class=\"BZ_Pyq_fadeIn\">3448<\/span><\/strong><\/p>\n<\/li>\n<li data-section-id=\"rn7ftw\" data-start=\"880\" data-end=\"897\">\n<p data-start=\"882\" data-end=\"897\"><span class=\"BZ_Pyq_fadeIn\">kolor: <\/span><strong data-start=\"889\" data-end=\"897\"><span class=\"BZ_Pyq_fadeIn\">1727<\/span><\/strong><\/p>\n<\/li>\n<li data-section-id=\"55vu2a\" data-start=\"898\" data-end=\"956\">\n<p data-start=\"900\" data-end=\"956\"><span class=\"BZ_Pyq_fadeIn\">odcie\u0144: <\/span><strong data-start=\"908\" data-end=\"956\"><span class=\"BZ_Pyq_fadeIn\">transparentna <\/span><span class=\"BZ_Pyq_fadeIn\">szaro-<\/span><span class=\"BZ_Pyq_fadeIn\">br\u0105zowa \/ <\/span><span class=\"BZ_Pyq_fadeIn\">dymiona <\/span><span class=\"BZ_Pyq_fadeIn\">havana<\/span><\/strong><\/p>\n<\/li>\n<li data-section-id=\"11yuhf4\" data-start=\"957\" data-end=\"982\">\n<p data-start=\"959\" data-end=\"982\"><span class=\"BZ_Pyq_fadeIn\">kszta\u0142t: <\/span><strong data-start=\"968\" data-end=\"982\"><span class=\"BZ_Pyq_fadeIn\">kwadratowe<\/span><\/strong><\/p>\n<\/li>\n<li data-section-id=\"1t6gogh\" data-start=\"983\" data-end=\"1022\">\n<p data-start=\"985\" data-end=\"1022\"><span class=\"BZ_Pyq_fadeIn\">materia\u0142 <\/span><span class=\"BZ_Pyq_fadeIn\">cz\u0119\u015bci <\/span><span class=\"BZ_Pyq_fadeIn\">przedniej: <\/span><strong data-start=\"1012\" data-end=\"1022\"><span class=\"BZ_Pyq_fadeIn\">acetat<\/span><\/strong><\/p>\n<\/li>\n<li data-section-id=\"1ftcqxh\" data-start=\"1023\" data-end=\"1063\">\n<p data-start=\"1025\" data-end=\"1063\"><span class=\"BZ_Pyq_fadeIn\">materia\u0142 <\/span><span class=\"BZ_Pyq_fadeIn\">cz\u0119\u015bci <\/span><span class=\"BZ_Pyq_fadeIn\">skroniowej: <\/span><strong data-start=\"1053\" data-end=\"1063\"><span class=\"BZ_Pyq_fadeIn\">acetat<\/span><\/strong><\/p>\n<\/li>\n<li data-section-id=\"188cdt0\" data-start=\"1064\" data-end=\"1095\">\n<p data-start=\"1066\" data-end=\"1095\"><span class=\"BZ_Pyq_fadeIn\">typ <\/span><span class=\"BZ_Pyq_fadeIn\">oprawy: <\/span><strong data-start=\"1078\" data-end=\"1095\"><span class=\"BZ_Pyq_fadeIn\">pe\u0142na <\/span><span class=\"BZ_Pyq_fadeIn\">oprawka<\/span><\/strong><\/p>\n<\/li>\n<li data-section-id=\"sxu6gk\" data-start=\"1096\" data-end=\"1125\">\n<p data-start=\"1098\" data-end=\"1125\"><span class=\"BZ_Pyq_fadeIn\">wyko\u0144czenie: <\/span><strong data-start=\"1111\" data-end=\"1125\"><span class=\"BZ_Pyq_fadeIn\">polerowane<\/span><\/strong><\/p>\n<\/li>\n<\/ul>\n","protected":false},"featured_media":8163,"template":"","meta":{"_acf_changed":false},"product_brand":[793],"product_cat":[51],"product_tag":[],"model":[801],"class_list":{"0":"post-8161","1":"product","2":"type-product","3":"status-publish","4":"has-post-thumbnail","6":"product_brand-chanel","7":"product_cat-okulary-korekcyjne","8":"model-801","10":"first","11":"instock","12":"taxable","13":"shipping-taxable","14":"purchasable","15":"product-type-simple"},"acf":[],"aioseo_notices":[],"_links":{"self":[{"href":"https:\/\/markoweokulary.pl\/pl\/wp-json\/wp\/v2\/product\/8161","targetHints":{"allow":["GET"]}}],"collection":[{"href":"https:\/\/markoweokulary.pl\/pl\/wp-json\/wp\/v2\/product"}],"about":[{"href":"https:\/\/markoweokulary.pl\/pl\/wp-json\/wp\/v2\/types\/product"}],"version-history":[{"count":0,"href":"https:\/\/markoweokulary.pl\/pl\/wp-json\/wp\/v2\/product\/8161\/revisions"}],"wp:featuredmedia":[{"embeddable":true,"href":"https:\/\/markoweokulary.pl\/pl\/wp-json\/wp\/v2\/media\/8163"}],"wp:attachment":[{"href":"https:\/\/markoweokulary.pl\/pl\/wp-json\/wp\/v2\/media?parent=8161"}],"wp:term":[{"taxonomy":"product_brand","embeddable":true,"href":"https:\/\/markoweokulary.pl\/pl\/wp-json\/wp\/v2\/product_brand?post=8161"},{"taxonomy":"product_cat","embeddable":true,"href":"https:\/\/markoweokulary.pl\/pl\/wp-json\/wp\/v2\/product_cat?post=8161"},{"taxonomy":"product_tag","embeddable":true,"href":"https:\/\/markoweokulary.pl\/pl\/wp-json\/wp\/v2\/product_tag?post=8161"},{"taxonomy":"model","embeddable":true,"href":"https:\/\/markoweokulary.pl\/pl\/wp-json\/wp\/v2\/model?post=8161"}],"curies":[{"name":"wp","href":"https:\/\/api.w.org\/{rel}","templated":true}]}}