{"id":8154,"date":"2026-03-18T15:13:35","date_gmt":"2026-03-18T14:13:35","guid":{"rendered":"https:\/\/markoweokulary.pl\/?post_type=product&#038;p=8154"},"modified":"2026-03-18T15:36:18","modified_gmt":"2026-03-18T14:36:18","slug":"chanel-3446-52-c714","status":"publish","type":"product","link":"https:\/\/markoweokulary.pl\/pl\/produkt\/chanel-3446-52-c714\/","title":{"rendered":"Chanel 3446 &#8211; 52 | C714"},"content":{"rendered":"<p><span class=\"BZ_Pyq_fadeIn\">Model <\/span><strong data-start=\"1459\" data-end=\"1479\"><span class=\"BZ_Pyq_fadeIn\">Chanel <\/span><span class=\"BZ_Pyq_fadeIn\">3446 <\/span><span class=\"BZ_Pyq_fadeIn\">C714<\/span><\/strong> <span class=\"BZ_Pyq_fadeIn\">b\u0119dzie <\/span><span class=\"BZ_Pyq_fadeIn\">idealny <\/span><span class=\"BZ_Pyq_fadeIn\">dla <\/span><span class=\"BZ_Pyq_fadeIn\">kobiet, <\/span><span class=\"BZ_Pyq_fadeIn\">kt\u00f3re <\/span><span class=\"BZ_Pyq_fadeIn\">szukaj\u0105 <\/span><span class=\"BZ_Pyq_fadeIn\">opraw <\/span><strong data-start=\"1527\" data-end=\"1607\"><span class=\"BZ_Pyq_fadeIn\">eleganckich, <\/span><span class=\"BZ_Pyq_fadeIn\">kobiecych <\/span><span class=\"BZ_Pyq_fadeIn\">i <\/span><span class=\"BZ_Pyq_fadeIn\">bardziej <\/span><span class=\"BZ_Pyq_fadeIn\">mi\u0119kkich <\/span><span class=\"BZ_Pyq_fadeIn\">wizualnie <\/span><span class=\"BZ_Pyq_fadeIn\">ni\u017c <\/span><span class=\"BZ_Pyq_fadeIn\">klasyczny <\/span><span class=\"BZ_Pyq_fadeIn\">prostok\u0105t<\/span><\/strong><span class=\"BZ_Pyq_fadeIn\">. <\/span><span class=\"BZ_Pyq_fadeIn\">Kszta\u0142t <\/span><span class=\"BZ_Pyq_fadeIn\">butterfly <\/span><span class=\"BZ_Pyq_fadeIn\">bardzo <\/span><span class=\"BZ_Pyq_fadeIn\">dobrze <\/span><span class=\"BZ_Pyq_fadeIn\">wsp\u00f3\u0142gra <\/span><span class=\"BZ_Pyq_fadeIn\">z <\/span><span class=\"BZ_Pyq_fadeIn\">twarzami <\/span><strong data-start=\"1661\" data-end=\"1701\"><span class=\"BZ_Pyq_fadeIn\">owalnymi, <\/span><span class=\"BZ_Pyq_fadeIn\">sercowatymi <\/span><span class=\"BZ_Pyq_fadeIn\">i <\/span><span class=\"BZ_Pyq_fadeIn\">kwadratowymi<\/span><\/strong><span class=\"BZ_Pyq_fadeIn\">, <\/span><span class=\"BZ_Pyq_fadeIn\">dodaj\u0105c <\/span><span class=\"BZ_Pyq_fadeIn\">rysom <\/span><span class=\"BZ_Pyq_fadeIn\">lekko\u015bci <\/span><span class=\"BZ_Pyq_fadeIn\">i <\/span><span class=\"BZ_Pyq_fadeIn\">subtelnie <\/span><span class=\"BZ_Pyq_fadeIn\">unosz\u0105c <\/span><span class=\"BZ_Pyq_fadeIn\">optycznie <\/span><span class=\"BZ_Pyq_fadeIn\">lini\u0119 <\/span><span class=\"BZ_Pyq_fadeIn\">oka. <\/span><span class=\"BZ_Pyq_fadeIn\">To <\/span><span class=\"BZ_Pyq_fadeIn\">\u015bwietna <\/span><span class=\"BZ_Pyq_fadeIn\">propozycja <\/span><span class=\"BZ_Pyq_fadeIn\">dla <\/span><span class=\"BZ_Pyq_fadeIn\">os\u00f3b, <\/span><span class=\"BZ_Pyq_fadeIn\">kt\u00f3re <\/span><span class=\"BZ_Pyq_fadeIn\">chc\u0105 <\/span><span class=\"BZ_Pyq_fadeIn\">po\u0142\u0105czy\u0107 <\/span><span class=\"BZ_Pyq_fadeIn\">codzienny <\/span><span class=\"BZ_Pyq_fadeIn\">komfort <\/span><span class=\"BZ_Pyq_fadeIn\">z <\/span><span class=\"BZ_Pyq_fadeIn\">luksusow\u0105, <\/span><span class=\"BZ_Pyq_fadeIn\">ciep\u0142\u0105 <\/span><span class=\"BZ_Pyq_fadeIn\">kolorystyk\u0105.<\/span><\/p>\n","protected":false},"excerpt":{"rendered":"<p data-start=\"383\" data-end=\"669\"><span class=\"BZ_Pyq_fadeIn\">Model <\/span><strong data-start=\"1459\" data-end=\"1479\"><span class=\"BZ_Pyq_fadeIn\">Chanel <\/span><span class=\"BZ_Pyq_fadeIn\">3446 <\/span><span class=\"BZ_Pyq_fadeIn\">C714<\/span><\/strong> <span class=\"BZ_Pyq_fadeIn\">b\u0119dzie <\/span><span class=\"BZ_Pyq_fadeIn\">idealny <\/span><span class=\"BZ_Pyq_fadeIn\">dla <\/span><span class=\"BZ_Pyq_fadeIn\">kobiet, <\/span><span class=\"BZ_Pyq_fadeIn\">kt\u00f3re <\/span><span class=\"BZ_Pyq_fadeIn\">szukaj\u0105 <\/span><span class=\"BZ_Pyq_fadeIn\">opraw <\/span><strong data-start=\"1527\" data-end=\"1607\"><span class=\"BZ_Pyq_fadeIn\">eleganckich, <\/span><span class=\"BZ_Pyq_fadeIn\">kobiecych <\/span><span class=\"BZ_Pyq_fadeIn\">i <\/span><span class=\"BZ_Pyq_fadeIn\">bardziej <\/span><span class=\"BZ_Pyq_fadeIn\">mi\u0119kkich <\/span><span class=\"BZ_Pyq_fadeIn\">wizualnie <\/span><span class=\"BZ_Pyq_fadeIn\">ni\u017c <\/span><span class=\"BZ_Pyq_fadeIn\">klasyczny <\/span><span class=\"BZ_Pyq_fadeIn\">prostok\u0105t<\/span><\/strong><span class=\"BZ_Pyq_fadeIn\">. <\/span><span class=\"BZ_Pyq_fadeIn\">Kszta\u0142t <\/span><span class=\"BZ_Pyq_fadeIn\">butterfly <\/span><span class=\"BZ_Pyq_fadeIn\">bardzo <\/span><span class=\"BZ_Pyq_fadeIn\">dobrze <\/span><span class=\"BZ_Pyq_fadeIn\">wsp\u00f3\u0142gra <\/span><span class=\"BZ_Pyq_fadeIn\">z <\/span><span class=\"BZ_Pyq_fadeIn\">twarzami <\/span><strong data-start=\"1661\" data-end=\"1701\"><span class=\"BZ_Pyq_fadeIn\">owalnymi, <\/span><span class=\"BZ_Pyq_fadeIn\">sercowatymi <\/span><span class=\"BZ_Pyq_fadeIn\">i <\/span><span class=\"BZ_Pyq_fadeIn\">kwadratowymi<\/span><\/strong><span class=\"BZ_Pyq_fadeIn\">, <\/span><span class=\"BZ_Pyq_fadeIn\">dodaj\u0105c <\/span><span class=\"BZ_Pyq_fadeIn\">rysom <\/span><span class=\"BZ_Pyq_fadeIn\">lekko\u015bci <\/span><span class=\"BZ_Pyq_fadeIn\">i <\/span><span class=\"BZ_Pyq_fadeIn\">subtelnie <\/span><span class=\"BZ_Pyq_fadeIn\">unosz\u0105c <\/span><span class=\"BZ_Pyq_fadeIn\">optycznie <\/span><span class=\"BZ_Pyq_fadeIn\">lini\u0119 <\/span><span class=\"BZ_Pyq_fadeIn\">oka. <\/span><span class=\"BZ_Pyq_fadeIn\">To <\/span><span class=\"BZ_Pyq_fadeIn\">\u015bwietna <\/span><span class=\"BZ_Pyq_fadeIn\">propozycja <\/span><span class=\"BZ_Pyq_fadeIn\">dla <\/span><span class=\"BZ_Pyq_fadeIn\">os\u00f3b, <\/span><span class=\"BZ_Pyq_fadeIn\">kt\u00f3re <\/span><span class=\"BZ_Pyq_fadeIn\">chc\u0105 <\/span><span class=\"BZ_Pyq_fadeIn\">po\u0142\u0105czy\u0107 <\/span><span class=\"BZ_Pyq_fadeIn\">codzienny <\/span><span class=\"BZ_Pyq_fadeIn\">komfort <\/span><span class=\"BZ_Pyq_fadeIn\">z <\/span><span class=\"BZ_Pyq_fadeIn\">luksusow\u0105, <\/span><span class=\"BZ_Pyq_fadeIn\">ciep\u0142\u0105 <\/span><span class=\"BZ_Pyq_fadeIn\">kolorystyk\u0105.<\/span><\/p>\n<p data-start=\"67\" data-end=\"440\"><strong data-start=\"67\" data-end=\"87\"><span class=\"BZ_Pyq_fadeIn\">Chanel <\/span><span class=\"BZ_Pyq_fadeIn\">3446 <\/span><span class=\"BZ_Pyq_fadeIn\">C714<\/span><\/strong> <span class=\"BZ_Pyq_fadeIn\">to <\/span><span class=\"BZ_Pyq_fadeIn\">eleganckie, <\/span><span class=\"BZ_Pyq_fadeIn\">damskie <\/span><span class=\"BZ_Pyq_fadeIn\">oprawy <\/span><span class=\"BZ_Pyq_fadeIn\">korekcyjne <\/span><span class=\"BZ_Pyq_fadeIn\">o <\/span><span class=\"BZ_Pyq_fadeIn\">kobiecym <\/span><span class=\"BZ_Pyq_fadeIn\">kszta\u0142cie <\/span><strong data-start=\"150\" data-end=\"163\"><span class=\"BZ_Pyq_fadeIn\">butterfly<\/span><\/strong><span class=\"BZ_Pyq_fadeIn\">, <\/span><span class=\"BZ_Pyq_fadeIn\">kt\u00f3re <\/span><span class=\"BZ_Pyq_fadeIn\">\u0142\u0105cz\u0105 <\/span><span class=\"BZ_Pyq_fadeIn\">klasyczn\u0105 <\/span><span class=\"BZ_Pyq_fadeIn\">g\u0142\u0119bi\u0119 <\/span><span class=\"BZ_Pyq_fadeIn\">ciemnego <\/span><span class=\"BZ_Pyq_fadeIn\">tortoise <\/span><span class=\"BZ_Pyq_fadeIn\">z <\/span><span class=\"BZ_Pyq_fadeIn\">subtelnym <\/span><span class=\"BZ_Pyq_fadeIn\">z\u0142otym <\/span><span class=\"BZ_Pyq_fadeIn\">akcentem. <\/span><span class=\"BZ_Pyq_fadeIn\">To <\/span><span class=\"BZ_Pyq_fadeIn\">model <\/span><span class=\"BZ_Pyq_fadeIn\">o <\/span><span class=\"BZ_Pyq_fadeIn\">wyrafinowanym, <\/span><span class=\"BZ_Pyq_fadeIn\">luksusowym <\/span><span class=\"BZ_Pyq_fadeIn\">charakterze, <\/span><span class=\"BZ_Pyq_fadeIn\">ale <\/span><span class=\"BZ_Pyq_fadeIn\">na <\/span><span class=\"BZ_Pyq_fadeIn\">tyle <\/span><span class=\"BZ_Pyq_fadeIn\">ponadczasowy, <\/span><span class=\"BZ_Pyq_fadeIn\">\u017ce <\/span><span class=\"BZ_Pyq_fadeIn\">\u015bwietnie <\/span><span class=\"BZ_Pyq_fadeIn\">sprawdzi <\/span><span class=\"BZ_Pyq_fadeIn\">si\u0119 <\/span><span class=\"BZ_Pyq_fadeIn\">tak\u017ce <\/span><span class=\"BZ_Pyq_fadeIn\">na <\/span><span class=\"BZ_Pyq_fadeIn\">co <\/span><span class=\"BZ_Pyq_fadeIn\">dzie\u0144. <\/span><span class=\"BZ_Pyq_fadeIn\">Ciep\u0142a <\/span><span class=\"BZ_Pyq_fadeIn\">kolorystyka <\/span><span class=\"BZ_Pyq_fadeIn\">pi\u0119knie <\/span><span class=\"BZ_Pyq_fadeIn\">podkre\u015bla <\/span><span class=\"BZ_Pyq_fadeIn\">rysy <\/span><span class=\"BZ_Pyq_fadeIn\">twarzy <\/span><span class=\"BZ_Pyq_fadeIn\">i <\/span><span class=\"BZ_Pyq_fadeIn\">dodaje <\/span><span class=\"BZ_Pyq_fadeIn\">spojrzeniu <\/span><span class=\"BZ_Pyq_fadeIn\">mi\u0119kko\u015bci.<\/span><\/p>\n<p data-start=\"442\" data-end=\"801\"><span class=\"BZ_Pyq_fadeIn\">Model <\/span><span class=\"BZ_Pyq_fadeIn\">zosta\u0142 <\/span><span class=\"BZ_Pyq_fadeIn\">wykonany <\/span><span class=\"BZ_Pyq_fadeIn\">z <\/span><strong data-start=\"466\" data-end=\"477\"><span class=\"BZ_Pyq_fadeIn\">acetatu<\/span><\/strong> <span class=\"BZ_Pyq_fadeIn\">i <\/span><span class=\"BZ_Pyq_fadeIn\">ma <\/span><strong data-start=\"483\" data-end=\"499\"><span class=\"BZ_Pyq_fadeIn\">pe\u0142n\u0105 <\/span><span class=\"BZ_Pyq_fadeIn\">opraw\u0119<\/span><\/strong><span class=\"BZ_Pyq_fadeIn\">, <\/span><span class=\"BZ_Pyq_fadeIn\">dzi\u0119ki <\/span><span class=\"BZ_Pyq_fadeIn\">czemu <\/span><span class=\"BZ_Pyq_fadeIn\">dobrze <\/span><span class=\"BZ_Pyq_fadeIn\">trzyma <\/span><span class=\"BZ_Pyq_fadeIn\">form\u0119 <\/span><span class=\"BZ_Pyq_fadeIn\">i <\/span><span class=\"BZ_Pyq_fadeIn\">zapewnia <\/span><span class=\"BZ_Pyq_fadeIn\">estetyczny <\/span><span class=\"BZ_Pyq_fadeIn\">wygl\u0105d <\/span><span class=\"BZ_Pyq_fadeIn\">tak\u017ce <\/span><span class=\"BZ_Pyq_fadeIn\">przy <\/span><span class=\"BZ_Pyq_fadeIn\">mocniejszych <\/span><span class=\"BZ_Pyq_fadeIn\">soczewkach. <\/span><span class=\"BZ_Pyq_fadeIn\">Polerowane <\/span><span class=\"BZ_Pyq_fadeIn\">wyko\u0144czenie <\/span><span class=\"BZ_Pyq_fadeIn\">podkre\u015bla <\/span><span class=\"BZ_Pyq_fadeIn\">szlachetny <\/span><span class=\"BZ_Pyq_fadeIn\">charakter <\/span><span class=\"BZ_Pyq_fadeIn\">oprawy, <\/span><span class=\"BZ_Pyq_fadeIn\">a <\/span><span class=\"BZ_Pyq_fadeIn\">rozmiar <\/span><strong data-start=\"671\" data-end=\"677\"><span class=\"BZ_Pyq_fadeIn\">52<\/span><\/strong> <span class=\"BZ_Pyq_fadeIn\">b\u0119dzie <\/span><span class=\"BZ_Pyq_fadeIn\">dobrym <\/span><span class=\"BZ_Pyq_fadeIn\">wyborem <\/span><span class=\"BZ_Pyq_fadeIn\">dla <\/span><span class=\"BZ_Pyq_fadeIn\">os\u00f3b <\/span><span class=\"BZ_Pyq_fadeIn\">szukaj\u0105cych <\/span><span class=\"BZ_Pyq_fadeIn\">eleganckiej, <\/span><span class=\"BZ_Pyq_fadeIn\">kobiecej <\/span><span class=\"BZ_Pyq_fadeIn\">formy <\/span><span class=\"BZ_Pyq_fadeIn\">w <\/span><span class=\"BZ_Pyq_fadeIn\">bardziej <\/span><span class=\"BZ_Pyq_fadeIn\">regularnym, <\/span><span class=\"BZ_Pyq_fadeIn\">dobrze <\/span><span class=\"BZ_Pyq_fadeIn\">wywa\u017conym <\/span><span class=\"BZ_Pyq_fadeIn\">dopasowaniu.<\/span><\/p>\n<p data-start=\"803\" data-end=\"824\"><strong data-start=\"803\" data-end=\"824\"><span class=\"BZ_Pyq_fadeIn\">Szczeg\u00f3\u0142y <\/span><span class=\"BZ_Pyq_fadeIn\">modelu:<\/span><\/strong><\/p>\n<ul data-start=\"825\" data-end=\"1435\">\n<li data-section-id=\"nl6r9n\" data-start=\"825\" data-end=\"844\">\n<p data-start=\"827\" data-end=\"844\"><span class=\"BZ_Pyq_fadeIn\">marka: <\/span><strong data-start=\"834\" data-end=\"844\"><span class=\"BZ_Pyq_fadeIn\">Chanel<\/span><\/strong><\/p>\n<\/li>\n<li data-section-id=\"4ffsmw\" data-start=\"845\" data-end=\"862\">\n<p data-start=\"847\" data-end=\"862\"><span class=\"BZ_Pyq_fadeIn\">model: <\/span><strong data-start=\"854\" data-end=\"862\"><span class=\"BZ_Pyq_fadeIn\">3446<\/span><\/strong><\/p>\n<\/li>\n<li data-section-id=\"1nf4msy\" data-start=\"863\" data-end=\"906\">\n<p data-start=\"865\" data-end=\"906\"><span class=\"BZ_Pyq_fadeIn\">kolor: <\/span><strong data-start=\"872\" data-end=\"906\"><span class=\"BZ_Pyq_fadeIn\">C714 \/ <\/span><span class=\"BZ_Pyq_fadeIn\">ciemny <\/span><span class=\"BZ_Pyq_fadeIn\">tortoise <\/span><span class=\"BZ_Pyq_fadeIn\">i <\/span><span class=\"BZ_Pyq_fadeIn\">z\u0142oty<\/span><\/strong><\/p>\n<\/li>\n<li data-section-id=\"8koamd\" data-start=\"907\" data-end=\"924\">\n<p data-start=\"909\" data-end=\"924\"><span class=\"BZ_Pyq_fadeIn\">rozmiar: <\/span><strong data-start=\"918\" data-end=\"924\"><span class=\"BZ_Pyq_fadeIn\">52<\/span><\/strong><\/p>\n<\/li>\n<li data-section-id=\"1h2lusg\" data-start=\"925\" data-end=\"949\">\n<p data-start=\"927\" data-end=\"949\"><span class=\"BZ_Pyq_fadeIn\">kszta\u0142t: <\/span><strong data-start=\"936\" data-end=\"949\"><span class=\"BZ_Pyq_fadeIn\">butterfly<\/span><\/strong><\/p>\n<\/li>\n<li data-section-id=\"1t6gogh\" data-start=\"950\" data-end=\"989\">\n<p data-start=\"952\" data-end=\"989\"><span class=\"BZ_Pyq_fadeIn\">materia\u0142 <\/span><span class=\"BZ_Pyq_fadeIn\">cz\u0119\u015bci <\/span><span class=\"BZ_Pyq_fadeIn\">przedniej: <\/span><strong data-start=\"979\" data-end=\"989\"><span class=\"BZ_Pyq_fadeIn\">acetat<\/span><\/strong><\/p>\n<\/li>\n<li data-section-id=\"1ftcqxh\" data-start=\"990\" data-end=\"1030\">\n<p data-start=\"992\" data-end=\"1030\"><span class=\"BZ_Pyq_fadeIn\">materia\u0142 <\/span><span class=\"BZ_Pyq_fadeIn\">cz\u0119\u015bci <\/span><span class=\"BZ_Pyq_fadeIn\">skroniowej: <\/span><strong data-start=\"1020\" data-end=\"1030\"><span class=\"BZ_Pyq_fadeIn\">acetat<\/span><\/strong><\/p>\n<\/li>\n<li data-section-id=\"1qgyw1z\" data-start=\"1031\" data-end=\"1075\">\n<p data-start=\"1033\" data-end=\"1075\"><span class=\"BZ_Pyq_fadeIn\">kolor <\/span><span class=\"BZ_Pyq_fadeIn\">cz\u0119\u015bci <\/span><span class=\"BZ_Pyq_fadeIn\">skroniowej: <\/span><strong data-start=\"1058\" data-end=\"1075\"><span class=\"BZ_Pyq_fadeIn\">ciemny <\/span><span class=\"BZ_Pyq_fadeIn\">havana<\/span><\/strong><\/p>\n<\/li>\n<li data-section-id=\"188cdt0\" data-start=\"1076\" data-end=\"1107\">\n<p data-start=\"1078\" data-end=\"1107\"><span class=\"BZ_Pyq_fadeIn\">typ <\/span><span class=\"BZ_Pyq_fadeIn\">oprawy: <\/span><strong data-start=\"1090\" data-end=\"1107\"><span class=\"BZ_Pyq_fadeIn\">pe\u0142na <\/span><span class=\"BZ_Pyq_fadeIn\">oprawka<\/span><\/strong><\/p>\n<\/li>\n<li data-section-id=\"sxu6gk\" data-start=\"1108\" data-end=\"1137\">\n<p data-start=\"1110\" data-end=\"1137\"><span class=\"BZ_Pyq_fadeIn\">wyko\u0144czenie: <\/span><strong data-start=\"1123\" data-end=\"1137\"><span class=\"BZ_Pyq_fadeIn\">polerowane<\/span><\/strong><\/p>\n<\/li>\n<\/ul>\n","protected":false},"featured_media":8159,"template":"","meta":{"_acf_changed":false},"product_brand":[793],"product_cat":[51],"product_tag":[],"model":[799],"class_list":{"0":"post-8154","1":"product","2":"type-product","3":"status-publish","4":"has-post-thumbnail","6":"product_brand-chanel","7":"product_cat-okulary-korekcyjne","8":"model-799","10":"first","11":"instock","12":"taxable","13":"shipping-taxable","14":"purchasable","15":"product-type-simple"},"acf":[],"aioseo_notices":[],"_links":{"self":[{"href":"https:\/\/markoweokulary.pl\/pl\/wp-json\/wp\/v2\/product\/8154","targetHints":{"allow":["GET"]}}],"collection":[{"href":"https:\/\/markoweokulary.pl\/pl\/wp-json\/wp\/v2\/product"}],"about":[{"href":"https:\/\/markoweokulary.pl\/pl\/wp-json\/wp\/v2\/types\/product"}],"version-history":[{"count":0,"href":"https:\/\/markoweokulary.pl\/pl\/wp-json\/wp\/v2\/product\/8154\/revisions"}],"wp:featuredmedia":[{"embeddable":true,"href":"https:\/\/markoweokulary.pl\/pl\/wp-json\/wp\/v2\/media\/8159"}],"wp:attachment":[{"href":"https:\/\/markoweokulary.pl\/pl\/wp-json\/wp\/v2\/media?parent=8154"}],"wp:term":[{"taxonomy":"product_brand","embeddable":true,"href":"https:\/\/markoweokulary.pl\/pl\/wp-json\/wp\/v2\/product_brand?post=8154"},{"taxonomy":"product_cat","embeddable":true,"href":"https:\/\/markoweokulary.pl\/pl\/wp-json\/wp\/v2\/product_cat?post=8154"},{"taxonomy":"product_tag","embeddable":true,"href":"https:\/\/markoweokulary.pl\/pl\/wp-json\/wp\/v2\/product_tag?post=8154"},{"taxonomy":"model","embeddable":true,"href":"https:\/\/markoweokulary.pl\/pl\/wp-json\/wp\/v2\/model?post=8154"}],"curies":[{"name":"wp","href":"https:\/\/api.w.org\/{rel}","templated":true}]}}