{"id":8147,"date":"2026-03-18T14:16:01","date_gmt":"2026-03-18T13:16:01","guid":{"rendered":"https:\/\/markoweokulary.pl\/?post_type=product&#038;p=8147"},"modified":"2026-03-18T15:12:58","modified_gmt":"2026-03-18T14:12:58","slug":"chanel-3446-54-c622","status":"publish","type":"product","link":"https:\/\/markoweokulary.pl\/pl\/produkt\/chanel-3446-54-c622\/","title":{"rendered":"Chanel 3446 &#8211; 54 | C622"},"content":{"rendered":"<p><span class=\"BZ_Pyq_fadeIn\">Model <\/span><strong data-start=\"1309\" data-end=\"1329\"><span class=\"BZ_Pyq_fadeIn\">Chanel <\/span><span class=\"BZ_Pyq_fadeIn\">3446 <\/span><span class=\"BZ_Pyq_fadeIn\">C622<\/span><\/strong> <span class=\"BZ_Pyq_fadeIn\">b\u0119dzie <\/span><span class=\"BZ_Pyq_fadeIn\">idealny <\/span><span class=\"BZ_Pyq_fadeIn\">dla <\/span><span class=\"BZ_Pyq_fadeIn\">kobiet, <\/span><span class=\"BZ_Pyq_fadeIn\">kt\u00f3re <\/span><span class=\"BZ_Pyq_fadeIn\">szukaj\u0105 <\/span><span class=\"BZ_Pyq_fadeIn\">opraw <\/span><strong data-start=\"1377\" data-end=\"1450\"><span class=\"BZ_Pyq_fadeIn\">eleganckich, <\/span><span class=\"BZ_Pyq_fadeIn\">kobiecych <\/span><span class=\"BZ_Pyq_fadeIn\">i <\/span><span class=\"BZ_Pyq_fadeIn\">bardziej <\/span><span class=\"BZ_Pyq_fadeIn\">wyrazistych <\/span><span class=\"BZ_Pyq_fadeIn\">ni\u017c <\/span><span class=\"BZ_Pyq_fadeIn\">klasyczny <\/span><span class=\"BZ_Pyq_fadeIn\">prostok\u0105t<\/span><\/strong><span class=\"BZ_Pyq_fadeIn\">. <\/span><span class=\"BZ_Pyq_fadeIn\">Kszta\u0142t <\/span><span class=\"BZ_Pyq_fadeIn\">butterfly <\/span><span class=\"BZ_Pyq_fadeIn\">bardzo <\/span><span class=\"BZ_Pyq_fadeIn\">dobrze <\/span><span class=\"BZ_Pyq_fadeIn\">prezentuje <\/span><span class=\"BZ_Pyq_fadeIn\">si\u0119 <\/span><span class=\"BZ_Pyq_fadeIn\">przy <\/span><span class=\"BZ_Pyq_fadeIn\">twarzach <\/span><strong data-start=\"1513\" data-end=\"1553\"><span class=\"BZ_Pyq_fadeIn\">owalnych, <\/span><span class=\"BZ_Pyq_fadeIn\">sercowatych <\/span><span class=\"BZ_Pyq_fadeIn\">i <\/span><span class=\"BZ_Pyq_fadeIn\">kwadratowych<\/span><\/strong><span class=\"BZ_Pyq_fadeIn\">, <\/span><span class=\"BZ_Pyq_fadeIn\">dodaj\u0105c <\/span><span class=\"BZ_Pyq_fadeIn\">rysom <\/span><span class=\"BZ_Pyq_fadeIn\">mi\u0119kko\u015bci <\/span><span class=\"BZ_Pyq_fadeIn\">i <\/span><span class=\"BZ_Pyq_fadeIn\">subtelnego <\/span><span class=\"BZ_Pyq_fadeIn\">liftinguj\u0105cego <\/span><span class=\"BZ_Pyq_fadeIn\">efektu. <\/span><span class=\"BZ_Pyq_fadeIn\">To <\/span><span class=\"BZ_Pyq_fadeIn\">\u015bwietna <\/span><span class=\"BZ_Pyq_fadeIn\">propozycja <\/span><span class=\"BZ_Pyq_fadeIn\">dla <\/span><span class=\"BZ_Pyq_fadeIn\">os\u00f3b, <\/span><span class=\"BZ_Pyq_fadeIn\">kt\u00f3re <\/span><span class=\"BZ_Pyq_fadeIn\">chc\u0105 <\/span><span class=\"BZ_Pyq_fadeIn\">po\u0142\u0105czy\u0107 <\/span><span class=\"BZ_Pyq_fadeIn\">codzienny <\/span><span class=\"BZ_Pyq_fadeIn\">komfort <\/span><span class=\"BZ_Pyq_fadeIn\">z <\/span><span class=\"BZ_Pyq_fadeIn\">luksusowym, <\/span><span class=\"BZ_Pyq_fadeIn\">modowym <\/span><span class=\"BZ_Pyq_fadeIn\">akcentem.<\/span><\/p>\n","protected":false},"excerpt":{"rendered":"<p data-start=\"383\" data-end=\"669\"><span class=\"BZ_Pyq_fadeIn\">Model <\/span><strong data-start=\"1309\" data-end=\"1329\"><span class=\"BZ_Pyq_fadeIn\">Chanel <\/span><span class=\"BZ_Pyq_fadeIn\">3446 <\/span><span class=\"BZ_Pyq_fadeIn\">C622<\/span><\/strong> <span class=\"BZ_Pyq_fadeIn\">b\u0119dzie <\/span><span class=\"BZ_Pyq_fadeIn\">idealny <\/span><span class=\"BZ_Pyq_fadeIn\">dla <\/span><span class=\"BZ_Pyq_fadeIn\">kobiet, <\/span><span class=\"BZ_Pyq_fadeIn\">kt\u00f3re <\/span><span class=\"BZ_Pyq_fadeIn\">szukaj\u0105 <\/span><span class=\"BZ_Pyq_fadeIn\">opraw <\/span><strong data-start=\"1377\" data-end=\"1450\"><span class=\"BZ_Pyq_fadeIn\">eleganckich, <\/span><span class=\"BZ_Pyq_fadeIn\">kobiecych <\/span><span class=\"BZ_Pyq_fadeIn\">i <\/span><span class=\"BZ_Pyq_fadeIn\">bardziej <\/span><span class=\"BZ_Pyq_fadeIn\">wyrazistych <\/span><span class=\"BZ_Pyq_fadeIn\">ni\u017c <\/span><span class=\"BZ_Pyq_fadeIn\">klasyczny <\/span><span class=\"BZ_Pyq_fadeIn\">prostok\u0105t<\/span><\/strong><span class=\"BZ_Pyq_fadeIn\">. <\/span><span class=\"BZ_Pyq_fadeIn\">Kszta\u0142t <\/span><span class=\"BZ_Pyq_fadeIn\">butterfly <\/span><span class=\"BZ_Pyq_fadeIn\">bardzo <\/span><span class=\"BZ_Pyq_fadeIn\">dobrze <\/span><span class=\"BZ_Pyq_fadeIn\">prezentuje <\/span><span class=\"BZ_Pyq_fadeIn\">si\u0119 <\/span><span class=\"BZ_Pyq_fadeIn\">przy <\/span><span class=\"BZ_Pyq_fadeIn\">twarzach <\/span><strong data-start=\"1513\" data-end=\"1553\"><span class=\"BZ_Pyq_fadeIn\">owalnych, <\/span><span class=\"BZ_Pyq_fadeIn\">sercowatych <\/span><span class=\"BZ_Pyq_fadeIn\">i <\/span><span class=\"BZ_Pyq_fadeIn\">kwadratowych<\/span><\/strong><span class=\"BZ_Pyq_fadeIn\">, <\/span><span class=\"BZ_Pyq_fadeIn\">dodaj\u0105c <\/span><span class=\"BZ_Pyq_fadeIn\">rysom <\/span><span class=\"BZ_Pyq_fadeIn\">mi\u0119kko\u015bci <\/span><span class=\"BZ_Pyq_fadeIn\">i <\/span><span class=\"BZ_Pyq_fadeIn\">subtelnego <\/span><span class=\"BZ_Pyq_fadeIn\">liftinguj\u0105cego <\/span><span class=\"BZ_Pyq_fadeIn\">efektu. <\/span><span class=\"BZ_Pyq_fadeIn\">To <\/span><span class=\"BZ_Pyq_fadeIn\">\u015bwietna <\/span><span class=\"BZ_Pyq_fadeIn\">propozycja <\/span><span class=\"BZ_Pyq_fadeIn\">dla <\/span><span class=\"BZ_Pyq_fadeIn\">os\u00f3b, <\/span><span class=\"BZ_Pyq_fadeIn\">kt\u00f3re <\/span><span class=\"BZ_Pyq_fadeIn\">chc\u0105 <\/span><span class=\"BZ_Pyq_fadeIn\">po\u0142\u0105czy\u0107 <\/span><span class=\"BZ_Pyq_fadeIn\">codzienny <\/span><span class=\"BZ_Pyq_fadeIn\">komfort <\/span><span class=\"BZ_Pyq_fadeIn\">z <\/span><span class=\"BZ_Pyq_fadeIn\">luksusowym, <\/span><span class=\"BZ_Pyq_fadeIn\">modowym <\/span><span class=\"BZ_Pyq_fadeIn\">akcentem.<\/span><\/p>\n<p data-start=\"383\" data-end=\"669\"><span class=\"BZ_Pyq_fadeIn\">Model <\/span><span class=\"BZ_Pyq_fadeIn\">zosta\u0142 <\/span><span class=\"BZ_Pyq_fadeIn\">wykonany <\/span><span class=\"BZ_Pyq_fadeIn\">z <\/span><strong data-start=\"407\" data-end=\"418\"><span class=\"BZ_Pyq_fadeIn\">acetatu<\/span><\/strong> <span class=\"BZ_Pyq_fadeIn\">i <\/span><span class=\"BZ_Pyq_fadeIn\">ma <\/span><strong data-start=\"424\" data-end=\"440\"><span class=\"BZ_Pyq_fadeIn\">pe\u0142n\u0105 <\/span><span class=\"BZ_Pyq_fadeIn\">opraw\u0119<\/span><\/strong><span class=\"BZ_Pyq_fadeIn\">, <\/span><span class=\"BZ_Pyq_fadeIn\">dzi\u0119ki <\/span><span class=\"BZ_Pyq_fadeIn\">czemu <\/span><span class=\"BZ_Pyq_fadeIn\">front <\/span><span class=\"BZ_Pyq_fadeIn\">jest <\/span><span class=\"BZ_Pyq_fadeIn\">wyrazisty, <\/span><span class=\"BZ_Pyq_fadeIn\">a <\/span><span class=\"BZ_Pyq_fadeIn\">ca\u0142o\u015b\u0107 <\/span><span class=\"BZ_Pyq_fadeIn\">dobrze <\/span><span class=\"BZ_Pyq_fadeIn\">trzyma <\/span><span class=\"BZ_Pyq_fadeIn\">form\u0119. <\/span><span class=\"BZ_Pyq_fadeIn\">Polerowane <\/span><span class=\"BZ_Pyq_fadeIn\">wyko\u0144czenie <\/span><span class=\"BZ_Pyq_fadeIn\">podkre\u015bla <\/span><span class=\"BZ_Pyq_fadeIn\">elegancki <\/span><span class=\"BZ_Pyq_fadeIn\">charakter <\/span><span class=\"BZ_Pyq_fadeIn\">modelu, <\/span><span class=\"BZ_Pyq_fadeIn\">a <\/span><span class=\"BZ_Pyq_fadeIn\">mi\u0119kko <\/span><span class=\"BZ_Pyq_fadeIn\">rozbudowany <\/span><span class=\"BZ_Pyq_fadeIn\">kszta\u0142t <\/span><span class=\"BZ_Pyq_fadeIn\">butterfly <\/span><span class=\"BZ_Pyq_fadeIn\">pi\u0119knie <\/span><span class=\"BZ_Pyq_fadeIn\">otwiera <\/span><span class=\"BZ_Pyq_fadeIn\">spojrzenie <\/span><span class=\"BZ_Pyq_fadeIn\">i <\/span><span class=\"BZ_Pyq_fadeIn\">dodaje <\/span><span class=\"BZ_Pyq_fadeIn\">twarzy <\/span><span class=\"BZ_Pyq_fadeIn\">subtelnej <\/span><span class=\"BZ_Pyq_fadeIn\">lekko\u015bci.<\/span><\/p>\n<p data-start=\"671\" data-end=\"692\"><strong data-start=\"671\" data-end=\"692\"><span class=\"BZ_Pyq_fadeIn\">Szczeg\u00f3\u0142y <\/span><span class=\"BZ_Pyq_fadeIn\">modelu:<\/span><\/strong><\/p>\n<ul data-start=\"693\" data-end=\"1285\">\n<li data-section-id=\"nl6r9n\" data-start=\"693\" data-end=\"712\">\n<p data-start=\"695\" data-end=\"712\"><span class=\"BZ_Pyq_fadeIn\">marka: <\/span><strong data-start=\"702\" data-end=\"712\"><span class=\"BZ_Pyq_fadeIn\">Chanel<\/span><\/strong><\/p>\n<\/li>\n<li data-section-id=\"4ffsmw\" data-start=\"713\" data-end=\"730\">\n<p data-start=\"715\" data-end=\"730\"><span class=\"BZ_Pyq_fadeIn\">model: <\/span><strong data-start=\"722\" data-end=\"730\"><span class=\"BZ_Pyq_fadeIn\">3446<\/span><\/strong><\/p>\n<\/li>\n<li data-section-id=\"bdmx2r\" data-start=\"731\" data-end=\"765\">\n<p data-start=\"733\" data-end=\"765\"><span class=\"BZ_Pyq_fadeIn\">kolor: <\/span><strong data-start=\"740\" data-end=\"765\"><span class=\"BZ_Pyq_fadeIn\">C622 \/ <\/span><span class=\"BZ_Pyq_fadeIn\">czarny <\/span><span class=\"BZ_Pyq_fadeIn\">i <\/span><span class=\"BZ_Pyq_fadeIn\">z\u0142oty<\/span><\/strong><\/p>\n<\/li>\n<li data-section-id=\"1h2lusg\" data-start=\"766\" data-end=\"790\">\n<p data-start=\"768\" data-end=\"790\"><span class=\"BZ_Pyq_fadeIn\">kszta\u0142t: <\/span><strong data-start=\"777\" data-end=\"790\"><span class=\"BZ_Pyq_fadeIn\">butterfly<\/span><\/strong><\/p>\n<\/li>\n<li data-section-id=\"1t6gogh\" data-start=\"791\" data-end=\"830\">\n<p data-start=\"793\" data-end=\"830\"><span class=\"BZ_Pyq_fadeIn\">materia\u0142 <\/span><span class=\"BZ_Pyq_fadeIn\">cz\u0119\u015bci <\/span><span class=\"BZ_Pyq_fadeIn\">przedniej: <\/span><strong data-start=\"820\" data-end=\"830\"><span class=\"BZ_Pyq_fadeIn\">acetat<\/span><\/strong><\/p>\n<\/li>\n<li data-section-id=\"1ftcqxh\" data-start=\"831\" data-end=\"871\">\n<p data-start=\"833\" data-end=\"871\"><span class=\"BZ_Pyq_fadeIn\">materia\u0142 <\/span><span class=\"BZ_Pyq_fadeIn\">cz\u0119\u015bci <\/span><span class=\"BZ_Pyq_fadeIn\">skroniowej: <\/span><strong data-start=\"861\" data-end=\"871\"><span class=\"BZ_Pyq_fadeIn\">acetat<\/span><\/strong><\/p>\n<\/li>\n<li data-section-id=\"188cdt0\" data-start=\"872\" data-end=\"903\">\n<p data-start=\"874\" data-end=\"903\"><span class=\"BZ_Pyq_fadeIn\">typ <\/span><span class=\"BZ_Pyq_fadeIn\">oprawy: <\/span><strong data-start=\"886\" data-end=\"903\"><span class=\"BZ_Pyq_fadeIn\">pe\u0142na <\/span><span class=\"BZ_Pyq_fadeIn\">oprawka<\/span><\/strong><\/p>\n<\/li>\n<li data-section-id=\"sxu6gk\" data-start=\"904\" data-end=\"933\">\n<p data-start=\"906\" data-end=\"933\"><span class=\"BZ_Pyq_fadeIn\">wyko\u0144czenie: <\/span><strong data-start=\"919\" data-end=\"933\"><span class=\"BZ_Pyq_fadeIn\">polerowane<\/span><\/strong><\/p>\n<\/li>\n<\/ul>\n","protected":false},"featured_media":8152,"template":"","meta":{"_acf_changed":false},"product_brand":[793],"product_cat":[51],"product_tag":[],"model":[799],"class_list":{"0":"post-8147","1":"product","2":"type-product","3":"status-publish","4":"has-post-thumbnail","6":"product_brand-chanel","7":"product_cat-okulary-korekcyjne","8":"model-799","10":"first","11":"instock","12":"taxable","13":"shipping-taxable","14":"purchasable","15":"product-type-simple"},"acf":[],"aioseo_notices":[],"_links":{"self":[{"href":"https:\/\/markoweokulary.pl\/pl\/wp-json\/wp\/v2\/product\/8147","targetHints":{"allow":["GET"]}}],"collection":[{"href":"https:\/\/markoweokulary.pl\/pl\/wp-json\/wp\/v2\/product"}],"about":[{"href":"https:\/\/markoweokulary.pl\/pl\/wp-json\/wp\/v2\/types\/product"}],"version-history":[{"count":0,"href":"https:\/\/markoweokulary.pl\/pl\/wp-json\/wp\/v2\/product\/8147\/revisions"}],"wp:featuredmedia":[{"embeddable":true,"href":"https:\/\/markoweokulary.pl\/pl\/wp-json\/wp\/v2\/media\/8152"}],"wp:attachment":[{"href":"https:\/\/markoweokulary.pl\/pl\/wp-json\/wp\/v2\/media?parent=8147"}],"wp:term":[{"taxonomy":"product_brand","embeddable":true,"href":"https:\/\/markoweokulary.pl\/pl\/wp-json\/wp\/v2\/product_brand?post=8147"},{"taxonomy":"product_cat","embeddable":true,"href":"https:\/\/markoweokulary.pl\/pl\/wp-json\/wp\/v2\/product_cat?post=8147"},{"taxonomy":"product_tag","embeddable":true,"href":"https:\/\/markoweokulary.pl\/pl\/wp-json\/wp\/v2\/product_tag?post=8147"},{"taxonomy":"model","embeddable":true,"href":"https:\/\/markoweokulary.pl\/pl\/wp-json\/wp\/v2\/model?post=8147"}],"curies":[{"name":"wp","href":"https:\/\/api.w.org\/{rel}","templated":true}]}}