{"id":8140,"date":"2026-03-18T14:06:26","date_gmt":"2026-03-18T13:06:26","guid":{"rendered":"https:\/\/markoweokulary.pl\/?post_type=product&#038;p=8140"},"modified":"2026-03-18T15:12:58","modified_gmt":"2026-03-18T14:12:58","slug":"chanel-3414-54-c503","status":"publish","type":"product","link":"https:\/\/markoweokulary.pl\/pl\/produkt\/chanel-3414-54-c503\/","title":{"rendered":"Chanel 3414 &#8211; 54 | C503"},"content":{"rendered":"<p><span class=\"BZ_Pyq_fadeIn\">Model <\/span><strong data-start=\"1413\" data-end=\"1433\"><span class=\"BZ_Pyq_fadeIn\">Chanel <\/span><span class=\"BZ_Pyq_fadeIn\">3414 <\/span><span class=\"BZ_Pyq_fadeIn\">C503<\/span><\/strong> <span class=\"BZ_Pyq_fadeIn\">b\u0119dzie <\/span><span class=\"BZ_Pyq_fadeIn\">idealny <\/span><span class=\"BZ_Pyq_fadeIn\">dla <\/span><span class=\"BZ_Pyq_fadeIn\">kobiet, <\/span><span class=\"BZ_Pyq_fadeIn\">kt\u00f3re <\/span><span class=\"BZ_Pyq_fadeIn\">szukaj\u0105 <\/span><span class=\"BZ_Pyq_fadeIn\">opraw <\/span><strong data-start=\"1481\" data-end=\"1537\"><span class=\"BZ_Pyq_fadeIn\">eleganckich, <\/span><span class=\"BZ_Pyq_fadeIn\">nowoczesnych <\/span><span class=\"BZ_Pyq_fadeIn\">i <\/span><span class=\"BZ_Pyq_fadeIn\">uporz\u0105dkowanych <\/span><span class=\"BZ_Pyq_fadeIn\">w <\/span><span class=\"BZ_Pyq_fadeIn\">formie<\/span><\/strong><span class=\"BZ_Pyq_fadeIn\">. <\/span><span class=\"BZ_Pyq_fadeIn\">Prostok\u0105tny <\/span><span class=\"BZ_Pyq_fadeIn\">kszta\u0142t <\/span><span class=\"BZ_Pyq_fadeIn\">dobrze <\/span><span class=\"BZ_Pyq_fadeIn\">sprawdzi <\/span><span class=\"BZ_Pyq_fadeIn\">si\u0119 <\/span><span class=\"BZ_Pyq_fadeIn\">u <\/span><span class=\"BZ_Pyq_fadeIn\">os\u00f3b <\/span><span class=\"BZ_Pyq_fadeIn\">ceni\u0105cych <\/span><span class=\"BZ_Pyq_fadeIn\">bardziej <\/span><span class=\"BZ_Pyq_fadeIn\">dyskretny, <\/span><span class=\"BZ_Pyq_fadeIn\">wywa\u017cony <\/span><span class=\"BZ_Pyq_fadeIn\">styl, <\/span><span class=\"BZ_Pyq_fadeIn\">a <\/span><span class=\"BZ_Pyq_fadeIn\">niebieski <\/span><span class=\"BZ_Pyq_fadeIn\">kolor <\/span><span class=\"BZ_Pyq_fadeIn\">doda <\/span><span class=\"BZ_Pyq_fadeIn\">ca\u0142o\u015bci <\/span><span class=\"BZ_Pyq_fadeIn\">lekko\u015bci <\/span><span class=\"BZ_Pyq_fadeIn\">i <\/span><span class=\"BZ_Pyq_fadeIn\">indywidualnego <\/span><span class=\"BZ_Pyq_fadeIn\">charakteru. <\/span><span class=\"BZ_Pyq_fadeIn\">To <\/span><span class=\"BZ_Pyq_fadeIn\">bardzo <\/span><span class=\"BZ_Pyq_fadeIn\">dobra <\/span><span class=\"BZ_Pyq_fadeIn\">propozycja <\/span><span class=\"BZ_Pyq_fadeIn\">dla <\/span><span class=\"BZ_Pyq_fadeIn\">kobiet, <\/span><span class=\"BZ_Pyq_fadeIn\">kt\u00f3re <\/span><span class=\"BZ_Pyq_fadeIn\">chc\u0105 <\/span><span class=\"BZ_Pyq_fadeIn\">po\u0142\u0105czy\u0107 <\/span><span class=\"BZ_Pyq_fadeIn\">komfort <\/span><span class=\"BZ_Pyq_fadeIn\">codziennego <\/span><span class=\"BZ_Pyq_fadeIn\">noszenia <\/span><span class=\"BZ_Pyq_fadeIn\">z <\/span><span class=\"BZ_Pyq_fadeIn\">subtelnym <\/span><span class=\"BZ_Pyq_fadeIn\">luksusem.<\/span><\/p>\n","protected":false},"excerpt":{"rendered":"<p data-start=\"65\" data-end=\"390\"><strong data-start=\"65\" data-end=\"95\"><span class=\"BZ_Pyq_fadeIn\">Chanel <\/span><span class=\"BZ_Pyq_fadeIn\">3414 <\/span><span class=\"BZ_Pyq_fadeIn\">C503 <\/span><span class=\"BZ_Pyq_fadeIn\">Niebieski<\/span><\/strong> <span class=\"BZ_Pyq_fadeIn\">to <\/span><span class=\"BZ_Pyq_fadeIn\">eleganckie, <\/span><span class=\"BZ_Pyq_fadeIn\">damskie <\/span><span class=\"BZ_Pyq_fadeIn\">oprawy <\/span><span class=\"BZ_Pyq_fadeIn\">korekcyjne <\/span><span class=\"BZ_Pyq_fadeIn\">o <\/span><strong data-start=\"139\" data-end=\"165\"><span class=\"BZ_Pyq_fadeIn\">prostok\u0105tnym <\/span><span class=\"BZ_Pyq_fadeIn\">kszta\u0142cie<\/span><\/strong><span class=\"BZ_Pyq_fadeIn\">, <\/span><span class=\"BZ_Pyq_fadeIn\">kt\u00f3re <\/span><span class=\"BZ_Pyq_fadeIn\">\u0142\u0105cz\u0105 <\/span><span class=\"BZ_Pyq_fadeIn\">nowoczesn\u0105 <\/span><span class=\"BZ_Pyq_fadeIn\">prostot\u0119 <\/span><span class=\"BZ_Pyq_fadeIn\">z <\/span><span class=\"BZ_Pyq_fadeIn\">charakterystyczn\u0105 <\/span><span class=\"BZ_Pyq_fadeIn\">dla <\/span><span class=\"BZ_Pyq_fadeIn\">domu <\/span><span class=\"BZ_Pyq_fadeIn\">mody <\/span><span class=\"BZ_Pyq_fadeIn\">Chanel <\/span><span class=\"BZ_Pyq_fadeIn\">klas\u0105. <\/span><span class=\"BZ_Pyq_fadeIn\">Niebieski <\/span><span class=\"BZ_Pyq_fadeIn\">kolor <\/span><span class=\"BZ_Pyq_fadeIn\">nadaje <\/span><span class=\"BZ_Pyq_fadeIn\">modelowi <\/span><span class=\"BZ_Pyq_fadeIn\">\u015bwie\u017co\u015bci <\/span><span class=\"BZ_Pyq_fadeIn\">i <\/span><span class=\"BZ_Pyq_fadeIn\">subtelnej <\/span><span class=\"BZ_Pyq_fadeIn\">wyrazisto\u015bci, <\/span><span class=\"BZ_Pyq_fadeIn\">dzi\u0119ki <\/span><span class=\"BZ_Pyq_fadeIn\">czemu <\/span><span class=\"BZ_Pyq_fadeIn\">okulary <\/span><span class=\"BZ_Pyq_fadeIn\">prezentuj\u0105 <\/span><span class=\"BZ_Pyq_fadeIn\">si\u0119 <\/span><span class=\"BZ_Pyq_fadeIn\">stylowo, <\/span><span class=\"BZ_Pyq_fadeIn\">ale <\/span><span class=\"BZ_Pyq_fadeIn\">nadal <\/span><span class=\"BZ_Pyq_fadeIn\">bardzo <\/span><span class=\"BZ_Pyq_fadeIn\">uniwersalnie.<\/span><\/p>\n<p data-start=\"392\" data-end=\"752\"><span class=\"BZ_Pyq_fadeIn\">Model <\/span><span class=\"BZ_Pyq_fadeIn\">zosta\u0142 <\/span><span class=\"BZ_Pyq_fadeIn\">wykonany <\/span><span class=\"BZ_Pyq_fadeIn\">z <\/span><strong data-start=\"416\" data-end=\"427\"><span class=\"BZ_Pyq_fadeIn\">acetatu<\/span><\/strong> <span class=\"BZ_Pyq_fadeIn\">i <\/span><span class=\"BZ_Pyq_fadeIn\">ma <\/span><strong data-start=\"433\" data-end=\"449\"><span class=\"BZ_Pyq_fadeIn\">pe\u0142n\u0105 <\/span><span class=\"BZ_Pyq_fadeIn\">opraw\u0119<\/span><\/strong><span class=\"BZ_Pyq_fadeIn\">, <\/span><span class=\"BZ_Pyq_fadeIn\">co <\/span><span class=\"BZ_Pyq_fadeIn\">zapewnia <\/span><span class=\"BZ_Pyq_fadeIn\">wyrazistszy <\/span><span class=\"BZ_Pyq_fadeIn\">wygl\u0105d <\/span><span class=\"BZ_Pyq_fadeIn\">frontu <\/span><span class=\"BZ_Pyq_fadeIn\">oraz <\/span><span class=\"BZ_Pyq_fadeIn\">dobre <\/span><span class=\"BZ_Pyq_fadeIn\">warunki <\/span><span class=\"BZ_Pyq_fadeIn\">do <\/span><span class=\"BZ_Pyq_fadeIn\">monta\u017cu <\/span><span class=\"BZ_Pyq_fadeIn\">r\u00f3\u017cnych <\/span><span class=\"BZ_Pyq_fadeIn\">typ\u00f3w <\/span><span class=\"BZ_Pyq_fadeIn\">soczewek. <\/span><span class=\"BZ_Pyq_fadeIn\">Polerowane <\/span><span class=\"BZ_Pyq_fadeIn\">wyko\u0144czenie <\/span><span class=\"BZ_Pyq_fadeIn\">podkre\u015bla <\/span><span class=\"BZ_Pyq_fadeIn\">luksusowy <\/span><span class=\"BZ_Pyq_fadeIn\">charakter <\/span><span class=\"BZ_Pyq_fadeIn\">modelu, <\/span><span class=\"BZ_Pyq_fadeIn\">a <\/span><span class=\"BZ_Pyq_fadeIn\">prostok\u0105tna <\/span><span class=\"BZ_Pyq_fadeIn\">forma <\/span><span class=\"BZ_Pyq_fadeIn\">sprawia, <\/span><span class=\"BZ_Pyq_fadeIn\">\u017ce <\/span><span class=\"BZ_Pyq_fadeIn\">oprawa <\/span><span class=\"BZ_Pyq_fadeIn\">dobrze <\/span><span class=\"BZ_Pyq_fadeIn\">odnajduje <\/span><span class=\"BZ_Pyq_fadeIn\">si\u0119 <\/span><span class=\"BZ_Pyq_fadeIn\">zar\u00f3wno <\/span><span class=\"BZ_Pyq_fadeIn\">w <\/span><span class=\"BZ_Pyq_fadeIn\">codziennych <\/span><span class=\"BZ_Pyq_fadeIn\">stylizacjach, <\/span><span class=\"BZ_Pyq_fadeIn\">jak <\/span><span class=\"BZ_Pyq_fadeIn\">i <\/span><span class=\"BZ_Pyq_fadeIn\">bardziej <\/span><span class=\"BZ_Pyq_fadeIn\">uporz\u0105dkowanym, <\/span><span class=\"BZ_Pyq_fadeIn\">eleganckim <\/span><span class=\"BZ_Pyq_fadeIn\">wizerunku.<\/span><\/p>\n<p data-start=\"754\" data-end=\"775\"><strong data-start=\"754\" data-end=\"775\"><span class=\"BZ_Pyq_fadeIn\">Szczeg\u00f3\u0142y <\/span><span class=\"BZ_Pyq_fadeIn\">modelu:<\/span><\/strong><\/p>\n<ul data-start=\"776\" data-end=\"1389\">\n<li data-section-id=\"nl6r9n\" data-start=\"776\" data-end=\"795\">\n<p data-start=\"778\" data-end=\"795\"><span class=\"BZ_Pyq_fadeIn\">marka: <\/span><strong data-start=\"785\" data-end=\"795\"><span class=\"BZ_Pyq_fadeIn\">Chanel<\/span><\/strong><\/p>\n<\/li>\n<li data-section-id=\"4fc7xb\" data-start=\"796\" data-end=\"813\">\n<p data-start=\"798\" data-end=\"813\"><span class=\"BZ_Pyq_fadeIn\">model: <\/span><strong data-start=\"805\" data-end=\"813\"><span class=\"BZ_Pyq_fadeIn\">3414<\/span><\/strong><\/p>\n<\/li>\n<li data-section-id=\"1v9flvz\" data-start=\"814\" data-end=\"841\">\n<p data-start=\"816\" data-end=\"841\"><span class=\"BZ_Pyq_fadeIn\">kolor: <\/span><strong data-start=\"823\" data-end=\"841\"><span class=\"BZ_Pyq_fadeIn\">C503 <\/span><span class=\"BZ_Pyq_fadeIn\">Niebieski<\/span><\/strong><\/p>\n<\/li>\n<li data-section-id=\"13108w7\" data-start=\"842\" data-end=\"868\">\n<p data-start=\"844\" data-end=\"868\"><span class=\"BZ_Pyq_fadeIn\">kszta\u0142t: <\/span><strong data-start=\"853\" data-end=\"868\"><span class=\"BZ_Pyq_fadeIn\">prostok\u0105tne<\/span><\/strong><\/p>\n<\/li>\n<li data-section-id=\"1t6gogh\" data-start=\"869\" data-end=\"908\">\n<p data-start=\"871\" data-end=\"908\"><span class=\"BZ_Pyq_fadeIn\">materia\u0142 <\/span><span class=\"BZ_Pyq_fadeIn\">cz\u0119\u015bci <\/span><span class=\"BZ_Pyq_fadeIn\">przedniej: <\/span><strong data-start=\"898\" data-end=\"908\"><span class=\"BZ_Pyq_fadeIn\">acetat<\/span><\/strong><\/p>\n<\/li>\n<li data-section-id=\"1ftcqxh\" data-start=\"909\" data-end=\"949\">\n<p data-start=\"911\" data-end=\"949\"><span class=\"BZ_Pyq_fadeIn\">materia\u0142 <\/span><span class=\"BZ_Pyq_fadeIn\">cz\u0119\u015bci <\/span><span class=\"BZ_Pyq_fadeIn\">skroniowej: <\/span><strong data-start=\"939\" data-end=\"949\"><span class=\"BZ_Pyq_fadeIn\">acetat<\/span><\/strong><\/p>\n<\/li>\n<li data-section-id=\"188cdt0\" data-start=\"950\" data-end=\"981\">\n<p data-start=\"952\" data-end=\"981\"><span class=\"BZ_Pyq_fadeIn\">typ <\/span><span class=\"BZ_Pyq_fadeIn\">oprawy: <\/span><strong data-start=\"964\" data-end=\"981\"><span class=\"BZ_Pyq_fadeIn\">pe\u0142na <\/span><span class=\"BZ_Pyq_fadeIn\">oprawka<\/span><\/strong><\/p>\n<\/li>\n<li data-section-id=\"sxu6gk\" data-start=\"982\" data-end=\"1011\">\n<p data-start=\"984\" data-end=\"1011\"><span class=\"BZ_Pyq_fadeIn\">wyko\u0144czenie: <\/span><strong data-start=\"997\" data-end=\"1011\"><span class=\"BZ_Pyq_fadeIn\">polerowane<\/span><\/strong><\/p>\n<\/li>\n<\/ul>\n","protected":false},"featured_media":8145,"template":"","meta":{"_acf_changed":false},"product_brand":[793],"product_cat":[51],"product_tag":[],"model":[797],"class_list":{"0":"post-8140","1":"product","2":"type-product","3":"status-publish","4":"has-post-thumbnail","6":"product_brand-chanel","7":"product_cat-okulary-korekcyjne","8":"model-797","10":"first","11":"instock","12":"taxable","13":"shipping-taxable","14":"purchasable","15":"product-type-simple"},"acf":[],"aioseo_notices":[],"_links":{"self":[{"href":"https:\/\/markoweokulary.pl\/pl\/wp-json\/wp\/v2\/product\/8140","targetHints":{"allow":["GET"]}}],"collection":[{"href":"https:\/\/markoweokulary.pl\/pl\/wp-json\/wp\/v2\/product"}],"about":[{"href":"https:\/\/markoweokulary.pl\/pl\/wp-json\/wp\/v2\/types\/product"}],"version-history":[{"count":0,"href":"https:\/\/markoweokulary.pl\/pl\/wp-json\/wp\/v2\/product\/8140\/revisions"}],"wp:featuredmedia":[{"embeddable":true,"href":"https:\/\/markoweokulary.pl\/pl\/wp-json\/wp\/v2\/media\/8145"}],"wp:attachment":[{"href":"https:\/\/markoweokulary.pl\/pl\/wp-json\/wp\/v2\/media?parent=8140"}],"wp:term":[{"taxonomy":"product_brand","embeddable":true,"href":"https:\/\/markoweokulary.pl\/pl\/wp-json\/wp\/v2\/product_brand?post=8140"},{"taxonomy":"product_cat","embeddable":true,"href":"https:\/\/markoweokulary.pl\/pl\/wp-json\/wp\/v2\/product_cat?post=8140"},{"taxonomy":"product_tag","embeddable":true,"href":"https:\/\/markoweokulary.pl\/pl\/wp-json\/wp\/v2\/product_tag?post=8140"},{"taxonomy":"model","embeddable":true,"href":"https:\/\/markoweokulary.pl\/pl\/wp-json\/wp\/v2\/model?post=8140"}],"curies":[{"name":"wp","href":"https:\/\/api.w.org\/{rel}","templated":true}]}}