{"id":8133,"date":"2026-03-18T13:42:44","date_gmt":"2026-03-18T12:42:44","guid":{"rendered":"https:\/\/markoweokulary.pl\/?post_type=product&#038;p=8133"},"modified":"2026-03-18T15:12:58","modified_gmt":"2026-03-18T14:12:58","slug":"chanel-3393-54-c714","status":"publish","type":"product","link":"https:\/\/markoweokulary.pl\/pl\/produkt\/chanel-3393-54-c714\/","title":{"rendered":"Chanel 3393 &#8211; 54 | C714"},"content":{"rendered":"<p><span class=\"BZ_Pyq_fadeIn\">Model <\/span><strong data-start=\"1339\" data-end=\"1359\"><span class=\"BZ_Pyq_fadeIn\">Chanel <\/span><span class=\"BZ_Pyq_fadeIn\">3393 <\/span><span class=\"BZ_Pyq_fadeIn\">C714<\/span><\/strong> <span class=\"BZ_Pyq_fadeIn\">b\u0119dzie <\/span><span class=\"BZ_Pyq_fadeIn\">idealny <\/span><span class=\"BZ_Pyq_fadeIn\">dla <\/span><span class=\"BZ_Pyq_fadeIn\">kobiet, <\/span><span class=\"BZ_Pyq_fadeIn\">kt\u00f3re <\/span><span class=\"BZ_Pyq_fadeIn\">szukaj\u0105 <\/span><span class=\"BZ_Pyq_fadeIn\">opraw <\/span><strong data-start=\"1407\" data-end=\"1450\"><span class=\"BZ_Pyq_fadeIn\">eleganckich, <\/span><span class=\"BZ_Pyq_fadeIn\">kobiecych <\/span><span class=\"BZ_Pyq_fadeIn\">i <\/span><span class=\"BZ_Pyq_fadeIn\">wyrafinowanych<\/span><\/strong><span class=\"BZ_Pyq_fadeIn\">, <\/span><span class=\"BZ_Pyq_fadeIn\">ale <\/span><span class=\"BZ_Pyq_fadeIn\">bez <\/span><span class=\"BZ_Pyq_fadeIn\">przesadnej <\/span><span class=\"BZ_Pyq_fadeIn\">ostentacji. <\/span><span class=\"BZ_Pyq_fadeIn\">Kszta\u0142t <\/span><strong data-start=\"1491\" data-end=\"1502\"><span class=\"BZ_Pyq_fadeIn\">cat <\/span><span class=\"BZ_Pyq_fadeIn\">eye<\/span><\/strong> <span class=\"BZ_Pyq_fadeIn\">pi\u0119knie <\/span><span class=\"BZ_Pyq_fadeIn\">podkre\u015bla <\/span><span class=\"BZ_Pyq_fadeIn\">rysy <\/span><span class=\"BZ_Pyq_fadeIn\">twarzy <\/span><span class=\"BZ_Pyq_fadeIn\">i <\/span><span class=\"BZ_Pyq_fadeIn\">szczeg\u00f3lnie <\/span><span class=\"BZ_Pyq_fadeIn\">dobrze <\/span><span class=\"BZ_Pyq_fadeIn\">prezentuje <\/span><span class=\"BZ_Pyq_fadeIn\">si\u0119 <\/span><span class=\"BZ_Pyq_fadeIn\">przy <\/span><span class=\"BZ_Pyq_fadeIn\">twarzach <\/span><strong data-start=\"1583\" data-end=\"1623\"><span class=\"BZ_Pyq_fadeIn\">owalnych, <\/span><span class=\"BZ_Pyq_fadeIn\">sercowatych <\/span><span class=\"BZ_Pyq_fadeIn\">i <\/span><span class=\"BZ_Pyq_fadeIn\">kwadratowych<\/span><\/strong><span class=\"BZ_Pyq_fadeIn\">. <\/span><span class=\"BZ_Pyq_fadeIn\">To <\/span><span class=\"BZ_Pyq_fadeIn\">\u015bwietny <\/span><span class=\"BZ_Pyq_fadeIn\">wyb\u00f3r <\/span><span class=\"BZ_Pyq_fadeIn\">dla <\/span><span class=\"BZ_Pyq_fadeIn\">os\u00f3b, <\/span><span class=\"BZ_Pyq_fadeIn\">kt\u00f3re <\/span><span class=\"BZ_Pyq_fadeIn\">chc\u0105 <\/span><span class=\"BZ_Pyq_fadeIn\">doda\u0107 <\/span><span class=\"BZ_Pyq_fadeIn\">stylizacji <\/span><span class=\"BZ_Pyq_fadeIn\">klasy, <\/span><span class=\"BZ_Pyq_fadeIn\">lekko\u015bci <\/span><span class=\"BZ_Pyq_fadeIn\">i <\/span><span class=\"BZ_Pyq_fadeIn\">luksusowego <\/span><span class=\"BZ_Pyq_fadeIn\">charakteru.<\/span><\/p>\n","protected":false},"excerpt":{"rendered":"<p data-start=\"113\" data-end=\"480\"><strong data-start=\"113\" data-end=\"147\"><span class=\"BZ_Pyq_fadeIn\">Chanel <\/span><span class=\"BZ_Pyq_fadeIn\">3393 <\/span><span class=\"BZ_Pyq_fadeIn\">C714 <\/span><span class=\"BZ_Pyq_fadeIn\">Ciemny <\/span><span class=\"BZ_Pyq_fadeIn\">Havana<\/span><\/strong> <span class=\"BZ_Pyq_fadeIn\">to <\/span><span class=\"BZ_Pyq_fadeIn\">eleganckie, <\/span><span class=\"BZ_Pyq_fadeIn\">kobiece <\/span><span class=\"BZ_Pyq_fadeIn\">oprawy <\/span><span class=\"BZ_Pyq_fadeIn\">korekcyjne <\/span><span class=\"BZ_Pyq_fadeIn\">o <\/span><span class=\"BZ_Pyq_fadeIn\">subtelnie <\/span><span class=\"BZ_Pyq_fadeIn\">podkre\u015blonym <\/span><span class=\"BZ_Pyq_fadeIn\">kszta\u0142cie <\/span><strong data-start=\"224\" data-end=\"235\"><span class=\"BZ_Pyq_fadeIn\">cat <\/span><span class=\"BZ_Pyq_fadeIn\">eye<\/span><\/strong><span class=\"BZ_Pyq_fadeIn\">, <\/span><span class=\"BZ_Pyq_fadeIn\">kt\u00f3re <\/span><span class=\"BZ_Pyq_fadeIn\">\u0142\u0105cz\u0105 <\/span><span class=\"BZ_Pyq_fadeIn\">klasyk\u0119 <\/span><span class=\"BZ_Pyq_fadeIn\">z <\/span><span class=\"BZ_Pyq_fadeIn\">charakterystycznym <\/span><span class=\"BZ_Pyq_fadeIn\">dla <\/span><span class=\"BZ_Pyq_fadeIn\">Chanel <\/span><span class=\"BZ_Pyq_fadeIn\">wyrafinowaniem. <\/span><span class=\"BZ_Pyq_fadeIn\">Ciemny <\/span><span class=\"BZ_Pyq_fadeIn\">odcie\u0144 <\/span><span class=\"BZ_Pyq_fadeIn\">havany <\/span><span class=\"BZ_Pyq_fadeIn\">dodaje <\/span><span class=\"BZ_Pyq_fadeIn\">modelowi <\/span><span class=\"BZ_Pyq_fadeIn\">g\u0142\u0119bi <\/span><span class=\"BZ_Pyq_fadeIn\">i <\/span><span class=\"BZ_Pyq_fadeIn\">szlachetno\u015bci, <\/span><span class=\"BZ_Pyq_fadeIn\">a <\/span><span class=\"BZ_Pyq_fadeIn\">dopracowana <\/span><span class=\"BZ_Pyq_fadeIn\">linia <\/span><span class=\"BZ_Pyq_fadeIn\">frontu <\/span><span class=\"BZ_Pyq_fadeIn\">pi\u0119knie <\/span><span class=\"BZ_Pyq_fadeIn\">podkre\u015bla <\/span><span class=\"BZ_Pyq_fadeIn\">spojrzenie, <\/span><span class=\"BZ_Pyq_fadeIn\">pozostaj\u0105c <\/span><span class=\"BZ_Pyq_fadeIn\">jednocze\u015bnie <\/span><span class=\"BZ_Pyq_fadeIn\">ponadczasowa <\/span><span class=\"BZ_Pyq_fadeIn\">i <\/span><span class=\"BZ_Pyq_fadeIn\">bardzo <\/span><span class=\"BZ_Pyq_fadeIn\">uniwersalna.<\/span><\/p>\n<p data-start=\"482\" data-end=\"812\"><span class=\"BZ_Pyq_fadeIn\">Model <\/span><span class=\"BZ_Pyq_fadeIn\">zosta\u0142 <\/span><span class=\"BZ_Pyq_fadeIn\">wykonany <\/span><span class=\"BZ_Pyq_fadeIn\">z <\/span><strong data-start=\"506\" data-end=\"517\"><span class=\"BZ_Pyq_fadeIn\">acetatu<\/span><\/strong> <span class=\"BZ_Pyq_fadeIn\">i <\/span><span class=\"BZ_Pyq_fadeIn\">ma <\/span><strong data-start=\"523\" data-end=\"539\"><span class=\"BZ_Pyq_fadeIn\">pe\u0142n\u0105 <\/span><span class=\"BZ_Pyq_fadeIn\">opraw\u0119<\/span><\/strong><span class=\"BZ_Pyq_fadeIn\">, <\/span><span class=\"BZ_Pyq_fadeIn\">dzi\u0119ki <\/span><span class=\"BZ_Pyq_fadeIn\">czemu <\/span><span class=\"BZ_Pyq_fadeIn\">prezentuje <\/span><span class=\"BZ_Pyq_fadeIn\">si\u0119 <\/span><span class=\"BZ_Pyq_fadeIn\">wyrazi\u015bcie, <\/span><span class=\"BZ_Pyq_fadeIn\">a <\/span><span class=\"BZ_Pyq_fadeIn\">jednocze\u015bnie <\/span><span class=\"BZ_Pyq_fadeIn\">komfortowo <\/span><span class=\"BZ_Pyq_fadeIn\">uk\u0142ada <\/span><span class=\"BZ_Pyq_fadeIn\">si\u0119 <\/span><span class=\"BZ_Pyq_fadeIn\">na <\/span><span class=\"BZ_Pyq_fadeIn\">twarzy. <\/span><span class=\"BZ_Pyq_fadeIn\">Polerowane <\/span><span class=\"BZ_Pyq_fadeIn\">wyko\u0144czenie <\/span><span class=\"BZ_Pyq_fadeIn\">podkre\u015bla <\/span><span class=\"BZ_Pyq_fadeIn\">luksusowy <\/span><span class=\"BZ_Pyq_fadeIn\">charakter <\/span><span class=\"BZ_Pyq_fadeIn\">okular\u00f3w, <\/span><span class=\"BZ_Pyq_fadeIn\">a <\/span><span class=\"BZ_Pyq_fadeIn\">kobiecy <\/span><span class=\"BZ_Pyq_fadeIn\">fason <\/span><span class=\"BZ_Pyq_fadeIn\">sprawia, <\/span><span class=\"BZ_Pyq_fadeIn\">\u017ce <\/span><span class=\"BZ_Pyq_fadeIn\">jest <\/span><span class=\"BZ_Pyq_fadeIn\">to <\/span><span class=\"BZ_Pyq_fadeIn\">propozycja <\/span><span class=\"BZ_Pyq_fadeIn\">zar\u00f3wno <\/span><span class=\"BZ_Pyq_fadeIn\">do <\/span><span class=\"BZ_Pyq_fadeIn\">codziennych <\/span><span class=\"BZ_Pyq_fadeIn\">stylizacji, <\/span><span class=\"BZ_Pyq_fadeIn\">jak <\/span><span class=\"BZ_Pyq_fadeIn\">i <\/span><span class=\"BZ_Pyq_fadeIn\">bardziej <\/span><span class=\"BZ_Pyq_fadeIn\">eleganckiego <\/span><span class=\"BZ_Pyq_fadeIn\">wizerunku.<\/span><\/p>\n<p data-start=\"814\" data-end=\"835\"><strong data-start=\"814\" data-end=\"835\"><span class=\"BZ_Pyq_fadeIn\">Szczeg\u00f3\u0142y <\/span><span class=\"BZ_Pyq_fadeIn\">modelu:<\/span><\/strong><\/p>\n<ul data-start=\"836\" data-end=\"1315\">\n<li data-section-id=\"nl6r9n\" data-start=\"836\" data-end=\"855\">\n<p data-start=\"838\" data-end=\"855\"><span class=\"BZ_Pyq_fadeIn\">marka: <\/span><strong data-start=\"845\" data-end=\"855\"><span class=\"BZ_Pyq_fadeIn\">Chanel<\/span><\/strong><\/p>\n<\/li>\n<li data-section-id=\"4im21j\" data-start=\"856\" data-end=\"873\">\n<p data-start=\"858\" data-end=\"873\"><span class=\"BZ_Pyq_fadeIn\">model: <\/span><strong data-start=\"865\" data-end=\"873\"><span class=\"BZ_Pyq_fadeIn\">3393<\/span><\/strong><\/p>\n<\/li>\n<li data-section-id=\"1vxrff6\" data-start=\"874\" data-end=\"905\">\n<p data-start=\"876\" data-end=\"905\"><span class=\"BZ_Pyq_fadeIn\">kolor: <\/span><strong data-start=\"883\" data-end=\"905\"><span class=\"BZ_Pyq_fadeIn\">C714 <\/span><span class=\"BZ_Pyq_fadeIn\">Ciemny <\/span><span class=\"BZ_Pyq_fadeIn\">Havana<\/span><\/strong><\/p>\n<\/li>\n<li data-section-id=\"8ko8ub\" data-start=\"906\" data-end=\"923\">\n<p data-start=\"908\" data-end=\"923\"><span class=\"BZ_Pyq_fadeIn\">rozmiar: <\/span><strong data-start=\"917\" data-end=\"923\"><span class=\"BZ_Pyq_fadeIn\">54<\/span><\/strong><\/p>\n<\/li>\n<li data-section-id=\"13ilty4\" data-start=\"924\" data-end=\"946\">\n<p data-start=\"926\" data-end=\"946\"><span class=\"BZ_Pyq_fadeIn\">kszta\u0142t: <\/span><strong data-start=\"935\" data-end=\"946\"><span class=\"BZ_Pyq_fadeIn\">cat <\/span><span class=\"BZ_Pyq_fadeIn\">eye<\/span><\/strong><\/p>\n<\/li>\n<li data-section-id=\"1t6gogh\" data-start=\"947\" data-end=\"986\">\n<p data-start=\"949\" data-end=\"986\"><span class=\"BZ_Pyq_fadeIn\">materia\u0142 <\/span><span class=\"BZ_Pyq_fadeIn\">cz\u0119\u015bci <\/span><span class=\"BZ_Pyq_fadeIn\">przedniej: <\/span><strong data-start=\"976\" data-end=\"986\"><span class=\"BZ_Pyq_fadeIn\">acetat<\/span><\/strong><\/p>\n<\/li>\n<li data-section-id=\"1ftcqxh\" data-start=\"987\" data-end=\"1027\">\n<p data-start=\"989\" data-end=\"1027\"><span class=\"BZ_Pyq_fadeIn\">materia\u0142 <\/span><span class=\"BZ_Pyq_fadeIn\">cz\u0119\u015bci <\/span><span class=\"BZ_Pyq_fadeIn\">skroniowej: <\/span><strong data-start=\"1017\" data-end=\"1027\"><span class=\"BZ_Pyq_fadeIn\">acetat<\/span><\/strong><\/p>\n<\/li>\n<li data-section-id=\"188cdt0\" data-start=\"1028\" data-end=\"1059\">\n<p data-start=\"1030\" data-end=\"1059\"><span class=\"BZ_Pyq_fadeIn\">typ <\/span><span class=\"BZ_Pyq_fadeIn\">oprawy: <\/span><strong data-start=\"1042\" data-end=\"1059\"><span class=\"BZ_Pyq_fadeIn\">pe\u0142na <\/span><span class=\"BZ_Pyq_fadeIn\">oprawka<\/span><\/strong><\/p>\n<\/li>\n<li data-section-id=\"sxu6gk\" data-start=\"1060\" data-end=\"1089\">\n<p data-start=\"1062\" data-end=\"1089\"><span class=\"BZ_Pyq_fadeIn\">wyko\u0144czenie: <\/span><strong data-start=\"1075\" data-end=\"1089\"><span class=\"BZ_Pyq_fadeIn\">polerowane<\/span><\/strong><\/p>\n<\/li>\n<\/ul>\n","protected":false},"featured_media":8138,"template":"","meta":{"_acf_changed":false},"product_brand":[793],"product_cat":[51],"product_tag":[],"model":[792],"class_list":{"0":"post-8133","1":"product","2":"type-product","3":"status-publish","4":"has-post-thumbnail","6":"product_brand-chanel","7":"product_cat-okulary-korekcyjne","8":"model-792","10":"first","11":"instock","12":"taxable","13":"shipping-taxable","14":"purchasable","15":"product-type-simple"},"acf":[],"aioseo_notices":[],"_links":{"self":[{"href":"https:\/\/markoweokulary.pl\/pl\/wp-json\/wp\/v2\/product\/8133","targetHints":{"allow":["GET"]}}],"collection":[{"href":"https:\/\/markoweokulary.pl\/pl\/wp-json\/wp\/v2\/product"}],"about":[{"href":"https:\/\/markoweokulary.pl\/pl\/wp-json\/wp\/v2\/types\/product"}],"version-history":[{"count":0,"href":"https:\/\/markoweokulary.pl\/pl\/wp-json\/wp\/v2\/product\/8133\/revisions"}],"wp:featuredmedia":[{"embeddable":true,"href":"https:\/\/markoweokulary.pl\/pl\/wp-json\/wp\/v2\/media\/8138"}],"wp:attachment":[{"href":"https:\/\/markoweokulary.pl\/pl\/wp-json\/wp\/v2\/media?parent=8133"}],"wp:term":[{"taxonomy":"product_brand","embeddable":true,"href":"https:\/\/markoweokulary.pl\/pl\/wp-json\/wp\/v2\/product_brand?post=8133"},{"taxonomy":"product_cat","embeddable":true,"href":"https:\/\/markoweokulary.pl\/pl\/wp-json\/wp\/v2\/product_cat?post=8133"},{"taxonomy":"product_tag","embeddable":true,"href":"https:\/\/markoweokulary.pl\/pl\/wp-json\/wp\/v2\/product_tag?post=8133"},{"taxonomy":"model","embeddable":true,"href":"https:\/\/markoweokulary.pl\/pl\/wp-json\/wp\/v2\/model?post=8133"}],"curies":[{"name":"wp","href":"https:\/\/api.w.org\/{rel}","templated":true}]}}