{"id":8074,"date":"2026-03-06T11:01:01","date_gmt":"2026-03-06T10:01:01","guid":{"rendered":"https:\/\/markoweokulary.pl\/?post_type=product&#038;p=8074"},"modified":"2026-03-18T15:12:58","modified_gmt":"2026-03-18T14:12:58","slug":"blush-by-caroline-abram-candy-1009","status":"publish","type":"product","link":"https:\/\/markoweokulary.pl\/pl\/produkt\/blush-by-caroline-abram-candy-1009\/","title":{"rendered":"Blush by Caroline Abram CANDY | 1009"},"content":{"rendered":"<p><strong data-start=\"90\" data-end=\"104\">CANDY 1009<\/strong> to \u015bwie\u017ca, wyrazista oprawa z linii <strong data-start=\"141\" data-end=\"168\">Blush by Caroline Abram<\/strong> w kolorze <strong data-start=\"179\" data-end=\"200\">niebieskim (Bleu)<\/strong>. Lekka wizualnie, kolorowa i idealna, je\u015bli chcesz, \u017ceby okulary by\u0142y mocnym, ale nadal eleganckim akcentem.<\/p>\n","protected":false},"excerpt":{"rendered":"<p data-start=\"366\" data-end=\"636\">Linia <strong data-start=\"372\" data-end=\"381\">Blush<\/strong> s\u0142ynie z \u201ekolorowego twistu\u201d \u2013 ma podkre\u015bla\u0107 urod\u0119 jak rumieniec na policzkach. W opisach kolekcji podkre\u015bla si\u0119 <strong data-start=\"495\" data-end=\"527\">dwukolorowe oprawy z acetatu<\/strong>, dopracowane detale (relief\/wyko\u0144czenie) i bardzo kobiecy charakter.<\/p>\n<p data-start=\"638\" data-end=\"1039\">Model <strong data-start=\"644\" data-end=\"653\">CANDY<\/strong> w wersji <strong data-start=\"663\" data-end=\"678\">1009 (Bleu)<\/strong> ma <strong data-start=\"682\" data-end=\"710\">szeroko\u015b\u0107 soczewki 52 mm<\/strong>, <strong data-start=\"712\" data-end=\"728\">mostek 19 mm<\/strong> i <strong data-start=\"731\" data-end=\"750\">zausznik 140 mm<\/strong> \u2013 to wygodne, \u201euniwersalne\u201d proporcje do codziennego noszenia. <br data-start=\"851\" data-end=\"854\" \/>Materia\u0142 oprawy to <strong data-start=\"873\" data-end=\"895\">acetat \/ celluloid<\/strong> (zale\u017cnie od \u017ar\u00f3d\u0142a opisu), czyli klasyka premium w oprawkach: trwa\u0142o\u015b\u0107, kolor i przyjemne wyko\u0144czenie.<\/p>\n<p data-start=\"1041\" data-end=\"1180\">W komplecie (wg sprzedawcy) otrzymujesz <strong data-start=\"1081\" data-end=\"1106\">twarde, sk\u0142adane etui<\/strong> oraz <strong data-start=\"1112\" data-end=\"1141\">\u015bciereczk\u0119 z mikrow\u0142\u00f3kien<\/strong>.<\/p>\n<h3 data-start=\"1182\" data-end=\"1207\">Najwa\u017cniejsze cechy<\/h3>\n<ul data-start=\"1208\" data-end=\"1653\">\n<li data-start=\"1208\" data-end=\"1254\">\n<p data-start=\"1210\" data-end=\"1254\"><strong data-start=\"1210\" data-end=\"1228\">Marka \/ linia:<\/strong> Blush by Caroline Abram<\/p>\n<\/li>\n<li data-start=\"1255\" data-end=\"1317\">\n<p data-start=\"1257\" data-end=\"1317\"><strong data-start=\"1257\" data-end=\"1267\">Model:<\/strong> <strong data-start=\"1268\" data-end=\"1277\">CANDY<\/strong><\/p>\n<\/li>\n<li data-start=\"1318\" data-end=\"1386\">\n<p data-start=\"1320\" data-end=\"1386\"><strong data-start=\"1320\" data-end=\"1330\">Kolor:<\/strong> <strong data-start=\"1331\" data-end=\"1346\">BLEU \u2013 1009<\/strong><\/p>\n<\/li>\n<li data-start=\"1387\" data-end=\"1482\">\n<p data-start=\"1389\" data-end=\"1482\"><strong data-start=\"1389\" data-end=\"1401\">Rozmiar:<\/strong> <strong data-start=\"1402\" data-end=\"1415\">52\u201319\u2013140<\/strong><\/p>\n<\/li>\n<\/ul>\n","protected":false},"featured_media":8075,"template":"","meta":{"_acf_changed":false},"product_brand":[783],"product_cat":[51,747],"product_tag":[],"model":[789],"class_list":{"0":"post-8074","1":"product","2":"type-product","3":"status-publish","4":"has-post-thumbnail","6":"product_brand-blush-by-caroline-abram","7":"product_cat-okulary-korekcyjne","8":"product_cat-outlet","9":"model-candy","11":"first","12":"instock","13":"sale","14":"taxable","15":"shipping-taxable","16":"purchasable","17":"product-type-simple"},"acf":[],"aioseo_notices":[],"_links":{"self":[{"href":"https:\/\/markoweokulary.pl\/pl\/wp-json\/wp\/v2\/product\/8074","targetHints":{"allow":["GET"]}}],"collection":[{"href":"https:\/\/markoweokulary.pl\/pl\/wp-json\/wp\/v2\/product"}],"about":[{"href":"https:\/\/markoweokulary.pl\/pl\/wp-json\/wp\/v2\/types\/product"}],"version-history":[{"count":1,"href":"https:\/\/markoweokulary.pl\/pl\/wp-json\/wp\/v2\/product\/8074\/revisions"}],"predecessor-version":[{"id":8076,"href":"https:\/\/markoweokulary.pl\/pl\/wp-json\/wp\/v2\/product\/8074\/revisions\/8076"}],"wp:featuredmedia":[{"embeddable":true,"href":"https:\/\/markoweokulary.pl\/pl\/wp-json\/wp\/v2\/media\/8075"}],"wp:attachment":[{"href":"https:\/\/markoweokulary.pl\/pl\/wp-json\/wp\/v2\/media?parent=8074"}],"wp:term":[{"taxonomy":"product_brand","embeddable":true,"href":"https:\/\/markoweokulary.pl\/pl\/wp-json\/wp\/v2\/product_brand?post=8074"},{"taxonomy":"product_cat","embeddable":true,"href":"https:\/\/markoweokulary.pl\/pl\/wp-json\/wp\/v2\/product_cat?post=8074"},{"taxonomy":"product_tag","embeddable":true,"href":"https:\/\/markoweokulary.pl\/pl\/wp-json\/wp\/v2\/product_tag?post=8074"},{"taxonomy":"model","embeddable":true,"href":"https:\/\/markoweokulary.pl\/pl\/wp-json\/wp\/v2\/model?post=8074"}],"curies":[{"name":"wp","href":"https:\/\/api.w.org\/{rel}","templated":true}]}}