{"id":8048,"date":"2026-03-05T21:27:20","date_gmt":"2026-03-05T20:27:20","guid":{"rendered":"https:\/\/markoweokulary.pl\/?post_type=product&#038;p=8048"},"modified":"2026-03-18T15:12:58","modified_gmt":"2026-03-18T14:12:58","slug":"caroline-abram-lexi-292","status":"publish","type":"product","link":"https:\/\/markoweokulary.pl\/pl\/produkt\/caroline-abram-lexi-292\/","title":{"rendered":"Caroline Abram LEXI | 292"},"content":{"rendered":"<p><strong data-start=\"93\" data-end=\"118\">LEXI 292 (Bleu Fonc\u00e9)<\/strong> to eleganckie, damskie oprawki z acetatu w g\u0142\u0119bokim odcieniu <strong data-start=\"180\" data-end=\"200\">ciemnego granatu<\/strong>. Mi\u0119kko-kwadratowy kszta\u0142t jest bardzo twarzowy i pasuje zar\u00f3wno do stylu biurowego, jak i codziennego<\/p>\n","protected":false},"excerpt":{"rendered":"<p data-start=\"361\" data-end=\"991\">Model <strong data-start=\"367\" data-end=\"390\">Caroline Abram LEXI<\/strong> to propozycja dla kobiet, kt\u00f3re lubi\u0105 wyrazisty, ale nadal uniwersalny design. Kszta\u0142t jest <strong data-start=\"483\" data-end=\"508\">kwadratowy (squarato)<\/strong> z \u0142agodniejszymi liniami, dzi\u0119ki czemu oprawa dodaje charakteru, nie przyt\u0142aczaj\u0105c twarzy. <br data-start=\"637\" data-end=\"640\" \/>Wariant <strong data-start=\"648\" data-end=\"673\">col. 292 \u2013 Bleu Fonc\u00e9<\/strong> to ciemny, szlachetny granat, kt\u00f3ry wygl\u0105da bardziej \u201cpremium\u201d ni\u017c klasyczna czer\u0144, a jednocze\u015bnie jest r\u00f3wnie \u0142atwy w stylizacji (\u015bwietnie \u0142\u0105czy si\u0119 z szaro\u015bciami, biel\u0105, be\u017cem i granatem). Materia\u0142 to <strong data-start=\"877\" data-end=\"887\">acetat<\/strong>, wi\u0119c oprawa ma przyjemne wyko\u0144czenie i solidny, \u201emodowy\u201d wygl\u0105d.<\/p>\n<h3 data-start=\"993\" data-end=\"1018\">Najwa\u017cniejsze cechy<\/h3>\n<ul data-start=\"1019\" data-end=\"1526\">\n<li data-start=\"1019\" data-end=\"1095\">\n<p data-start=\"1021\" data-end=\"1095\"><strong data-start=\"1021\" data-end=\"1031\">Model:<\/strong> Caroline Abram <strong data-start=\"1047\" data-end=\"1055\">LEXI<\/strong><\/p>\n<\/li>\n<li data-start=\"1096\" data-end=\"1185\">\n<p data-start=\"1098\" data-end=\"1185\"><strong data-start=\"1098\" data-end=\"1108\">Kolor:<\/strong> <strong data-start=\"1109\" data-end=\"1129\">292 \u2013 Bleu Fonc\u00e9<\/strong> (ciemny granat)<\/p>\n<\/li>\n<li data-start=\"1186\" data-end=\"1252\">\n<p data-start=\"1188\" data-end=\"1252\"><strong data-start=\"1188\" data-end=\"1201\">Materia\u0142:<\/strong> <strong data-start=\"1202\" data-end=\"1212\">acetat<\/strong><\/p>\n<\/li>\n<li data-start=\"1253\" data-end=\"1336\">\n<p data-start=\"1255\" data-end=\"1336\"><strong data-start=\"1255\" data-end=\"1267\">Kszta\u0142t:<\/strong> <strong data-start=\"1268\" data-end=\"1282\">kwadratowy<\/strong> (soft square)<\/p>\n<\/li>\n<li data-start=\"1337\" data-end=\"1442\">\n<p data-start=\"1339\" data-end=\"1442\"><strong data-start=\"1339\" data-end=\"1351\">Rozmiar:<\/strong> <strong data-start=\"1352\" data-end=\"1365\">50\u201319\u2013140<\/strong><\/p>\n<\/li>\n<\/ul>\n","protected":false},"featured_media":8049,"template":"","meta":{"_acf_changed":false},"product_brand":[738],"product_cat":[51,747],"product_tag":[],"model":[777],"class_list":{"0":"post-8048","1":"product","2":"type-product","3":"status-publish","4":"has-post-thumbnail","6":"product_brand-caroline-abram","7":"product_cat-okulary-korekcyjne","8":"product_cat-outlet","9":"model-lexi","11":"first","12":"instock","13":"sale","14":"taxable","15":"shipping-taxable","16":"purchasable","17":"product-type-simple"},"acf":[],"aioseo_notices":[],"_links":{"self":[{"href":"https:\/\/markoweokulary.pl\/pl\/wp-json\/wp\/v2\/product\/8048","targetHints":{"allow":["GET"]}}],"collection":[{"href":"https:\/\/markoweokulary.pl\/pl\/wp-json\/wp\/v2\/product"}],"about":[{"href":"https:\/\/markoweokulary.pl\/pl\/wp-json\/wp\/v2\/types\/product"}],"version-history":[{"count":1,"href":"https:\/\/markoweokulary.pl\/pl\/wp-json\/wp\/v2\/product\/8048\/revisions"}],"predecessor-version":[{"id":8050,"href":"https:\/\/markoweokulary.pl\/pl\/wp-json\/wp\/v2\/product\/8048\/revisions\/8050"}],"wp:featuredmedia":[{"embeddable":true,"href":"https:\/\/markoweokulary.pl\/pl\/wp-json\/wp\/v2\/media\/8049"}],"wp:attachment":[{"href":"https:\/\/markoweokulary.pl\/pl\/wp-json\/wp\/v2\/media?parent=8048"}],"wp:term":[{"taxonomy":"product_brand","embeddable":true,"href":"https:\/\/markoweokulary.pl\/pl\/wp-json\/wp\/v2\/product_brand?post=8048"},{"taxonomy":"product_cat","embeddable":true,"href":"https:\/\/markoweokulary.pl\/pl\/wp-json\/wp\/v2\/product_cat?post=8048"},{"taxonomy":"product_tag","embeddable":true,"href":"https:\/\/markoweokulary.pl\/pl\/wp-json\/wp\/v2\/product_tag?post=8048"},{"taxonomy":"model","embeddable":true,"href":"https:\/\/markoweokulary.pl\/pl\/wp-json\/wp\/v2\/model?post=8048"}],"curies":[{"name":"wp","href":"https:\/\/api.w.org\/{rel}","templated":true}]}}