{"id":8041,"date":"2026-03-05T21:18:23","date_gmt":"2026-03-05T20:18:23","guid":{"rendered":"https:\/\/markoweokulary.pl\/?post_type=product&#038;p=8041"},"modified":"2026-03-18T15:12:58","modified_gmt":"2026-03-18T14:12:58","slug":"caroline-abram-vilma-545b","status":"publish","type":"product","link":"https:\/\/markoweokulary.pl\/pl\/produkt\/caroline-abram-vilma-545b\/","title":{"rendered":"Caroline Abram Vilma | 545B"},"content":{"rendered":"<p><strong data-start=\"97\" data-end=\"111\">VILMA 545B<\/strong> to kobiece oprawki w eleganckim zestawieniu <strong data-start=\"156\" data-end=\"194\">czerni i brzoskwini (Noir \/ P\u00eache)<\/strong> \u2013 klasyczne, ale z lekkim, \u015bwie\u017cym akcentem koloru. To model, kt\u00f3ry wygl\u0105da \u201epremium\u201d i \u0142atwo dopasowuje si\u0119 do codziennych stylizacji.<\/p>\n","protected":false},"excerpt":{"rendered":"<p data-start=\"387\" data-end=\"812\">Model <strong data-start=\"393\" data-end=\"417\">Caroline Abram VILMA<\/strong> zosta\u0142 stworzony dla kobiet, kt\u00f3re chc\u0105 okular\u00f3w z charakterem, ale bez przesady \u2013 tak, \u017ceby oprawa podkre\u015bla\u0142a styl i spojrzenie, a jednocze\u015bnie pasowa\u0142a do pracy i do codzienno\u015bci. Wariant <strong data-start=\"609\" data-end=\"632\">545B (Noir \/ P\u00eache)<\/strong> \u0142\u0105czy g\u0142\u0119bok\u0105 czer\u0144 z brzoskwiniowym tonem, dzi\u0119ki czemu ca\u0142o\u015b\u0107 jest elegancka, a jednocze\u015bnie mniej \u201eoczywista\u201d ni\u017c klasyczne total black.<\/p>\n<p data-start=\"814\" data-end=\"996\">To <strong data-start=\"817\" data-end=\"833\">pe\u0142na oprawa<\/strong> przeznaczona do szkie\u0142 korekcyjnych, w rozmiarze producenta <strong data-start=\"894\" data-end=\"907\">54\u201317\u2013138<\/strong> (szeroko\u015b\u0107 soczewki \u2013 mostek \u2013 d\u0142ugo\u015b\u0107 zausznika).<\/p>\n<h3 data-start=\"998\" data-end=\"1023\">Najwa\u017cniejsze cechy<\/h3>\n<ul data-start=\"1024\" data-end=\"1517\">\n<li data-start=\"1024\" data-end=\"1109\">\n<p data-start=\"1026\" data-end=\"1109\"><strong data-start=\"1026\" data-end=\"1044\">Marka \/ model:<\/strong> Caroline Abram <strong data-start=\"1060\" data-end=\"1069\">VILMA<\/strong><\/p>\n<\/li>\n<li data-start=\"1110\" data-end=\"1206\">\n<p data-start=\"1112\" data-end=\"1206\"><strong data-start=\"1112\" data-end=\"1122\">Kolor:<\/strong> <strong data-start=\"1123\" data-end=\"1144\">545B Noir \/ P\u00eache<\/strong> (czer\u0144 \/ brzoskwinia)<\/p>\n<\/li>\n<li data-start=\"1207\" data-end=\"1293\">\n<p data-start=\"1209\" data-end=\"1293\"><strong data-start=\"1209\" data-end=\"1217\">Typ:<\/strong> oprawki <strong data-start=\"1226\" data-end=\"1240\">korekcyjne<\/strong>, <strong data-start=\"1242\" data-end=\"1253\">damskie<\/strong><\/p>\n<\/li>\n<li data-start=\"1294\" data-end=\"1382\">\n<p data-start=\"1296\" data-end=\"1382\"><strong data-start=\"1296\" data-end=\"1312\">Konstrukcja:<\/strong> <strong data-start=\"1313\" data-end=\"1329\">pe\u0142na oprawa<\/strong> (celoobruby)<\/p>\n<\/li>\n<li data-start=\"1383\" data-end=\"1448\">\n<p data-start=\"1385\" data-end=\"1448\"><strong data-start=\"1385\" data-end=\"1398\">Materia\u0142:<\/strong> <strong data-start=\"1399\" data-end=\"1408\">metal<\/strong><\/p>\n<\/li>\n<li data-start=\"1449\" data-end=\"1517\">\n<p data-start=\"1451\" data-end=\"1517\"><strong data-start=\"1451\" data-end=\"1463\">Rozmiar:<\/strong> <strong data-start=\"1464\" data-end=\"1477\">54\u201317\u2013138<\/strong><\/p>\n<\/li>\n<\/ul>\n","protected":false},"featured_media":8042,"template":"","meta":{"_acf_changed":false},"product_brand":[738],"product_cat":[51,747],"product_tag":[],"model":[775],"class_list":{"0":"post-8041","1":"product","2":"type-product","3":"status-publish","4":"has-post-thumbnail","6":"product_brand-caroline-abram","7":"product_cat-okulary-korekcyjne","8":"product_cat-outlet","9":"model-vilma","11":"first","12":"instock","13":"sale","14":"taxable","15":"shipping-taxable","16":"purchasable","17":"product-type-simple"},"acf":[],"aioseo_notices":[],"_links":{"self":[{"href":"https:\/\/markoweokulary.pl\/pl\/wp-json\/wp\/v2\/product\/8041","targetHints":{"allow":["GET"]}}],"collection":[{"href":"https:\/\/markoweokulary.pl\/pl\/wp-json\/wp\/v2\/product"}],"about":[{"href":"https:\/\/markoweokulary.pl\/pl\/wp-json\/wp\/v2\/types\/product"}],"version-history":[{"count":1,"href":"https:\/\/markoweokulary.pl\/pl\/wp-json\/wp\/v2\/product\/8041\/revisions"}],"predecessor-version":[{"id":8043,"href":"https:\/\/markoweokulary.pl\/pl\/wp-json\/wp\/v2\/product\/8041\/revisions\/8043"}],"wp:featuredmedia":[{"embeddable":true,"href":"https:\/\/markoweokulary.pl\/pl\/wp-json\/wp\/v2\/media\/8042"}],"wp:attachment":[{"href":"https:\/\/markoweokulary.pl\/pl\/wp-json\/wp\/v2\/media?parent=8041"}],"wp:term":[{"taxonomy":"product_brand","embeddable":true,"href":"https:\/\/markoweokulary.pl\/pl\/wp-json\/wp\/v2\/product_brand?post=8041"},{"taxonomy":"product_cat","embeddable":true,"href":"https:\/\/markoweokulary.pl\/pl\/wp-json\/wp\/v2\/product_cat?post=8041"},{"taxonomy":"product_tag","embeddable":true,"href":"https:\/\/markoweokulary.pl\/pl\/wp-json\/wp\/v2\/product_tag?post=8041"},{"taxonomy":"model","embeddable":true,"href":"https:\/\/markoweokulary.pl\/pl\/wp-json\/wp\/v2\/model?post=8041"}],"curies":[{"name":"wp","href":"https:\/\/api.w.org\/{rel}","templated":true}]}}