{"id":8038,"date":"2026-03-05T21:09:53","date_gmt":"2026-03-05T20:09:53","guid":{"rendered":"https:\/\/markoweokulary.pl\/?post_type=product&#038;p=8038"},"modified":"2026-03-16T09:10:39","modified_gmt":"2026-03-16T08:10:39","slug":"caroline-abram-vegasus-330","status":"publish","type":"product","link":"https:\/\/markoweokulary.pl\/pl\/produkt\/caroline-abram-vegasus-330\/","title":{"rendered":"Caroline Abram VEGASUS | 330"},"content":{"rendered":"<p><strong data-start=\"98\" data-end=\"113\">VEGASUS 330<\/strong> to cienkie, metalowe oprawki o kobiecym, <strong data-start=\"155\" data-end=\"174\">kocim kszta\u0142cie<\/strong>, z matowym wyko\u0144czeniem i noskami dla wygodnego dopasowania. Kolor <strong data-start=\"242\" data-end=\"258\">Purple \/ Red<\/strong> dodaje charakteru, ale nadal wygl\u0105da elegancko.<\/p>\n","protected":false},"excerpt":{"rendered":"<p data-start=\"363\" data-end=\"684\">Model <strong data-start=\"369\" data-end=\"399\">Caroline Abram VEGASUS 330<\/strong> \u0142\u0105czy lekk\u0105, metalow\u0105 konstrukcj\u0119 z wyrazist\u0105 lini\u0105 typu <strong data-start=\"457\" data-end=\"468\">cat-eye<\/strong>, kt\u00f3ra subtelnie podkre\u015bla spojrzenie. Oprawa jest <strong data-start=\"520\" data-end=\"533\">zamkni\u0119ta<\/strong> (pe\u0142na), ma <strong data-start=\"546\" data-end=\"564\">matow\u0105 pow\u0142ok\u0119<\/strong> i <strong data-start=\"567\" data-end=\"576\">noski<\/strong>, dzi\u0119ki czemu dobrze le\u017cy na twarzy r\u00f3wnie\u017c przy d\u0142u\u017cszym noszeniu.<\/p>\n<p data-start=\"686\" data-end=\"905\">Wariant kolorystyczny <strong data-start=\"708\" data-end=\"730\">330 (Purple \/ Red)<\/strong> to efektowne zestawienie ton\u00f3w fioletu i czerwieni \u2014 idealne, je\u015bli chcesz odej\u015b\u0107 od klasycznej czerni, ale nadal zachowa\u0107 styl premium.<\/p>\n<h3 data-start=\"907\" data-end=\"930\">Najwa\u017cniejsze cechy<\/h3>\n<ul data-start=\"931\" data-end=\"1479\">\n<li data-start=\"931\" data-end=\"1014\">\n<p data-start=\"933\" data-end=\"1014\"><strong data-start=\"933\" data-end=\"943\">Model:<\/strong> Caroline Abram <strong data-start=\"959\" data-end=\"974\">VEGASUS 330<\/strong><\/p>\n<\/li>\n<li data-start=\"1015\" data-end=\"1090\">\n<p data-start=\"1017\" data-end=\"1090\"><strong data-start=\"1017\" data-end=\"1027\">Kolor:<\/strong> <strong data-start=\"1028\" data-end=\"1050\">Purple \/ Red \u2013 330<\/strong><\/p>\n<\/li>\n<li data-start=\"1091\" data-end=\"1171\">\n<p data-start=\"1093\" data-end=\"1171\"><strong data-start=\"1093\" data-end=\"1106\">Materia\u0142:<\/strong> <strong data-start=\"1107\" data-end=\"1116\">metal<\/strong>, cienka oprawa<\/p>\n<\/li>\n<li data-start=\"1172\" data-end=\"1241\">\n<p data-start=\"1174\" data-end=\"1241\"><strong data-start=\"1174\" data-end=\"1190\">Wyko\u0144czenie:<\/strong> <strong data-start=\"1191\" data-end=\"1201\">matowe<\/strong><\/p>\n<\/li>\n<li data-start=\"1242\" data-end=\"1316\">\n<p data-start=\"1244\" data-end=\"1316\"><strong data-start=\"1244\" data-end=\"1256\">Kszta\u0142t:<\/strong> <strong data-start=\"1257\" data-end=\"1266\">kocie<\/strong> (cat-eye)<\/p>\n<\/li>\n<li data-start=\"1317\" data-end=\"1373\">\n<p data-start=\"1319\" data-end=\"1373\"><strong data-start=\"1319\" data-end=\"1329\">Noski:<\/strong> tak<\/p>\n<\/li>\n<li data-start=\"1374\" data-end=\"1479\">\n<p data-start=\"1376\" data-end=\"1479\"><strong data-start=\"1376\" data-end=\"1388\">Rozmiar:<\/strong> <strong data-start=\"1389\" data-end=\"1402\">56\u201318\u2013138<\/strong><\/p>\n<\/li>\n<\/ul>\n","protected":false},"featured_media":8039,"template":"","meta":{"_acf_changed":false},"product_brand":[738],"product_cat":[51,747],"product_tag":[],"model":[773],"class_list":{"0":"post-8038","1":"product","2":"type-product","3":"status-publish","4":"has-post-thumbnail","6":"product_brand-caroline-abram","7":"product_cat-okulary-korekcyjne","8":"product_cat-outlet","9":"model-vegasus","11":"first","12":"instock","13":"sale","14":"taxable","15":"shipping-taxable","16":"purchasable","17":"product-type-simple"},"acf":[],"aioseo_notices":[],"_links":{"self":[{"href":"https:\/\/markoweokulary.pl\/pl\/wp-json\/wp\/v2\/product\/8038","targetHints":{"allow":["GET"]}}],"collection":[{"href":"https:\/\/markoweokulary.pl\/pl\/wp-json\/wp\/v2\/product"}],"about":[{"href":"https:\/\/markoweokulary.pl\/pl\/wp-json\/wp\/v2\/types\/product"}],"version-history":[{"count":0,"href":"https:\/\/markoweokulary.pl\/pl\/wp-json\/wp\/v2\/product\/8038\/revisions"}],"wp:featuredmedia":[{"embeddable":true,"href":"https:\/\/markoweokulary.pl\/pl\/wp-json\/wp\/v2\/media\/8039"}],"wp:attachment":[{"href":"https:\/\/markoweokulary.pl\/pl\/wp-json\/wp\/v2\/media?parent=8038"}],"wp:term":[{"taxonomy":"product_brand","embeddable":true,"href":"https:\/\/markoweokulary.pl\/pl\/wp-json\/wp\/v2\/product_brand?post=8038"},{"taxonomy":"product_cat","embeddable":true,"href":"https:\/\/markoweokulary.pl\/pl\/wp-json\/wp\/v2\/product_cat?post=8038"},{"taxonomy":"product_tag","embeddable":true,"href":"https:\/\/markoweokulary.pl\/pl\/wp-json\/wp\/v2\/product_tag?post=8038"},{"taxonomy":"model","embeddable":true,"href":"https:\/\/markoweokulary.pl\/pl\/wp-json\/wp\/v2\/model?post=8038"}],"curies":[{"name":"wp","href":"https:\/\/api.w.org\/{rel}","templated":true}]}}