{"id":8030,"date":"2026-03-05T17:11:46","date_gmt":"2026-03-05T16:11:46","guid":{"rendered":"https:\/\/markoweokulary.pl\/?post_type=product&#038;p=8030"},"modified":"2026-03-16T09:10:39","modified_gmt":"2026-03-16T08:10:39","slug":"caroline-abram-venusia-327","status":"publish","type":"product","link":"https:\/\/markoweokulary.pl\/pl\/produkt\/caroline-abram-venusia-327\/","title":{"rendered":"Caroline Abram VENUSIA | 327"},"content":{"rendered":"","protected":false},"excerpt":{"rendered":"<p data-start=\"383\" data-end=\"730\">Model <strong data-start=\"389\" data-end=\"419\">Caroline Abram VENUSIA 327<\/strong> ma ponadczasow\u0105, okr\u0105g\u0142\u0105 lini\u0119, kt\u00f3ra \u015bwietnie zmi\u0119kcza rysy twarzy i daje bardzo \u201esmart\u201d efekt \u2013 szczeg\u00f3lnie w stylizacjach biznesowych i minimalistycznych. Konstrukcja jest <strong data-start=\"595\" data-end=\"604\">pe\u0142na<\/strong> i wykonana z <strong data-start=\"618\" data-end=\"628\">metalu<\/strong>, dzi\u0119ki czemu oprawa wygl\u0105da lekko, a jednocze\u015bnie elegancko.<\/p>\n<p data-start=\"732\" data-end=\"988\">Kolorystyka <strong data-start=\"744\" data-end=\"763\">granatowo-z\u0142ota<\/strong> dzia\u0142a jak subtelna bi\u017cuteria: granat jest spokojny i uniwersalny, a z\u0142oto dodaje ciep\u0142a i klasy. To idealny wyb\u00f3r, je\u015bli chcesz odej\u015b\u0107 od czerni, ale nadal pozosta\u0107 w palecie \u201epremium\u201d.<\/p>\n<h3 data-start=\"990\" data-end=\"1015\">Najwa\u017cniejsze cechy<\/h3>\n<ul data-start=\"1016\" data-end=\"1647\">\n<li data-start=\"1016\" data-end=\"1099\">\n<p data-start=\"1018\" data-end=\"1099\"><strong data-start=\"1018\" data-end=\"1028\">Model:<\/strong> Caroline Abram <strong data-start=\"1044\" data-end=\"1059\">VENUSIA 327<\/strong><\/p>\n<\/li>\n<li data-start=\"1100\" data-end=\"1181\">\n<p data-start=\"1102\" data-end=\"1181\"><strong data-start=\"1102\" data-end=\"1119\">Kolor oprawy:<\/strong> <strong data-start=\"1120\" data-end=\"1141\">granatowy \/ z\u0142oty<\/strong><\/p>\n<\/li>\n<li data-start=\"1182\" data-end=\"1247\">\n<p data-start=\"1184\" data-end=\"1247\"><strong data-start=\"1184\" data-end=\"1197\">Materia\u0142:<\/strong> <strong data-start=\"1198\" data-end=\"1207\">metal<\/strong><\/p>\n<\/li>\n<li data-start=\"1248\" data-end=\"1319\">\n<p data-start=\"1250\" data-end=\"1319\"><strong data-start=\"1250\" data-end=\"1262\">Kszta\u0142t:<\/strong> <strong data-start=\"1263\" data-end=\"1279\">ko\u0142o (round)<\/strong><\/p>\n<\/li>\n<li data-start=\"1320\" data-end=\"1387\">\n<p data-start=\"1322\" data-end=\"1387\"><strong data-start=\"1322\" data-end=\"1337\">Typ oprawy:<\/strong> <strong data-start=\"1338\" data-end=\"1347\">pe\u0142na<\/strong><\/p>\n<\/li>\n<li data-start=\"1388\" data-end=\"1493\">\n<p data-start=\"1390\" data-end=\"1493\"><strong data-start=\"1390\" data-end=\"1402\">Rozmiar:<\/strong> <strong data-start=\"1403\" data-end=\"1416\">53\u201319\u2013138<\/strong><\/p>\n<\/li>\n<\/ul>\n","protected":false},"featured_media":8031,"template":"","meta":{"_acf_changed":false},"product_brand":[738],"product_cat":[51,747],"product_tag":[],"model":[771],"class_list":{"0":"post-8030","1":"product","2":"type-product","3":"status-publish","4":"has-post-thumbnail","6":"product_brand-caroline-abram","7":"product_cat-okulary-korekcyjne","8":"product_cat-outlet","9":"model-venusia","11":"first","12":"instock","13":"sale","14":"taxable","15":"shipping-taxable","16":"purchasable","17":"product-type-simple"},"acf":[],"aioseo_notices":[],"_links":{"self":[{"href":"https:\/\/markoweokulary.pl\/pl\/wp-json\/wp\/v2\/product\/8030","targetHints":{"allow":["GET"]}}],"collection":[{"href":"https:\/\/markoweokulary.pl\/pl\/wp-json\/wp\/v2\/product"}],"about":[{"href":"https:\/\/markoweokulary.pl\/pl\/wp-json\/wp\/v2\/types\/product"}],"version-history":[{"count":1,"href":"https:\/\/markoweokulary.pl\/pl\/wp-json\/wp\/v2\/product\/8030\/revisions"}],"predecessor-version":[{"id":8032,"href":"https:\/\/markoweokulary.pl\/pl\/wp-json\/wp\/v2\/product\/8030\/revisions\/8032"}],"wp:featuredmedia":[{"embeddable":true,"href":"https:\/\/markoweokulary.pl\/pl\/wp-json\/wp\/v2\/media\/8031"}],"wp:attachment":[{"href":"https:\/\/markoweokulary.pl\/pl\/wp-json\/wp\/v2\/media?parent=8030"}],"wp:term":[{"taxonomy":"product_brand","embeddable":true,"href":"https:\/\/markoweokulary.pl\/pl\/wp-json\/wp\/v2\/product_brand?post=8030"},{"taxonomy":"product_cat","embeddable":true,"href":"https:\/\/markoweokulary.pl\/pl\/wp-json\/wp\/v2\/product_cat?post=8030"},{"taxonomy":"product_tag","embeddable":true,"href":"https:\/\/markoweokulary.pl\/pl\/wp-json\/wp\/v2\/product_tag?post=8030"},{"taxonomy":"model","embeddable":true,"href":"https:\/\/markoweokulary.pl\/pl\/wp-json\/wp\/v2\/model?post=8030"}],"curies":[{"name":"wp","href":"https:\/\/api.w.org\/{rel}","templated":true}]}}