{"id":8026,"date":"2026-03-05T17:06:18","date_gmt":"2026-03-05T16:06:18","guid":{"rendered":"https:\/\/markoweokulary.pl\/?post_type=product&#038;p=8026"},"modified":"2026-03-16T09:10:39","modified_gmt":"2026-03-16T08:10:39","slug":"caroline-abram-chloe-773","status":"publish","type":"product","link":"https:\/\/markoweokulary.pl\/pl\/produkt\/caroline-abram-chloe-773\/","title":{"rendered":"Caroline Abram CHLOE | 773"},"content":{"rendered":"<p><strong data-start=\"88\" data-end=\"101\">CHLOE 773<\/strong> to kobiece oprawki w nowoczesnym, lekkim wydaniu: <strong data-start=\"152\" data-end=\"175\">szary (GRIS) odcie\u0144<\/strong> w transparentnym acetacie daje elegancki efekt \u201esoft\u201d, kt\u00f3ry pasuje zar\u00f3wno do pracy, jak i do codziennych stylizacji.<\/p>\n","protected":false},"excerpt":{"rendered":"<p data-start=\"351\" data-end=\"767\">Model <strong data-start=\"357\" data-end=\"381\">Caroline Abram CHLOE<\/strong> zosta\u0142 stworzony dla kobiet, kt\u00f3re chc\u0105 oprawy wyrazistej, ale nadal \u0142atwej do noszenia. Wariant <strong data-start=\"479\" data-end=\"498\">col. 773 \u2013 GRIS<\/strong> to szaro\u015b\u0107 w transparentnym wyko\u0144czeniu: wygl\u0105da l\u017cej ni\u017c klasyczna czer\u0144, a jednocze\u015bnie jest r\u00f3wnie uniwersalna. Taki kolor \u015bwietnie wsp\u00f3\u0142gra z ch\u0142odn\u0105 palet\u0105 (szaro\u015bci, granat, biel), ale r\u00f3wnie dobrze prze\u0142amuje be\u017ce i karmel.<\/p>\n<p data-start=\"769\" data-end=\"960\">To oprawki z <strong data-start=\"782\" data-end=\"793\">acetatu<\/strong> w rozmiarze <strong data-start=\"806\" data-end=\"819\">53\u201319\u2013138<\/strong>, czyli proporcje, kt\u00f3re daj\u0105 komfort noszenia i stabilne osadzenie na twarzy w codziennym u\u017cytkowaniu.<\/p>\n<h3 data-start=\"962\" data-end=\"987\">Najwa\u017cniejsze cechy<\/h3>\n<ul data-start=\"988\" data-end=\"1395\">\n<li data-start=\"988\" data-end=\"1027\">\n<p data-start=\"990\" data-end=\"1027\"><strong data-start=\"990\" data-end=\"1000\">Model:<\/strong> Caroline Abram <strong data-start=\"1016\" data-end=\"1025\">CHLOE<\/strong><\/p>\n<\/li>\n<li data-start=\"1028\" data-end=\"1103\">\n<p data-start=\"1030\" data-end=\"1103\"><strong data-start=\"1030\" data-end=\"1040\">Kolor:<\/strong> <strong data-start=\"1041\" data-end=\"1055\">773 \u2013 GRIS<\/strong> (szary)<\/p>\n<\/li>\n<li data-start=\"1104\" data-end=\"1192\">\n<p data-start=\"1106\" data-end=\"1192\"><strong data-start=\"1106\" data-end=\"1119\">Materia\u0142:<\/strong> <strong data-start=\"1120\" data-end=\"1130\">acetat<\/strong> (transparentny efekt)<\/p>\n<\/li>\n<li data-start=\"1193\" data-end=\"1298\">\n<p data-start=\"1195\" data-end=\"1298\"><strong data-start=\"1195\" data-end=\"1207\">Rozmiar:<\/strong> <strong data-start=\"1208\" data-end=\"1221\">53\u201319\u2013138<\/strong><\/p>\n<\/li>\n<\/ul>\n","protected":false},"featured_media":8027,"template":"","meta":{"_acf_changed":false},"product_brand":[738],"product_cat":[51,747],"product_tag":[],"model":[769],"class_list":{"0":"post-8026","1":"product","2":"type-product","3":"status-publish","4":"has-post-thumbnail","6":"product_brand-caroline-abram","7":"product_cat-okulary-korekcyjne","8":"product_cat-outlet","9":"model-chloe","11":"first","12":"instock","13":"sale","14":"taxable","15":"shipping-taxable","16":"purchasable","17":"product-type-simple"},"acf":[],"aioseo_notices":[],"_links":{"self":[{"href":"https:\/\/markoweokulary.pl\/pl\/wp-json\/wp\/v2\/product\/8026","targetHints":{"allow":["GET"]}}],"collection":[{"href":"https:\/\/markoweokulary.pl\/pl\/wp-json\/wp\/v2\/product"}],"about":[{"href":"https:\/\/markoweokulary.pl\/pl\/wp-json\/wp\/v2\/types\/product"}],"version-history":[{"count":2,"href":"https:\/\/markoweokulary.pl\/pl\/wp-json\/wp\/v2\/product\/8026\/revisions"}],"predecessor-version":[{"id":8029,"href":"https:\/\/markoweokulary.pl\/pl\/wp-json\/wp\/v2\/product\/8026\/revisions\/8029"}],"wp:featuredmedia":[{"embeddable":true,"href":"https:\/\/markoweokulary.pl\/pl\/wp-json\/wp\/v2\/media\/8027"}],"wp:attachment":[{"href":"https:\/\/markoweokulary.pl\/pl\/wp-json\/wp\/v2\/media?parent=8026"}],"wp:term":[{"taxonomy":"product_brand","embeddable":true,"href":"https:\/\/markoweokulary.pl\/pl\/wp-json\/wp\/v2\/product_brand?post=8026"},{"taxonomy":"product_cat","embeddable":true,"href":"https:\/\/markoweokulary.pl\/pl\/wp-json\/wp\/v2\/product_cat?post=8026"},{"taxonomy":"product_tag","embeddable":true,"href":"https:\/\/markoweokulary.pl\/pl\/wp-json\/wp\/v2\/product_tag?post=8026"},{"taxonomy":"model","embeddable":true,"href":"https:\/\/markoweokulary.pl\/pl\/wp-json\/wp\/v2\/model?post=8026"}],"curies":[{"name":"wp","href":"https:\/\/api.w.org\/{rel}","templated":true}]}}