{"id":8023,"date":"2026-03-05T17:00:28","date_gmt":"2026-03-05T16:00:28","guid":{"rendered":"https:\/\/markoweokulary.pl\/?post_type=product&#038;p=8023"},"modified":"2026-03-16T09:10:39","modified_gmt":"2026-03-16T08:10:39","slug":"carolien-abram-olga-771","status":"publish","type":"product","link":"https:\/\/markoweokulary.pl\/pl\/produkt\/carolien-abram-olga-771\/","title":{"rendered":"Carolien Abram OLGA | 771"},"content":{"rendered":"<p><strong data-start=\"99\" data-end=\"111\">OLGA 771<\/strong> to wyraziste, kobiece oprawki w \u015bwie\u017cej kolorystyce <strong data-start=\"164\" data-end=\"179\">niebieskiej<\/strong> z lekkim, \u201eowocowym\u201d twistem <strong data-start=\"235\" data-end=\"251\">Bleu \/ P\u00eache<\/strong>). To model, kt\u00f3ry robi efekt na twarzy, ale nadal zostaje elegancki i \u0142atwy do noszenia na co dzie\u0144.<\/p>\n","protected":false},"excerpt":{"rendered":"<p data-start=\"409\" data-end=\"900\">Model <strong data-start=\"415\" data-end=\"438\">Caroline Abram OLGA<\/strong> jest utrzymany w estetyce marki inspirowanej mod\u0105 lat 60. \u2013 odwa\u017cna forma, dopracowane proporcje i kolor, kt\u00f3ry ma dodawa\u0107 pewno\u015bci siebie. <br data-start=\"616\" data-end=\"619\" \/>Wariant <strong data-start=\"627\" data-end=\"639\">col. 771<\/strong> to wersja \u201eblu\u201d, cz\u0119sto opisywana jako <strong data-start=\"679\" data-end=\"702\">Blue \/ Peach \/ Pink<\/strong> lub <strong data-start=\"707\" data-end=\"723\">Bleu \/ P\u00eache<\/strong> \u2013 dzi\u0119ki temu oprawa jest jednocze\u015bnie klasyczna (bo niebieski jest bardzo \u201esmart\u201d), i modowa (bo ciep\u0142y akcent prze\u0142amuje ch\u0142odny ton).<\/p>\n<p data-start=\"902\" data-end=\"1294\">Dodatkowym smaczkiem tego wariantu jest informacja o <strong data-start=\"955\" data-end=\"994\">transparentnej wstawce z celluloidu<\/strong>, kt\u00f3ra nadaje ca\u0142o\u015bci bardziej lekki, nowoczesny charakter i podbija efekt \u201epremium\u201d w detalu. <br data-start=\"1127\" data-end=\"1130\" \/>Oprawki s\u0105 wykonane w <strong data-start=\"1152\" data-end=\"1170\">100% z acetatu<\/strong> i maj\u0105 wygodny, uniwersalny rozmiar, kt\u00f3ry dobrze sprawdza si\u0119 w codziennym noszeniu.<\/p>\n<h3 data-start=\"1296\" data-end=\"1321\">Najwa\u017cniejsze cechy<\/h3>\n<ul data-start=\"1322\" data-end=\"1854\">\n<li data-start=\"1322\" data-end=\"1402\">\n<p data-start=\"1324\" data-end=\"1402\"><strong data-start=\"1324\" data-end=\"1334\">Model:<\/strong> Caroline Abram <strong data-start=\"1350\" data-end=\"1362\">OLGA 771<\/strong><\/p>\n<\/li>\n<li data-start=\"1403\" data-end=\"1485\">\n<p data-start=\"1405\" data-end=\"1485\"><strong data-start=\"1405\" data-end=\"1413\">Typ:<\/strong> okulary <strong data-start=\"1422\" data-end=\"1436\">korekcyjne<\/strong>, damskie<\/p>\n<\/li>\n<li data-start=\"1486\" data-end=\"1557\">\n<p data-start=\"1488\" data-end=\"1557\"><strong data-start=\"1488\" data-end=\"1501\">Materia\u0142:<\/strong> <strong data-start=\"1502\" data-end=\"1517\">100% acetat<\/strong><\/p>\n<\/li>\n<li data-start=\"1558\" data-end=\"1658\">\n<p data-start=\"1560\" data-end=\"1658\"><strong data-start=\"1560\" data-end=\"1570\">Kolor:<\/strong> <strong data-start=\"1571\" data-end=\"1578\">Blu<\/strong> \/ opisywane tak\u017ce jako <strong data-start=\"1602\" data-end=\"1618\">Bleu \/ P\u00eache<\/strong><\/p>\n<\/li>\n<li data-start=\"1659\" data-end=\"1764\">\n<p data-start=\"1661\" data-end=\"1764\"><strong data-start=\"1661\" data-end=\"1673\">Rozmiar:<\/strong> <strong data-start=\"1674\" data-end=\"1687\">51\u201319\u2013140<\/strong> (szer. soczewki \u2013 mostek \u2013 zausznik)<\/p>\n<\/li>\n<li data-start=\"1765\" data-end=\"1854\">\n<p data-start=\"1767\" data-end=\"1854\"><strong data-start=\"1767\" data-end=\"1777\">Detal:<\/strong> transparentna wstawka celluloidowa<\/p>\n<\/li>\n<\/ul>\n","protected":false},"featured_media":8024,"template":"","meta":{"_acf_changed":false},"product_brand":[738],"product_cat":[51,747],"product_tag":[],"model":[767],"class_list":{"0":"post-8023","1":"product","2":"type-product","3":"status-publish","4":"has-post-thumbnail","6":"product_brand-caroline-abram","7":"product_cat-okulary-korekcyjne","8":"product_cat-outlet","9":"model-olga","11":"first","12":"instock","13":"sale","14":"taxable","15":"shipping-taxable","16":"purchasable","17":"product-type-simple"},"acf":[],"aioseo_notices":[],"_links":{"self":[{"href":"https:\/\/markoweokulary.pl\/pl\/wp-json\/wp\/v2\/product\/8023","targetHints":{"allow":["GET"]}}],"collection":[{"href":"https:\/\/markoweokulary.pl\/pl\/wp-json\/wp\/v2\/product"}],"about":[{"href":"https:\/\/markoweokulary.pl\/pl\/wp-json\/wp\/v2\/types\/product"}],"version-history":[{"count":1,"href":"https:\/\/markoweokulary.pl\/pl\/wp-json\/wp\/v2\/product\/8023\/revisions"}],"predecessor-version":[{"id":8025,"href":"https:\/\/markoweokulary.pl\/pl\/wp-json\/wp\/v2\/product\/8023\/revisions\/8025"}],"wp:featuredmedia":[{"embeddable":true,"href":"https:\/\/markoweokulary.pl\/pl\/wp-json\/wp\/v2\/media\/8024"}],"wp:attachment":[{"href":"https:\/\/markoweokulary.pl\/pl\/wp-json\/wp\/v2\/media?parent=8023"}],"wp:term":[{"taxonomy":"product_brand","embeddable":true,"href":"https:\/\/markoweokulary.pl\/pl\/wp-json\/wp\/v2\/product_brand?post=8023"},{"taxonomy":"product_cat","embeddable":true,"href":"https:\/\/markoweokulary.pl\/pl\/wp-json\/wp\/v2\/product_cat?post=8023"},{"taxonomy":"product_tag","embeddable":true,"href":"https:\/\/markoweokulary.pl\/pl\/wp-json\/wp\/v2\/product_tag?post=8023"},{"taxonomy":"model","embeddable":true,"href":"https:\/\/markoweokulary.pl\/pl\/wp-json\/wp\/v2\/model?post=8023"}],"curies":[{"name":"wp","href":"https:\/\/api.w.org\/{rel}","templated":true}]}}