{"id":8019,"date":"2026-03-05T16:54:08","date_gmt":"2026-03-05T15:54:08","guid":{"rendered":"https:\/\/markoweokulary.pl\/?post_type=product&#038;p=8019"},"modified":"2026-03-16T09:10:39","modified_gmt":"2026-03-16T08:10:39","slug":"caroline-abram-loretta-291","status":"publish","type":"product","link":"https:\/\/markoweokulary.pl\/pl\/produkt\/caroline-abram-loretta-291\/","title":{"rendered":"Caroline Abram LORETTA | 291"},"content":{"rendered":"<p><strong data-start=\"97\" data-end=\"112\">LORETTA 291<\/strong> to kobieca oprawa w stylu retro-glam z charakterystyczn\u0105, lekko wyd\u0142u\u017con\u0105 lini\u0105 typu <strong data-start=\"198\" data-end=\"217\">motylek\/cat-eye<\/strong>. Kolor <strong data-start=\"225\" data-end=\"240\">Prune Clair<\/strong> (jasna \u015bliwka) dodaje twarzy mi\u0119kkiej elegancji i wyr\u00f3\u017cnia si\u0119 subtelnie, bez krzykliwo\u015bci.<\/p>\n","protected":false},"excerpt":{"rendered":"<p data-start=\"389\" data-end=\"820\">Model <strong data-start=\"395\" data-end=\"421\">Caroline Abram LORETTA<\/strong> powsta\u0142 z my\u015bl\u0105 o podkre\u015bleniu kobieco\u015bci \u2013 forma jest bardzo \u201etwarzowa\u201d: delikatnie uniesiona w zewn\u0119trznych kraw\u0119dziach, dzi\u0119ki czemu optycznie otwiera oko i dodaje spojrzeniu wyrazisto\u015bci. Wersja <strong data-start=\"621\" data-end=\"647\">col. 291 \u2013 Prune Clair<\/strong> to elegancka, jasna \u015bliwka, kt\u00f3ra \u015bwietnie wsp\u00f3\u0142gra z be\u017cami, br\u0105zami, czerni\u0105 i z\u0142ot\u0105 bi\u017cuteri\u0105, a jednocze\u015bnie daje modowy akcent.<\/p>\n<p data-start=\"822\" data-end=\"980\">Oprawa jest wykonana z <strong data-start=\"845\" data-end=\"856\">acetatu<\/strong>, a zauszniki maj\u0105 metalowy rdze\u0144 (wirecore), co podbija wra\u017cenie jako\u015bci wyko\u0144czenia.<\/p>\n<h3 data-start=\"982\" data-end=\"1007\">Najwa\u017cniejsze cechy<\/h3>\n<ul data-start=\"1008\" data-end=\"1486\">\n<li data-start=\"1008\" data-end=\"1049\">\n<p data-start=\"1010\" data-end=\"1049\"><strong data-start=\"1010\" data-end=\"1020\">Model:<\/strong> Caroline Abram <strong data-start=\"1036\" data-end=\"1047\">LORETTA<\/strong><\/p>\n<\/li>\n<li data-start=\"1050\" data-end=\"1124\">\n<p data-start=\"1052\" data-end=\"1124\"><strong data-start=\"1052\" data-end=\"1062\">Kolor:<\/strong> <strong data-start=\"1063\" data-end=\"1084\">291 \u2013 Prune Clair<\/strong><\/p>\n<\/li>\n<li data-start=\"1125\" data-end=\"1191\">\n<p data-start=\"1127\" data-end=\"1191\"><strong data-start=\"1127\" data-end=\"1140\">Materia\u0142:<\/strong> <strong data-start=\"1141\" data-end=\"1151\">acetat<\/strong><\/p>\n<\/li>\n<li data-start=\"1192\" data-end=\"1296\">\n<p data-start=\"1194\" data-end=\"1296\"><strong data-start=\"1194\" data-end=\"1206\">Kszta\u0142t:<\/strong> <strong data-start=\"1207\" data-end=\"1228\">motylek \/ cat-eye<\/strong> (bardzo kobiecy, wyd\u0142u\u017cony)<\/p>\n<\/li>\n<li data-start=\"1297\" data-end=\"1402\">\n<p data-start=\"1299\" data-end=\"1402\"><strong data-start=\"1299\" data-end=\"1311\">Rozmiar:<\/strong> <strong data-start=\"1312\" data-end=\"1325\">50\u201319\u2013140<\/strong><\/p>\n<\/li>\n<\/ul>\n","protected":false},"featured_media":8020,"template":"","meta":{"_acf_changed":false},"product_brand":[738],"product_cat":[51,747],"product_tag":[],"model":[765],"class_list":{"0":"post-8019","1":"product","2":"type-product","3":"status-publish","4":"has-post-thumbnail","6":"product_brand-caroline-abram","7":"product_cat-okulary-korekcyjne","8":"product_cat-outlet","9":"model-loretta","11":"first","12":"instock","13":"sale","14":"taxable","15":"shipping-taxable","16":"purchasable","17":"product-type-simple"},"acf":[],"aioseo_notices":[],"_links":{"self":[{"href":"https:\/\/markoweokulary.pl\/pl\/wp-json\/wp\/v2\/product\/8019","targetHints":{"allow":["GET"]}}],"collection":[{"href":"https:\/\/markoweokulary.pl\/pl\/wp-json\/wp\/v2\/product"}],"about":[{"href":"https:\/\/markoweokulary.pl\/pl\/wp-json\/wp\/v2\/types\/product"}],"version-history":[{"count":2,"href":"https:\/\/markoweokulary.pl\/pl\/wp-json\/wp\/v2\/product\/8019\/revisions"}],"predecessor-version":[{"id":8022,"href":"https:\/\/markoweokulary.pl\/pl\/wp-json\/wp\/v2\/product\/8019\/revisions\/8022"}],"wp:featuredmedia":[{"embeddable":true,"href":"https:\/\/markoweokulary.pl\/pl\/wp-json\/wp\/v2\/media\/8020"}],"wp:attachment":[{"href":"https:\/\/markoweokulary.pl\/pl\/wp-json\/wp\/v2\/media?parent=8019"}],"wp:term":[{"taxonomy":"product_brand","embeddable":true,"href":"https:\/\/markoweokulary.pl\/pl\/wp-json\/wp\/v2\/product_brand?post=8019"},{"taxonomy":"product_cat","embeddable":true,"href":"https:\/\/markoweokulary.pl\/pl\/wp-json\/wp\/v2\/product_cat?post=8019"},{"taxonomy":"product_tag","embeddable":true,"href":"https:\/\/markoweokulary.pl\/pl\/wp-json\/wp\/v2\/product_tag?post=8019"},{"taxonomy":"model","embeddable":true,"href":"https:\/\/markoweokulary.pl\/pl\/wp-json\/wp\/v2\/model?post=8019"}],"curies":[{"name":"wp","href":"https:\/\/api.w.org\/{rel}","templated":true}]}}