{"id":8016,"date":"2026-03-05T16:48:35","date_gmt":"2026-03-05T15:48:35","guid":{"rendered":"https:\/\/markoweokulary.pl\/?post_type=product&#038;p=8016"},"modified":"2026-03-16T09:10:39","modified_gmt":"2026-03-16T08:10:39","slug":"caroline-abram-luda-300","status":"publish","type":"product","link":"https:\/\/markoweokulary.pl\/pl\/produkt\/caroline-abram-luda-300\/","title":{"rendered":"Caroline Abram LUDA | 300"},"content":{"rendered":"<p><strong data-start=\"90\" data-end=\"102\">LUDA 300<\/strong> to odwa\u017cna, kobieca oprawa o <strong data-start=\"132\" data-end=\"171\">geometrycznej (heksagonalnej) linii<\/strong>, wykonana z acetatu. Intensywny kolor <strong data-start=\"210\" data-end=\"221\">Fuchsia<\/strong> dodaje energii i \u015bwietnie dzia\u0142a jako \u201estatement\u201d w stylizacji \u2013 nawet przy prostej garderobie.<\/p>\n","protected":false},"excerpt":{"rendered":"<p data-start=\"374\" data-end=\"755\">Model <strong data-start=\"380\" data-end=\"403\">Caroline Abram LUDA<\/strong> powsta\u0142 dla kobiet, kt\u00f3re lubi\u0105 okulary z charakterem. Front ma <strong data-start=\"468\" data-end=\"507\">heksagonalny (sze\u015bciok\u0105tny) kszta\u0142t<\/strong>, kt\u00f3ry wygl\u0105da modowo, ale nadal jest bardzo twarzowy i elegancki. Oprawa wykonana jest z <strong data-start=\"598\" data-end=\"609\">acetatu<\/strong>, a zauszniki maj\u0105 <strong data-start=\"628\" data-end=\"657\">metalowy rdze\u0144 (wirecore)<\/strong>, co dodaje wra\u017cenia dopracowania i \u201epremium\u201d wyko\u0144czenia.<\/p>\n<p data-start=\"757\" data-end=\"1102\">W wersji <strong data-start=\"766\" data-end=\"778\">col. 300<\/strong> producent wskazuje kolor jako <strong data-start=\"809\" data-end=\"820\">FUCHSIA<\/strong>, a w opisach sprzedawc\u00f3w pojawia si\u0119 te\u017c zestawienie fuksji z czerwonym tonem, co daje mocny, kobiecy efekt. <br data-start=\"967\" data-end=\"970\" \/>To oprawki, kt\u00f3re \u015bwietnie podbijaj\u0105 urod\u0119 (zw\u0142aszcza przy neutralnych kolorach ubra\u0144) i robi\u0105 \u201ewow\u201d bez przesady \u2013 form\u0105 i kolorem.<\/p>\n<h3 data-start=\"1104\" data-end=\"1129\">Najwa\u017cniejsze cechy<\/h3>\n<ul data-start=\"1130\" data-end=\"1724\">\n<li data-start=\"1130\" data-end=\"1214\">\n<p data-start=\"1132\" data-end=\"1214\"><strong data-start=\"1132\" data-end=\"1150\">Marka \/ model:<\/strong> Caroline Abram <strong data-start=\"1166\" data-end=\"1174\">LUDA<\/strong><\/p>\n<\/li>\n<li data-start=\"1215\" data-end=\"1285\">\n<p data-start=\"1217\" data-end=\"1285\"><strong data-start=\"1217\" data-end=\"1227\">Kolor:<\/strong> <strong data-start=\"1228\" data-end=\"1245\">300 \u2013 FUCHSIA<\/strong><\/p>\n<\/li>\n<li data-start=\"1286\" data-end=\"1372\">\n<p data-start=\"1288\" data-end=\"1372\"><strong data-start=\"1288\" data-end=\"1300\">Kszta\u0142t:<\/strong> <strong data-start=\"1301\" data-end=\"1332\">heksagonalny \/ geometryczny<\/strong><\/p>\n<\/li>\n<li data-start=\"1373\" data-end=\"1475\">\n<p data-start=\"1375\" data-end=\"1475\"><strong data-start=\"1375\" data-end=\"1388\">Materia\u0142:<\/strong> <strong data-start=\"1389\" data-end=\"1399\">acetat<\/strong>, zauszniki z <strong data-start=\"1413\" data-end=\"1435\">metalowym rdzeniem<\/strong><\/p>\n<\/li>\n<li data-start=\"1476\" data-end=\"1544\">\n<p data-start=\"1478\" data-end=\"1544\"><strong data-start=\"1478\" data-end=\"1490\">Rozmiar:<\/strong> <strong data-start=\"1491\" data-end=\"1504\">52\u201319\u2013140<\/strong><\/p>\n<\/li>\n<li data-start=\"1545\" data-end=\"1620\">\n<p data-start=\"1547\" data-end=\"1620\"><strong data-start=\"1547\" data-end=\"1569\">D\u0142ugo\u015b\u0107 zausznika:<\/strong> <strong data-start=\"1570\" data-end=\"1580\">140 mm<\/strong><\/p>\n<\/li>\n<li data-start=\"1621\" data-end=\"1724\">\n<p data-start=\"1623\" data-end=\"1724\"><strong data-start=\"1623\" data-end=\"1639\">Pochodzenie:<\/strong> <strong data-start=\"1640\" data-end=\"1668\">wyprodukowane we Francji<\/strong><\/p>\n<\/li>\n<\/ul>\n","protected":false},"featured_media":8017,"template":"","meta":{"_acf_changed":false},"product_brand":[738],"product_cat":[51,747],"product_tag":[],"model":[763],"class_list":{"0":"post-8016","1":"product","2":"type-product","3":"status-publish","4":"has-post-thumbnail","6":"product_brand-caroline-abram","7":"product_cat-okulary-korekcyjne","8":"product_cat-outlet","9":"model-luda","11":"first","12":"instock","13":"sale","14":"taxable","15":"shipping-taxable","16":"purchasable","17":"product-type-simple"},"acf":[],"aioseo_notices":[],"_links":{"self":[{"href":"https:\/\/markoweokulary.pl\/pl\/wp-json\/wp\/v2\/product\/8016","targetHints":{"allow":["GET"]}}],"collection":[{"href":"https:\/\/markoweokulary.pl\/pl\/wp-json\/wp\/v2\/product"}],"about":[{"href":"https:\/\/markoweokulary.pl\/pl\/wp-json\/wp\/v2\/types\/product"}],"version-history":[{"count":1,"href":"https:\/\/markoweokulary.pl\/pl\/wp-json\/wp\/v2\/product\/8016\/revisions"}],"predecessor-version":[{"id":8018,"href":"https:\/\/markoweokulary.pl\/pl\/wp-json\/wp\/v2\/product\/8016\/revisions\/8018"}],"wp:featuredmedia":[{"embeddable":true,"href":"https:\/\/markoweokulary.pl\/pl\/wp-json\/wp\/v2\/media\/8017"}],"wp:attachment":[{"href":"https:\/\/markoweokulary.pl\/pl\/wp-json\/wp\/v2\/media?parent=8016"}],"wp:term":[{"taxonomy":"product_brand","embeddable":true,"href":"https:\/\/markoweokulary.pl\/pl\/wp-json\/wp\/v2\/product_brand?post=8016"},{"taxonomy":"product_cat","embeddable":true,"href":"https:\/\/markoweokulary.pl\/pl\/wp-json\/wp\/v2\/product_cat?post=8016"},{"taxonomy":"product_tag","embeddable":true,"href":"https:\/\/markoweokulary.pl\/pl\/wp-json\/wp\/v2\/product_tag?post=8016"},{"taxonomy":"model","embeddable":true,"href":"https:\/\/markoweokulary.pl\/pl\/wp-json\/wp\/v2\/model?post=8016"}],"curies":[{"name":"wp","href":"https:\/\/api.w.org\/{rel}","templated":true}]}}