{"id":8004,"date":"2026-03-05T16:24:37","date_gmt":"2026-03-05T15:24:37","guid":{"rendered":"https:\/\/markoweokulary.pl\/?post_type=product&#038;p=8004"},"modified":"2026-03-16T09:26:24","modified_gmt":"2026-03-16T08:26:24","slug":"caroline-abram-philomene-917","status":"publish","type":"product","link":"https:\/\/markoweokulary.pl\/pl\/produkt\/caroline-abram-philomene-917\/","title":{"rendered":"Caroline Abram PHILOMENE | 917"},"content":{"rendered":"<p><strong data-start=\"92\" data-end=\"109\">PHILOMENE 917<\/strong> to wyraziste, kobiece oprawki w kolorze <strong data-start=\"150\" data-end=\"158\">ROSE<\/strong> \u2013 odwa\u017cne, modne i \u201eparyskie\u201d w charakterze. Du\u017ca, geometryczna forma robi efekt na twarzy, a jednocze\u015bnie pozostaje elegancka na co dzie\u0144.<\/p>\n","protected":false},"excerpt":{"rendered":"<p data-start=\"355\" data-end=\"726\">Model <strong data-start=\"361\" data-end=\"374\">PHILOMENE<\/strong> \u015bwietnie wpisuje si\u0119 w estetyk\u0119 Caroline Abram inspirowan\u0105 mod\u0105 lat 60. \u2013 mocniejsza linia, wyrazista forma i kolor, kt\u00f3ry dodaje energii. Wariant <strong data-start=\"522\" data-end=\"536\">917 (ROSE)<\/strong> to r\u00f3\u017cowa ods\u0142ona oprawy: idealna, je\u015bli chcesz prze\u0142ama\u0107 klasyk\u0119 i potraktowa\u0107 okulary jako element stylizacji, a nie tylko \u201enarz\u0119dzie\u201d do widzenia.<\/p>\n<p data-start=\"728\" data-end=\"845\">To pe\u0142na oprawa z tworzywa (celoobruby), zaprojektowana do szkie\u0142 korekcyjnych.<\/p>\n<h3 data-start=\"847\" data-end=\"872\">Najwa\u017cniejsze cechy<\/h3>\n<ul data-start=\"873\" data-end=\"1326\">\n<li data-start=\"873\" data-end=\"962\">\n<p data-start=\"875\" data-end=\"962\"><strong data-start=\"875\" data-end=\"893\">Marka \/ model:<\/strong> Caroline Abram <strong data-start=\"909\" data-end=\"922\">PHILOMENE<\/strong><\/p>\n<\/li>\n<li data-start=\"963\" data-end=\"1030\">\n<p data-start=\"965\" data-end=\"1030\"><strong data-start=\"965\" data-end=\"975\">Kolor:<\/strong> <strong data-start=\"976\" data-end=\"990\">ROSE \u2013 917<\/strong><\/p>\n<\/li>\n<li data-start=\"1031\" data-end=\"1136\">\n<p data-start=\"1033\" data-end=\"1136\"><strong data-start=\"1033\" data-end=\"1060\">Materia\u0142 \/ konstrukcja:<\/strong> tworzywo, pe\u0142na oprawa (celoobruby)<\/p>\n<\/li>\n<li data-start=\"1137\" data-end=\"1242\">\n<p data-start=\"1139\" data-end=\"1242\"><strong data-start=\"1139\" data-end=\"1151\">Rozmiar:<\/strong> <strong data-start=\"1152\" data-end=\"1165\">52\u201317\u2013140<\/strong><\/p>\n<\/li>\n<\/ul>\n","protected":false},"featured_media":8005,"template":"","meta":{"_acf_changed":false},"product_brand":[738],"product_cat":[51,747],"product_tag":[],"model":[754],"class_list":{"0":"post-8004","1":"product","2":"type-product","3":"status-publish","4":"has-post-thumbnail","6":"product_brand-caroline-abram","7":"product_cat-okulary-korekcyjne","8":"product_cat-outlet","9":"model-philomene","11":"first","12":"instock","13":"sale","14":"taxable","15":"shipping-taxable","16":"purchasable","17":"product-type-simple"},"acf":[],"aioseo_notices":[],"_links":{"self":[{"href":"https:\/\/markoweokulary.pl\/pl\/wp-json\/wp\/v2\/product\/8004","targetHints":{"allow":["GET"]}}],"collection":[{"href":"https:\/\/markoweokulary.pl\/pl\/wp-json\/wp\/v2\/product"}],"about":[{"href":"https:\/\/markoweokulary.pl\/pl\/wp-json\/wp\/v2\/types\/product"}],"version-history":[{"count":1,"href":"https:\/\/markoweokulary.pl\/pl\/wp-json\/wp\/v2\/product\/8004\/revisions"}],"predecessor-version":[{"id":8006,"href":"https:\/\/markoweokulary.pl\/pl\/wp-json\/wp\/v2\/product\/8004\/revisions\/8006"}],"wp:featuredmedia":[{"embeddable":true,"href":"https:\/\/markoweokulary.pl\/pl\/wp-json\/wp\/v2\/media\/8005"}],"wp:attachment":[{"href":"https:\/\/markoweokulary.pl\/pl\/wp-json\/wp\/v2\/media?parent=8004"}],"wp:term":[{"taxonomy":"product_brand","embeddable":true,"href":"https:\/\/markoweokulary.pl\/pl\/wp-json\/wp\/v2\/product_brand?post=8004"},{"taxonomy":"product_cat","embeddable":true,"href":"https:\/\/markoweokulary.pl\/pl\/wp-json\/wp\/v2\/product_cat?post=8004"},{"taxonomy":"product_tag","embeddable":true,"href":"https:\/\/markoweokulary.pl\/pl\/wp-json\/wp\/v2\/product_tag?post=8004"},{"taxonomy":"model","embeddable":true,"href":"https:\/\/markoweokulary.pl\/pl\/wp-json\/wp\/v2\/model?post=8004"}],"curies":[{"name":"wp","href":"https:\/\/api.w.org\/{rel}","templated":true}]}}