{"id":7998,"date":"2026-03-05T16:11:03","date_gmt":"2026-03-05T15:11:03","guid":{"rendered":"https:\/\/markoweokulary.pl\/?post_type=product&#038;p=7998"},"modified":"2026-03-16T09:11:06","modified_gmt":"2026-03-16T08:11:06","slug":"caroline-abram-palmer-780","status":"publish","type":"product","link":"https:\/\/markoweokulary.pl\/pl\/produkt\/caroline-abram-palmer-780\/","title":{"rendered":"Caroline Abram PALMER | 780"},"content":{"rendered":"<p data-start=\"101\" data-end=\"313\"><strong data-start=\"101\" data-end=\"115\">PALMER 780<\/strong> to kobiece oprawki korekcyjne w energetycznym zestawieniu <strong data-start=\"174\" data-end=\"213\">malinowo-r\u00f3\u017cowym (Framboise \/ Rose)<\/strong> \u2013 wyraziste, ale nadal eleganckie i \u201eparyskie\u201d w charakterze.<\/p>\n","protected":false},"excerpt":{"rendered":"<p data-start=\"332\" data-end=\"743\">Model <strong data-start=\"338\" data-end=\"363\">Caroline Abram PALMER<\/strong> wpisuje si\u0119 w DNA marki: retro-glam inspirowany ikonami mody, wyra\u017ana forma i kolor, kt\u00f3ry potrafi zbudowa\u0107 ca\u0142\u0105 stylizacj\u0119. Wersja <strong data-start=\"496\" data-end=\"527\">col. 780 (Framboise \/ Rose)<\/strong> \u0142\u0105czy malinow\u0105 g\u0142\u0119bi\u0119 z r\u00f3\u017cowym akcentem \u2013 dzi\u0119ki temu oprawa jest kobieca, \u015bwie\u017ca i \u015bwietnie wygl\u0105da zar\u00f3wno w minimalistycznych stylizacjach, jak i jako mocny, modowy detal.<\/p>\n<p data-start=\"745\" data-end=\"949\">To pe\u0142na oprawa z tworzywa (celoobruby), zaprojektowana do szkie\u0142 korekcyjnych. Rozmiar producenta to <strong data-start=\"847\" data-end=\"860\">52\u201318\u2013140<\/strong> (szeroko\u015b\u0107 soczewki \u2013 mostek \u2013 d\u0142ugo\u015b\u0107 zausznika).<\/p>\n<h3 data-start=\"951\" data-end=\"976\">Najwa\u017cniejsze cechy<\/h3>\n<ul data-start=\"977\" data-end=\"1409\">\n<li data-start=\"977\" data-end=\"1063\">\n<p data-start=\"979\" data-end=\"1063\"><strong data-start=\"979\" data-end=\"997\">Marka \/ model:<\/strong> Caroline Abram <strong data-start=\"1013\" data-end=\"1023\">PALMER<\/strong><\/p>\n<\/li>\n<li data-start=\"1064\" data-end=\"1158\">\n<p data-start=\"1066\" data-end=\"1158\"><strong data-start=\"1066\" data-end=\"1076\">Kolor:<\/strong> <strong data-start=\"1077\" data-end=\"1103\">780 \u2013 Framboise \/ Rose<\/strong> (malina \/ r\u00f3\u017c)<\/p>\n<\/li>\n<li data-start=\"1159\" data-end=\"1245\">\n<p data-start=\"1161\" data-end=\"1245\"><strong data-start=\"1161\" data-end=\"1169\">Typ:<\/strong> oprawki <strong data-start=\"1178\" data-end=\"1192\">korekcyjne<\/strong>, <strong data-start=\"1194\" data-end=\"1205\">damskie<\/strong><\/p>\n<\/li>\n<li data-start=\"1246\" data-end=\"1340\">\n<p data-start=\"1248\" data-end=\"1340\"><strong data-start=\"1248\" data-end=\"1264\">Konstrukcja:<\/strong> pe\u0142na oprawa (celoobruby), tworzywo<\/p>\n<\/li>\n<li data-start=\"1341\" data-end=\"1409\">\n<p data-start=\"1343\" data-end=\"1409\"><strong data-start=\"1343\" data-end=\"1355\">Rozmiar:<\/strong> <strong data-start=\"1356\" data-end=\"1369\">52\u201318\u2013140<\/strong><\/p>\n<\/li>\n<\/ul>\n","protected":false},"featured_media":7999,"template":"","meta":{"_acf_changed":false},"product_brand":[738],"product_cat":[51,747],"product_tag":[],"model":[751],"class_list":{"0":"post-7998","1":"product","2":"type-product","3":"status-publish","4":"has-post-thumbnail","6":"product_brand-caroline-abram","7":"product_cat-okulary-korekcyjne","8":"product_cat-outlet","9":"model-palmer","11":"first","12":"instock","13":"sale","14":"taxable","15":"shipping-taxable","16":"purchasable","17":"product-type-simple"},"acf":[],"aioseo_notices":[],"_links":{"self":[{"href":"https:\/\/markoweokulary.pl\/pl\/wp-json\/wp\/v2\/product\/7998","targetHints":{"allow":["GET"]}}],"collection":[{"href":"https:\/\/markoweokulary.pl\/pl\/wp-json\/wp\/v2\/product"}],"about":[{"href":"https:\/\/markoweokulary.pl\/pl\/wp-json\/wp\/v2\/types\/product"}],"version-history":[{"count":1,"href":"https:\/\/markoweokulary.pl\/pl\/wp-json\/wp\/v2\/product\/7998\/revisions"}],"predecessor-version":[{"id":8000,"href":"https:\/\/markoweokulary.pl\/pl\/wp-json\/wp\/v2\/product\/7998\/revisions\/8000"}],"wp:featuredmedia":[{"embeddable":true,"href":"https:\/\/markoweokulary.pl\/pl\/wp-json\/wp\/v2\/media\/7999"}],"wp:attachment":[{"href":"https:\/\/markoweokulary.pl\/pl\/wp-json\/wp\/v2\/media?parent=7998"}],"wp:term":[{"taxonomy":"product_brand","embeddable":true,"href":"https:\/\/markoweokulary.pl\/pl\/wp-json\/wp\/v2\/product_brand?post=7998"},{"taxonomy":"product_cat","embeddable":true,"href":"https:\/\/markoweokulary.pl\/pl\/wp-json\/wp\/v2\/product_cat?post=7998"},{"taxonomy":"product_tag","embeddable":true,"href":"https:\/\/markoweokulary.pl\/pl\/wp-json\/wp\/v2\/product_tag?post=7998"},{"taxonomy":"model","embeddable":true,"href":"https:\/\/markoweokulary.pl\/pl\/wp-json\/wp\/v2\/model?post=7998"}],"curies":[{"name":"wp","href":"https:\/\/api.w.org\/{rel}","templated":true}]}}