{"id":7995,"date":"2026-03-05T16:03:17","date_gmt":"2026-03-05T15:03:17","guid":{"rendered":"https:\/\/markoweokulary.pl\/?post_type=product&#038;p=7995"},"modified":"2026-03-16T09:11:06","modified_gmt":"2026-03-16T08:11:06","slug":"caroline-abram-peggy-923","status":"publish","type":"product","link":"https:\/\/markoweokulary.pl\/pl\/produkt\/caroline-abram-peggy-923\/","title":{"rendered":"Caroline Abram PEGGY | 923"},"content":{"rendered":"<p><strong data-start=\"88\" data-end=\"101\">PEGGY 923<\/strong> to wyraziste, kobiece oprawki w kolorze <strong data-start=\"142\" data-end=\"150\">Bleu<\/strong> \u2013 idealne, je\u015bli chcesz doda\u0107 stylizacji \u015bwie\u017cego, paryskiego akcentu, ale nadal zachowa\u0107 eleganck\u0105 form\u0119.<\/p>\n","protected":false},"excerpt":{"rendered":"<p data-start=\"314\" data-end=\"556\">Model <strong data-start=\"320\" data-end=\"344\">Caroline Abram PEGGY<\/strong> powsta\u0142 w duchu retro-glam inspirowanego mod\u0105 lat 60.: odwa\u017cniejsze linie, dopracowane proporcje i kolor, kt\u00f3ry \u201erobi\u201d styl, nawet gdy reszta outfitu jest minimalistyczna.<\/p>\n<p data-start=\"558\" data-end=\"876\">Wariant <strong data-start=\"566\" data-end=\"585\">col. 923 (Bleu)<\/strong> to niebieska ods\u0142ona PEGGY \u2013 \u015bwietna dla os\u00f3b, kt\u00f3re lubi\u0105 klasyk\u0119, ale chc\u0105 odej\u015b\u0107 od czerni i tradycyjnej havany. Dzi\u0119ki uniwersalnemu rozmiarowi i wygodnej geometrii oprawki sprawdzaj\u0105 si\u0119 w codziennym noszeniu: do pracy, na spotkania i na co dzie\u0144.<\/p>\n<h3 data-start=\"878\" data-end=\"903\">Najwa\u017cniejsze cechy<\/h3>\n<ul data-start=\"904\" data-end=\"1121\">\n<li data-start=\"904\" data-end=\"943\">\n<p data-start=\"906\" data-end=\"943\"><strong data-start=\"906\" data-end=\"916\">Model:<\/strong> Caroline Abram <strong data-start=\"932\" data-end=\"941\">PEGGY<\/strong><\/p>\n<\/li>\n<li data-start=\"944\" data-end=\"1011\">\n<p data-start=\"946\" data-end=\"1011\"><strong data-start=\"946\" data-end=\"956\">Kolor:<\/strong> <strong data-start=\"957\" data-end=\"971\">Bleu \u2013 923<\/strong><\/p>\n<\/li>\n<li data-start=\"1012\" data-end=\"1121\">\n<p data-start=\"1014\" data-end=\"1121\"><strong data-start=\"1014\" data-end=\"1026\">Rozmiar:<\/strong> <strong data-start=\"1027\" data-end=\"1040\">51\u201318\u2013140<\/strong> (szeroko\u015b\u0107 soczewki \u2013 mostek \u2013 zausznik)<\/p>\n<\/li>\n<\/ul>\n","protected":false},"featured_media":7996,"template":"","meta":{"_acf_changed":false},"product_brand":[738],"product_cat":[51,747],"product_tag":[],"model":[748],"class_list":{"0":"post-7995","1":"product","2":"type-product","3":"status-publish","4":"has-post-thumbnail","6":"product_brand-caroline-abram","7":"product_cat-okulary-korekcyjne","8":"product_cat-outlet","9":"model-peggy","11":"first","12":"instock","13":"sale","14":"taxable","15":"shipping-taxable","16":"purchasable","17":"product-type-simple"},"acf":[],"aioseo_notices":[],"_links":{"self":[{"href":"https:\/\/markoweokulary.pl\/pl\/wp-json\/wp\/v2\/product\/7995","targetHints":{"allow":["GET"]}}],"collection":[{"href":"https:\/\/markoweokulary.pl\/pl\/wp-json\/wp\/v2\/product"}],"about":[{"href":"https:\/\/markoweokulary.pl\/pl\/wp-json\/wp\/v2\/types\/product"}],"version-history":[{"count":1,"href":"https:\/\/markoweokulary.pl\/pl\/wp-json\/wp\/v2\/product\/7995\/revisions"}],"predecessor-version":[{"id":7997,"href":"https:\/\/markoweokulary.pl\/pl\/wp-json\/wp\/v2\/product\/7995\/revisions\/7997"}],"wp:featuredmedia":[{"embeddable":true,"href":"https:\/\/markoweokulary.pl\/pl\/wp-json\/wp\/v2\/media\/7996"}],"wp:attachment":[{"href":"https:\/\/markoweokulary.pl\/pl\/wp-json\/wp\/v2\/media?parent=7995"}],"wp:term":[{"taxonomy":"product_brand","embeddable":true,"href":"https:\/\/markoweokulary.pl\/pl\/wp-json\/wp\/v2\/product_brand?post=7995"},{"taxonomy":"product_cat","embeddable":true,"href":"https:\/\/markoweokulary.pl\/pl\/wp-json\/wp\/v2\/product_cat?post=7995"},{"taxonomy":"product_tag","embeddable":true,"href":"https:\/\/markoweokulary.pl\/pl\/wp-json\/wp\/v2\/product_tag?post=7995"},{"taxonomy":"model","embeddable":true,"href":"https:\/\/markoweokulary.pl\/pl\/wp-json\/wp\/v2\/model?post=7995"}],"curies":[{"name":"wp","href":"https:\/\/api.w.org\/{rel}","templated":true}]}}