{"id":7972,"date":"2026-03-05T13:50:54","date_gmt":"2026-03-05T12:50:54","guid":{"rendered":"https:\/\/markoweokulary.pl\/?post_type=product&#038;p=7972"},"modified":"2026-04-02T17:20:17","modified_gmt":"2026-04-02T15:20:17","slug":"carolin-abram-pauline-775","status":"publish","type":"product","link":"https:\/\/markoweokulary.pl\/pl\/produkt\/carolin-abram-pauline-775\/","title":{"rendered":"Caroline Abram PAULINE | 775"},"content":{"rendered":"<p><strong data-start=\"100\" data-end=\"115\">PAULINE 775<\/strong> to wyraziste, kobiece oprawki o du\u017cym, mi\u0119kko-kanciastym kszta\u0142cie. Klasyczne po\u0142\u0105czenie <strong data-start=\"205\" data-end=\"227\">czerni i szylkretu<\/strong> (Noir \/ \u00c9caille) daje elegancki efekt \u201eretro-glam\u201d, charakterystyczny dla paryskiej marki Caroline Abram.<\/p>\n","protected":false},"excerpt":{"rendered":"<p data-start=\"390\" data-end=\"615\">Model <strong data-start=\"396\" data-end=\"407\">PAULINE<\/strong> zosta\u0142 zaprojektowany dla os\u00f3b, kt\u00f3re lubi\u0105 mocniejsz\u0105 ram\u0119 i czytelny styl na twarzy. Forma jest du\u017ca i twarzowa \u2013 podkre\u015bla spojrzenie oraz nadaje rysom wyrazisto\u015bci, ale bez przesadnie ostrej geometrii.<\/p>\n<p data-start=\"617\" data-end=\"962\">W kolorze <strong data-start=\"627\" data-end=\"651\">775 (Noir \/ \u00c9caille)<\/strong> oprawa \u0142\u0105czy g\u0142\u0119bok\u0105 czer\u0144 z ciep\u0142ym, szylkretowym rysunkiem, dzi\u0119ki czemu wygl\u0105da premium i \u0142atwo dopasowuje si\u0119 do garderoby: od total black po be\u017ce, karmel i z\u0142oto. To estetyka sp\u00f3jna z DNA Caroline Abram \u2013 inspirowana mod\u0105 lat 60., pe\u0142na charakteru i kobiecej energii.<\/p>\n<h3 data-start=\"964\" data-end=\"989\">Najwa\u017cniejsze cechy<\/h3>\n<ul data-start=\"990\" data-end=\"1405\">\n<li data-start=\"990\" data-end=\"1031\">\n<p data-start=\"992\" data-end=\"1031\"><strong data-start=\"992\" data-end=\"1002\">Model:<\/strong> Caroline Abram <strong data-start=\"1018\" data-end=\"1029\">PAULINE<\/strong><\/p>\n<\/li>\n<li data-start=\"1032\" data-end=\"1129\">\n<p data-start=\"1034\" data-end=\"1129\"><strong data-start=\"1034\" data-end=\"1044\">Kolor:<\/strong> <strong data-start=\"1045\" data-end=\"1069\">775 \u2013 Noir \/ \u00c9caille<\/strong> (czarny \/ szylkret)<\/p>\n<\/li>\n<li data-start=\"1130\" data-end=\"1226\">\n<p data-start=\"1132\" data-end=\"1226\"><strong data-start=\"1132\" data-end=\"1140\">Typ:<\/strong> oprawki korekcyjne, pe\u0142na oprawa (celoobruby)<\/p>\n<\/li>\n<li data-start=\"1227\" data-end=\"1299\">\n<p data-start=\"1229\" data-end=\"1299\"><strong data-start=\"1229\" data-end=\"1242\">Materia\u0142:<\/strong> tworzywo (plast)<\/p>\n<\/li>\n<li data-start=\"1300\" data-end=\"1405\">\n<p data-start=\"1302\" data-end=\"1405\"><strong data-start=\"1302\" data-end=\"1314\">Rozmiar:<\/strong> <strong data-start=\"1315\" data-end=\"1328\">51\u201319\u2013140<\/strong> (szer. soczewki \u2013 mostek \u2013 zausznik)<\/p>\n<\/li>\n<\/ul>\n","protected":false},"featured_media":7973,"template":"","meta":{"_acf_changed":false},"product_brand":[738],"product_cat":[51,747],"product_tag":[],"model":[737],"class_list":{"0":"post-7972","1":"product","2":"type-product","3":"status-publish","4":"has-post-thumbnail","6":"product_brand-caroline-abram","7":"product_cat-okulary-korekcyjne","8":"product_cat-outlet","9":"model-pauline","11":"first","12":"instock","13":"sale","14":"taxable","15":"shipping-taxable","16":"purchasable","17":"product-type-simple"},"acf":[],"aioseo_notices":[],"_links":{"self":[{"href":"https:\/\/markoweokulary.pl\/pl\/wp-json\/wp\/v2\/product\/7972","targetHints":{"allow":["GET"]}}],"collection":[{"href":"https:\/\/markoweokulary.pl\/pl\/wp-json\/wp\/v2\/product"}],"about":[{"href":"https:\/\/markoweokulary.pl\/pl\/wp-json\/wp\/v2\/types\/product"}],"version-history":[{"count":2,"href":"https:\/\/markoweokulary.pl\/pl\/wp-json\/wp\/v2\/product\/7972\/revisions"}],"predecessor-version":[{"id":7975,"href":"https:\/\/markoweokulary.pl\/pl\/wp-json\/wp\/v2\/product\/7972\/revisions\/7975"}],"wp:featuredmedia":[{"embeddable":true,"href":"https:\/\/markoweokulary.pl\/pl\/wp-json\/wp\/v2\/media\/7973"}],"wp:attachment":[{"href":"https:\/\/markoweokulary.pl\/pl\/wp-json\/wp\/v2\/media?parent=7972"}],"wp:term":[{"taxonomy":"product_brand","embeddable":true,"href":"https:\/\/markoweokulary.pl\/pl\/wp-json\/wp\/v2\/product_brand?post=7972"},{"taxonomy":"product_cat","embeddable":true,"href":"https:\/\/markoweokulary.pl\/pl\/wp-json\/wp\/v2\/product_cat?post=7972"},{"taxonomy":"product_tag","embeddable":true,"href":"https:\/\/markoweokulary.pl\/pl\/wp-json\/wp\/v2\/product_tag?post=7972"},{"taxonomy":"model","embeddable":true,"href":"https:\/\/markoweokulary.pl\/pl\/wp-json\/wp\/v2\/model?post=7972"}],"curies":[{"name":"wp","href":"https:\/\/api.w.org\/{rel}","templated":true}]}}