{"id":7953,"date":"2025-03-05T11:39:49","date_gmt":"2025-03-05T10:39:49","guid":{"rendered":"https:\/\/markoweokulary.pl\/?post_type=product&#038;p=7953"},"modified":"2026-04-02T16:44:48","modified_gmt":"2026-04-02T14:44:48","slug":"lightbird-robot-c136","status":"publish","type":"product","link":"https:\/\/markoweokulary.pl\/pl\/produkt\/lightbird-robot-c136\/","title":{"rendered":"Lightbird ROBOT | C136"},"content":{"rendered":"<p><strong data-start=\"89\" data-end=\"98\">ROBOT<\/strong> to nowoczesna, m\u0119ska oprawa o geometrycznym, kanciastym kszta\u0142cie i wyra\u017anej g\u00f3rnej linii. Wariant <strong data-start=\"198\" data-end=\"206\">C136<\/strong> wyr\u00f3\u017cnia si\u0119 tr\u00f3jtonow\u0105 kompozycj\u0105: <strong data-start=\"243\" data-end=\"288\">Bottle Green \/ Brown Horn \/ Crystal Beige<\/strong> z detalami <strong data-start=\"300\" data-end=\"316\">Bright Black<\/strong> \u2013 odwa\u017cnie, ale bardzo stylowo.<\/p>\n","protected":false},"excerpt":{"rendered":"<p data-start=\"367\" data-end=\"766\">Model <strong data-start=\"373\" data-end=\"405\">Lightbird ROBOT (LB122 C136)<\/strong> zosta\u0142 zaprojektowany dla m\u0119\u017cczyzn, kt\u00f3rzy chc\u0105 oprawy wyrazistej, \u201emiejskiej\u201d i troch\u0119 designerskiej. Forma jest szeroka, z mocno zaznaczon\u0105 lini\u0105 brwi, co \u015bwietnie porz\u0105dkuje rysy twarzy i nadaje wizerunkowi charakteru. To oprawa, kt\u00f3ra dobrze wygl\u0105da zar\u00f3wno w smart-casualu, jak i w bardziej minimalistycznych stylizacjach, gdy to okulary maj\u0105 robi\u0107 efekt.<\/p>\n<p data-start=\"768\" data-end=\"1216\">Kolor <strong data-start=\"774\" data-end=\"782\">C136<\/strong> jest jego najwi\u0119kszym atutem. G\u00f3rna cz\u0119\u015b\u0107 frontu w odcieniu <strong data-start=\"843\" data-end=\"859\">Bottle Green<\/strong> dodaje g\u0142\u0119bi i \u015bwie\u017co\u015bci, \u015brodkowy pas <strong data-start=\"899\" data-end=\"913\">Brown Horn<\/strong> wprowadza ciep\u0142o i nawi\u0105zanie do klasycznej havany, a dolna cz\u0119\u015b\u0107 <strong data-start=\"980\" data-end=\"997\">Crystal Beige<\/strong> \u201eodci\u0105\u017ca\u201d opraw\u0119 wizualnie dzi\u0119ki transparentnemu, jasnemu wyko\u0144czeniu. Detale <strong data-start=\"1077\" data-end=\"1093\">Bright Black<\/strong> porz\u0105dkuj\u0105 ca\u0142o\u015b\u0107 i podbijaj\u0105 kontrast, a zauszniki w kolorze <strong data-start=\"1156\" data-end=\"1173\">Crystal Beige<\/strong> utrzymuj\u0105 lekko\u015b\u0107 i sp\u00f3jny, premium efekt.<\/p>\n<h3 data-start=\"1218\" data-end=\"1243\">Najwa\u017cniejsze cechy<\/h3>\n<ul data-start=\"1244\" data-end=\"1617\">\n<li data-start=\"1244\" data-end=\"1295\">\n<p data-start=\"1246\" data-end=\"1295\"><strong data-start=\"1246\" data-end=\"1256\">Model:<\/strong> Lightbird <strong data-start=\"1267\" data-end=\"1276\">ROBOT<\/strong> \u2013 <strong data-start=\"1279\" data-end=\"1293\">LB122 C136<\/strong><\/p>\n<\/li>\n<li data-start=\"1296\" data-end=\"1324\">\n<p data-start=\"1298\" data-end=\"1324\"><strong data-start=\"1298\" data-end=\"1311\">Kolekcja:<\/strong> <strong data-start=\"1312\" data-end=\"1322\">SOCIAL<\/strong><\/p>\n<\/li>\n<li data-start=\"1325\" data-end=\"1372\">\n<p data-start=\"1327\" data-end=\"1372\"><strong data-start=\"1327\" data-end=\"1335\">Typ:<\/strong> okulary <strong data-start=\"1344\" data-end=\"1358\">korekcyjne<\/strong>, <strong data-start=\"1360\" data-end=\"1370\">m\u0119skie<\/strong><\/p>\n<\/li>\n<li data-start=\"1373\" data-end=\"1434\">\n<p data-start=\"1375\" data-end=\"1434\"><strong data-start=\"1375\" data-end=\"1387\">Kszta\u0142t:<\/strong> geometryczny prostok\u0105t z wyra\u017an\u0105 g\u00f3rn\u0105 lini\u0105<\/p>\n<\/li>\n<li data-start=\"1435\" data-end=\"1551\">\n<p data-start=\"1437\" data-end=\"1551\"><strong data-start=\"1437\" data-end=\"1447\">Kolor:<\/strong> <strong data-start=\"1448\" data-end=\"1493\">Bottle Green \/ Brown Horn \/ Crystal Beige<\/strong> + detale <strong data-start=\"1503\" data-end=\"1519\">Bright Black<\/strong> + zauszniki <strong data-start=\"1532\" data-end=\"1549\">Crystal Beige<\/strong><\/p>\n<\/li>\n<li data-start=\"1552\" data-end=\"1582\">\n<p data-start=\"1554\" data-end=\"1582\"><strong data-start=\"1554\" data-end=\"1566\">Rozmiar:<\/strong> <strong data-start=\"1567\" data-end=\"1580\">53\u201318\u2013145<\/strong><\/p>\n<\/li>\n<li data-start=\"1583\" data-end=\"1617\">\n<p data-start=\"1585\" data-end=\"1617\"><strong data-start=\"1585\" data-end=\"1607\">Wysoko\u015b\u0107 soczewki:<\/strong> <strong data-start=\"1608\" data-end=\"1617\">43 mm<\/strong><\/p>\n<\/li>\n<\/ul>\n","protected":false},"featured_media":7955,"template":"","meta":{"_acf_changed":false},"product_brand":[687],"product_cat":[51,747],"product_tag":[],"model":[729],"class_list":{"0":"post-7953","1":"product","2":"type-product","3":"status-publish","4":"has-post-thumbnail","6":"product_brand-lightbird","7":"product_cat-okulary-korekcyjne","8":"product_cat-outlet","9":"model-robot","11":"first","12":"instock","13":"sale","14":"taxable","15":"shipping-taxable","16":"purchasable","17":"product-type-simple"},"acf":[],"aioseo_notices":[],"_links":{"self":[{"href":"https:\/\/markoweokulary.pl\/pl\/wp-json\/wp\/v2\/product\/7953","targetHints":{"allow":["GET"]}}],"collection":[{"href":"https:\/\/markoweokulary.pl\/pl\/wp-json\/wp\/v2\/product"}],"about":[{"href":"https:\/\/markoweokulary.pl\/pl\/wp-json\/wp\/v2\/types\/product"}],"version-history":[{"count":1,"href":"https:\/\/markoweokulary.pl\/pl\/wp-json\/wp\/v2\/product\/7953\/revisions"}],"predecessor-version":[{"id":7956,"href":"https:\/\/markoweokulary.pl\/pl\/wp-json\/wp\/v2\/product\/7953\/revisions\/7956"}],"wp:featuredmedia":[{"embeddable":true,"href":"https:\/\/markoweokulary.pl\/pl\/wp-json\/wp\/v2\/media\/7955"}],"wp:attachment":[{"href":"https:\/\/markoweokulary.pl\/pl\/wp-json\/wp\/v2\/media?parent=7953"}],"wp:term":[{"taxonomy":"product_brand","embeddable":true,"href":"https:\/\/markoweokulary.pl\/pl\/wp-json\/wp\/v2\/product_brand?post=7953"},{"taxonomy":"product_cat","embeddable":true,"href":"https:\/\/markoweokulary.pl\/pl\/wp-json\/wp\/v2\/product_cat?post=7953"},{"taxonomy":"product_tag","embeddable":true,"href":"https:\/\/markoweokulary.pl\/pl\/wp-json\/wp\/v2\/product_tag?post=7953"},{"taxonomy":"model","embeddable":true,"href":"https:\/\/markoweokulary.pl\/pl\/wp-json\/wp\/v2\/model?post=7953"}],"curies":[{"name":"wp","href":"https:\/\/api.w.org\/{rel}","templated":true}]}}