{"id":7933,"date":"2025-03-05T11:02:08","date_gmt":"2025-03-05T10:02:08","guid":{"rendered":"https:\/\/markoweokulary.pl\/?post_type=product&#038;p=7933"},"modified":"2026-04-02T16:43:40","modified_gmt":"2026-04-02T14:43:40","slug":"lightbird-controller-c080","status":"publish","type":"product","link":"https:\/\/markoweokulary.pl\/pl\/produkt\/lightbird-controller-c080\/","title":{"rendered":"Lightbird CONTROLLER | C080"},"content":{"rendered":"<p><strong data-start=\"94\" data-end=\"108\">CONTROLLER<\/strong> to mocna, geometryczna oprawa dla m\u0119\u017cczyzn, kt\u00f3rzy lubi\u0105 zdecydowany styl. Wariant <strong data-start=\"192\" data-end=\"200\">C080<\/strong> wyr\u00f3\u017cnia si\u0119 transparentnym <strong data-start=\"229\" data-end=\"243\">niebieskim<\/strong> wyko\u0144czeniem (crystal blue) \u2013 nowoczesnym, lekkim wizualnie i bardzo \u201ena czasie\u201d.<\/p>\n","protected":false},"excerpt":{"rendered":"<p data-start=\"344\" data-end=\"695\">Model <strong data-start=\"350\" data-end=\"387\">Lightbird CONTROLLER (LB067 C080)<\/strong> zosta\u0142 zaprojektowany w duchu nowoczesnej architektury: szeroki, kanciasty front z wyra\u017an\u0105 g\u00f3rn\u0105 lini\u0105 nadaje twarzy charakter i porz\u0105dkuje rysy. To oprawa, kt\u00f3ra dobrze wygl\u0105da w stylizacjach miejskich i biznesowych \u2013 szczeg\u00f3lnie je\u015bli chcesz odej\u015b\u0107 od klasycznej czerni, ale nadal wygl\u0105da\u0107 profesjonalnie.<\/p>\n<p data-start=\"697\" data-end=\"973\">Kolor <strong data-start=\"703\" data-end=\"711\">C080<\/strong> to transparentny, przydymiony <strong data-start=\"742\" data-end=\"752\">b\u0142\u0119kit<\/strong>, kt\u00f3ry \u015bwietnie pracuje w \u015bwietle i daje efekt \u201eczystej\u201d oprawy bez ci\u0119\u017cko\u015bci. Niebieski odcie\u0144 dodaje \u015bwie\u017co\u015bci i nowoczesno\u015bci, a jednocze\u015bnie pozostaje uniwersalny: pasuje do granatu, szaro\u015bci, bieli, denimu i czerni.<\/p>\n<h3 data-start=\"975\" data-end=\"1000\">Najwa\u017cniejsze cechy<\/h3>\n<ul data-start=\"1001\" data-end=\"1326\">\n<li data-start=\"1001\" data-end=\"1057\">\n<p data-start=\"1003\" data-end=\"1057\"><strong data-start=\"1003\" data-end=\"1013\">Model:<\/strong> Lightbird <strong data-start=\"1024\" data-end=\"1038\">CONTROLLER<\/strong> \u2013 <strong data-start=\"1041\" data-end=\"1055\">LB067 C080<\/strong><\/p>\n<\/li>\n<li data-start=\"1058\" data-end=\"1086\">\n<p data-start=\"1060\" data-end=\"1086\"><strong data-start=\"1060\" data-end=\"1073\">Kolekcja:<\/strong> <strong data-start=\"1074\" data-end=\"1084\">SOCIAL<\/strong><\/p>\n<\/li>\n<li data-start=\"1087\" data-end=\"1134\">\n<p data-start=\"1089\" data-end=\"1134\"><strong data-start=\"1089\" data-end=\"1097\">Typ:<\/strong> okulary <strong data-start=\"1106\" data-end=\"1120\">korekcyjne<\/strong>, <strong data-start=\"1122\" data-end=\"1132\">m\u0119skie<\/strong><\/p>\n<\/li>\n<li data-start=\"1135\" data-end=\"1202\">\n<p data-start=\"1137\" data-end=\"1202\"><strong data-start=\"1137\" data-end=\"1149\">Kszta\u0142t:<\/strong> mocno geometryczny prostok\u0105t z wyra\u017an\u0105 g\u00f3rn\u0105 lini\u0105<\/p>\n<\/li>\n<li data-start=\"1203\" data-end=\"1260\">\n<p data-start=\"1205\" data-end=\"1260\"><strong data-start=\"1205\" data-end=\"1215\">Kolor:<\/strong> transparentny <strong data-start=\"1230\" data-end=\"1258\">niebieski \/ crystal blue<\/strong><\/p>\n<\/li>\n<li data-start=\"1261\" data-end=\"1291\">\n<p data-start=\"1263\" data-end=\"1291\"><strong data-start=\"1263\" data-end=\"1275\">Rozmiar:<\/strong> <strong data-start=\"1276\" data-end=\"1289\">52\u201323\u2013145<\/strong><\/p>\n<\/li>\n<li data-start=\"1292\" data-end=\"1326\">\n<p data-start=\"1294\" data-end=\"1326\"><strong data-start=\"1294\" data-end=\"1316\">Wysoko\u015b\u0107 soczewki:<\/strong> <strong data-start=\"1317\" data-end=\"1326\">40 mm<\/strong><\/p>\n<\/li>\n<\/ul>\n","protected":false},"featured_media":7936,"template":"","meta":{"_acf_changed":false},"product_brand":[687],"product_cat":[51,747],"product_tag":[],"model":[720],"class_list":{"0":"post-7933","1":"product","2":"type-product","3":"status-publish","4":"has-post-thumbnail","6":"product_brand-lightbird","7":"product_cat-okulary-korekcyjne","8":"product_cat-outlet","9":"model-controler","11":"first","12":"instock","13":"sale","14":"taxable","15":"shipping-taxable","16":"purchasable","17":"product-type-simple"},"acf":[],"aioseo_notices":[],"_links":{"self":[{"href":"https:\/\/markoweokulary.pl\/pl\/wp-json\/wp\/v2\/product\/7933","targetHints":{"allow":["GET"]}}],"collection":[{"href":"https:\/\/markoweokulary.pl\/pl\/wp-json\/wp\/v2\/product"}],"about":[{"href":"https:\/\/markoweokulary.pl\/pl\/wp-json\/wp\/v2\/types\/product"}],"version-history":[{"count":1,"href":"https:\/\/markoweokulary.pl\/pl\/wp-json\/wp\/v2\/product\/7933\/revisions"}],"predecessor-version":[{"id":7934,"href":"https:\/\/markoweokulary.pl\/pl\/wp-json\/wp\/v2\/product\/7933\/revisions\/7934"}],"wp:featuredmedia":[{"embeddable":true,"href":"https:\/\/markoweokulary.pl\/pl\/wp-json\/wp\/v2\/media\/7936"}],"wp:attachment":[{"href":"https:\/\/markoweokulary.pl\/pl\/wp-json\/wp\/v2\/media?parent=7933"}],"wp:term":[{"taxonomy":"product_brand","embeddable":true,"href":"https:\/\/markoweokulary.pl\/pl\/wp-json\/wp\/v2\/product_brand?post=7933"},{"taxonomy":"product_cat","embeddable":true,"href":"https:\/\/markoweokulary.pl\/pl\/wp-json\/wp\/v2\/product_cat?post=7933"},{"taxonomy":"product_tag","embeddable":true,"href":"https:\/\/markoweokulary.pl\/pl\/wp-json\/wp\/v2\/product_tag?post=7933"},{"taxonomy":"model","embeddable":true,"href":"https:\/\/markoweokulary.pl\/pl\/wp-json\/wp\/v2\/model?post=7933"}],"curies":[{"name":"wp","href":"https:\/\/api.w.org\/{rel}","templated":true}]}}