{"id":7909,"date":"2025-03-05T10:08:45","date_gmt":"2025-03-05T09:08:45","guid":{"rendered":"https:\/\/markoweokulary.pl\/?post_type=product&#038;p=7909"},"modified":"2026-04-02T16:42:04","modified_gmt":"2026-04-02T14:42:04","slug":"lightbird-hunter-c078","status":"publish","type":"product","link":"https:\/\/markoweokulary.pl\/pl\/produkt\/lightbird-hunter-c078\/","title":{"rendered":"Lightbird HUNTER | C078"},"content":{"rendered":"<p><strong data-start=\"90\" data-end=\"100\">HUNTER<\/strong> to m\u0119ska oprawa z kolekcji <strong data-start=\"128\" data-end=\"138\">SOCIAL<\/strong> o zdecydowanym, prostok\u0105tnym kszta\u0142cie. Wariant <strong data-start=\"187\" data-end=\"195\">C078<\/strong> przyci\u0105ga uwag\u0119 kontrastem: <strong data-start=\"224\" data-end=\"245\">Cubic Gray Havana<\/strong> prze\u0142amana akcentem <strong data-start=\"266\" data-end=\"278\">Ruby Red<\/strong> na g\u00f3rnej linii i w detalach \u2013 nowocze\u015bnie, odwa\u017cnie, ale nadal bardzo \u201edo noszenia\u201d.<\/p>\n","protected":false},"excerpt":{"rendered":"<p data-start=\"383\" data-end=\"745\">Model <strong data-start=\"389\" data-end=\"422\">Lightbird HUNTER (LB058 C078)<\/strong> jest dla m\u0119\u017cczyzn, kt\u00f3rzy lubi\u0105 klasyczn\u0105 form\u0119, ale nie chc\u0105 wygl\u0105da\u0107 przewidywalnie. Kszta\u0142t to wyra\u017any, nowoczesny prostok\u0105t \u2013 dobrze porz\u0105dkuje rysy twarzy i pasuje zar\u00f3wno do stylu casual, jak i do bardziej eleganckich zestaw\u00f3w. Oprawa ma mocn\u0105 lini\u0119, dzi\u0119ki czemu wygl\u0105da pewnie i \u201em\u0119sko\u201d, bez przesadnej masywno\u015bci.<\/p>\n<p data-start=\"747\" data-end=\"1202\">Kolorystyka <strong data-start=\"759\" data-end=\"767\">C078<\/strong> robi ca\u0142y efekt: front w odcieniu <strong data-start=\"802\" data-end=\"823\">Cubic Gray Havana<\/strong> ma ch\u0142odniejszy, nowoczesny charakter, a na g\u00f3rnej kraw\u0119dzi pojawia si\u0119 wyra\u017any akcent <strong data-start=\"911\" data-end=\"927\">Top Ruby Red<\/strong>. Dodatkowe detale w <strong data-start=\"948\" data-end=\"960\">Ruby Red<\/strong> podbijaj\u0105 sp\u00f3jno\u015b\u0107 projektu i dodaj\u0105 energii, natomiast zauszniki w <strong data-start=\"1029\" data-end=\"1050\">Cubic Gray Havana<\/strong> utrzymuj\u0105 ca\u0142o\u015b\u0107 w eleganckiej r\u00f3wnowadze. To \u015bwietny wyb\u00f3r, je\u015bli chcesz oprawy, kt\u00f3ra wyr\u00f3\u017cnia si\u0119 detalem, ale nadal pasuje do codziennej garderoby.<\/p>\n<h3 data-start=\"1204\" data-end=\"1229\">Najwa\u017cniejsze cechy<\/h3>\n<ul data-start=\"1230\" data-end=\"1588\">\n<li data-start=\"1230\" data-end=\"1282\">\n<p data-start=\"1232\" data-end=\"1282\"><strong data-start=\"1232\" data-end=\"1242\">Model:<\/strong> Lightbird <strong data-start=\"1253\" data-end=\"1263\">HUNTER<\/strong> \u2013 <strong data-start=\"1266\" data-end=\"1280\">LB058 C078<\/strong><\/p>\n<\/li>\n<li data-start=\"1283\" data-end=\"1311\">\n<p data-start=\"1285\" data-end=\"1311\"><strong data-start=\"1285\" data-end=\"1298\">Kolekcja:<\/strong> <strong data-start=\"1299\" data-end=\"1309\">SOCIAL<\/strong><\/p>\n<\/li>\n<li data-start=\"1312\" data-end=\"1359\">\n<p data-start=\"1314\" data-end=\"1359\"><strong data-start=\"1314\" data-end=\"1322\">Typ:<\/strong> okulary <strong data-start=\"1331\" data-end=\"1345\">korekcyjne<\/strong>, <strong data-start=\"1347\" data-end=\"1357\">m\u0119skie<\/strong><\/p>\n<\/li>\n<li data-start=\"1360\" data-end=\"1408\">\n<p data-start=\"1362\" data-end=\"1408\"><strong data-start=\"1362\" data-end=\"1374\">Kszta\u0142t:<\/strong> nowoczesny, m\u0119ski <strong data-start=\"1393\" data-end=\"1406\">prostok\u0105t<\/strong><\/p>\n<\/li>\n<li data-start=\"1409\" data-end=\"1522\">\n<p data-start=\"1411\" data-end=\"1522\"><strong data-start=\"1411\" data-end=\"1421\">Kolor:<\/strong> <strong data-start=\"1422\" data-end=\"1464\">Front Cubic Gray Havana + Top Ruby Red<\/strong> + detale <strong data-start=\"1474\" data-end=\"1486\">Ruby Red<\/strong> + zauszniki <strong data-start=\"1499\" data-end=\"1520\">Cubic Gray Havana<\/strong><\/p>\n<\/li>\n<li data-start=\"1523\" data-end=\"1553\">\n<p data-start=\"1525\" data-end=\"1553\"><strong data-start=\"1525\" data-end=\"1537\">Rozmiar:<\/strong> <strong data-start=\"1538\" data-end=\"1551\">52\u201319\u2013142<\/strong><\/p>\n<\/li>\n<li data-start=\"1554\" data-end=\"1588\">\n<p data-start=\"1556\" data-end=\"1588\"><strong data-start=\"1556\" data-end=\"1578\">Wysoko\u015b\u0107 soczewki:<\/strong> <strong data-start=\"1579\" data-end=\"1588\">40 mm<\/strong><\/p>\n<\/li>\n<\/ul>\n","protected":false},"featured_media":7911,"template":"","meta":{"_acf_changed":false},"product_brand":[687],"product_cat":[51,747],"product_tag":[],"model":[712],"class_list":{"0":"post-7909","1":"product","2":"type-product","3":"status-publish","4":"has-post-thumbnail","6":"product_brand-lightbird","7":"product_cat-okulary-korekcyjne","8":"product_cat-outlet","9":"model-hunter","11":"first","12":"instock","13":"sale","14":"taxable","15":"shipping-taxable","16":"purchasable","17":"product-type-simple"},"acf":[],"aioseo_notices":[],"_links":{"self":[{"href":"https:\/\/markoweokulary.pl\/pl\/wp-json\/wp\/v2\/product\/7909","targetHints":{"allow":["GET"]}}],"collection":[{"href":"https:\/\/markoweokulary.pl\/pl\/wp-json\/wp\/v2\/product"}],"about":[{"href":"https:\/\/markoweokulary.pl\/pl\/wp-json\/wp\/v2\/types\/product"}],"version-history":[{"count":1,"href":"https:\/\/markoweokulary.pl\/pl\/wp-json\/wp\/v2\/product\/7909\/revisions"}],"predecessor-version":[{"id":7912,"href":"https:\/\/markoweokulary.pl\/pl\/wp-json\/wp\/v2\/product\/7909\/revisions\/7912"}],"wp:featuredmedia":[{"embeddable":true,"href":"https:\/\/markoweokulary.pl\/pl\/wp-json\/wp\/v2\/media\/7911"}],"wp:attachment":[{"href":"https:\/\/markoweokulary.pl\/pl\/wp-json\/wp\/v2\/media?parent=7909"}],"wp:term":[{"taxonomy":"product_brand","embeddable":true,"href":"https:\/\/markoweokulary.pl\/pl\/wp-json\/wp\/v2\/product_brand?post=7909"},{"taxonomy":"product_cat","embeddable":true,"href":"https:\/\/markoweokulary.pl\/pl\/wp-json\/wp\/v2\/product_cat?post=7909"},{"taxonomy":"product_tag","embeddable":true,"href":"https:\/\/markoweokulary.pl\/pl\/wp-json\/wp\/v2\/product_tag?post=7909"},{"taxonomy":"model","embeddable":true,"href":"https:\/\/markoweokulary.pl\/pl\/wp-json\/wp\/v2\/model?post=7909"}],"curies":[{"name":"wp","href":"https:\/\/api.w.org\/{rel}","templated":true}]}}