{"id":7876,"date":"2026-03-04T21:52:34","date_gmt":"2026-03-04T20:52:34","guid":{"rendered":"https:\/\/markoweokulary.pl\/?post_type=product&#038;p=7876"},"modified":"2026-04-02T17:19:36","modified_gmt":"2026-04-02T15:19:36","slug":"lightbird-geographer-c072","status":"publish","type":"product","link":"https:\/\/markoweokulary.pl\/pl\/produkt\/lightbird-geographer-c072\/","title":{"rendered":"Lightbird GEOGRAPHER | C072"},"content":{"rendered":"<p data-start=\"94\" data-end=\"330\"><strong data-start=\"94\" data-end=\"108\">GEOGRAPHER<\/strong> z kolekcji <strong data-start=\"120\" data-end=\"130\">SOCIAL<\/strong> to wygodna, codzienna oprawa unisex w mi\u0119kkim, zaokr\u0105glonym kszta\u0142cie. Wariant <strong data-start=\"210\" data-end=\"218\">C072<\/strong> \u0142\u0105czy klasyczn\u0105 <strong data-start=\"235\" data-end=\"250\">Dark Havana<\/strong> z energicznym akcentem <strong data-start=\"274\" data-end=\"287\">LB Yellow<\/strong> i czarnymi zausznikami <strong data-start=\"311\" data-end=\"327\">Bright Black<\/strong>.<\/p>\n","protected":false},"excerpt":{"rendered":"<p data-start=\"347\" data-end=\"693\">Model <strong data-start=\"353\" data-end=\"377\">Lightbird GEOGRAPHER<\/strong> to \u015bwietna propozycja, je\u015bli chcesz okular\u00f3w \u201ena lata\u201d: forma jest ponadczasowa, twarzowa i bardzo \u0142atwa do stylizacji. Zaokr\u0105glony front z delikatnym podniesieniem linii brwi sprawia, \u017ce oprawa wygl\u0105da lekko i przyja\u017anie, a jednocze\u015bnie dodaje charakteru. To typ unisex \u2013 pasuje zar\u00f3wno kobietom, jak i m\u0119\u017cczyznom.<\/p>\n<p data-start=\"695\" data-end=\"1030\">W kolorze <strong data-start=\"705\" data-end=\"719\">LB041 C072<\/strong> front jest w klasycznym odcieniu <strong data-start=\"753\" data-end=\"768\">Dark Havana<\/strong> \u2013 g\u0142\u0119bokim, ciemnym szylkrecie z ciep\u0142ymi przeb\u0142yskami. Ca\u0142o\u015b\u0107 prze\u0142amuj\u0105 detale <strong data-start=\"850\" data-end=\"863\">LB Yellow<\/strong>, kt\u00f3re dodaj\u0105 \u015bwie\u017co\u015bci i nowoczesnego \u201etwistu\u201d (bez przesady), a <strong data-start=\"930\" data-end=\"956\">zauszniki Bright Black<\/strong> porz\u0105dkuj\u0105 kompozycj\u0119 i nadaj\u0105 jej bardziej zdecydowany, elegancki fina\u0142.<\/p>\n<h3 data-start=\"1032\" data-end=\"1057\">Najwa\u017cniejsze cechy<\/h3>\n<ul data-start=\"1058\" data-end=\"1406\">\n<li data-start=\"1058\" data-end=\"1122\">\n<p data-start=\"1060\" data-end=\"1122\"><strong data-start=\"1060\" data-end=\"1078\">Marka \/ model:<\/strong> Lightbird <strong data-start=\"1089\" data-end=\"1103\">GEOGRAPHER<\/strong> \u2013 <strong data-start=\"1106\" data-end=\"1120\">LB041 C072<\/strong><\/p>\n<\/li>\n<li data-start=\"1123\" data-end=\"1151\">\n<p data-start=\"1125\" data-end=\"1151\"><strong data-start=\"1125\" data-end=\"1138\">Kolekcja:<\/strong> <strong data-start=\"1139\" data-end=\"1149\">SOCIAL<\/strong><\/p>\n<\/li>\n<li data-start=\"1152\" data-end=\"1199\">\n<p data-start=\"1154\" data-end=\"1199\"><strong data-start=\"1154\" data-end=\"1162\">Typ:<\/strong> okulary <strong data-start=\"1171\" data-end=\"1185\">korekcyjne<\/strong>, <strong data-start=\"1187\" data-end=\"1197\">unisex<\/strong><\/p>\n<\/li>\n<li data-start=\"1200\" data-end=\"1288\">\n<p data-start=\"1202\" data-end=\"1288\"><strong data-start=\"1202\" data-end=\"1212\">Kolor:<\/strong> <strong data-start=\"1213\" data-end=\"1234\">Front Dark Havana<\/strong> + detale <strong data-start=\"1244\" data-end=\"1257\">LB Yellow<\/strong> + zauszniki <strong data-start=\"1270\" data-end=\"1286\">Bright Black<\/strong><\/p>\n<\/li>\n<li data-start=\"1289\" data-end=\"1340\">\n<p data-start=\"1291\" data-end=\"1340\"><strong data-start=\"1291\" data-end=\"1303\">Kszta\u0142t:<\/strong> zaokr\u0105glony, twarzowy, uniwersalny<\/p>\n<\/li>\n<li data-start=\"1341\" data-end=\"1371\">\n<p data-start=\"1343\" data-end=\"1371\"><strong data-start=\"1343\" data-end=\"1355\">Rozmiar:<\/strong> <strong data-start=\"1356\" data-end=\"1369\">49\u201322\u2013142<\/strong><\/p>\n<\/li>\n<li data-start=\"1372\" data-end=\"1406\">\n<p data-start=\"1374\" data-end=\"1406\"><strong data-start=\"1374\" data-end=\"1396\">Wysoko\u015b\u0107 soczewki:<\/strong> <strong data-start=\"1397\" data-end=\"1406\">45 mm<\/strong><\/p>\n<\/li>\n<\/ul>\n","protected":false},"featured_media":7878,"template":"","meta":{"_acf_changed":false},"product_brand":[687],"product_cat":[51,747],"product_tag":[],"model":[704],"class_list":{"0":"post-7876","1":"product","2":"type-product","3":"status-publish","4":"has-post-thumbnail","6":"product_brand-lightbird","7":"product_cat-okulary-korekcyjne","8":"product_cat-outlet","9":"model-geographer","11":"first","12":"instock","13":"sale","14":"taxable","15":"shipping-taxable","16":"purchasable","17":"product-type-simple"},"acf":[],"aioseo_notices":[],"_links":{"self":[{"href":"https:\/\/markoweokulary.pl\/pl\/wp-json\/wp\/v2\/product\/7876","targetHints":{"allow":["GET"]}}],"collection":[{"href":"https:\/\/markoweokulary.pl\/pl\/wp-json\/wp\/v2\/product"}],"about":[{"href":"https:\/\/markoweokulary.pl\/pl\/wp-json\/wp\/v2\/types\/product"}],"version-history":[{"count":1,"href":"https:\/\/markoweokulary.pl\/pl\/wp-json\/wp\/v2\/product\/7876\/revisions"}],"predecessor-version":[{"id":7879,"href":"https:\/\/markoweokulary.pl\/pl\/wp-json\/wp\/v2\/product\/7876\/revisions\/7879"}],"wp:featuredmedia":[{"embeddable":true,"href":"https:\/\/markoweokulary.pl\/pl\/wp-json\/wp\/v2\/media\/7878"}],"wp:attachment":[{"href":"https:\/\/markoweokulary.pl\/pl\/wp-json\/wp\/v2\/media?parent=7876"}],"wp:term":[{"taxonomy":"product_brand","embeddable":true,"href":"https:\/\/markoweokulary.pl\/pl\/wp-json\/wp\/v2\/product_brand?post=7876"},{"taxonomy":"product_cat","embeddable":true,"href":"https:\/\/markoweokulary.pl\/pl\/wp-json\/wp\/v2\/product_cat?post=7876"},{"taxonomy":"product_tag","embeddable":true,"href":"https:\/\/markoweokulary.pl\/pl\/wp-json\/wp\/v2\/product_tag?post=7876"},{"taxonomy":"model","embeddable":true,"href":"https:\/\/markoweokulary.pl\/pl\/wp-json\/wp\/v2\/model?post=7876"}],"curies":[{"name":"wp","href":"https:\/\/api.w.org\/{rel}","templated":true}]}}