{"id":7868,"date":"2026-03-04T21:40:15","date_gmt":"2026-03-04T20:40:15","guid":{"rendered":"https:\/\/markoweokulary.pl\/?post_type=product&#038;p=7868"},"modified":"2026-04-02T17:18:31","modified_gmt":"2026-04-02T15:18:31","slug":"lightbird-snake-c065","status":"publish","type":"product","link":"https:\/\/markoweokulary.pl\/pl\/produkt\/lightbird-snake-c065\/","title":{"rendered":"Lightbird SNAKE | C065"},"content":{"rendered":"<p><strong data-start=\"90\" data-end=\"99\">SNAKE<\/strong> w wersji <strong data-start=\"109\" data-end=\"130\">MIRROR Collection<\/strong> to elegancki, kobiecy kszta\u0142t z delikatnym uniesieniem, kt\u00f3ry pi\u0119knie podkre\u015bla oczy. Wariant <strong data-start=\"225\" data-end=\"233\">C065<\/strong> \u0142\u0105czy ciep\u0142y <strong data-start=\"247\" data-end=\"268\">Soft Brown Havana<\/strong> z satynowym metalem <strong data-start=\"289\" data-end=\"306\">Natural Brass<\/strong> i czarnymi zausznikami <strong data-start=\"330\" data-end=\"346\">Bright Black<\/strong> \u2013 bi\u017cuteryjnie, ale bardzo nowocze\u015bnie.<\/p>\n","protected":false},"excerpt":{"rendered":"<p data-start=\"405\" data-end=\"661\">Model <strong data-start=\"411\" data-end=\"430\">Lightbird SNAKE<\/strong> jest zaprojektowany tak, aby robi\u0107 efekt \u201ecat-eye\u201d, ale w bardziej wsp\u00f3\u0142czesnym i mi\u0119kkim wydaniu. Linie s\u0105 smuk\u0142e, a proporcje wi\u0119ksze i eleganckie \u2013 dzi\u0119ki temu oprawa dodaje twarzy wyrazisto\u015bci, jednocze\u015bnie zachowuj\u0105c lekko\u015b\u0107.<\/p>\n<p data-start=\"663\" data-end=\"1074\">W wariancie <strong data-start=\"675\" data-end=\"689\">LB021 C065<\/strong> g\u0142\u00f3wn\u0105 rol\u0119 gra wyko\u0144czenie z kolekcji <strong data-start=\"729\" data-end=\"739\">MIRROR<\/strong>: front w tonacji <strong data-start=\"757\" data-end=\"778\">Soft Brown Havana<\/strong> zosta\u0142 po\u0142\u0105czony z satynowym metalem <strong data-start=\"816\" data-end=\"833\">Natural Brass<\/strong>, kt\u00f3ry daje ciep\u0142y, szlachetny po\u0142ysk (bez krzykliwego \u201cz\u0142ota\u201d). Kontrastuj\u0105 z tym <strong data-start=\"917\" data-end=\"943\">zauszniki Bright Black<\/strong>, kt\u00f3re porz\u0105dkuj\u0105 ca\u0142o\u015b\u0107 i sprawiaj\u0105, \u017ce oprawa wygl\u0105da premium i bardzo \u0142atwo \u0142\u0105czy si\u0119 z garderob\u0105 \u2013 od be\u017c\u00f3w i br\u0105z\u00f3w po czer\u0144.<\/p>\n<h3 data-start=\"1076\" data-end=\"1101\">Najwa\u017cniejsze cechy<\/h3>\n<ul data-start=\"1102\" data-end=\"1473\">\n<li data-start=\"1102\" data-end=\"1161\">\n<p data-start=\"1104\" data-end=\"1161\"><strong data-start=\"1104\" data-end=\"1122\">Marka \/ model:<\/strong> Lightbird <strong data-start=\"1133\" data-end=\"1142\">SNAKE<\/strong> \u2013 <strong data-start=\"1145\" data-end=\"1159\">LB021 C065<\/strong><\/p>\n<\/li>\n<li data-start=\"1162\" data-end=\"1190\">\n<p data-start=\"1164\" data-end=\"1190\"><strong data-start=\"1164\" data-end=\"1177\">Kolekcja:<\/strong> <strong data-start=\"1178\" data-end=\"1188\">MIRROR<\/strong><\/p>\n<\/li>\n<li data-start=\"1191\" data-end=\"1239\">\n<p data-start=\"1193\" data-end=\"1239\"><strong data-start=\"1193\" data-end=\"1201\">Typ:<\/strong> okulary <strong data-start=\"1210\" data-end=\"1224\">korekcyjne<\/strong>, <strong data-start=\"1226\" data-end=\"1237\">damskie<\/strong><\/p>\n<\/li>\n<li data-start=\"1240\" data-end=\"1346\">\n<p data-start=\"1242\" data-end=\"1346\"><strong data-start=\"1242\" data-end=\"1252\">Kolor:<\/strong> <strong data-start=\"1253\" data-end=\"1280\">Front Soft Brown Havana<\/strong> + metal satynowy <strong data-start=\"1298\" data-end=\"1315\">Natural Brass<\/strong> + zauszniki <strong data-start=\"1328\" data-end=\"1344\">Bright Black<\/strong><\/p>\n<\/li>\n<li data-start=\"1347\" data-end=\"1407\">\n<p data-start=\"1349\" data-end=\"1407\"><strong data-start=\"1349\" data-end=\"1361\">Kszta\u0142t:<\/strong> kobiecy, lekko uniesiony (subtelny cat-eye)<\/p>\n<\/li>\n<li data-start=\"1408\" data-end=\"1438\">\n<p data-start=\"1410\" data-end=\"1438\"><strong data-start=\"1410\" data-end=\"1422\">Rozmiar:<\/strong> <strong data-start=\"1423\" data-end=\"1436\">53\u201317\u2013142<\/strong><\/p>\n<\/li>\n<li data-start=\"1439\" data-end=\"1473\">\n<p data-start=\"1441\" data-end=\"1473\"><strong data-start=\"1441\" data-end=\"1463\">Wysoko\u015b\u0107 soczewki:<\/strong> <strong data-start=\"1464\" data-end=\"1473\">48 mm<\/strong><\/p>\n<\/li>\n<\/ul>\n","protected":false},"featured_media":7870,"template":"","meta":{"_acf_changed":false},"product_brand":[687],"product_cat":[51,747],"product_tag":[],"model":[702],"class_list":{"0":"post-7868","1":"product","2":"type-product","3":"status-publish","4":"has-post-thumbnail","6":"product_brand-lightbird","7":"product_cat-okulary-korekcyjne","8":"product_cat-outlet","9":"model-snake","11":"first","12":"instock","13":"sale","14":"taxable","15":"shipping-taxable","16":"purchasable","17":"product-type-simple"},"acf":[],"aioseo_notices":[],"_links":{"self":[{"href":"https:\/\/markoweokulary.pl\/pl\/wp-json\/wp\/v2\/product\/7868","targetHints":{"allow":["GET"]}}],"collection":[{"href":"https:\/\/markoweokulary.pl\/pl\/wp-json\/wp\/v2\/product"}],"about":[{"href":"https:\/\/markoweokulary.pl\/pl\/wp-json\/wp\/v2\/types\/product"}],"version-history":[{"count":1,"href":"https:\/\/markoweokulary.pl\/pl\/wp-json\/wp\/v2\/product\/7868\/revisions"}],"predecessor-version":[{"id":7871,"href":"https:\/\/markoweokulary.pl\/pl\/wp-json\/wp\/v2\/product\/7868\/revisions\/7871"}],"wp:featuredmedia":[{"embeddable":true,"href":"https:\/\/markoweokulary.pl\/pl\/wp-json\/wp\/v2\/media\/7870"}],"wp:attachment":[{"href":"https:\/\/markoweokulary.pl\/pl\/wp-json\/wp\/v2\/media?parent=7868"}],"wp:term":[{"taxonomy":"product_brand","embeddable":true,"href":"https:\/\/markoweokulary.pl\/pl\/wp-json\/wp\/v2\/product_brand?post=7868"},{"taxonomy":"product_cat","embeddable":true,"href":"https:\/\/markoweokulary.pl\/pl\/wp-json\/wp\/v2\/product_cat?post=7868"},{"taxonomy":"product_tag","embeddable":true,"href":"https:\/\/markoweokulary.pl\/pl\/wp-json\/wp\/v2\/product_tag?post=7868"},{"taxonomy":"model","embeddable":true,"href":"https:\/\/markoweokulary.pl\/pl\/wp-json\/wp\/v2\/model?post=7868"}],"curies":[{"name":"wp","href":"https:\/\/api.w.org\/{rel}","templated":true}]}}