{"id":7860,"date":"2026-03-04T21:32:37","date_gmt":"2026-03-04T20:32:37","guid":{"rendered":"https:\/\/markoweokulary.pl\/?post_type=product&#038;p=7860"},"modified":"2026-04-02T17:18:07","modified_gmt":"2026-04-02T15:18:07","slug":"lightbird-snake-c060","status":"publish","type":"product","link":"https:\/\/markoweokulary.pl\/pl\/produkt\/lightbird-snake-c060\/","title":{"rendered":"Lightbird SNAKE | C060"},"content":{"rendered":"<p><strong data-start=\"90\" data-end=\"99\">SNAKE<\/strong> to odwa\u017cna, kobieca oprawa z kolekcji <strong data-start=\"138\" data-end=\"148\">MATTER<\/strong>: wyrazisty, lekko uniesiony kszta\u0142t i spektakularne po\u0142\u0105czenie kolor\u00f3w. Wariant <strong data-start=\"229\" data-end=\"237\">C060<\/strong> \u0142\u0105czy <strong data-start=\"244\" data-end=\"266\">Cubic Honey Havana<\/strong> z mocnym akcentem <strong data-start=\"285\" data-end=\"295\">Violet<\/strong> i satynowym metalem <strong data-start=\"316\" data-end=\"328\">Cyclamen<\/strong>.<\/p>\n","protected":false},"excerpt":{"rendered":"<p data-start=\"348\" data-end=\"595\">Model <strong data-start=\"354\" data-end=\"373\">Lightbird SNAKE<\/strong> jest stworzony dla kobiet, kt\u00f3re lubi\u0105, gdy okulary s\u0105 bi\u017cuteri\u0105 dla twarzy. Forma jest wi\u0119ksza i elegancko uniesiona \u2013 pi\u0119knie podkre\u015bla spojrzenie, a jednocze\u015bnie pozostaje lekka wizualnie dzi\u0119ki smuk\u0142ej linii oprawy.<\/p>\n<p data-start=\"597\" data-end=\"1019\">W wersji <strong data-start=\"606\" data-end=\"620\">LB021 C060<\/strong> gra kolor\u00f3w robi ca\u0142y efekt: baza w odcieniu <strong data-start=\"666\" data-end=\"688\">Cubic Honey Havana<\/strong> nadaje ciep\u0142a i szlachetno\u015bci, a przy \u0142\u0105czeniach z frontem pojawia si\u0119 dopracowany detal <strong data-start=\"778\" data-end=\"788\">Violet<\/strong>, kt\u00f3ry dodaje charakteru i \u201efashion\u201d energii. Ca\u0142o\u015b\u0107 uzupe\u0142nia satynowy metal <strong data-start=\"867\" data-end=\"879\">Cyclamen<\/strong> \u2013 subtelny, ale wyczuwalny akcent premium \u2013 oraz zauszniki w tonacji <strong data-start=\"949\" data-end=\"971\">Cubic Honey Havana<\/strong>, dzi\u0119ki czemu oprawa jest odwa\u017cna, lecz sp\u00f3jna.<\/p>\n<h3 data-start=\"1021\" data-end=\"1046\">Najwa\u017cniejsze cechy<\/h3>\n<ul data-start=\"1047\" data-end=\"1454\">\n<li data-start=\"1047\" data-end=\"1106\">\n<p data-start=\"1049\" data-end=\"1106\"><strong data-start=\"1049\" data-end=\"1067\">Marka \/ model:<\/strong> Lightbird <strong data-start=\"1078\" data-end=\"1087\">SNAKE<\/strong> \u2013 <strong data-start=\"1090\" data-end=\"1104\">LB021 C060<\/strong><\/p>\n<\/li>\n<li data-start=\"1107\" data-end=\"1135\">\n<p data-start=\"1109\" data-end=\"1135\"><strong data-start=\"1109\" data-end=\"1122\">Kolekcja:<\/strong> <strong data-start=\"1123\" data-end=\"1133\">MATTER<\/strong><\/p>\n<\/li>\n<li data-start=\"1136\" data-end=\"1184\">\n<p data-start=\"1138\" data-end=\"1184\"><strong data-start=\"1138\" data-end=\"1146\">Typ:<\/strong> okulary <strong data-start=\"1155\" data-end=\"1169\">korekcyjne<\/strong>, <strong data-start=\"1171\" data-end=\"1182\">damskie<\/strong><\/p>\n<\/li>\n<li data-start=\"1185\" data-end=\"1323\">\n<p data-start=\"1187\" data-end=\"1323\"><strong data-start=\"1187\" data-end=\"1197\">Kolor:<\/strong> <strong data-start=\"1198\" data-end=\"1226\">Front Cubic Honey Havana<\/strong> + detal end pieces <strong data-start=\"1246\" data-end=\"1256\">Violet<\/strong> + metal satynowy <strong data-start=\"1274\" data-end=\"1286\">Cyclamen<\/strong> + zauszniki <strong data-start=\"1299\" data-end=\"1321\">Cubic Honey Havana<\/strong><\/p>\n<\/li>\n<li data-start=\"1324\" data-end=\"1388\">\n<p data-start=\"1326\" data-end=\"1388\"><strong data-start=\"1326\" data-end=\"1338\">Kszta\u0142t:<\/strong> kobiecy, lekko uniesiony (podkre\u015bla spojrzenie)<\/p>\n<\/li>\n<li data-start=\"1389\" data-end=\"1419\">\n<p data-start=\"1391\" data-end=\"1419\"><strong data-start=\"1391\" data-end=\"1403\">Rozmiar:<\/strong> <strong data-start=\"1404\" data-end=\"1417\">53\u201317\u2013142<\/strong><\/p>\n<\/li>\n<li data-start=\"1420\" data-end=\"1454\">\n<p data-start=\"1422\" data-end=\"1454\"><strong data-start=\"1422\" data-end=\"1444\">Wysoko\u015b\u0107 soczewki:<\/strong> <strong data-start=\"1445\" data-end=\"1454\">48 mm<\/strong><\/p>\n<\/li>\n<\/ul>\n","protected":false},"featured_media":7862,"template":"","meta":{"_acf_changed":false},"product_brand":[687],"product_cat":[51,747],"product_tag":[],"model":[702],"class_list":{"0":"post-7860","1":"product","2":"type-product","3":"status-publish","4":"has-post-thumbnail","6":"product_brand-lightbird","7":"product_cat-okulary-korekcyjne","8":"product_cat-outlet","9":"model-snake","11":"first","12":"instock","13":"sale","14":"taxable","15":"shipping-taxable","16":"purchasable","17":"product-type-simple"},"acf":[],"aioseo_notices":[],"_links":{"self":[{"href":"https:\/\/markoweokulary.pl\/pl\/wp-json\/wp\/v2\/product\/7860","targetHints":{"allow":["GET"]}}],"collection":[{"href":"https:\/\/markoweokulary.pl\/pl\/wp-json\/wp\/v2\/product"}],"about":[{"href":"https:\/\/markoweokulary.pl\/pl\/wp-json\/wp\/v2\/types\/product"}],"version-history":[{"count":1,"href":"https:\/\/markoweokulary.pl\/pl\/wp-json\/wp\/v2\/product\/7860\/revisions"}],"predecessor-version":[{"id":7863,"href":"https:\/\/markoweokulary.pl\/pl\/wp-json\/wp\/v2\/product\/7860\/revisions\/7863"}],"wp:featuredmedia":[{"embeddable":true,"href":"https:\/\/markoweokulary.pl\/pl\/wp-json\/wp\/v2\/media\/7862"}],"wp:attachment":[{"href":"https:\/\/markoweokulary.pl\/pl\/wp-json\/wp\/v2\/media?parent=7860"}],"wp:term":[{"taxonomy":"product_brand","embeddable":true,"href":"https:\/\/markoweokulary.pl\/pl\/wp-json\/wp\/v2\/product_brand?post=7860"},{"taxonomy":"product_cat","embeddable":true,"href":"https:\/\/markoweokulary.pl\/pl\/wp-json\/wp\/v2\/product_cat?post=7860"},{"taxonomy":"product_tag","embeddable":true,"href":"https:\/\/markoweokulary.pl\/pl\/wp-json\/wp\/v2\/product_tag?post=7860"},{"taxonomy":"model","embeddable":true,"href":"https:\/\/markoweokulary.pl\/pl\/wp-json\/wp\/v2\/model?post=7860"}],"curies":[{"name":"wp","href":"https:\/\/api.w.org\/{rel}","templated":true}]}}