{"id":7818,"date":"2026-03-04T18:47:46","date_gmt":"2026-03-04T17:47:46","guid":{"rendered":"https:\/\/markoweokulary.pl\/?post_type=product&#038;p=7818"},"modified":"2026-04-02T17:14:32","modified_gmt":"2026-04-02T15:14:32","slug":"gucci-gg0724s-004","status":"publish","type":"product","link":"https:\/\/markoweokulary.pl\/pl\/produkt\/gucci-gg0724s-004\/","title":{"rendered":"Gucci GG0724S | 004"},"content":{"rendered":"<p>Ekstrawagancki, e-commerce exclusive koncept Gucci: klasyczny <strong data-start=\"127\" data-end=\"147\">kwadratowy front<\/strong> zestawiony z zausznikami w formie <strong data-start=\"182\" data-end=\"205\">metalowego \u0142a\u0144cucha<\/strong>. Detal robi\u0105 <strong data-start=\"219\" data-end=\"258\">odpinane kolczyki w kszta\u0142cie serca<\/strong> z interpretacj\u0105 logo <strong data-start=\"280\" data-end=\"299\">GG Interlocking<\/strong> oraz akcenty kolorystyczne (m.in. \u017c\u00f3\u0142te tony).<\/p>\n","protected":false},"excerpt":{"rendered":"<p data-start=\"363\" data-end=\"1299\"><strong data-start=\"363\" data-end=\"384\">Gucci GG0724S 004<\/strong> to model, kt\u00f3ry w pe\u0142ni pokazuje kreatywny, modowy temperament marki \u2014 zgodnie z lini\u0105 najbardziej ekstrawaganckich historii i styl\u00f3w ekskluzywnych dla e-commerce. Baz\u0105 jest ponadczasowy, <strong data-start=\"573\" data-end=\"605\">klasyczny kwadratowy kszta\u0142t<\/strong> frontu, kt\u00f3ry stanowi kontrast dla bi\u017cuteryjnej konstrukcji zausznik\u00f3w.<br data-start=\"677\" data-end=\"680\" \/>Zamiast klasycznych zausznik\u00f3w pojawiaj\u0105 si\u0119 <strong data-start=\"725\" data-end=\"756\">metalowe zauszniki-\u0142a\u0144cuchy<\/strong>, dzi\u0119ki czemu okulary wygl\u0105daj\u0105 jak element bi\u017cuterii i stylizacji jednocze\u015bnie. Najbardziej unikalny akcent to <strong data-start=\"869\" data-end=\"908\">odpinane kolczyki w kszta\u0142cie serca<\/strong>, na kt\u00f3rych logo <strong data-start=\"926\" data-end=\"945\">GG Interlocking<\/strong> zosta\u0142o zinterpretowane w dekoracyjny spos\u00f3b \u2014 mo\u017cesz je traktowa\u0107 jako dodatkowy element stylu lub zdj\u0105\u0107, gdy chcesz bardziej \u201eczysty\u201d look.<br data-start=\"1087\" data-end=\"1090\" \/>Kolorystyka opiera si\u0119 na klasycznej palecie, ale zosta\u0142a wzbogacona eklektycznymi detalami \u2014 np. <strong data-start=\"1188\" data-end=\"1220\">\u017c\u00f3\u0142tymi tonami na kolczykach<\/strong>, kt\u00f3re nadaj\u0105 ca\u0142o\u015bci \u015bwie\u017co\u015bci i wyr\u00f3\u017cniaj\u0105 model na tle standardowych opraw.<\/p>\n<h3 data-start=\"1301\" data-end=\"1324\">Najwa\u017cniejsze cechy<\/h3>\n<ul data-start=\"1325\" data-end=\"1743\">\n<li data-start=\"1325\" data-end=\"1359\">\n<p data-start=\"1327\" data-end=\"1359\"><strong data-start=\"1327\" data-end=\"1337\">Model:<\/strong> Gucci <strong data-start=\"1344\" data-end=\"1359\">GG0724S 004<\/strong><\/p>\n<\/li>\n<li data-start=\"1360\" data-end=\"1399\">\n<p data-start=\"1362\" data-end=\"1399\"><strong data-start=\"1362\" data-end=\"1370\">Typ:<\/strong> okulary <strong data-start=\"1379\" data-end=\"1399\">przeciws\u0142oneczne<\/strong><\/p>\n<\/li>\n<li data-start=\"1400\" data-end=\"1478\">\n<p data-start=\"1402\" data-end=\"1478\"><strong data-start=\"1402\" data-end=\"1416\">Koncepcja:<\/strong> ekstrawagancka historia Gucci, style <strong data-start=\"1454\" data-end=\"1478\">e-commerce exclusive<\/strong><\/p>\n<\/li>\n<li data-start=\"1479\" data-end=\"1518\">\n<p data-start=\"1481\" data-end=\"1518\"><strong data-start=\"1481\" data-end=\"1493\">Kszta\u0142t:<\/strong> klasyczny <strong data-start=\"1504\" data-end=\"1518\">kwadratowy<\/strong><\/p>\n<\/li>\n<li data-start=\"1519\" data-end=\"1572\">\n<p data-start=\"1521\" data-end=\"1572\"><strong data-start=\"1521\" data-end=\"1535\">Zauszniki:<\/strong> <strong data-start=\"1536\" data-end=\"1556\">metalowy \u0142a\u0144cuch<\/strong> (chain temples)<\/p>\n<\/li>\n<li data-start=\"1573\" data-end=\"1650\">\n<p data-start=\"1575\" data-end=\"1650\"><strong data-start=\"1575\" data-end=\"1586\">Detale:<\/strong> <strong data-start=\"1587\" data-end=\"1614\">odpinane kolczyki-serca<\/strong> z interpretacj\u0105 <strong data-start=\"1631\" data-end=\"1650\">GG Interlocking<\/strong><\/p>\n<\/li>\n<li data-start=\"1651\" data-end=\"1743\">\n<p data-start=\"1653\" data-end=\"1743\"><strong data-start=\"1653\" data-end=\"1669\">Kolorystyka:<\/strong> klasyczna baza + eklektyczne akcenty (m.in. <strong data-start=\"1714\" data-end=\"1728\">\u017c\u00f3\u0142te tony<\/strong> na kolczykach)<\/p>\n<\/li>\n<\/ul>\n","protected":false},"featured_media":7819,"template":"","meta":{"_acf_changed":false},"product_brand":[623],"product_cat":[30,747],"product_tag":[],"model":[686],"class_list":{"0":"post-7818","1":"product","2":"type-product","3":"status-publish","4":"has-post-thumbnail","6":"product_brand-gucci","7":"product_cat-okulary-przeciwsloneczne","8":"product_cat-outlet","9":"model-gg0724s","11":"first","12":"instock","13":"sale","14":"taxable","15":"shipping-taxable","16":"purchasable","17":"product-type-simple"},"acf":[],"aioseo_notices":[],"_links":{"self":[{"href":"https:\/\/markoweokulary.pl\/pl\/wp-json\/wp\/v2\/product\/7818","targetHints":{"allow":["GET"]}}],"collection":[{"href":"https:\/\/markoweokulary.pl\/pl\/wp-json\/wp\/v2\/product"}],"about":[{"href":"https:\/\/markoweokulary.pl\/pl\/wp-json\/wp\/v2\/types\/product"}],"version-history":[{"count":1,"href":"https:\/\/markoweokulary.pl\/pl\/wp-json\/wp\/v2\/product\/7818\/revisions"}],"predecessor-version":[{"id":7820,"href":"https:\/\/markoweokulary.pl\/pl\/wp-json\/wp\/v2\/product\/7818\/revisions\/7820"}],"wp:featuredmedia":[{"embeddable":true,"href":"https:\/\/markoweokulary.pl\/pl\/wp-json\/wp\/v2\/media\/7819"}],"wp:attachment":[{"href":"https:\/\/markoweokulary.pl\/pl\/wp-json\/wp\/v2\/media?parent=7818"}],"wp:term":[{"taxonomy":"product_brand","embeddable":true,"href":"https:\/\/markoweokulary.pl\/pl\/wp-json\/wp\/v2\/product_brand?post=7818"},{"taxonomy":"product_cat","embeddable":true,"href":"https:\/\/markoweokulary.pl\/pl\/wp-json\/wp\/v2\/product_cat?post=7818"},{"taxonomy":"product_tag","embeddable":true,"href":"https:\/\/markoweokulary.pl\/pl\/wp-json\/wp\/v2\/product_tag?post=7818"},{"taxonomy":"model","embeddable":true,"href":"https:\/\/markoweokulary.pl\/pl\/wp-json\/wp\/v2\/model?post=7818"}],"curies":[{"name":"wp","href":"https:\/\/api.w.org\/{rel}","templated":true}]}}