{"id":7813,"date":"2026-03-04T18:40:34","date_gmt":"2026-03-04T17:40:34","guid":{"rendered":"https:\/\/markoweokulary.pl\/?post_type=product&#038;p=7813"},"modified":"2026-04-02T17:14:18","modified_gmt":"2026-04-02T15:14:18","slug":"gucci-gg1022s-003","status":"publish","type":"product","link":"https:\/\/markoweokulary.pl\/pl\/produkt\/gucci-gg1022s-003\/","title":{"rendered":"Gucci GG1022S | 003"},"content":{"rendered":"<p>Nowa ods\u0142ona kultowej koncepcji <strong data-start=\"97\" data-end=\"112\">Gucci Chain<\/strong>: masywny <strong data-start=\"122\" data-end=\"142\">oversize kwadrat<\/strong> z wyj\u0105tkow\u0105 konstrukcj\u0105, w kt\u00f3rej <strong data-start=\"177\" data-end=\"188\">\u0142a\u0144cuch<\/strong> jest integraln\u0105 cz\u0119\u015bci\u0105 oprawy i mocuje si\u0119 <strong data-start=\"233\" data-end=\"260\">za logo GG Interlocking<\/strong>. Logo staje si\u0119 tu tak\u017ce elementem funkcjonalnym \u2013 baz\u0105 i punktem po\u0142\u0105czenia.<\/p>\n","protected":false},"excerpt":{"rendered":"<p data-start=\"355\" data-end=\"1335\"><strong data-start=\"355\" data-end=\"376\">Gucci GG1022S 003<\/strong> to \u015bwie\u017ca interpretacja ikonicznej historii <strong data-start=\"421\" data-end=\"436\">Gucci Chain<\/strong> \u2013 w duchu zabawy wyobra\u017ani\u0105 i luksusowego detalu. Idea jest prosta i bardzo \u201eGucci\u201d: okulary maj\u0105 by\u0107 czym\u015b wi\u0119cej ni\u017c dodatkiem, a <strong data-start=\"569\" data-end=\"580\">\u0142a\u0144cuch<\/strong> (jak bi\u017cuteria noszona na szyi) staje si\u0119 cz\u0119\u015bci\u0105 ca\u0142ej opowie\u015bci i konstrukcji oprawy.<br data-start=\"668\" data-end=\"671\" \/>Forma jest mocna i modowa: <strong data-start=\"698\" data-end=\"737\">oversize, gruby, kwadratowy kszta\u0142t<\/strong>, kt\u00f3ry robi efekt \u201estatement\u201d sam\u0105 sylwetk\u0105. Najwa\u017cniejszy element to <strong data-start=\"808\" data-end=\"832\">zintegrowany \u0142a\u0144cuch<\/strong>, traktowany jako integralna cz\u0119\u015b\u0107 okular\u00f3w \u2013 mocowany <strong data-start=\"887\" data-end=\"914\">za logo GG Interlocking<\/strong>. Co ciekawe, w tej konstrukcji <strong data-start=\"946\" data-end=\"992\">GG Interlocking przestaje by\u0107 tylko ozdob\u0105<\/strong>: jego kszta\u0142t opiera si\u0119 na zestawieniu pe\u0142nych i \u201epustych\u201d przestrzeni, kt\u00f3re tworz\u0105 <strong data-start=\"1079\" data-end=\"1108\">baz\u0119, \u0142\u0105cznik i fundament<\/strong> ca\u0142ego rozwi\u0105zania.<br data-start=\"1128\" data-end=\"1131\" \/>W ramach tej historii wyst\u0119puj\u0105 warianty <strong data-start=\"1172\" data-end=\"1202\" data-is-only-node=\"\">z \u0142a\u0144cuchem i bez \u0142a\u0144cucha<\/strong>, dzi\u0119ki czemu mo\u017cesz wybra\u0107 wersj\u0119 bardziej bi\u017cuteryjn\u0105 albo bardziej klasyczn\u0105, zachowuj\u0105c ten sam, rozpoznawalny charakter modelu.<\/p>\n<h3 data-start=\"1337\" data-end=\"1360\">Najwa\u017cniejsze cechy<\/h3>\n<ul data-start=\"1361\" data-end=\"1841\">\n<li data-start=\"1361\" data-end=\"1395\">\n<p data-start=\"1363\" data-end=\"1395\"><strong data-start=\"1363\" data-end=\"1373\">Model:<\/strong> Gucci <strong data-start=\"1380\" data-end=\"1395\">GG1022S 003<\/strong><\/p>\n<\/li>\n<li data-start=\"1396\" data-end=\"1435\">\n<p data-start=\"1398\" data-end=\"1435\"><strong data-start=\"1398\" data-end=\"1406\">Typ:<\/strong> okulary <strong data-start=\"1415\" data-end=\"1435\">przeciws\u0142oneczne<\/strong><\/p>\n<\/li>\n<li data-start=\"1436\" data-end=\"1487\">\n<p data-start=\"1438\" data-end=\"1487\"><strong data-start=\"1438\" data-end=\"1452\">Koncepcja:<\/strong> nowa interpretacja <strong data-start=\"1472\" data-end=\"1487\">Gucci Chain<\/strong><\/p>\n<\/li>\n<li data-start=\"1488\" data-end=\"1549\">\n<p data-start=\"1490\" data-end=\"1549\"><strong data-start=\"1490\" data-end=\"1502\">Kszta\u0142t:<\/strong> <strong data-start=\"1503\" data-end=\"1523\">oversize squared<\/strong> (du\u017cy, wyrazisty kwadrat)<\/p>\n<\/li>\n<li data-start=\"1550\" data-end=\"1609\">\n<p data-start=\"1552\" data-end=\"1609\"><strong data-start=\"1552\" data-end=\"1568\">Konstrukcja:<\/strong> \u0142a\u0144cuch jako <strong data-start=\"1582\" data-end=\"1609\">integralna cz\u0119\u015b\u0107 oprawy<\/strong><\/p>\n<\/li>\n<li data-start=\"1610\" data-end=\"1672\">\n<p data-start=\"1612\" data-end=\"1672\"><strong data-start=\"1612\" data-end=\"1626\">Mocowanie:<\/strong> \u0142a\u0144cuch przypi\u0119ty <strong data-start=\"1645\" data-end=\"1672\">za logo GG Interlocking<\/strong><\/p>\n<\/li>\n<li data-start=\"1673\" data-end=\"1779\">\n<p data-start=\"1675\" data-end=\"1779\"><strong data-start=\"1675\" data-end=\"1698\">Detal funkcjonalny:<\/strong> <strong data-start=\"1699\" data-end=\"1718\">GG Interlocking<\/strong> pe\u0142ni rol\u0119 bazy\/\u0142\u0105cznika (gra pe\u0142nych i pustych przestrzeni)<\/p>\n<\/li>\n<\/ul>\n","protected":false},"featured_media":7816,"template":"","meta":{"_acf_changed":false},"product_brand":[623],"product_cat":[30,747],"product_tag":[],"model":[684],"class_list":{"0":"post-7813","1":"product","2":"type-product","3":"status-publish","4":"has-post-thumbnail","6":"product_brand-gucci","7":"product_cat-okulary-przeciwsloneczne","8":"product_cat-outlet","9":"model-gg1022s","11":"first","12":"instock","13":"sale","14":"taxable","15":"shipping-taxable","16":"purchasable","17":"product-type-simple"},"acf":[],"aioseo_notices":[],"_links":{"self":[{"href":"https:\/\/markoweokulary.pl\/pl\/wp-json\/wp\/v2\/product\/7813","targetHints":{"allow":["GET"]}}],"collection":[{"href":"https:\/\/markoweokulary.pl\/pl\/wp-json\/wp\/v2\/product"}],"about":[{"href":"https:\/\/markoweokulary.pl\/pl\/wp-json\/wp\/v2\/types\/product"}],"version-history":[{"count":1,"href":"https:\/\/markoweokulary.pl\/pl\/wp-json\/wp\/v2\/product\/7813\/revisions"}],"predecessor-version":[{"id":7817,"href":"https:\/\/markoweokulary.pl\/pl\/wp-json\/wp\/v2\/product\/7813\/revisions\/7817"}],"wp:featuredmedia":[{"embeddable":true,"href":"https:\/\/markoweokulary.pl\/pl\/wp-json\/wp\/v2\/media\/7816"}],"wp:attachment":[{"href":"https:\/\/markoweokulary.pl\/pl\/wp-json\/wp\/v2\/media?parent=7813"}],"wp:term":[{"taxonomy":"product_brand","embeddable":true,"href":"https:\/\/markoweokulary.pl\/pl\/wp-json\/wp\/v2\/product_brand?post=7813"},{"taxonomy":"product_cat","embeddable":true,"href":"https:\/\/markoweokulary.pl\/pl\/wp-json\/wp\/v2\/product_cat?post=7813"},{"taxonomy":"product_tag","embeddable":true,"href":"https:\/\/markoweokulary.pl\/pl\/wp-json\/wp\/v2\/product_tag?post=7813"},{"taxonomy":"model","embeddable":true,"href":"https:\/\/markoweokulary.pl\/pl\/wp-json\/wp\/v2\/model?post=7813"}],"curies":[{"name":"wp","href":"https:\/\/api.w.org\/{rel}","templated":true}]}}