{"id":7808,"date":"2026-03-04T18:31:47","date_gmt":"2026-03-04T17:31:47","guid":{"rendered":"https:\/\/markoweokulary.pl\/?post_type=product&#038;p=7808"},"modified":"2026-04-02T17:14:08","modified_gmt":"2026-04-02T15:14:08","slug":"gucci-gg1421s-001","status":"publish","type":"product","link":"https:\/\/markoweokulary.pl\/pl\/produkt\/gucci-gg1421s-001\/","title":{"rendered":"Gucci GG1421S | 001"},"content":{"rendered":"<p>Minimalistyczna forma i modne kolory w streetowym wydaniu. <strong data-start=\"124\" data-end=\"148\">Geometryczny cat-eye<\/strong> z mocnego acetatu, z wyrazistymi zausznikami ozdobionymi logo <strong data-start=\"211\" data-end=\"225\">GG Running<\/strong>. Kolekcja \u0142\u0105czy klasyczne warianty z bardziej modowymi (np. petrol havana, Gucci pink) oraz wersj\u0105 z pe\u0142nym strassem.<\/p>\n","protected":false},"excerpt":{"rendered":"<p data-start=\"360\" data-end=\"1393\"><strong data-start=\"360\" data-end=\"381\">Gucci GG1421S 001<\/strong> to model z koncepcji opartej na \u201epared-back simplicity\u201d \u2014 czyli czystych kszta\u0142tach, prostych liniach i dobrze dobranych kolorach, kt\u00f3re buduj\u0105 <strong data-start=\"526\" data-end=\"544\">cool, on-trend<\/strong> klimat bez przesady. Inspiracj\u0105 jest estetyka <strong data-start=\"591\" data-end=\"607\">gender fluid<\/strong> i niewymuszony street style: okulary maj\u0105 wygl\u0105da\u0107 swobodnie, nowocze\u015bnie i pasowa\u0107 do codziennego rytmu miasta.<br data-start=\"720\" data-end=\"723\" \/>Forma oprawy jest mocno modowa, ale klarowna: <strong data-start=\"769\" data-end=\"793\">geometryczny cat-eye<\/strong> wykonany z <strong data-start=\"805\" data-end=\"839\">grubszego, wyrazistego acetatu<\/strong>, zaprojektowany tak, by dawa\u0107 efekt <strong data-start=\"876\" data-end=\"894\">extra-feminine<\/strong> \u2014 podkre\u015bla rysy, dodaje charakteru i robi \u201estatement\u201d sam\u0105 lini\u0105. Zauszniki s\u0105 zdecydowane i szerokie, a ich kluczowym detalem jest logo <strong data-start=\"1033\" data-end=\"1047\">GG Running<\/strong>, kt\u00f3re dope\u0142nia luksusowy akcent bez nachalnej logomanii.<br data-start=\"1105\" data-end=\"1108\" \/>Paleta kolor\u00f3w w tej historii jest odwa\u017cna: obejmuje <strong data-start=\"1161\" data-end=\"1186\">2 warianty komercyjne<\/strong> (\u0142atwe do noszenia) oraz <strong data-start=\"1212\" data-end=\"1241\" data-is-only-node=\"\">2 warianty stricte modowe<\/strong>, takie jak <strong data-start=\"1253\" data-end=\"1270\">petrol havana<\/strong> i <strong data-start=\"1273\" data-end=\"1287\">Gucci pink<\/strong>. Kolekcj\u0119 uzupe\u0142nia tak\u017ce wersja <strong data-start=\"1321\" data-end=\"1350\">pe\u0142nie wysadzana strassem<\/strong>, dla os\u00f3b, kt\u00f3re chc\u0105 maksymalnego efektu.<\/p>\n<h3 data-start=\"1395\" data-end=\"1418\">Najwa\u017cniejsze cechy<\/h3>\n<ul data-start=\"1419\" data-end=\"1844\">\n<li data-start=\"1419\" data-end=\"1453\">\n<p data-start=\"1421\" data-end=\"1453\"><strong data-start=\"1421\" data-end=\"1431\">Model:<\/strong> Gucci <strong data-start=\"1438\" data-end=\"1453\">GG1421S 001<\/strong><\/p>\n<\/li>\n<li data-start=\"1454\" data-end=\"1493\">\n<p data-start=\"1456\" data-end=\"1493\"><strong data-start=\"1456\" data-end=\"1464\">Typ:<\/strong> okulary <strong data-start=\"1473\" data-end=\"1493\">przeciws\u0142oneczne<\/strong><\/p>\n<\/li>\n<li data-start=\"1494\" data-end=\"1568\">\n<p data-start=\"1496\" data-end=\"1568\"><strong data-start=\"1496\" data-end=\"1507\">Klimat:<\/strong> minimalistyczny, street style, <strong data-start=\"1539\" data-end=\"1555\">gender fluid<\/strong> \/ effortless<\/p>\n<\/li>\n<li data-start=\"1569\" data-end=\"1625\">\n<p data-start=\"1571\" data-end=\"1625\"><strong data-start=\"1571\" data-end=\"1583\">Kszta\u0142t:<\/strong> <strong data-start=\"1584\" data-end=\"1608\">geometryczny cat-eye<\/strong> (extra-feminine)<\/p>\n<\/li>\n<li data-start=\"1626\" data-end=\"1673\">\n<p data-start=\"1628\" data-end=\"1673\"><strong data-start=\"1628\" data-end=\"1641\">Materia\u0142:<\/strong> mocny <strong data-start=\"1648\" data-end=\"1658\">acetat<\/strong> (bold acetate)<\/p>\n<\/li>\n<li data-start=\"1674\" data-end=\"1736\">\n<p data-start=\"1676\" data-end=\"1736\"><strong data-start=\"1676\" data-end=\"1689\">Branding:<\/strong> logo <strong data-start=\"1695\" data-end=\"1709\">GG Running<\/strong> na wyrazistych zausznikach<\/p>\n<\/li>\n<\/ul>\n","protected":false},"featured_media":7811,"template":"","meta":{"_acf_changed":false},"product_brand":[623],"product_cat":[30,747],"product_tag":[],"model":[682],"class_list":{"0":"post-7808","1":"product","2":"type-product","3":"status-publish","4":"has-post-thumbnail","6":"product_brand-gucci","7":"product_cat-okulary-przeciwsloneczne","8":"product_cat-outlet","9":"model-gg1421s","11":"first","12":"instock","13":"sale","14":"taxable","15":"shipping-taxable","16":"purchasable","17":"product-type-simple"},"acf":[],"aioseo_notices":[],"_links":{"self":[{"href":"https:\/\/markoweokulary.pl\/pl\/wp-json\/wp\/v2\/product\/7808","targetHints":{"allow":["GET"]}}],"collection":[{"href":"https:\/\/markoweokulary.pl\/pl\/wp-json\/wp\/v2\/product"}],"about":[{"href":"https:\/\/markoweokulary.pl\/pl\/wp-json\/wp\/v2\/types\/product"}],"version-history":[{"count":1,"href":"https:\/\/markoweokulary.pl\/pl\/wp-json\/wp\/v2\/product\/7808\/revisions"}],"predecessor-version":[{"id":7812,"href":"https:\/\/markoweokulary.pl\/pl\/wp-json\/wp\/v2\/product\/7808\/revisions\/7812"}],"wp:featuredmedia":[{"embeddable":true,"href":"https:\/\/markoweokulary.pl\/pl\/wp-json\/wp\/v2\/media\/7811"}],"wp:attachment":[{"href":"https:\/\/markoweokulary.pl\/pl\/wp-json\/wp\/v2\/media?parent=7808"}],"wp:term":[{"taxonomy":"product_brand","embeddable":true,"href":"https:\/\/markoweokulary.pl\/pl\/wp-json\/wp\/v2\/product_brand?post=7808"},{"taxonomy":"product_cat","embeddable":true,"href":"https:\/\/markoweokulary.pl\/pl\/wp-json\/wp\/v2\/product_cat?post=7808"},{"taxonomy":"product_tag","embeddable":true,"href":"https:\/\/markoweokulary.pl\/pl\/wp-json\/wp\/v2\/product_tag?post=7808"},{"taxonomy":"model","embeddable":true,"href":"https:\/\/markoweokulary.pl\/pl\/wp-json\/wp\/v2\/model?post=7808"}],"curies":[{"name":"wp","href":"https:\/\/api.w.org\/{rel}","templated":true}]}}