{"id":7790,"date":"2026-03-04T17:49:39","date_gmt":"2026-03-04T16:49:39","guid":{"rendered":"https:\/\/markoweokulary.pl\/?post_type=product&#038;p=7790"},"modified":"2026-04-02T17:13:21","modified_gmt":"2026-04-02T15:13:21","slug":"gucci-gg1269s-001","status":"publish","type":"product","link":"https:\/\/markoweokulary.pl\/pl\/produkt\/gucci-gg1269s-001\/","title":{"rendered":"Gucci GG1269S | 001"},"content":{"rendered":"<p>Lekki, m\u0119ski model o <strong data-start=\"86\" data-end=\"112\">prostok\u0105tnym kszta\u0142cie<\/strong> z nowoczesn\u0105 lini\u0105 i retro sznytem. Na zausznikach <strong data-start=\"164\" data-end=\"202\">metalowa plakietka z napisem Gucci<\/strong>, a same zauszniki s\u0105 metalowe z <strong data-start=\"235\" data-end=\"257\">wstawk\u0105 z tworzywa<\/strong>.<\/p>\n","protected":false},"excerpt":{"rendered":"<p data-start=\"275\" data-end=\"845\"><strong data-start=\"275\" data-end=\"296\">Gucci GG1269S 001<\/strong> \u0142\u0105czy wsp\u00f3\u0142czesn\u0105 estetyk\u0119 z subteln\u0105 nut\u0105 retro. Oprawa ma <strong data-start=\"357\" data-end=\"378\">prostok\u0105tny front<\/strong>, kt\u00f3ry jest ponadczasowy i bardzo praktyczny \u2014 \u015bwietnie sprawdza si\u0119 na co dzie\u0144, a jednocze\u015bnie dodaje twarzy zdecydowanego konturu.<br data-start=\"512\" data-end=\"515\" \/>Konstrukcja zosta\u0142a zaprojektowana tak, by by\u0142a <strong data-start=\"563\" data-end=\"582\">lekka i wygodna<\/strong>: metalowe zauszniki maj\u0105 <strong data-start=\"608\" data-end=\"630\">plastikow\u0105 wstawk\u0119<\/strong>, co podbija komfort noszenia i nadaje oprawie ciekawszy, bardziej dopracowany wygl\u0105d. Najbardziej rozpoznawalnym detalem jest <strong data-start=\"757\" data-end=\"800\">metalowa plakietka z letteringiem Gucci<\/strong> \u2014 dyskretna, elegancka i wyra\u017anie \u201epremium\u201d.<\/p>\n<h3 data-start=\"847\" data-end=\"870\">Najwa\u017cniejsze cechy<\/h3>\n<ul data-start=\"871\" data-end=\"1143\">\n<li data-start=\"871\" data-end=\"905\">\n<p data-start=\"873\" data-end=\"905\"><strong data-start=\"873\" data-end=\"883\">Model:<\/strong> Gucci <strong data-start=\"890\" data-end=\"905\">GG1269S 001<\/strong><\/p>\n<\/li>\n<li data-start=\"906\" data-end=\"945\">\n<p data-start=\"908\" data-end=\"945\"><strong data-start=\"908\" data-end=\"916\">Typ:<\/strong> okulary <strong data-start=\"925\" data-end=\"945\">przeciws\u0142oneczne<\/strong><\/p>\n<\/li>\n<li data-start=\"946\" data-end=\"976\">\n<p data-start=\"948\" data-end=\"976\"><strong data-start=\"948\" data-end=\"960\">Kszta\u0142t:<\/strong> <strong data-start=\"961\" data-end=\"976\">prostok\u0105tny<\/strong><\/p>\n<\/li>\n<li data-start=\"977\" data-end=\"1023\">\n<p data-start=\"979\" data-end=\"1023\"><strong data-start=\"979\" data-end=\"988\">Styl:<\/strong> lekki, nowoczesny z retro akcentem<\/p>\n<\/li>\n<li data-start=\"1024\" data-end=\"1088\">\n<p data-start=\"1026\" data-end=\"1088\"><strong data-start=\"1026\" data-end=\"1045\">Detale premium:<\/strong> <strong data-start=\"1046\" data-end=\"1068\">metalowa plakietka<\/strong> z napisem <strong data-start=\"1079\" data-end=\"1088\">Gucci<\/strong><\/p>\n<\/li>\n<li data-start=\"1089\" data-end=\"1143\">\n<p data-start=\"1091\" data-end=\"1143\"><strong data-start=\"1091\" data-end=\"1105\">Zauszniki:<\/strong> <strong data-start=\"1106\" data-end=\"1118\">metalowe<\/strong> z <strong data-start=\"1121\" data-end=\"1143\">wstawk\u0105 z tworzywa<\/strong><\/p>\n<\/li>\n<\/ul>\n","protected":false},"featured_media":7793,"template":"","meta":{"_acf_changed":false},"product_brand":[623],"product_cat":[30,747],"product_tag":[],"model":[675],"class_list":{"0":"post-7790","1":"product","2":"type-product","3":"status-publish","4":"has-post-thumbnail","6":"product_brand-gucci","7":"product_cat-okulary-przeciwsloneczne","8":"product_cat-outlet","9":"model-gg1269s","11":"first","12":"instock","13":"sale","14":"taxable","15":"shipping-taxable","16":"purchasable","17":"product-type-simple"},"acf":[],"aioseo_notices":[],"_links":{"self":[{"href":"https:\/\/markoweokulary.pl\/pl\/wp-json\/wp\/v2\/product\/7790","targetHints":{"allow":["GET"]}}],"collection":[{"href":"https:\/\/markoweokulary.pl\/pl\/wp-json\/wp\/v2\/product"}],"about":[{"href":"https:\/\/markoweokulary.pl\/pl\/wp-json\/wp\/v2\/types\/product"}],"version-history":[{"count":1,"href":"https:\/\/markoweokulary.pl\/pl\/wp-json\/wp\/v2\/product\/7790\/revisions"}],"predecessor-version":[{"id":7794,"href":"https:\/\/markoweokulary.pl\/pl\/wp-json\/wp\/v2\/product\/7790\/revisions\/7794"}],"wp:featuredmedia":[{"embeddable":true,"href":"https:\/\/markoweokulary.pl\/pl\/wp-json\/wp\/v2\/media\/7793"}],"wp:attachment":[{"href":"https:\/\/markoweokulary.pl\/pl\/wp-json\/wp\/v2\/media?parent=7790"}],"wp:term":[{"taxonomy":"product_brand","embeddable":true,"href":"https:\/\/markoweokulary.pl\/pl\/wp-json\/wp\/v2\/product_brand?post=7790"},{"taxonomy":"product_cat","embeddable":true,"href":"https:\/\/markoweokulary.pl\/pl\/wp-json\/wp\/v2\/product_cat?post=7790"},{"taxonomy":"product_tag","embeddable":true,"href":"https:\/\/markoweokulary.pl\/pl\/wp-json\/wp\/v2\/product_tag?post=7790"},{"taxonomy":"model","embeddable":true,"href":"https:\/\/markoweokulary.pl\/pl\/wp-json\/wp\/v2\/model?post=7790"}],"curies":[{"name":"wp","href":"https:\/\/api.w.org\/{rel}","templated":true}]}}