{"id":7741,"date":"2026-03-04T01:40:04","date_gmt":"2026-03-04T00:40:04","guid":{"rendered":"https:\/\/markoweokulary.pl\/?post_type=product&#038;p=7741"},"modified":"2026-04-02T17:12:00","modified_gmt":"2026-04-02T15:12:00","slug":"gucci-gg1435sa-001","status":"publish","type":"product","link":"https:\/\/markoweokulary.pl\/pl\/produkt\/gucci-gg1435sa-001\/","title":{"rendered":"Gucci GG1435SA | 001"},"content":{"rendered":"<p>Kobiecy, geometryczny <strong data-start=\"88\" data-end=\"99\">cat-eye<\/strong> w metalu z koncepcji <strong data-start=\"121\" data-end=\"134\">Lettering<\/strong>: logo Gucci pokazane w nowej, rozpoznawalnej formie \u2014 na charakterystycznych <strong data-start=\"212\" data-end=\"235\">metalowych kostkach<\/strong> z <strong data-start=\"238\" data-end=\"261\">emaliowanym napisem<\/strong>. Z\u0142ota konstrukcja i soczewki w kolorach, kt\u00f3re s\u0105 \u0142atwe do noszenia, ale nadal efektowne.<\/p>\n","protected":false},"excerpt":{"rendered":"<p data-start=\"369\" data-end=\"1174\"><strong data-start=\"369\" data-end=\"391\">Gucci GG1435SA 001<\/strong> to okulary przeciws\u0142oneczne, kt\u00f3re robi\u0105 wra\u017cenie detalem \u2014 prostym, ale ikonicznym. W koncepcji <strong data-start=\"489\" data-end=\"502\">Lettering<\/strong> marka przenosi logo Gucci na zupe\u0142nie nowy no\u015bnik: <strong data-start=\"554\" data-end=\"573\">metalowe kostki<\/strong>, kt\u00f3re staj\u0105 si\u0119 cz\u0119\u015bci\u0105 konstrukcji oprawy i jednocze\u015bnie jej ozdob\u0105.<br data-start=\"644\" data-end=\"647\" \/>Forma jest kobieca i modowa: <strong data-start=\"676\" data-end=\"700\">geometryczny cat-eye<\/strong> w ca\u0142o\u015bci wykonany z metalu wygl\u0105da lekko, bi\u017cuteryjnie i bardzo nowocze\u015bnie. Najbardziej rozpoznawalny element to <strong data-start=\"816\" data-end=\"842\">emaliowany napis Gucci<\/strong> umieszczony na kostkach \u2014 precyzyjny, dopracowany i \u015bwietnie widoczny z bliska, bez przesadnego \u201elogomanii\u201d.<br data-start=\"951\" data-end=\"954\" \/>Wariant <strong data-start=\"962\" data-end=\"969\">001<\/strong> opiera si\u0119 na <strong data-start=\"984\" data-end=\"1016\">z\u0142otej metalowej konstrukcji<\/strong>, kt\u00f3r\u0105 dope\u0142niaj\u0105 soczewki w palecie \u201ecommercial yet colored\u201d: czyli kolorowe, przyci\u0105gaj\u0105ce wzrok, ale nadal uniwersalne i \u0142atwe do zestawienia na co dzie\u0144.<\/p>\n<h3 data-start=\"1176\" data-end=\"1199\">Najwa\u017cniejsze cechy<\/h3>\n<ul data-start=\"1200\" data-end=\"1583\">\n<li data-start=\"1200\" data-end=\"1235\">\n<p data-start=\"1202\" data-end=\"1235\"><strong data-start=\"1202\" data-end=\"1212\">Model:<\/strong> Gucci <strong data-start=\"1219\" data-end=\"1235\">GG1435SA 001<\/strong><\/p>\n<\/li>\n<li data-start=\"1236\" data-end=\"1275\">\n<p data-start=\"1238\" data-end=\"1275\"><strong data-start=\"1238\" data-end=\"1246\">Typ:<\/strong> okulary <strong data-start=\"1255\" data-end=\"1275\">przeciws\u0142oneczne<\/strong><\/p>\n<\/li>\n<li data-start=\"1276\" data-end=\"1338\">\n<p data-start=\"1278\" data-end=\"1338\"><strong data-start=\"1278\" data-end=\"1292\">Koncepcja:<\/strong> <strong data-start=\"1293\" data-end=\"1306\">Lettering<\/strong> \u2013 logo jako element konstrukcji<\/p>\n<\/li>\n<li data-start=\"1339\" data-end=\"1391\">\n<p data-start=\"1341\" data-end=\"1391\"><strong data-start=\"1341\" data-end=\"1357\">Konstrukcja:<\/strong> <strong data-start=\"1358\" data-end=\"1370\">metalowa<\/strong> (lekka, bi\u017cuteryjna)<\/p>\n<\/li>\n<li data-start=\"1392\" data-end=\"1440\">\n<p data-start=\"1394\" data-end=\"1440\"><strong data-start=\"1394\" data-end=\"1406\">Kszta\u0142t:<\/strong> kobiecy, <strong data-start=\"1416\" data-end=\"1440\">geometryczny cat-eye<\/strong><\/p>\n<\/li>\n<li data-start=\"1441\" data-end=\"1513\">\n<p data-start=\"1443\" data-end=\"1513\"><strong data-start=\"1443\" data-end=\"1461\">Detal premium:<\/strong> metalowe <strong data-start=\"1471\" data-end=\"1481\">kostki<\/strong> z <strong data-start=\"1484\" data-end=\"1513\">emaliowanym napisem Gucci<\/strong><\/p>\n<\/li>\n<li data-start=\"1514\" data-end=\"1583\">\n<p data-start=\"1516\" data-end=\"1583\"><strong data-start=\"1516\" data-end=\"1532\">Kolorystyka:<\/strong> z\u0142ota konstrukcja + kolorowe, uniwersalne soczewki<\/p>\n<\/li>\n<\/ul>\n","protected":false},"featured_media":7745,"template":"","meta":{"_acf_changed":false},"product_brand":[623],"product_cat":[30,747],"product_tag":[],"model":[669],"class_list":{"0":"post-7741","1":"product","2":"type-product","3":"status-publish","4":"has-post-thumbnail","6":"product_brand-gucci","7":"product_cat-okulary-przeciwsloneczne","8":"product_cat-outlet","9":"model-gg1435sa","11":"first","12":"instock","13":"sale","14":"taxable","15":"shipping-taxable","16":"purchasable","17":"product-type-simple"},"acf":[],"aioseo_notices":[],"_links":{"self":[{"href":"https:\/\/markoweokulary.pl\/pl\/wp-json\/wp\/v2\/product\/7741","targetHints":{"allow":["GET"]}}],"collection":[{"href":"https:\/\/markoweokulary.pl\/pl\/wp-json\/wp\/v2\/product"}],"about":[{"href":"https:\/\/markoweokulary.pl\/pl\/wp-json\/wp\/v2\/types\/product"}],"version-history":[{"count":1,"href":"https:\/\/markoweokulary.pl\/pl\/wp-json\/wp\/v2\/product\/7741\/revisions"}],"predecessor-version":[{"id":7746,"href":"https:\/\/markoweokulary.pl\/pl\/wp-json\/wp\/v2\/product\/7741\/revisions\/7746"}],"wp:featuredmedia":[{"embeddable":true,"href":"https:\/\/markoweokulary.pl\/pl\/wp-json\/wp\/v2\/media\/7745"}],"wp:attachment":[{"href":"https:\/\/markoweokulary.pl\/pl\/wp-json\/wp\/v2\/media?parent=7741"}],"wp:term":[{"taxonomy":"product_brand","embeddable":true,"href":"https:\/\/markoweokulary.pl\/pl\/wp-json\/wp\/v2\/product_brand?post=7741"},{"taxonomy":"product_cat","embeddable":true,"href":"https:\/\/markoweokulary.pl\/pl\/wp-json\/wp\/v2\/product_cat?post=7741"},{"taxonomy":"product_tag","embeddable":true,"href":"https:\/\/markoweokulary.pl\/pl\/wp-json\/wp\/v2\/product_tag?post=7741"},{"taxonomy":"model","embeddable":true,"href":"https:\/\/markoweokulary.pl\/pl\/wp-json\/wp\/v2\/model?post=7741"}],"curies":[{"name":"wp","href":"https:\/\/api.w.org\/{rel}","templated":true}]}}