{"id":7735,"date":"2026-03-04T01:30:42","date_gmt":"2026-03-04T00:30:42","guid":{"rendered":"https:\/\/markoweokulary.pl\/?post_type=product&#038;p=7735"},"modified":"2026-04-02T17:08:20","modified_gmt":"2026-04-02T15:08:20","slug":"gucci-gg1668s-003","status":"publish","type":"product","link":"https:\/\/markoweokulary.pl\/pl\/produkt\/gucci-gg1668s-003\/","title":{"rendered":"Gucci GG1668S | 003"},"content":{"rendered":"<p>Klasyczny <strong data-start=\"71\" data-end=\"83\">wayfarer<\/strong> w acetacie z charakterystycznym akcentem Gucci: <strong data-start=\"132\" data-end=\"168\">dwuwarstwowe (bilayer) zauszniki<\/strong> kolorystycznie nawi\u0105zuj\u0105ce do ikonicznego motywu <strong data-start=\"218\" data-end=\"225\">Web<\/strong>. Na zausznikach <strong data-start=\"242\" data-end=\"257\">napis Gucci<\/strong> i modna paleta kolor\u00f3w w co najmniej dw\u00f3ch zestawieniach.<\/p>\n","protected":false},"excerpt":{"rendered":"<p data-start=\"332\" data-end=\"1223\"><strong data-start=\"332\" data-end=\"349\">Gucci GG1668S<\/strong> to okulary przeciws\u0142oneczne, kt\u00f3re bior\u0105 ponadczasowy kszta\u0142t <strong data-start=\"412\" data-end=\"424\">wayfarer<\/strong> i podkr\u0119caj\u0105 go dopracowanym detalem. Oprawa wykonana jest z acetatu, dzi\u0119ki czemu wygl\u0105da solidnie i \u201epremium\u201d, a jednocze\u015bnie \u015bwietnie sprawdza si\u0119 w codziennym noszeniu.<br data-start=\"597\" data-end=\"600\" \/>Najbardziej wyr\u00f3\u017cniaj\u0105cym elementem s\u0105 <strong data-start=\"639\" data-end=\"674\">zauszniki w technologii bilayer<\/strong> \u2014 dwuwarstwowe, z wyra\u017anym kontrastem kolor\u00f3w, kt\u00f3ry przywo\u0142uje ikoniczny motyw <strong data-start=\"755\" data-end=\"762\">Web<\/strong> kojarzony z Gucci. To detal, kt\u00f3ry dzia\u0142a subtelnie: nie jest krzykliwy, ale od razu buduje rozpoznawalno\u015b\u0107 marki. Na zewn\u0119trznej stronie zausznik\u00f3w znajduje si\u0119 <strong data-start=\"925\" data-end=\"944\">lettering Gucci<\/strong>, kt\u00f3ry dope\u0142nia ca\u0142o\u015b\u0107 eleganckim brandingiem.<br data-start=\"991\" data-end=\"994\" \/>Paleta kolorystyczna jest \u201ecommercial yet cool\u201d: \u0142atwa do noszenia na co dzie\u0144, ale z modowym twistem \u2014 model wyst\u0119puje w <strong data-start=\"1116\" data-end=\"1154\">minimum dw\u00f3ch kombinacjach kolor\u00f3w<\/strong>, co pozwala dobra\u0107 wersj\u0119 bardziej klasyczn\u0105 lub bardziej wyrazist\u0105.<\/p>\n<h3 data-start=\"1225\" data-end=\"1248\">Najwa\u017cniejsze cechy<\/h3>\n<ul data-start=\"1249\" data-end=\"1580\">\n<li data-start=\"1249\" data-end=\"1279\">\n<p data-start=\"1251\" data-end=\"1279\"><strong data-start=\"1251\" data-end=\"1261\">Model:<\/strong> Gucci <strong data-start=\"1268\" data-end=\"1279\">GG1668S<\/strong><\/p>\n<\/li>\n<li data-start=\"1280\" data-end=\"1319\">\n<p data-start=\"1282\" data-end=\"1319\"><strong data-start=\"1282\" data-end=\"1290\">Typ:<\/strong> okulary <strong data-start=\"1299\" data-end=\"1319\">przeciws\u0142oneczne<\/strong><\/p>\n<\/li>\n<li data-start=\"1320\" data-end=\"1346\">\n<p data-start=\"1322\" data-end=\"1346\"><strong data-start=\"1322\" data-end=\"1335\">Materia\u0142:<\/strong> <strong data-start=\"1336\" data-end=\"1346\">acetat<\/strong><\/p>\n<\/li>\n<li data-start=\"1347\" data-end=\"1374\">\n<p data-start=\"1349\" data-end=\"1374\"><strong data-start=\"1349\" data-end=\"1361\">Kszta\u0142t:<\/strong> <strong data-start=\"1362\" data-end=\"1374\">wayfarer<\/strong><\/p>\n<\/li>\n<li data-start=\"1375\" data-end=\"1444\">\n<p data-start=\"1377\" data-end=\"1444\"><strong data-start=\"1377\" data-end=\"1387\">Detal:<\/strong> <strong data-start=\"1388\" data-end=\"1399\">bilayer<\/strong> na zausznikach nawi\u0105zuj\u0105cy do motywu <strong data-start=\"1437\" data-end=\"1444\">Web<\/strong><\/p>\n<\/li>\n<li data-start=\"1445\" data-end=\"1491\">\n<p data-start=\"1447\" data-end=\"1491\"><strong data-start=\"1447\" data-end=\"1460\">Branding:<\/strong> napis <strong data-start=\"1467\" data-end=\"1476\">Gucci<\/strong> na zausznikach<\/p>\n<\/li>\n<li data-start=\"1492\" data-end=\"1580\">\n<p data-start=\"1494\" data-end=\"1580\"><strong data-start=\"1494\" data-end=\"1510\">Kolorystyka:<\/strong> modowa, \u201ecool\u201d<\/p>\n<\/li>\n<\/ul>\n","protected":false},"featured_media":7739,"template":"","meta":{"_acf_changed":false},"product_brand":[623],"product_cat":[30,747],"product_tag":[],"model":[667],"class_list":{"0":"post-7735","1":"product","2":"type-product","3":"status-publish","4":"has-post-thumbnail","6":"product_brand-gucci","7":"product_cat-okulary-przeciwsloneczne","8":"product_cat-outlet","9":"model-gg1668s","11":"first","12":"instock","13":"sale","14":"taxable","15":"shipping-taxable","16":"purchasable","17":"product-type-simple"},"acf":[],"aioseo_notices":[],"_links":{"self":[{"href":"https:\/\/markoweokulary.pl\/pl\/wp-json\/wp\/v2\/product\/7735","targetHints":{"allow":["GET"]}}],"collection":[{"href":"https:\/\/markoweokulary.pl\/pl\/wp-json\/wp\/v2\/product"}],"about":[{"href":"https:\/\/markoweokulary.pl\/pl\/wp-json\/wp\/v2\/types\/product"}],"version-history":[{"count":1,"href":"https:\/\/markoweokulary.pl\/pl\/wp-json\/wp\/v2\/product\/7735\/revisions"}],"predecessor-version":[{"id":7740,"href":"https:\/\/markoweokulary.pl\/pl\/wp-json\/wp\/v2\/product\/7735\/revisions\/7740"}],"wp:featuredmedia":[{"embeddable":true,"href":"https:\/\/markoweokulary.pl\/pl\/wp-json\/wp\/v2\/media\/7739"}],"wp:attachment":[{"href":"https:\/\/markoweokulary.pl\/pl\/wp-json\/wp\/v2\/media?parent=7735"}],"wp:term":[{"taxonomy":"product_brand","embeddable":true,"href":"https:\/\/markoweokulary.pl\/pl\/wp-json\/wp\/v2\/product_brand?post=7735"},{"taxonomy":"product_cat","embeddable":true,"href":"https:\/\/markoweokulary.pl\/pl\/wp-json\/wp\/v2\/product_cat?post=7735"},{"taxonomy":"product_tag","embeddable":true,"href":"https:\/\/markoweokulary.pl\/pl\/wp-json\/wp\/v2\/product_tag?post=7735"},{"taxonomy":"model","embeddable":true,"href":"https:\/\/markoweokulary.pl\/pl\/wp-json\/wp\/v2\/model?post=7735"}],"curies":[{"name":"wp","href":"https:\/\/api.w.org\/{rel}","templated":true}]}}