{"id":7730,"date":"2026-03-04T01:21:48","date_gmt":"2026-03-04T00:21:48","guid":{"rendered":"https:\/\/markoweokulary.pl\/?post_type=product&#038;p=7730"},"modified":"2026-04-02T17:08:04","modified_gmt":"2026-04-02T15:08:04","slug":"gucci-gg1020s-003","status":"publish","type":"product","link":"https:\/\/markoweokulary.pl\/pl\/produkt\/gucci-gg1020s-003\/","title":{"rendered":"Gucci GG1020S | 003"},"content":{"rendered":"<p>Wyrazisty model z po\u0142\u0105czenia ikon Gucci: masywny, \u201efork\u201d zausznik i nowy zawias <strong data-start=\"145\" data-end=\"157\">Horsebit<\/strong>. <strong data-start=\"159\" data-end=\"179\">Oversize kwadrat<\/strong> w pe\u0142nym metalu, z dyskretnym grawerem <strong data-start=\"219\" data-end=\"228\">Gucci<\/strong> na zausznikach i ciep\u0142ymi, mi\u0119kkimi <strong data-start=\"265\" data-end=\"293\">soczewkami gradientowymi<\/strong>, idealnie dobranymi do z\u0142otego wyko\u0144czenia.<\/p>\n","protected":false},"excerpt":{"rendered":"<p data-start=\"354\" data-end=\"1362\"><strong data-start=\"354\" data-end=\"375\">Gucci GG1020S 003<\/strong> to okulary przeciws\u0142oneczne, w kt\u00f3rych marka \u0142\u0105czy swoje najbardziej rozpoznawalne sygnatury w jedn\u0105, unikatow\u0105 konstrukcj\u0119. Kluczowy detal stanowi\u0105 zauszniki o charakterystycznym profilu <strong data-start=\"564\" data-end=\"572\">fork<\/strong> \u2014 mocne, architektoniczne i natychmiast przyci\u0105gaj\u0105ce uwag\u0119 \u2014 oraz nowy zawias inspirowany motywem <strong data-start=\"672\" data-end=\"684\">Horsebit<\/strong>, kt\u00f3ry dodaje modelowi bi\u017cuteryjnego charakteru.<br data-start=\"733\" data-end=\"736\" \/>Forma oprawy nawi\u0105zuje do stylu vintage, ale jest podkr\u0119cona nowoczesn\u0105 proporcj\u0105: to <strong data-start=\"822\" data-end=\"837\">pe\u0142ny metal<\/strong> i <strong data-start=\"840\" data-end=\"876\">oversize\u2019owy, kwadratowy kszta\u0142t<\/strong>, kt\u00f3ry \u015bwietnie buduje look i daje efekt \u201estatement\u201d bez konieczno\u015bci przesadzania z ozdobami. Na zausznikach znajdziesz eleganckie po\u0142\u0105czenie motywu <strong data-start=\"1027\" data-end=\"1039\">Horsebit<\/strong> z <strong data-start=\"1042\" data-end=\"1084\">dyskretnym, grawerowanym napisem Gucci<\/strong>, dzi\u0119ki czemu branding jest czytelny, ale wci\u0105\u017c bardzo wyrafinowany.<br data-start=\"1153\" data-end=\"1156\" \/>Wariant <strong data-start=\"1164\" data-end=\"1171\" data-is-only-node=\"\">003<\/strong> zosta\u0142 wyposa\u017cony w <strong data-start=\"1192\" data-end=\"1232\">mi\u0119kkie, ciep\u0142e soczewki gradientowe<\/strong>, kt\u00f3re idealnie wsp\u00f3\u0142graj\u0105 z <strong data-start=\"1262\" data-end=\"1297\">szlachetnym z\u0142otym wyko\u0144czeniem<\/strong> metalu \u2014 ca\u0142o\u015b\u0107 wygl\u0105da luksusowo, \u015bwietli\u015bcie i bardzo \u201eGucci\u201d.<\/p>\n<h3 data-start=\"1364\" data-end=\"1387\">Najwa\u017cniejsze cechy<\/h3>\n<ul data-start=\"1388\" data-end=\"1816\">\n<li data-start=\"1388\" data-end=\"1422\">\n<p data-start=\"1390\" data-end=\"1422\"><strong data-start=\"1390\" data-end=\"1400\">Model:<\/strong> Gucci <strong data-start=\"1407\" data-end=\"1422\">GG1020S 003<\/strong><\/p>\n<\/li>\n<li data-start=\"1423\" data-end=\"1462\">\n<p data-start=\"1425\" data-end=\"1462\"><strong data-start=\"1425\" data-end=\"1433\">Typ:<\/strong> okulary <strong data-start=\"1442\" data-end=\"1462\">przeciws\u0142oneczne<\/strong><\/p>\n<\/li>\n<li data-start=\"1463\" data-end=\"1497\">\n<p data-start=\"1465\" data-end=\"1497\"><strong data-start=\"1465\" data-end=\"1481\">Konstrukcja:<\/strong> <strong data-start=\"1482\" data-end=\"1497\">pe\u0142ny metal<\/strong><\/p>\n<\/li>\n<li data-start=\"1498\" data-end=\"1548\">\n<p data-start=\"1500\" data-end=\"1548\"><strong data-start=\"1500\" data-end=\"1512\">Kszta\u0142t:<\/strong> <strong data-start=\"1513\" data-end=\"1533\">oversize squared<\/strong> (du\u017cy kwadrat)<\/p>\n<\/li>\n<li data-start=\"1549\" data-end=\"1629\">\n<p data-start=\"1551\" data-end=\"1629\"><strong data-start=\"1551\" data-end=\"1571\">Sygnatury marki:<\/strong> masywny zausznik typu <strong data-start=\"1594\" data-end=\"1602\">fork<\/strong> + nowy zawias <strong data-start=\"1617\" data-end=\"1629\">Horsebit<\/strong><\/p>\n<\/li>\n<li data-start=\"1630\" data-end=\"1699\">\n<p data-start=\"1632\" data-end=\"1699\"><strong data-start=\"1632\" data-end=\"1645\">Branding:<\/strong> dyskretny, <strong data-start=\"1657\" data-end=\"1684\">grawerowany napis Gucci<\/strong> na zausznikach<\/p>\n<\/li>\n<li data-start=\"1700\" data-end=\"1754\">\n<p data-start=\"1702\" data-end=\"1754\"><strong data-start=\"1702\" data-end=\"1715\">Soczewki:<\/strong> <strong data-start=\"1716\" data-end=\"1731\">gradientowe<\/strong>, mi\u0119kkie i ciep\u0142e tony<\/p>\n<\/li>\n<li data-start=\"1755\" data-end=\"1816\">\n<p data-start=\"1757\" data-end=\"1816\"><strong data-start=\"1757\" data-end=\"1773\">Wyko\u0144czenie:<\/strong> z\u0142ote, b\u0142yszcz\u0105ce (dopasowane do soczewek)<\/p>\n<\/li>\n<\/ul>\n","protected":false},"featured_media":7733,"template":"","meta":{"_acf_changed":false},"product_brand":[623],"product_cat":[30,747],"product_tag":[],"model":[666],"class_list":{"0":"post-7730","1":"product","2":"type-product","3":"status-publish","4":"has-post-thumbnail","6":"product_brand-gucci","7":"product_cat-okulary-przeciwsloneczne","8":"product_cat-outlet","9":"model-gg1020s","11":"first","12":"instock","13":"sale","14":"taxable","15":"shipping-taxable","16":"purchasable","17":"product-type-simple"},"acf":[],"aioseo_notices":[],"_links":{"self":[{"href":"https:\/\/markoweokulary.pl\/pl\/wp-json\/wp\/v2\/product\/7730","targetHints":{"allow":["GET"]}}],"collection":[{"href":"https:\/\/markoweokulary.pl\/pl\/wp-json\/wp\/v2\/product"}],"about":[{"href":"https:\/\/markoweokulary.pl\/pl\/wp-json\/wp\/v2\/types\/product"}],"version-history":[{"count":1,"href":"https:\/\/markoweokulary.pl\/pl\/wp-json\/wp\/v2\/product\/7730\/revisions"}],"predecessor-version":[{"id":7734,"href":"https:\/\/markoweokulary.pl\/pl\/wp-json\/wp\/v2\/product\/7730\/revisions\/7734"}],"wp:featuredmedia":[{"embeddable":true,"href":"https:\/\/markoweokulary.pl\/pl\/wp-json\/wp\/v2\/media\/7733"}],"wp:attachment":[{"href":"https:\/\/markoweokulary.pl\/pl\/wp-json\/wp\/v2\/media?parent=7730"}],"wp:term":[{"taxonomy":"product_brand","embeddable":true,"href":"https:\/\/markoweokulary.pl\/pl\/wp-json\/wp\/v2\/product_brand?post=7730"},{"taxonomy":"product_cat","embeddable":true,"href":"https:\/\/markoweokulary.pl\/pl\/wp-json\/wp\/v2\/product_cat?post=7730"},{"taxonomy":"product_tag","embeddable":true,"href":"https:\/\/markoweokulary.pl\/pl\/wp-json\/wp\/v2\/product_tag?post=7730"},{"taxonomy":"model","embeddable":true,"href":"https:\/\/markoweokulary.pl\/pl\/wp-json\/wp\/v2\/model?post=7730"}],"curies":[{"name":"wp","href":"https:\/\/api.w.org\/{rel}","templated":true}]}}