{"id":7720,"date":"2026-03-04T01:09:23","date_gmt":"2026-03-04T00:09:23","guid":{"rendered":"https:\/\/markoweokulary.pl\/?post_type=product&#038;p=7720"},"modified":"2026-04-02T17:07:35","modified_gmt":"2026-04-02T15:07:35","slug":"gucci-gg1280s-003","status":"publish","type":"product","link":"https:\/\/markoweokulary.pl\/pl\/produkt\/gucci-gg1280s-003\/","title":{"rendered":"Gucci GG1280S 003"},"content":{"rendered":"<p>Lekka, metalowa oprawa w kszta\u0142cie <strong data-start=\"100\" data-end=\"119\">pilot (aviator)<\/strong> z <strong data-start=\"122\" data-end=\"144\">podw\u00f3jnym mostkiem<\/strong>. Smuk\u0142e zauszniki z logo <strong data-start=\"170\" data-end=\"189\">GG Interlocking<\/strong> oraz emaliowany detal na zawiasach nawi\u0105zuj\u0105cy do ikonicznego <strong data-start=\"252\" data-end=\"259\">Web<\/strong>.<\/p>\n","protected":false},"excerpt":{"rendered":"<p data-start=\"277\" data-end=\"923\"><strong data-start=\"277\" data-end=\"298\">Gucci GG1280S 003<\/strong> to okulary przeciws\u0142oneczne \u0142\u0105cz\u0105ce klasyczny kszta\u0142t pilota z nowoczesnym, dopracowanym wyko\u0144czeniem. Metalowa konstrukcja jest <strong data-start=\"428\" data-end=\"449\">lekka i elegancka<\/strong>, a <strong data-start=\"453\" data-end=\"472\">podw\u00f3jny mostek<\/strong> nadaje oprawie charakterystyczny, ponadczasowy wygl\u0105d.<br data-start=\"527\" data-end=\"530\" \/>Smuk\u0142e zauszniki zosta\u0142y ozdobione logo <strong data-start=\"570\" data-end=\"589\">GG Interlocking<\/strong>, kt\u00f3re dodaje rozpoznawalno\u015bci w dyskretny spos\u00f3b. Przy zawiasach pojawia si\u0119 kolejny detal premium: <strong data-start=\"691\" data-end=\"720\">metalowy element z emali\u0105<\/strong> nawi\u0105zuj\u0105c\u0105 do barw <strong data-start=\"741\" data-end=\"748\">Web<\/strong> \u2014 subtelny akcent, kt\u00f3ry podkre\u015bla DNA marki i podbija wra\u017cenie jako\u015bci. To model idealny, je\u015bli szukasz klasyki w stylu Gucci: lekkiej, wyrafinowanej i dopracowanej detalem.<\/p>\n<h3 data-start=\"925\" data-end=\"948\">Najwa\u017cniejsze cechy<\/h3>\n<ul data-start=\"949\" data-end=\"1263\">\n<li data-start=\"949\" data-end=\"983\">\n<p data-start=\"951\" data-end=\"983\"><strong data-start=\"951\" data-end=\"961\">Model:<\/strong> Gucci <strong data-start=\"968\" data-end=\"983\">GG1280S 003<\/strong><\/p>\n<\/li>\n<li data-start=\"984\" data-end=\"1023\">\n<p data-start=\"986\" data-end=\"1023\"><strong data-start=\"986\" data-end=\"994\">Typ:<\/strong> okulary <strong data-start=\"1003\" data-end=\"1023\">przeciws\u0142oneczne<\/strong><\/p>\n<\/li>\n<li data-start=\"1024\" data-end=\"1058\">\n<p data-start=\"1026\" data-end=\"1058\"><strong data-start=\"1026\" data-end=\"1042\">Konstrukcja:<\/strong> <strong data-start=\"1043\" data-end=\"1058\">lekki metal<\/strong><\/p>\n<\/li>\n<li data-start=\"1059\" data-end=\"1093\">\n<p data-start=\"1061\" data-end=\"1093\"><strong data-start=\"1061\" data-end=\"1073\">Kszta\u0142t:<\/strong> <strong data-start=\"1074\" data-end=\"1093\">pilot \/ aviator<\/strong><\/p>\n<\/li>\n<li data-start=\"1094\" data-end=\"1136\">\n<p data-start=\"1096\" data-end=\"1136\"><strong data-start=\"1096\" data-end=\"1107\">Mostek:<\/strong> <strong data-start=\"1108\" data-end=\"1136\">podw\u00f3jny (double bridge)<\/strong><\/p>\n<\/li>\n<li data-start=\"1137\" data-end=\"1188\">\n<p data-start=\"1139\" data-end=\"1188\"><strong data-start=\"1139\" data-end=\"1153\">Zauszniki:<\/strong> smuk\u0142e, z logo <strong data-start=\"1169\" data-end=\"1188\">GG Interlocking<\/strong><\/p>\n<\/li>\n<li data-start=\"1189\" data-end=\"1263\">\n<p data-start=\"1191\" data-end=\"1263\"><strong data-start=\"1191\" data-end=\"1209\">Detal premium:<\/strong> emaliowany akcent na zawiasach nawi\u0105zuj\u0105cy do <strong data-start=\"1256\" data-end=\"1263\">Web<\/strong><\/p>\n<\/li>\n<\/ul>\n","protected":false},"featured_media":7723,"template":"","meta":{"_acf_changed":false},"product_brand":[623],"product_cat":[30,747],"product_tag":[],"model":[662],"class_list":{"0":"post-7720","1":"product","2":"type-product","3":"status-publish","4":"has-post-thumbnail","6":"product_brand-gucci","7":"product_cat-okulary-przeciwsloneczne","8":"product_cat-outlet","9":"model-gg1280s","11":"first","12":"instock","13":"sale","14":"taxable","15":"shipping-taxable","16":"purchasable","17":"product-type-simple"},"acf":[],"aioseo_notices":[],"_links":{"self":[{"href":"https:\/\/markoweokulary.pl\/pl\/wp-json\/wp\/v2\/product\/7720","targetHints":{"allow":["GET"]}}],"collection":[{"href":"https:\/\/markoweokulary.pl\/pl\/wp-json\/wp\/v2\/product"}],"about":[{"href":"https:\/\/markoweokulary.pl\/pl\/wp-json\/wp\/v2\/types\/product"}],"version-history":[{"count":1,"href":"https:\/\/markoweokulary.pl\/pl\/wp-json\/wp\/v2\/product\/7720\/revisions"}],"predecessor-version":[{"id":7724,"href":"https:\/\/markoweokulary.pl\/pl\/wp-json\/wp\/v2\/product\/7720\/revisions\/7724"}],"wp:featuredmedia":[{"embeddable":true,"href":"https:\/\/markoweokulary.pl\/pl\/wp-json\/wp\/v2\/media\/7723"}],"wp:attachment":[{"href":"https:\/\/markoweokulary.pl\/pl\/wp-json\/wp\/v2\/media?parent=7720"}],"wp:term":[{"taxonomy":"product_brand","embeddable":true,"href":"https:\/\/markoweokulary.pl\/pl\/wp-json\/wp\/v2\/product_brand?post=7720"},{"taxonomy":"product_cat","embeddable":true,"href":"https:\/\/markoweokulary.pl\/pl\/wp-json\/wp\/v2\/product_cat?post=7720"},{"taxonomy":"product_tag","embeddable":true,"href":"https:\/\/markoweokulary.pl\/pl\/wp-json\/wp\/v2\/product_tag?post=7720"},{"taxonomy":"model","embeddable":true,"href":"https:\/\/markoweokulary.pl\/pl\/wp-json\/wp\/v2\/model?post=7720"}],"curies":[{"name":"wp","href":"https:\/\/api.w.org\/{rel}","templated":true}]}}