{"id":7715,"date":"2026-03-04T01:02:29","date_gmt":"2026-03-04T00:02:29","guid":{"rendered":"https:\/\/markoweokulary.pl\/?post_type=product&#038;p=7715"},"modified":"2026-04-02T17:07:22","modified_gmt":"2026-04-02T15:07:22","slug":"gucci-gg1523s-001","status":"publish","type":"product","link":"https:\/\/markoweokulary.pl\/pl\/produkt\/gucci-gg1523s-001\/","title":{"rendered":"Gucci GG1523S 001"},"content":{"rendered":"<p>Ponadczasowa, elegancka oprawa z acetatu z ikonicznymi <strong data-start=\"120\" data-end=\"136\">nitami Gucci<\/strong>. Wyrazisty, <strong data-start=\"149\" data-end=\"171\">kwadratowy kszta\u0142t<\/strong>, napis <strong data-start=\"179\" data-end=\"188\">Gucci<\/strong> na zausznikach i kolorystyka \u0142atwa do noszenia, ale z unikalnym twistem.<\/p>\n","protected":false},"excerpt":{"rendered":"<p data-start=\"278\" data-end=\"1021\"><strong data-start=\"278\" data-end=\"299\">Gucci GG1523S 001<\/strong> to okulary przeciws\u0142oneczne dla os\u00f3b, kt\u00f3re lubi\u0105 klasyk\u0119 podan\u0105 w mocniejszej formie. Oprawa zosta\u0142a wykonana z acetatu i dopracowana detalami, kt\u00f3re natychmiast zdradzaj\u0105 DNA marki: <strong data-start=\"484\" data-end=\"508\">ikoniczne nity Gucci<\/strong> podkre\u015blaj\u0105 front i dodaj\u0105 mu \u201ejubilerskiego\u201d charakteru.<br data-start=\"566\" data-end=\"569\" \/>Kszta\u0142t jest <strong data-start=\"582\" data-end=\"596\">kwadratowy<\/strong> \u2014 nowoczesny, wyrazisty i \u015bwietnie buduj\u0105cy stylizacj\u0119, szczeg\u00f3lnie je\u015bli chcesz doda\u0107 twarzy zdecydowanego konturu. Na zausznikach umieszczono <strong data-start=\"741\" data-end=\"760\">lettering Gucci<\/strong>, kt\u00f3ry dope\u0142nia ca\u0142o\u015b\u0107 dyskretnym, luksusowym brandingiem.<br data-start=\"819\" data-end=\"822\" \/>Wariant <strong data-start=\"830\" data-end=\"837\">001<\/strong> utrzymano w palecie \u201ecommercial yet unique\u201d: kolory s\u0105 uniwersalne i \u0142atwe do zestawienia na co dzie\u0144, ale jednocze\u015bnie maj\u0105 w sobie co\u015b, co wyr\u00f3\u017cnia je na tle standardowych klasyk\u00f3w.<\/p>\n<h3 data-start=\"1023\" data-end=\"1046\">Najwa\u017cniejsze cechy<\/h3>\n<ul data-start=\"1047\" data-end=\"1346\">\n<li data-start=\"1047\" data-end=\"1081\">\n<p data-start=\"1049\" data-end=\"1081\"><strong data-start=\"1049\" data-end=\"1059\">Model:<\/strong> Gucci <strong data-start=\"1066\" data-end=\"1081\">GG1523S 001<\/strong><\/p>\n<\/li>\n<li data-start=\"1082\" data-end=\"1121\">\n<p data-start=\"1084\" data-end=\"1121\"><strong data-start=\"1084\" data-end=\"1092\">Typ:<\/strong> okulary <strong data-start=\"1101\" data-end=\"1121\">przeciws\u0142oneczne<\/strong><\/p>\n<\/li>\n<li data-start=\"1122\" data-end=\"1148\">\n<p data-start=\"1124\" data-end=\"1148\"><strong data-start=\"1124\" data-end=\"1137\">Materia\u0142:<\/strong> <strong data-start=\"1138\" data-end=\"1148\">acetat<\/strong><\/p>\n<\/li>\n<li data-start=\"1149\" data-end=\"1178\">\n<p data-start=\"1151\" data-end=\"1178\"><strong data-start=\"1151\" data-end=\"1163\">Kszta\u0142t:<\/strong> <strong data-start=\"1164\" data-end=\"1178\">kwadratowy<\/strong><\/p>\n<\/li>\n<li data-start=\"1179\" data-end=\"1228\">\n<p data-start=\"1181\" data-end=\"1228\"><strong data-start=\"1181\" data-end=\"1192\">Detale:<\/strong> ikoniczne <strong data-start=\"1203\" data-end=\"1217\">nity Gucci<\/strong> na froncie<\/p>\n<\/li>\n<li data-start=\"1229\" data-end=\"1275\">\n<p data-start=\"1231\" data-end=\"1275\"><strong data-start=\"1231\" data-end=\"1244\">Branding:<\/strong> napis <strong data-start=\"1251\" data-end=\"1260\">Gucci<\/strong> na zausznikach<\/p>\n<\/li>\n<li data-start=\"1276\" data-end=\"1346\">\n<p data-start=\"1278\" data-end=\"1346\"><strong data-start=\"1278\" data-end=\"1294\">Kolorystyka:<\/strong> uniwersalna, ale unikalna (\u201ecommercial yet unique\u201d)<\/p>\n<\/li>\n<\/ul>\n","protected":false},"featured_media":7718,"template":"","meta":{"_acf_changed":false},"product_brand":[623],"product_cat":[30,747],"product_tag":[],"model":[660],"class_list":{"0":"post-7715","1":"product","2":"type-product","3":"status-publish","4":"has-post-thumbnail","6":"product_brand-gucci","7":"product_cat-okulary-przeciwsloneczne","8":"product_cat-outlet","9":"model-gg1523s","11":"first","12":"instock","13":"sale","14":"taxable","15":"shipping-taxable","16":"purchasable","17":"product-type-simple"},"acf":[],"aioseo_notices":[],"_links":{"self":[{"href":"https:\/\/markoweokulary.pl\/pl\/wp-json\/wp\/v2\/product\/7715","targetHints":{"allow":["GET"]}}],"collection":[{"href":"https:\/\/markoweokulary.pl\/pl\/wp-json\/wp\/v2\/product"}],"about":[{"href":"https:\/\/markoweokulary.pl\/pl\/wp-json\/wp\/v2\/types\/product"}],"version-history":[{"count":1,"href":"https:\/\/markoweokulary.pl\/pl\/wp-json\/wp\/v2\/product\/7715\/revisions"}],"predecessor-version":[{"id":7719,"href":"https:\/\/markoweokulary.pl\/pl\/wp-json\/wp\/v2\/product\/7715\/revisions\/7719"}],"wp:featuredmedia":[{"embeddable":true,"href":"https:\/\/markoweokulary.pl\/pl\/wp-json\/wp\/v2\/media\/7718"}],"wp:attachment":[{"href":"https:\/\/markoweokulary.pl\/pl\/wp-json\/wp\/v2\/media?parent=7715"}],"wp:term":[{"taxonomy":"product_brand","embeddable":true,"href":"https:\/\/markoweokulary.pl\/pl\/wp-json\/wp\/v2\/product_brand?post=7715"},{"taxonomy":"product_cat","embeddable":true,"href":"https:\/\/markoweokulary.pl\/pl\/wp-json\/wp\/v2\/product_cat?post=7715"},{"taxonomy":"product_tag","embeddable":true,"href":"https:\/\/markoweokulary.pl\/pl\/wp-json\/wp\/v2\/product_tag?post=7715"},{"taxonomy":"model","embeddable":true,"href":"https:\/\/markoweokulary.pl\/pl\/wp-json\/wp\/v2\/model?post=7715"}],"curies":[{"name":"wp","href":"https:\/\/api.w.org\/{rel}","templated":true}]}}