{"id":7710,"date":"2026-03-04T00:54:21","date_gmt":"2026-03-03T23:54:21","guid":{"rendered":"https:\/\/markoweokulary.pl\/?post_type=product&#038;p=7710"},"modified":"2026-04-02T17:07:08","modified_gmt":"2026-04-02T15:07:08","slug":"gucci-gg1524s-001","status":"publish","type":"product","link":"https:\/\/markoweokulary.pl\/pl\/produkt\/gucci-gg1524s-001\/","title":{"rendered":"Gucci GG1524S 001"},"content":{"rendered":"<p>Ponadczasowa, elegancka oprawa z acetatu z ikonicznymi <strong data-start=\"120\" data-end=\"136\">nitami Gucci<\/strong>. Klasyczny <strong data-start=\"148\" data-end=\"171\">prostok\u0105tny kszta\u0142t<\/strong>, napis <strong data-start=\"179\" data-end=\"188\">Gucci<\/strong> na zausznikach i kolorystyka, kt\u00f3ra jest \u0142atwa do noszenia, a jednocze\u015bnie wyr\u00f3\u017cniaj\u0105ca.<\/p>\n","protected":false},"excerpt":{"rendered":"<p data-start=\"294\" data-end=\"977\"><strong data-start=\"294\" data-end=\"315\">Gucci GG1524S 001<\/strong> to okulary przeciws\u0142oneczne, kt\u00f3re stawiaj\u0105 na klasyk\u0119 i dopracowane detale. Oprawa zosta\u0142a wykonana z acetatu i ozdobiona charakterystycznymi <strong data-start=\"459\" data-end=\"475\">nitami Gucci<\/strong>, dzi\u0119ki czemu od razu wygl\u0105da \u201epremium\u201d i zachowuje rozpoznawalny styl marki.<br data-start=\"553\" data-end=\"556\" \/>Prostok\u0105tny kszta\u0142t jest ponadczasowy i uniwersalny \u2014 dobrze pasuje do codziennych stylizacji, ale r\u00f3wnie dobrze odnajdzie si\u0119 w bardziej eleganckich zestawach. Na zausznikach znajduje si\u0119 <strong data-start=\"745\" data-end=\"764\">lettering Gucci<\/strong>, kt\u00f3ry dodaje dyskretnego, markowego akcentu.<br data-start=\"810\" data-end=\"813\" \/>Wariant <strong data-start=\"821\" data-end=\"828\">001<\/strong> wpisuje si\u0119 w palet\u0119 \u201ecommercial yet unique\u201d: kolory s\u0105 \u0142atwe do zestawienia na co dzie\u0144, ale maj\u0105 w sobie co\u015b, co odr\u00f3\u017cnia je od typowych klasyk\u00f3w.<\/p>\n<h3 data-start=\"979\" data-end=\"1002\">Najwa\u017cniejsze cechy<\/h3>\n<ul data-start=\"1003\" data-end=\"1317\">\n<li data-start=\"1003\" data-end=\"1037\">\n<p data-start=\"1005\" data-end=\"1037\"><strong data-start=\"1005\" data-end=\"1015\">Model:<\/strong> Gucci <strong data-start=\"1022\" data-end=\"1037\">GG1524S 001<\/strong><\/p>\n<\/li>\n<li data-start=\"1038\" data-end=\"1077\">\n<p data-start=\"1040\" data-end=\"1077\"><strong data-start=\"1040\" data-end=\"1048\">Typ:<\/strong> okulary <strong data-start=\"1057\" data-end=\"1077\">przeciws\u0142oneczne<\/strong><\/p>\n<\/li>\n<li data-start=\"1078\" data-end=\"1104\">\n<p data-start=\"1080\" data-end=\"1104\"><strong data-start=\"1080\" data-end=\"1093\">Materia\u0142:<\/strong> <strong data-start=\"1094\" data-end=\"1104\">acetat<\/strong><\/p>\n<\/li>\n<li data-start=\"1105\" data-end=\"1145\">\n<p data-start=\"1107\" data-end=\"1145\"><strong data-start=\"1107\" data-end=\"1119\">Kszta\u0142t:<\/strong> klasyczny <strong data-start=\"1130\" data-end=\"1145\">prostok\u0105tny<\/strong><\/p>\n<\/li>\n<li data-start=\"1146\" data-end=\"1195\">\n<p data-start=\"1148\" data-end=\"1195\"><strong data-start=\"1148\" data-end=\"1159\">Detale:<\/strong> ikoniczne <strong data-start=\"1170\" data-end=\"1184\">nity Gucci<\/strong> na froncie<\/p>\n<\/li>\n<li data-start=\"1196\" data-end=\"1242\">\n<p data-start=\"1198\" data-end=\"1242\"><strong data-start=\"1198\" data-end=\"1211\">Branding:<\/strong> napis <strong data-start=\"1218\" data-end=\"1227\">Gucci<\/strong> na zausznikach<\/p>\n<\/li>\n<li data-start=\"1243\" data-end=\"1317\">\n<p data-start=\"1245\" data-end=\"1317\"><strong data-start=\"1245\" data-end=\"1261\">Kolorystyka:<\/strong> uniwersalna, ale wyr\u00f3\u017cniaj\u0105ca (\u201ecommercial yet unique\u201d)<\/p>\n<\/li>\n<\/ul>\n","protected":false},"featured_media":7713,"template":"","meta":{"_acf_changed":false},"product_brand":[623],"product_cat":[30,747],"product_tag":[],"model":[658],"class_list":{"0":"post-7710","1":"product","2":"type-product","3":"status-publish","4":"has-post-thumbnail","6":"product_brand-gucci","7":"product_cat-okulary-przeciwsloneczne","8":"product_cat-outlet","9":"model-gg1524s","11":"first","12":"instock","13":"sale","14":"taxable","15":"shipping-taxable","16":"purchasable","17":"product-type-simple"},"acf":[],"aioseo_notices":[],"_links":{"self":[{"href":"https:\/\/markoweokulary.pl\/pl\/wp-json\/wp\/v2\/product\/7710","targetHints":{"allow":["GET"]}}],"collection":[{"href":"https:\/\/markoweokulary.pl\/pl\/wp-json\/wp\/v2\/product"}],"about":[{"href":"https:\/\/markoweokulary.pl\/pl\/wp-json\/wp\/v2\/types\/product"}],"version-history":[{"count":1,"href":"https:\/\/markoweokulary.pl\/pl\/wp-json\/wp\/v2\/product\/7710\/revisions"}],"predecessor-version":[{"id":7714,"href":"https:\/\/markoweokulary.pl\/pl\/wp-json\/wp\/v2\/product\/7710\/revisions\/7714"}],"wp:featuredmedia":[{"embeddable":true,"href":"https:\/\/markoweokulary.pl\/pl\/wp-json\/wp\/v2\/media\/7713"}],"wp:attachment":[{"href":"https:\/\/markoweokulary.pl\/pl\/wp-json\/wp\/v2\/media?parent=7710"}],"wp:term":[{"taxonomy":"product_brand","embeddable":true,"href":"https:\/\/markoweokulary.pl\/pl\/wp-json\/wp\/v2\/product_brand?post=7710"},{"taxonomy":"product_cat","embeddable":true,"href":"https:\/\/markoweokulary.pl\/pl\/wp-json\/wp\/v2\/product_cat?post=7710"},{"taxonomy":"product_tag","embeddable":true,"href":"https:\/\/markoweokulary.pl\/pl\/wp-json\/wp\/v2\/product_tag?post=7710"},{"taxonomy":"model","embeddable":true,"href":"https:\/\/markoweokulary.pl\/pl\/wp-json\/wp\/v2\/model?post=7710"}],"curies":[{"name":"wp","href":"https:\/\/api.w.org\/{rel}","templated":true}]}}