{"id":7703,"date":"2026-03-04T00:35:39","date_gmt":"2026-03-03T23:35:39","guid":{"rendered":"https:\/\/markoweokulary.pl\/?post_type=product&#038;p=7703"},"modified":"2026-04-02T17:06:02","modified_gmt":"2026-04-02T15:06:02","slug":"gucci-gg1414o-001","status":"publish","type":"product","link":"https:\/\/markoweokulary.pl\/pl\/produkt\/gucci-gg1414o-001\/","title":{"rendered":"Gucci GG1414O | 001"},"content":{"rendered":"<p>Kobieca, kwadratowa oprawa <strong data-start=\"86\" data-end=\"108\">w ca\u0142o\u015bci z metalu<\/strong> z detalem GG inspirowanym japo\u0144sk\u0105 estetyk\u0105 metalowych wyko\u0144cze\u0144. Ma\u0142e logo <strong data-start=\"185\" data-end=\"203\">GG na zawiasie<\/strong> jest widoczne ju\u017c z przodu.<\/p>\n","protected":false},"excerpt":{"rendered":"<p data-start=\"248\" data-end=\"823\"><strong data-start=\"248\" data-end=\"269\">Gucci GG1414O 001<\/strong> to model, w kt\u00f3rym liczy si\u0119 precyzja i bi\u017cuteryjny detal. Oprawa ma kobiecy, wyrazisty <strong data-start=\"358\" data-end=\"380\">kwadratowy kszta\u0142t<\/strong> i zosta\u0142a wykonana w pe\u0142ni z metalu, co nadaje jej lekko\u015bci wizualnej oraz eleganckiego, nowoczesnego charakteru.<br data-start=\"494\" data-end=\"497\" \/>Znakiem rozpoznawczym jest <strong data-start=\"524\" data-end=\"551\">GG umieszczone z przodu<\/strong> \u2014 inspirowane \u201emetalowym\u201d smakiem japo\u0144skiego designu, gdzie forma jest czysta, a wyko\u0144czenie dopracowane do perfekcji. Dodatkowo na zawiasie znajduje si\u0119 <strong data-start=\"707\" data-end=\"723\">ma\u0142e logo GG<\/strong>, kt\u00f3re pozostaje <strong data-start=\"741\" data-end=\"772\">widoczne w uj\u0119ciu od frontu<\/strong> \u2014 subtelny, ale bardzo rozpoznawalny akcent marki.<\/p>\n<h3 data-start=\"825\" data-end=\"848\">Najwa\u017cniejsze cechy<\/h3>\n<ul data-start=\"849\" data-end=\"1246\">\n<li data-start=\"849\" data-end=\"883\">\n<p data-start=\"851\" data-end=\"883\"><strong data-start=\"851\" data-end=\"861\">Model:<\/strong> Gucci <strong data-start=\"868\" data-end=\"883\">GG1414O 001<\/strong><\/p>\n<\/li>\n<li data-start=\"884\" data-end=\"929\">\n<p data-start=\"886\" data-end=\"929\"><strong data-start=\"886\" data-end=\"894\">Typ:<\/strong> okulary <strong data-start=\"903\" data-end=\"917\">korekcyjne<\/strong> (do szkie\u0142)<\/p>\n<\/li>\n<li data-start=\"930\" data-end=\"977\">\n<p data-start=\"932\" data-end=\"977\"><strong data-start=\"932\" data-end=\"948\">Konstrukcja:<\/strong> <strong data-start=\"949\" data-end=\"964\">pe\u0142ny metal<\/strong> (full metal)<\/p>\n<\/li>\n<li data-start=\"978\" data-end=\"1015\">\n<p data-start=\"980\" data-end=\"1015\"><strong data-start=\"980\" data-end=\"992\">Kszta\u0142t:<\/strong> kobiecy <strong data-start=\"1001\" data-end=\"1015\">kwadratowy<\/strong><\/p>\n<\/li>\n<li data-start=\"1016\" data-end=\"1097\">\n<p data-start=\"1018\" data-end=\"1097\"><strong data-start=\"1018\" data-end=\"1028\">Detal:<\/strong> <strong data-start=\"1029\" data-end=\"1046\">GG na froncie<\/strong> inspirowane japo\u0144sk\u0105 estetyk\u0105 metalowych wyko\u0144cze\u0144<\/p>\n<\/li>\n<li data-start=\"1098\" data-end=\"1156\">\n<p data-start=\"1100\" data-end=\"1156\"><strong data-start=\"1100\" data-end=\"1113\">Branding:<\/strong> ma\u0142e <strong data-start=\"1119\" data-end=\"1137\">GG na zawiasie<\/strong> widoczne od przodu<\/p>\n<\/li>\n<li data-start=\"1157\" data-end=\"1246\">\n<p data-start=\"1159\" data-end=\"1246\"><strong data-start=\"1159\" data-end=\"1181\">Kolorystyka serii:<\/strong> metaliczna konstrukcja <strong data-start=\"1205\" data-end=\"1246\">z\u0142ota<\/strong><\/p>\n<\/li>\n<\/ul>\n","protected":false},"featured_media":7706,"template":"","meta":{"_acf_changed":false},"product_brand":[623],"product_cat":[51,747],"product_tag":[],"model":[654],"class_list":{"0":"post-7703","1":"product","2":"type-product","3":"status-publish","4":"has-post-thumbnail","6":"product_brand-gucci","7":"product_cat-okulary-korekcyjne","8":"product_cat-outlet","9":"model-gg1414o","11":"first","12":"instock","13":"sale","14":"taxable","15":"shipping-taxable","16":"purchasable","17":"product-type-simple"},"acf":[],"aioseo_notices":[],"_links":{"self":[{"href":"https:\/\/markoweokulary.pl\/pl\/wp-json\/wp\/v2\/product\/7703","targetHints":{"allow":["GET"]}}],"collection":[{"href":"https:\/\/markoweokulary.pl\/pl\/wp-json\/wp\/v2\/product"}],"about":[{"href":"https:\/\/markoweokulary.pl\/pl\/wp-json\/wp\/v2\/types\/product"}],"version-history":[{"count":1,"href":"https:\/\/markoweokulary.pl\/pl\/wp-json\/wp\/v2\/product\/7703\/revisions"}],"predecessor-version":[{"id":7707,"href":"https:\/\/markoweokulary.pl\/pl\/wp-json\/wp\/v2\/product\/7703\/revisions\/7707"}],"wp:featuredmedia":[{"embeddable":true,"href":"https:\/\/markoweokulary.pl\/pl\/wp-json\/wp\/v2\/media\/7706"}],"wp:attachment":[{"href":"https:\/\/markoweokulary.pl\/pl\/wp-json\/wp\/v2\/media?parent=7703"}],"wp:term":[{"taxonomy":"product_brand","embeddable":true,"href":"https:\/\/markoweokulary.pl\/pl\/wp-json\/wp\/v2\/product_brand?post=7703"},{"taxonomy":"product_cat","embeddable":true,"href":"https:\/\/markoweokulary.pl\/pl\/wp-json\/wp\/v2\/product_cat?post=7703"},{"taxonomy":"product_tag","embeddable":true,"href":"https:\/\/markoweokulary.pl\/pl\/wp-json\/wp\/v2\/product_tag?post=7703"},{"taxonomy":"model","embeddable":true,"href":"https:\/\/markoweokulary.pl\/pl\/wp-json\/wp\/v2\/model?post=7703"}],"curies":[{"name":"wp","href":"https:\/\/api.w.org\/{rel}","templated":true}]}}