{"id":7698,"date":"2026-03-04T00:28:19","date_gmt":"2026-03-03T23:28:19","guid":{"rendered":"https:\/\/markoweokulary.pl\/?post_type=product&#038;p=7698"},"modified":"2026-04-02T17:05:44","modified_gmt":"2026-04-02T15:05:44","slug":"gucci-gg1679o-001","status":"publish","type":"product","link":"https:\/\/markoweokulary.pl\/pl\/produkt\/gucci-gg1679o-001\/","title":{"rendered":"Gucci GG1679O | 001"},"content":{"rendered":"<p>Unisex model w metalu o kszta\u0142cie <strong data-start=\"92\" data-end=\"111\">pilot (aviator)<\/strong>. Na zausznikach charakterystyczna <strong data-start=\"146\" data-end=\"161\">wstawka Web<\/strong> (wtryskowa plakietka w barwach Web) oraz <strong data-start=\"203\" data-end=\"229\">laserowany napis Gucci<\/strong>. Elegancka, komercyjna paleta metalicznych kolor\u00f3w.<\/p>\n","protected":false},"excerpt":{"rendered":"<p data-start=\"298\" data-end=\"1022\"><strong data-start=\"298\" data-end=\"319\">Gucci GG1679O 001<\/strong> to propozycja dla m\u0119\u017cczyzn, kt\u00f3rzy lubi\u0105 klasyk\u0119 w luksusowym wydaniu. Oprawa ma metalow\u0105 konstrukcj\u0119 i ponadczasowy kszta\u0142t <strong data-start=\"445\" data-end=\"454\">pilot<\/strong>, kt\u00f3ry \u015bwietnie sprawdza si\u0119 zar\u00f3wno w stylizacjach biznesowych, jak i casualowych.<br data-start=\"538\" data-end=\"541\" \/>Najmocniejszym elementem rozpoznawczym s\u0105 zauszniki: w metalow\u0105 konstrukcj\u0119 wkomponowano <strong data-start=\"630\" data-end=\"657\">wtryskow\u0105 plakietk\u0119 Web<\/strong> \u2014 kolorowy detal nawi\u0105zuj\u0105cy do ikonicznych barw Gucci. Tu\u017c za ni\u0105 znajduje si\u0119 <strong data-start=\"738\" data-end=\"768\">laserowany lettering Gucci<\/strong>, kt\u00f3ry dodaje oprawie dyskretnego, ale jednoznacznie markowego charakteru.<br data-start=\"843\" data-end=\"846\" \/>Wariant <strong data-start=\"854\" data-end=\"861\">001<\/strong> utrzymany jest w m\u0119skiej palecie metalicznych odcieni \u2014 eleganckiej, spokojnej i bardzo uniwersalnej, dzi\u0119ki czemu model \u0142atwo dopasowa\u0107 do codziennych potrzeb.<\/p>\n<h3 data-start=\"1024\" data-end=\"1047\">Najwa\u017cniejsze cechy<\/h3>\n<ul data-start=\"1048\" data-end=\"1387\">\n<li data-start=\"1048\" data-end=\"1082\">\n<p data-start=\"1050\" data-end=\"1082\"><strong data-start=\"1050\" data-end=\"1060\">Model:<\/strong> Gucci <strong data-start=\"1067\" data-end=\"1082\">GG1679O 001<\/strong><\/p>\n<\/li>\n<li data-start=\"1083\" data-end=\"1128\">\n<p data-start=\"1085\" data-end=\"1128\"><strong data-start=\"1085\" data-end=\"1093\">Typ:<\/strong> okulary <strong data-start=\"1102\" data-end=\"1116\">korekcyjne<\/strong> (do szkie\u0142)<\/p>\n<\/li>\n<li data-start=\"1129\" data-end=\"1160\">\n<p data-start=\"1131\" data-end=\"1160\"><strong data-start=\"1131\" data-end=\"1147\">Konstrukcja:<\/strong> <strong data-start=\"1148\" data-end=\"1160\">metalowa<\/strong><\/p>\n<\/li>\n<li data-start=\"1161\" data-end=\"1195\">\n<p data-start=\"1163\" data-end=\"1195\"><strong data-start=\"1163\" data-end=\"1175\">Kszta\u0142t:<\/strong> <strong data-start=\"1176\" data-end=\"1195\">pilot \/ aviator<\/strong><\/p>\n<\/li>\n<li data-start=\"1196\" data-end=\"1267\">\n<p data-start=\"1198\" data-end=\"1267\"><strong data-start=\"1198\" data-end=\"1223\">Detal na zausznikach:<\/strong> wtryskowa plakietka <strong data-start=\"1244\" data-end=\"1251\">Web<\/strong> w barwach Gucci<\/p>\n<\/li>\n<li data-start=\"1268\" data-end=\"1325\">\n<p data-start=\"1270\" data-end=\"1325\"><strong data-start=\"1270\" data-end=\"1283\">Branding:<\/strong> <strong data-start=\"1284\" data-end=\"1310\">laserowany napis Gucci<\/strong> na zausznikach<\/p>\n<\/li>\n<li data-start=\"1326\" data-end=\"1387\">\n<p data-start=\"1328\" data-end=\"1387\"><strong data-start=\"1328\" data-end=\"1344\">Kolorystyka:<\/strong> m\u0119ska, elegancka paleta metalicznych ton\u00f3w<\/p>\n<\/li>\n<\/ul>\n","protected":false},"featured_media":7701,"template":"","meta":{"_acf_changed":false},"product_brand":[623],"product_cat":[51,747],"product_tag":[],"model":[652],"class_list":{"0":"post-7698","1":"product","2":"type-product","3":"status-publish","4":"has-post-thumbnail","6":"product_brand-gucci","7":"product_cat-okulary-korekcyjne","8":"product_cat-outlet","9":"model-gg1679o","11":"first","12":"outofstock","13":"sale","14":"taxable","15":"shipping-taxable","16":"purchasable","17":"product-type-simple"},"acf":[],"aioseo_notices":[],"_links":{"self":[{"href":"https:\/\/markoweokulary.pl\/pl\/wp-json\/wp\/v2\/product\/7698","targetHints":{"allow":["GET"]}}],"collection":[{"href":"https:\/\/markoweokulary.pl\/pl\/wp-json\/wp\/v2\/product"}],"about":[{"href":"https:\/\/markoweokulary.pl\/pl\/wp-json\/wp\/v2\/types\/product"}],"version-history":[{"count":1,"href":"https:\/\/markoweokulary.pl\/pl\/wp-json\/wp\/v2\/product\/7698\/revisions"}],"predecessor-version":[{"id":7702,"href":"https:\/\/markoweokulary.pl\/pl\/wp-json\/wp\/v2\/product\/7698\/revisions\/7702"}],"wp:featuredmedia":[{"embeddable":true,"href":"https:\/\/markoweokulary.pl\/pl\/wp-json\/wp\/v2\/media\/7701"}],"wp:attachment":[{"href":"https:\/\/markoweokulary.pl\/pl\/wp-json\/wp\/v2\/media?parent=7698"}],"wp:term":[{"taxonomy":"product_brand","embeddable":true,"href":"https:\/\/markoweokulary.pl\/pl\/wp-json\/wp\/v2\/product_brand?post=7698"},{"taxonomy":"product_cat","embeddable":true,"href":"https:\/\/markoweokulary.pl\/pl\/wp-json\/wp\/v2\/product_cat?post=7698"},{"taxonomy":"product_tag","embeddable":true,"href":"https:\/\/markoweokulary.pl\/pl\/wp-json\/wp\/v2\/product_tag?post=7698"},{"taxonomy":"model","embeddable":true,"href":"https:\/\/markoweokulary.pl\/pl\/wp-json\/wp\/v2\/model?post=7698"}],"curies":[{"name":"wp","href":"https:\/\/api.w.org\/{rel}","templated":true}]}}