{"id":7693,"date":"2026-03-04T00:20:52","date_gmt":"2026-03-03T23:20:52","guid":{"rendered":"https:\/\/markoweokulary.pl\/?post_type=product&#038;p=7693"},"modified":"2026-04-02T17:05:29","modified_gmt":"2026-04-02T15:05:29","slug":"gucci-gg0026o-018","status":"publish","type":"product","link":"https:\/\/markoweokulary.pl\/pl\/produkt\/gucci-gg0026o-018\/","title":{"rendered":"Gucci GG0026O 018"},"content":{"rendered":"<p>Lekka, acetatowa oprawa o prostych, eleganckich liniach. <strong data-start=\"116\" data-end=\"138\">Kwadratowy cat-eye<\/strong> z subtelnym, ale rozpoznawalnym detalem: <strong data-start=\"180\" data-end=\"207\">logo Gucci Interlocking<\/strong> umieszczone z przodu. Modna, a jednocze\u015bnie \u0142atwa do noszenia paleta kolor\u00f3w.<\/p>\n","protected":false},"excerpt":{"rendered":"<p data-start=\"302\" data-end=\"933\"><strong data-start=\"302\" data-end=\"323\">Gucci GG0026O 018<\/strong> to model z koncepcji \u201elight acetate\u201d, w kt\u00f3rej priorytetem jest <strong data-start=\"388\" data-end=\"409\">lekko\u015b\u0107 i komfort<\/strong> oraz czyste, eleganckie proporcje. Oprawa ma wyrazisty, ale bardzo uniwersalny kszta\u0142t <strong data-start=\"497\" data-end=\"515\">square cat-eye<\/strong> \u2014 delikatnie uniesiona linia dodaje charakteru, a kwadratowe proporcje sprawiaj\u0105, \u017ce ca\u0142o\u015b\u0107 wygl\u0105da nowocze\u015bnie i \u201estylowo\u201d, bez przesady.<br data-start=\"654\" data-end=\"657\" \/>Najbardziej rozpoznawalnym akcentem jest <strong data-start=\"698\" data-end=\"725\">logo Gucci Interlocking<\/strong> umieszczone na froncie \u2014 ma\u0142y detal, kt\u00f3ry od razu buduje to\u017csamo\u015b\u0107 marki. Wariant <strong data-start=\"809\" data-end=\"816\">018<\/strong> wpisuje si\u0119 w palet\u0119 \u201ecommercial yet fashion\u201d: kolory s\u0105 modne i \u015bwie\u017ce, ale nadal \u0142atwe do zestawienia na co dzie\u0144.<\/p>\n<h3 data-start=\"935\" data-end=\"958\">Najwa\u017cniejsze cechy<\/h3>\n<ul data-start=\"959\" data-end=\"1317\">\n<li data-start=\"959\" data-end=\"993\">\n<p data-start=\"961\" data-end=\"993\"><strong data-start=\"961\" data-end=\"971\">Model:<\/strong> Gucci <strong data-start=\"978\" data-end=\"993\">GG0026O 018<\/strong><\/p>\n<\/li>\n<li data-start=\"994\" data-end=\"1039\">\n<p data-start=\"996\" data-end=\"1039\"><strong data-start=\"996\" data-end=\"1004\">Typ:<\/strong> okulary <strong data-start=\"1013\" data-end=\"1027\">korekcyjne<\/strong> (do szkie\u0142)<\/p>\n<\/li>\n<li data-start=\"1040\" data-end=\"1093\">\n<p data-start=\"1042\" data-end=\"1093\"><strong data-start=\"1042\" data-end=\"1056\">Koncepcja:<\/strong> <strong data-start=\"1057\" data-end=\"1074\">light acetate<\/strong> \u2013 lekko\u015b\u0107 i wygoda<\/p>\n<\/li>\n<li data-start=\"1094\" data-end=\"1162\">\n<p data-start=\"1096\" data-end=\"1162\"><strong data-start=\"1096\" data-end=\"1108\">Kszta\u0142t:<\/strong> <strong data-start=\"1109\" data-end=\"1127\">square cat-eye<\/strong> (kwadratowy, delikatnie uniesiony)<\/p>\n<\/li>\n<li data-start=\"1163\" data-end=\"1195\">\n<p data-start=\"1165\" data-end=\"1195\"><strong data-start=\"1165\" data-end=\"1178\">Materia\u0142:<\/strong> <strong data-start=\"1179\" data-end=\"1195\">lekki acetat<\/strong><\/p>\n<\/li>\n<li data-start=\"1196\" data-end=\"1247\">\n<p data-start=\"1198\" data-end=\"1247\"><strong data-start=\"1198\" data-end=\"1208\">Detal:<\/strong> <strong data-start=\"1209\" data-end=\"1236\">logo Gucci Interlocking<\/strong> na froncie<\/p>\n<\/li>\n<li data-start=\"1248\" data-end=\"1317\">\n<p data-start=\"1250\" data-end=\"1317\"><strong data-start=\"1250\" data-end=\"1266\">Kolorystyka:<\/strong> modowa, ale uniwersalna (\u201ecommercial yet fashion\u201d)<\/p>\n<\/li>\n<\/ul>\n","protected":false},"featured_media":7696,"template":"","meta":{"_acf_changed":false},"product_brand":[623],"product_cat":[51,747],"product_tag":[],"model":[650],"class_list":{"0":"post-7693","1":"product","2":"type-product","3":"status-publish","4":"has-post-thumbnail","6":"product_brand-gucci","7":"product_cat-okulary-korekcyjne","8":"product_cat-outlet","9":"model-gg0026o","11":"first","12":"instock","13":"sale","14":"taxable","15":"shipping-taxable","16":"purchasable","17":"product-type-simple"},"acf":[],"aioseo_notices":[],"_links":{"self":[{"href":"https:\/\/markoweokulary.pl\/pl\/wp-json\/wp\/v2\/product\/7693","targetHints":{"allow":["GET"]}}],"collection":[{"href":"https:\/\/markoweokulary.pl\/pl\/wp-json\/wp\/v2\/product"}],"about":[{"href":"https:\/\/markoweokulary.pl\/pl\/wp-json\/wp\/v2\/types\/product"}],"version-history":[{"count":1,"href":"https:\/\/markoweokulary.pl\/pl\/wp-json\/wp\/v2\/product\/7693\/revisions"}],"predecessor-version":[{"id":7697,"href":"https:\/\/markoweokulary.pl\/pl\/wp-json\/wp\/v2\/product\/7693\/revisions\/7697"}],"wp:featuredmedia":[{"embeddable":true,"href":"https:\/\/markoweokulary.pl\/pl\/wp-json\/wp\/v2\/media\/7696"}],"wp:attachment":[{"href":"https:\/\/markoweokulary.pl\/pl\/wp-json\/wp\/v2\/media?parent=7693"}],"wp:term":[{"taxonomy":"product_brand","embeddable":true,"href":"https:\/\/markoweokulary.pl\/pl\/wp-json\/wp\/v2\/product_brand?post=7693"},{"taxonomy":"product_cat","embeddable":true,"href":"https:\/\/markoweokulary.pl\/pl\/wp-json\/wp\/v2\/product_cat?post=7693"},{"taxonomy":"product_tag","embeddable":true,"href":"https:\/\/markoweokulary.pl\/pl\/wp-json\/wp\/v2\/product_tag?post=7693"},{"taxonomy":"model","embeddable":true,"href":"https:\/\/markoweokulary.pl\/pl\/wp-json\/wp\/v2\/model?post=7693"}],"curies":[{"name":"wp","href":"https:\/\/api.w.org\/{rel}","templated":true}]}}